{"id":6458,"date":"2014-06-04T08:54:30","date_gmt":"2014-06-04T08:54:30","guid":{"rendered":"https:\/\/agpvalvulas.com\/?page_id=6458"},"modified":"2023-03-28T09:51:14","modified_gmt":"2023-03-28T09:51:14","slug":"contacte","status":"publish","type":"page","link":"https:\/\/agpvalvulas.com\/ca\/contacte\/","title":{"rendered":"Contacte"},"content":{"rendered":"<div class=\"wpb-content-wrapper\"><p>[vc_row][vc_column width=&#8221;1\/2&#8243;][vc_column_text]Introdueixi les seves dades i la seva consulta, despr\u00e9s faci clic a enviar. En breu un dels nostres responsables del departament d&#8217;atenci\u00f3 al client es posar\u00e0 en contacte amb vost\u00e8. Gr\u00e0cies per la seva col\u00b7laboraci\u00f3.[\/vc_column_text][vc_empty_space height=&#8221;10px&#8221;]\n<div class=\"wpcf7 no-js\" id=\"wpcf7-f6483-o1\" lang=\"es-ES\" dir=\"ltr\" data-wpcf7-id=\"6483\">\n<div class=\"screen-reader-response\"><p role=\"status\" aria-live=\"polite\" aria-atomic=\"true\"><\/p> <ul><\/ul><\/div>\n<form action=\"\/ca\/wp-json\/wp\/v2\/pages\/6458#wpcf7-f6483-o1\" method=\"post\" class=\"wpcf7-form init\" aria-label=\"Formulario de contacto\" novalidate=\"novalidate\" data-status=\"init\">\n<fieldset class=\"hidden-fields-container\"><input type=\"hidden\" name=\"_wpcf7\" value=\"6483\" \/><input type=\"hidden\" name=\"_wpcf7_version\" value=\"6.1.5\" \/><input type=\"hidden\" name=\"_wpcf7_locale\" value=\"es_ES\" \/><input type=\"hidden\" name=\"_wpcf7_unit_tag\" value=\"wpcf7-f6483-o1\" \/><input type=\"hidden\" name=\"_wpcf7_container_post\" value=\"0\" \/><input type=\"hidden\" name=\"_wpcf7_posted_data_hash\" value=\"\" \/><input type=\"hidden\" name=\"_wpcf7_recaptcha_response\" value=\"\" \/>\n<\/fieldset>\n<p><span class=\"wpcf7-form-control-wrap\" data-name=\"checkbox-113\"><span class=\"wpcf7-form-control wpcf7-checkbox wpcf7-validates-as-required\"><\/span><\/span>\n<\/p>\n<p>Nom (obligatori)\n<\/p>\n<p><span class=\"wpcf7-form-control-wrap\" data-name=\"your-name\"><input size=\"40\" maxlength=\"400\" class=\"wpcf7-form-control wpcf7-text wpcf7-validates-as-required\" aria-required=\"true\" aria-invalid=\"false\" value=\"\" type=\"text\" name=\"your-name\" \/><\/span>\n<\/p>\n<p>Correu (obligatori)\n<\/p>\n<p><span class=\"wpcf7-form-control-wrap\" data-name=\"your-email\"><input size=\"40\" maxlength=\"400\" class=\"wpcf7-form-control wpcf7-email wpcf7-validates-as-required wpcf7-text wpcf7-validates-as-email\" aria-required=\"true\" aria-invalid=\"false\" value=\"\" type=\"email\" name=\"your-email\" \/><\/span>\n<\/p>\n<p>Pa\u00eds (obligatori)\n<\/p>\n<p><span class=\"wpcf7-form-control-wrap\" data-name=\"your-country\"><input size=\"40\" maxlength=\"400\" class=\"wpcf7-form-control wpcf7-text wpcf7-validates-as-required\" aria-required=\"true\" aria-invalid=\"false\" value=\"\" type=\"text\" name=\"your-country\" \/><\/span>\n<\/p>\n<p>Tel\u00e8fon (obligatori)\n<\/p>\n<p><span class=\"wpcf7-form-control-wrap\" data-name=\"your-phone\"><input size=\"40\" maxlength=\"400\" class=\"wpcf7-form-control wpcf7-text wpcf7-validates-as-required\" aria-required=\"true\" aria-invalid=\"false\" value=\"\" type=\"text\" name=\"your-phone\" \/><\/span>\n<\/p>\n<p>Assumpte\n<\/p>\n<p><span class=\"wpcf7-form-control-wrap\" data-name=\"your-subject\"><input size=\"40\" maxlength=\"400\" class=\"wpcf7-form-control wpcf7-text wpcf7-validates-as-required\" aria-required=\"true\" aria-invalid=\"false\" value=\"\" type=\"text\" name=\"your-subject\" \/><\/span>\n<\/p>\n<p>Missatge\n<\/p>\n<p><span class=\"wpcf7-form-control-wrap\" data-name=\"your-message\"><textarea cols=\"40\" rows=\"10\" maxlength=\"2000\" class=\"wpcf7-form-control wpcf7-textarea\" aria-invalid=\"false\" name=\"your-message\"><\/textarea><\/span>\n<\/p>\n<p><span class=\"wpcf7-form-control-wrap\" data-name=\"acceptance-633\"><span class=\"wpcf7-form-control wpcf7-acceptance\"><span class=\"wpcf7-list-item\"><input type=\"checkbox\" name=\"acceptance-633\" value=\"1\" checked=\"checked\" aria-invalid=\"false\" \/><\/span><\/span><\/span> He llegit i accepto els termes expressats en la <a href=\"https:\/\/agpvalvulas.com\/ca\/politica-de-privacitat\/\">pol\u00edtica de privacitat<\/a>\n<\/p>\n<p><input class=\"wpcf7-form-control wpcf7-submit has-spinner\" type=\"submit\" value=\"Enviar\" \/>\n<\/p><div class=\"wpcf7-response-output\" aria-hidden=\"true\"><\/div>\n<\/form>\n<\/div>\n[\/vc_column][vc_column width=&#8221;1\/2&#8243;][vc_column_text]<\/p>\n<h4>AGP V\u00e1lvulas<\/h4>\n<p>Proven\u00e7a, 213, A, 2a<br \/>\n08008 Barcelona \u2013 Spain<\/p>\n<p><strong>Tel:<\/strong> +34 93 487 55 60<br \/>\n<strong>Email:<\/strong>\u00a0<a href=\"mailto:info@agpvalvulas.com\">info@agpvalvulas.com<\/a>[\/vc_column_text][vc_empty_space height=&#8221;10px&#8221;][vc_raw_html]JTNDaWZyYW1lJTIwc3JjJTNEJTIyaHR0cHMlM0ElMkYlMkZ3d3cuZ29vZ2xlLmNvbSUyRm1hcHMlMkZlbWJlZCUzRnBiJTNEJTIxMW0xOCUyMTFtMTIlMjExbTMlMjExZDI5OTMuMTQyNDQ0Nzk1NjI1JTIxMmQyLjE1ODQ4NzQ5OTk5OTk5OTclMjEzZDQxLjM5MjcxMjgwMDAwMDAwNSUyMTJtMyUyMTFmMCUyMTJmMCUyMTNmMCUyMTNtMiUyMTFpMTAyNCUyMTJpNzY4JTIxNGYxMy4xJTIxM20zJTIxMW0yJTIxMXMweDEyYTRhMjkxOTY0NmQyZjclMjUzQTB4Yzc0YWFjMTFhN2UxZWY1ZiUyMTJzQyUyNTJGJTI1MjBkZSUyNTIwUHJvdmVuJTI1QzMlMjVBN2ElMjUyQyUyNTIwMjEzJTI1MkMlMjUyMDJhJTI1MkMlMjUyMDA4MDA4JTI1MjBCYXJjZWxvbmElMjE1ZTAlMjEzbTIlMjExc2NhJTIxMnNlcyUyMTR2MTY3OTkyNDczMjk2MiUyMTVtMiUyMTFzY2ElMjEyc2VzJTIyJTIwd2lkdGglM0QlMjI2MDAlMjIlMjBoZWlnaHQlM0QlMjIyNTAlMjIlMjBzdHlsZSUzRCUyMmJvcmRlciUzQTAlM0IlMjIlMjBhbGxvd2Z1bGxzY3JlZW4lM0QlMjIlMjIlMjBsb2FkaW5nJTNEJTIybGF6eSUyMiUyMHJlZmVycmVycG9saWN5JTNEJTIybm8tcmVmZXJyZXItd2hlbi1kb3duZ3JhZGUlMjIlM0UlM0MlMkZpZnJhbWUlM0U=[\/vc_raw_html][\/vc_column][\/vc_row]<\/p>\n<\/div>","protected":false},"excerpt":{"rendered":"<p>[vc_row][vc_column width=&#8221;1\/2&#8243;][vc_column_text]Introdueixi les seves dades i la seva consulta, despr\u00e9s faci clic a enviar. En breu un dels nostres responsables del departament d&#8217;atenci\u00f3 al client es posar\u00e0 en contacte amb vost\u00e8. Gr\u00e0cies per la seva col\u00b7laboraci\u00f3.[\/vc_column_text][vc_empty_space height=&#8221;10px&#8221;][\/vc_column][vc_column width=&#8221;1\/2&#8243;][vc_column_text] AGP V\u00e1lvulas Proven\u00e7a, 213, A, 2a 08008 Barcelona \u2013 Spain Tel: +34 93 487 55 60 Email:\u00a0info@agpvalvulas.com[\/vc_column_text][vc_empty_space&hellip;<\/p>\n","protected":false},"author":1,"featured_media":0,"parent":0,"menu_order":5,"comment_status":"closed","ping_status":"closed","template":"","meta":{"footnotes":""},"class_list":["post-6458","page","type-page","status-publish","hentry","description-off"],"yoast_head":"<!-- This site is optimized with the Yoast SEO plugin v27.4 - https:\/\/yoast.com\/product\/yoast-seo-wordpress\/ -->\n<title>Contacte - AGP V\u00e1lvulas<\/title>\n<meta name=\"robots\" content=\"index, follow, max-snippet:-1, max-image-preview:large, max-video-preview:-1\" \/>\n<link rel=\"canonical\" href=\"https:\/\/agpvalvulas.com\/ca\/contacte\/\" \/>\n<meta property=\"og:locale\" content=\"ca_ES\" \/>\n<meta property=\"og:type\" content=\"article\" \/>\n<meta property=\"og:title\" content=\"Contacte - AGP V\u00e1lvulas\" \/>\n<meta property=\"og:description\" content=\"[vc_row][vc_column width=&#8221;1\/2&#8243;][vc_column_text]Introdueixi les seves dades i la seva consulta, despr\u00e9s faci clic a enviar. En breu un dels nostres responsables del departament d&#8217;atenci\u00f3 al client es posar\u00e0 en contacte amb vost\u00e8. Gr\u00e0cies per la seva col\u00b7laboraci\u00f3.[\/vc_column_text][vc_empty_space height=&#8221;10px&#8221;][\/vc_column][vc_column width=&#8221;1\/2&#8243;][vc_column_text] AGP V\u00e1lvulas Proven\u00e7a, 213, A, 2a 08008 Barcelona \u2013 Spain Tel: +34 93 487 55 60 Email:\u00a0info@agpvalvulas.com[\/vc_column_text][vc_empty_space&hellip;\" \/>\n<meta property=\"og:url\" content=\"https:\/\/agpvalvulas.com\/ca\/contacte\/\" \/>\n<meta property=\"og:site_name\" content=\"AGP V\u00e1lvulas\" \/>\n<meta property=\"article:modified_time\" content=\"2023-03-28T09:51:14+00:00\" \/>\n<meta name=\"twitter:card\" content=\"summary_large_image\" \/>\n<meta name=\"twitter:label1\" content=\"Temps estimat de lectura\" \/>\n\t<meta name=\"twitter:data1\" content=\"1 minut\" \/>\n<script type=\"application\/ld+json\" class=\"yoast-schema-graph\">{\"@context\":\"https:\\\/\\\/schema.org\",\"@graph\":[{\"@type\":\"WebPage\",\"@id\":\"https:\\\/\\\/agpvalvulas.com\\\/ca\\\/contacte\\\/\",\"url\":\"https:\\\/\\\/agpvalvulas.com\\\/ca\\\/contacte\\\/\",\"name\":\"Contacte - AGP V\u00e1lvulas\",\"isPartOf\":{\"@id\":\"https:\\\/\\\/agpvalvulas.com\\\/fr\\\/#website\"},\"datePublished\":\"2014-06-04T08:54:30+00:00\",\"dateModified\":\"2023-03-28T09:51:14+00:00\",\"breadcrumb\":{\"@id\":\"https:\\\/\\\/agpvalvulas.com\\\/ca\\\/contacte\\\/#breadcrumb\"},\"inLanguage\":\"ca\",\"potentialAction\":[{\"@type\":\"ReadAction\",\"target\":[\"https:\\\/\\\/agpvalvulas.com\\\/ca\\\/contacte\\\/\"]}]},{\"@type\":\"BreadcrumbList\",\"@id\":\"https:\\\/\\\/agpvalvulas.com\\\/ca\\\/contacte\\\/#breadcrumb\",\"itemListElement\":[{\"@type\":\"ListItem\",\"position\":1,\"name\":\"Portada\",\"item\":\"https:\\\/\\\/agpvalvulas.com\\\/ca\\\/\"},{\"@type\":\"ListItem\",\"position\":2,\"name\":\"Contacte\"}]},{\"@type\":\"WebSite\",\"@id\":\"https:\\\/\\\/agpvalvulas.com\\\/fr\\\/#website\",\"url\":\"https:\\\/\\\/agpvalvulas.com\\\/fr\\\/\",\"name\":\"AGP V\u00e1lvulas\",\"description\":\"AGP V\u00e1lvulas\",\"publisher\":{\"@id\":\"https:\\\/\\\/agpvalvulas.com\\\/fr\\\/#organization\"},\"potentialAction\":[{\"@type\":\"SearchAction\",\"target\":{\"@type\":\"EntryPoint\",\"urlTemplate\":\"https:\\\/\\\/agpvalvulas.com\\\/fr\\\/?s={search_term_string}\"},\"query-input\":{\"@type\":\"PropertyValueSpecification\",\"valueRequired\":true,\"valueName\":\"search_term_string\"}}],\"inLanguage\":\"ca\"},{\"@type\":\"Organization\",\"@id\":\"https:\\\/\\\/agpvalvulas.com\\\/fr\\\/#organization\",\"name\":\"AGP V\u00e1lvulas\",\"url\":\"https:\\\/\\\/agpvalvulas.com\\\/fr\\\/\",\"logo\":{\"@type\":\"ImageObject\",\"inLanguage\":\"ca\",\"@id\":\"https:\\\/\\\/agpvalvulas.com\\\/fr\\\/#\\\/schema\\\/logo\\\/image\\\/\",\"url\":\"https:\\\/\\\/agpvalvulas.com\\\/wp-content\\\/uploads\\\/2017\\\/01\\\/LOGOAGP-TIF.jpg\",\"contentUrl\":\"https:\\\/\\\/agpvalvulas.com\\\/wp-content\\\/uploads\\\/2017\\\/01\\\/LOGOAGP-TIF.jpg\",\"width\":345,\"height\":168,\"caption\":\"AGP V\u00e1lvulas\"},\"image\":{\"@id\":\"https:\\\/\\\/agpvalvulas.com\\\/fr\\\/#\\\/schema\\\/logo\\\/image\\\/\"}}]}<\/script>\n<!-- \/ Yoast SEO plugin. -->","yoast_head_json":{"title":"Contacte - AGP V\u00e1lvulas","robots":{"index":"index","follow":"follow","max-snippet":"max-snippet:-1","max-image-preview":"max-image-preview:large","max-video-preview":"max-video-preview:-1"},"canonical":"https:\/\/agpvalvulas.com\/ca\/contacte\/","og_locale":"ca_ES","og_type":"article","og_title":"Contacte - AGP V\u00e1lvulas","og_description":"[vc_row][vc_column width=&#8221;1\/2&#8243;][vc_column_text]Introdueixi les seves dades i la seva consulta, despr\u00e9s faci clic a enviar. En breu un dels nostres responsables del departament d&#8217;atenci\u00f3 al client es posar\u00e0 en contacte amb vost\u00e8. Gr\u00e0cies per la seva col\u00b7laboraci\u00f3.[\/vc_column_text][vc_empty_space height=&#8221;10px&#8221;][\/vc_column][vc_column width=&#8221;1\/2&#8243;][vc_column_text] AGP V\u00e1lvulas Proven\u00e7a, 213, A, 2a 08008 Barcelona \u2013 Spain Tel: +34 93 487 55 60 Email:\u00a0info@agpvalvulas.com[\/vc_column_text][vc_empty_space&hellip;","og_url":"https:\/\/agpvalvulas.com\/ca\/contacte\/","og_site_name":"AGP V\u00e1lvulas","article_modified_time":"2023-03-28T09:51:14+00:00","twitter_card":"summary_large_image","twitter_misc":{"Temps estimat de lectura":"1 minut"},"schema":{"@context":"https:\/\/schema.org","@graph":[{"@type":"WebPage","@id":"https:\/\/agpvalvulas.com\/ca\/contacte\/","url":"https:\/\/agpvalvulas.com\/ca\/contacte\/","name":"Contacte - AGP V\u00e1lvulas","isPartOf":{"@id":"https:\/\/agpvalvulas.com\/fr\/#website"},"datePublished":"2014-06-04T08:54:30+00:00","dateModified":"2023-03-28T09:51:14+00:00","breadcrumb":{"@id":"https:\/\/agpvalvulas.com\/ca\/contacte\/#breadcrumb"},"inLanguage":"ca","potentialAction":[{"@type":"ReadAction","target":["https:\/\/agpvalvulas.com\/ca\/contacte\/"]}]},{"@type":"BreadcrumbList","@id":"https:\/\/agpvalvulas.com\/ca\/contacte\/#breadcrumb","itemListElement":[{"@type":"ListItem","position":1,"name":"Portada","item":"https:\/\/agpvalvulas.com\/ca\/"},{"@type":"ListItem","position":2,"name":"Contacte"}]},{"@type":"WebSite","@id":"https:\/\/agpvalvulas.com\/fr\/#website","url":"https:\/\/agpvalvulas.com\/fr\/","name":"AGP V\u00e1lvulas","description":"AGP V\u00e1lvulas","publisher":{"@id":"https:\/\/agpvalvulas.com\/fr\/#organization"},"potentialAction":[{"@type":"SearchAction","target":{"@type":"EntryPoint","urlTemplate":"https:\/\/agpvalvulas.com\/fr\/?s={search_term_string}"},"query-input":{"@type":"PropertyValueSpecification","valueRequired":true,"valueName":"search_term_string"}}],"inLanguage":"ca"},{"@type":"Organization","@id":"https:\/\/agpvalvulas.com\/fr\/#organization","name":"AGP V\u00e1lvulas","url":"https:\/\/agpvalvulas.com\/fr\/","logo":{"@type":"ImageObject","inLanguage":"ca","@id":"https:\/\/agpvalvulas.com\/fr\/#\/schema\/logo\/image\/","url":"https:\/\/agpvalvulas.com\/wp-content\/uploads\/2017\/01\/LOGOAGP-TIF.jpg","contentUrl":"https:\/\/agpvalvulas.com\/wp-content\/uploads\/2017\/01\/LOGOAGP-TIF.jpg","width":345,"height":168,"caption":"AGP V\u00e1lvulas"},"image":{"@id":"https:\/\/agpvalvulas.com\/fr\/#\/schema\/logo\/image\/"}}]}},"_links":{"self":[{"href":"https:\/\/agpvalvulas.com\/ca\/wp-json\/wp\/v2\/pages\/6458","targetHints":{"allow":["GET"]}}],"collection":[{"href":"https:\/\/agpvalvulas.com\/ca\/wp-json\/wp\/v2\/pages"}],"about":[{"href":"https:\/\/agpvalvulas.com\/ca\/wp-json\/wp\/v2\/types\/page"}],"author":[{"embeddable":true,"href":"https:\/\/agpvalvulas.com\/ca\/wp-json\/wp\/v2\/users\/1"}],"replies":[{"embeddable":true,"href":"https:\/\/agpvalvulas.com\/ca\/wp-json\/wp\/v2\/comments?post=6458"}],"version-history":[{"count":5,"href":"https:\/\/agpvalvulas.com\/ca\/wp-json\/wp\/v2\/pages\/6458\/revisions"}],"predecessor-version":[{"id":8525,"href":"https:\/\/agpvalvulas.com\/ca\/wp-json\/wp\/v2\/pages\/6458\/revisions\/8525"}],"wp:attachment":[{"href":"https:\/\/agpvalvulas.com\/ca\/wp-json\/wp\/v2\/media?parent=6458"}],"curies":[{"name":"wp","href":"https:\/\/api.w.org\/{rel}","templated":true}]}}