{"id":6248,"date":"2016-10-25T11:45:40","date_gmt":"2015-05-05T16:29:40","guid":{"rendered":"https:\/\/agpvalvulas.com\/productos\/sin-categorizar\/valvula-metalica-roscada-de-control-de-nivel-diferencial-2\/"},"modified":"2016-11-25T11:35:08","modified_gmt":"2016-11-25T11:35:08","slug":"valvula-roscada-de-control-de-nivell-diferencial","status":"publish","type":"product","link":"https:\/\/agpvalvulas.com\/ca\/producte\/valvules-hidrauliques\/valvules-metal%c2%b7liques\/valvules-roscades\/valvula-roscada-de-control-de-nivell-diferencial\/","title":{"rendered":"V\u00e0lvula roscada de control de nivell diferencial"},"content":{"rendered":"<table border=\"0\" width=\"100%\">\n<tbody>\n<tr>\n<td style=\"color: #fff; padding-left: 15px;\" colspan=\"6\" bgcolor=\"#3371c5\" height=\"35\"><strong>Refer\u00e8ncies i dimensions<\/strong><\/td>\n<\/tr>\n<tr>\n<td align=\"center\" width=\"20%\"><strong>Codi producte<\/strong><\/td>\n<td align=\"center\" width=\"20%\" height=\"35\"><strong>V\u00e0lvula<\/strong><\/td>\n<td align=\"center\" width=\"15%\" height=\"35\"><strong>L<\/strong><\/td>\n<td align=\"center\" width=\"15%\" height=\"35\"><strong>H<\/strong><\/td>\n<td align=\"center\" width=\"15%\" height=\"35\"><strong>W<\/strong><\/td>\n<td align=\"center\" width=\"15%\" height=\"35\"><strong>Kg.<\/strong><\/td>\n<\/tr>\n<tr>\n<td align=\"center\" bgcolor=\"#eeeeee\" width=\"20%\">892315+499110<\/td>\n<td align=\"center\" bgcolor=\"#eeeeee\" width=\"20%\" height=\"35\">1&#8243;1\/2<\/td>\n<td align=\"center\" bgcolor=\"#eeeeee\" width=\"15%\" height=\"35\">180<\/td>\n<td align=\"center\" bgcolor=\"#eeeeee\" width=\"15%\" height=\"35\">118<\/td>\n<td align=\"center\" bgcolor=\"#eeeeee\" width=\"15%\" height=\"35\">128<\/td>\n<td align=\"center\" bgcolor=\"#eeeeee\" width=\"15%\" height=\"35\">4,0<\/td>\n<\/tr>\n<tr>\n<td align=\"center\" width=\"10%\">892320+499110<\/td>\n<td align=\"center\" width=\"20%\" height=\"35\">2&#8243;<\/td>\n<td align=\"center\" width=\"15%\" height=\"35\">180<\/td>\n<td align=\"center\" width=\"15%\" height=\"35\">118<\/td>\n<td align=\"center\" width=\"15%\" height=\"35\">128<\/td>\n<td align=\"center\" width=\"15%\" height=\"35\">3,8<\/td>\n<\/tr>\n<tr>\n<td align=\"center\" bgcolor=\"#eeeeee\" width=\"20%\">892325+499110<\/td>\n<td align=\"center\" bgcolor=\"#eeeeee\" width=\"20%\" height=\"35\">2&#8243;1\/2<\/td>\n<td align=\"center\" bgcolor=\"#eeeeee\" width=\"15%\" height=\"35\">230<\/td>\n<td align=\"center\" bgcolor=\"#eeeeee\" width=\"15%\" height=\"35\">125<\/td>\n<td align=\"center\" bgcolor=\"#eeeeee\" width=\"15%\" height=\"35\">128<\/td>\n<td align=\"center\" bgcolor=\"#eeeeee\" width=\"15%\" height=\"35\">4,7<\/td>\n<\/tr>\n<tr>\n<td align=\"center\" width=\"10%\">892330+499110<\/td>\n<td align=\"center\" width=\"20%\" height=\"35\">3&#8243;<\/td>\n<td align=\"center\" width=\"15%\" height=\"35\">240<\/td>\n<td align=\"center\" width=\"15%\" height=\"35\">155<\/td>\n<td align=\"center\" width=\"15%\" height=\"35\">172<\/td>\n<td align=\"center\" width=\"15%\" height=\"35\">7,5<\/td>\n<\/tr>\n<tr>\n<td align=\"center\" bgcolor=\"#eeeeee\" width=\"20%\">892340+499110<\/td>\n<td align=\"center\" bgcolor=\"#eeeeee\" width=\"20%\" height=\"35\">4&#8243;<\/td>\n<td align=\"center\" bgcolor=\"#eeeeee\" width=\"15%\" height=\"35\">295<\/td>\n<td align=\"center\" bgcolor=\"#eeeeee\" width=\"15%\" height=\"35\">190<\/td>\n<td align=\"center\" bgcolor=\"#eeeeee\" width=\"15%\" height=\"35\">204<\/td>\n<td align=\"center\" bgcolor=\"#eeeeee\" width=\"15%\" height=\"35\">11,7<\/td>\n<\/tr>\n<\/tbody>\n<\/table>\n<p><em>(Codis de v\u00e0lvules amb membrana alta pressi\u00f3 AP, per a v\u00e0lvules amb membrana baixa pressi\u00f3 BP consultar)<\/em><\/p>\n<table border=\"0\" width=\"100%\">\n<tbody>\n<tr>\n<td style=\"color: #fff; padding-left: 15px;\" colspan=\"3\" bgcolor=\"#3371c5\" height=\"35\"><strong>Pressi\u00f3 m\u00ednima d&#8217;obertura<\/strong><\/td>\n<\/tr>\n<tr>\n<td align=\"center\" width=\"10%\" height=\"35\"><strong>V\u00e0lvula<\/strong><\/td>\n<td align=\"center\" width=\"12%\" height=\"35\"><strong>Baixa Pressi\u00f3<\/strong><\/td>\n<td align=\"center\" width=\"12%\" height=\"35\"><strong>Alta Pressi\u00f3<\/strong><\/td>\n<\/tr>\n<tr>\n<td align=\"center\" bgcolor=\"#eeeeee\" width=\"10%\" height=\"35\">1&#8243;1\/2<\/td>\n<td align=\"center\" bgcolor=\"#eeeeee\" width=\"12%\" height=\"35\">0,3<\/td>\n<td align=\"center\" bgcolor=\"#eeeeee\" width=\"12%\" height=\"35\">0,7<\/td>\n<\/tr>\n<tr>\n<td align=\"center\" width=\"10%\" height=\"35\">2&#8243;<\/td>\n<td align=\"center\" width=\"12%\" height=\"35\">0,3<\/td>\n<td align=\"center\" width=\"12%\" height=\"35\">0,7<\/td>\n<\/tr>\n<tr>\n<td align=\"center\" bgcolor=\"#eeeeee\" width=\"10%\" height=\"35\"><strong>3&#8243;<\/strong><\/td>\n<td align=\"center\" bgcolor=\"#eeeeee\" width=\"12%\" height=\"35\">0,5<\/td>\n<td align=\"center\" bgcolor=\"#eeeeee\" width=\"12%\" height=\"35\">0,9<\/td>\n<\/tr>\n<tr>\n<td align=\"center\" width=\"10%\" height=\"35\">4&#8243;<\/td>\n<td align=\"center\" width=\"12%\" height=\"35\">0,5<\/td>\n<td align=\"center\" width=\"12%\" height=\"35\">1,0<\/td>\n<\/tr>\n<\/tbody>\n<\/table>\n<p>&nbsp;<\/p>\n<table border=\"0\" width=\"100%\">\n<tbody>\n<tr>\n<td style=\"color: #fff; padding-left: 15px;\" colspan=\"20\" bgcolor=\"#3371c5\" height=\"35\"><strong>P\u00e8rdues de carrega amb la v\u00e1lvula totalment oberta (mca)<\/strong><\/td>\n<\/tr>\n<tr>\n<td><\/td>\n<td style=\"border-bottom: border-bottom:1pt solid black;\" colspan=\"19\" align=\"center\"><strong>Cabal (m<sup>3<\/sup>\/h)<\/strong><\/td>\n<\/tr>\n<tr>\n<td align=\"center\" width=\"10%\" height=\"35\"><strong>V\u00e0lvula<\/strong><\/td>\n<td align=\"center\" width=\"5%\" height=\"35\"><strong>5<\/strong><\/td>\n<td align=\"center\" width=\"5%\" height=\"35\"><strong>10<\/strong><\/td>\n<td align=\"center\" width=\"5%\" height=\"35\"><strong>15<\/strong><\/td>\n<td align=\"center\" width=\"5%\"><strong>20<\/strong><\/td>\n<td align=\"center\" width=\"5%\"><strong>25<\/strong><\/td>\n<td align=\"center\" width=\"5%\"><strong>30<\/strong><\/td>\n<td align=\"center\" width=\"5%\"><strong>35<\/strong><\/td>\n<td align=\"center\" width=\"5%\"><strong>40<\/strong><\/td>\n<td align=\"center\" width=\"5%\"><strong>45<\/strong><\/td>\n<td align=\"center\" width=\"5%\"><strong>50<\/strong><\/td>\n<td align=\"center\" width=\"5%\"><strong>55<\/strong><\/td>\n<td align=\"center\" width=\"5%\"><strong>60<\/strong><\/td>\n<td align=\"center\" width=\"5%\"><strong>65<\/strong><\/td>\n<td align=\"center\" width=\"5%\"><strong>70<\/strong><\/td>\n<td align=\"center\" width=\"5%\"><strong>80<\/strong><\/td>\n<td align=\"center\" width=\"5%\"><strong>90<\/strong><\/td>\n<td align=\"center\" width=\"5%\"><strong>100<\/strong><\/td>\n<td align=\"center\" width=\"5%\"><strong>125<\/strong><\/td>\n<td align=\"center\" width=\"5%\"><strong>150<\/strong><\/td>\n<\/tr>\n<tr>\n<td align=\"center\" bgcolor=\"#eeeeee\" width=\"10%\" height=\"35\">1&#8243;1\/2<\/td>\n<td align=\"center\" bgcolor=\"#eeeeee\" width=\"5%\" height=\"35\"><strong>0,08<\/strong><\/td>\n<td align=\"center\" bgcolor=\"#eeeeee\" width=\"5%\" height=\"35\"><strong>0,35<\/strong><\/td>\n<td align=\"center\" bgcolor=\"#eeeeee\" width=\"5%\" height=\"35\"><strong>0,82<\/strong><\/td>\n<td align=\"center\" bgcolor=\"#eeeeee\" width=\"5%\"><strong>1,50<\/strong><\/td>\n<td align=\"center\" bgcolor=\"#eeeeee\" width=\"5%\"><strong>2,40<\/strong><\/td>\n<td align=\"center\" bgcolor=\"#eeeeee\" width=\"5%\"><strong>3,51<\/strong><\/td>\n<td align=\"center\" bgcolor=\"#eeeeee\" width=\"5%\">4,85<\/td>\n<td align=\"center\" bgcolor=\"#eeeeee\" width=\"5%\">6,42<\/td>\n<td align=\"center\" bgcolor=\"#eeeeee\" width=\"5%\">8,22<\/td>\n<td align=\"center\" bgcolor=\"#eeeeee\" width=\"5%\">10,25<\/td>\n<td align=\"center\" bgcolor=\"#eeeeee\" width=\"5%\"><\/td>\n<td align=\"center\" bgcolor=\"#eeeeee\" width=\"5%\"><\/td>\n<td align=\"center\" bgcolor=\"#eeeeee\" width=\"5%\"><\/td>\n<td align=\"center\" bgcolor=\"#eeeeee\" width=\"5%\"><\/td>\n<td align=\"center\" bgcolor=\"#eeeeee\" width=\"5%\"><\/td>\n<td align=\"center\" bgcolor=\"#eeeeee\" width=\"5%\"><\/td>\n<td align=\"center\" bgcolor=\"#eeeeee\" width=\"5%\"><\/td>\n<td align=\"center\" bgcolor=\"#eeeeee\" width=\"5%\"><\/td>\n<td align=\"center\" bgcolor=\"#eeeeee\" width=\"5%\"><\/td>\n<\/tr>\n<tr>\n<td align=\"center\" width=\"10%\" height=\"35\">2&#8243;<\/td>\n<td align=\"center\" width=\"5%\" height=\"35\"><strong>0,05<\/strong><\/td>\n<td align=\"center\" width=\"5%\" height=\"35\"><strong>0,30<\/strong><\/td>\n<td align=\"center\" width=\"5%\" height=\"35\"><strong>0,60<\/strong><\/td>\n<td align=\"center\" width=\"5%\"><strong>1,20<\/strong><\/td>\n<td align=\"center\" width=\"5%\"><strong>1,85<\/strong><\/td>\n<td align=\"center\" width=\"5%\"><strong>2,80<\/strong><\/td>\n<td align=\"center\" width=\"5%\"><strong>3,95<\/strong><\/td>\n<td align=\"center\" width=\"5%\">4,90<\/td>\n<td align=\"center\" width=\"5%\">6,10<\/td>\n<td align=\"center\" width=\"5%\">7,75<\/td>\n<td align=\"center\" width=\"5%\"><\/td>\n<td align=\"center\" width=\"5%\"><\/td>\n<td align=\"center\" width=\"5%\"><\/td>\n<td align=\"center\" width=\"5%\"><\/td>\n<td align=\"center\" width=\"5%\"><\/td>\n<td align=\"center\" width=\"5%\"><\/td>\n<td align=\"center\" width=\"5%\"><\/td>\n<td align=\"center\" width=\"5%\"><\/td>\n<td align=\"center\" width=\"5%\"><\/td>\n<\/tr>\n<tr>\n<td align=\"center\" bgcolor=\"#eeeeee\" width=\"10%\" height=\"35\"><strong>3&#8243;<\/strong><\/td>\n<td align=\"center\" bgcolor=\"#eeeeee\" width=\"5%\" height=\"35\"><strong>0,04<\/strong><\/td>\n<td align=\"center\" bgcolor=\"#eeeeee\" width=\"5%\" height=\"35\"><strong>0,12<\/strong><\/td>\n<td align=\"center\" bgcolor=\"#eeeeee\" width=\"5%\" height=\"35\"><strong>0,25<\/strong><\/td>\n<td align=\"center\" bgcolor=\"#eeeeee\" width=\"5%\"><strong>0,44<\/strong><\/td>\n<td align=\"center\" bgcolor=\"#eeeeee\" width=\"5%\"><strong>0,68<\/strong><\/td>\n<td align=\"center\" bgcolor=\"#eeeeee\" width=\"5%\"><strong>0,97<\/strong><\/td>\n<td align=\"center\" bgcolor=\"#eeeeee\" width=\"5%\"><strong>1,31<\/strong><\/td>\n<td align=\"center\" bgcolor=\"#eeeeee\" width=\"5%\"><strong>1,70<\/strong><\/td>\n<td align=\"center\" bgcolor=\"#eeeeee\" width=\"5%\"><strong>2,13<\/strong><\/td>\n<td align=\"center\" bgcolor=\"#eeeeee\" width=\"5%\"><strong>2,62<\/strong><\/td>\n<td align=\"center\" bgcolor=\"#eeeeee\" width=\"5%\"><strong>3,15<\/strong><\/td>\n<td align=\"center\" bgcolor=\"#eeeeee\" width=\"5%\"><strong>3,73<\/strong><\/td>\n<td align=\"center\" bgcolor=\"#eeeeee\" width=\"5%\">4,35<\/td>\n<td align=\"center\" bgcolor=\"#eeeeee\" width=\"5%\">5,03<\/td>\n<td align=\"center\" bgcolor=\"#eeeeee\" width=\"5%\">6,51<\/td>\n<td align=\"center\" bgcolor=\"#eeeeee\" width=\"5%\">8,18<\/td>\n<td align=\"center\" bgcolor=\"#eeeeee\" width=\"5%\">10,03<\/td>\n<td align=\"center\" bgcolor=\"#eeeeee\" width=\"5%\"><\/td>\n<td align=\"center\" bgcolor=\"#eeeeee\" width=\"5%\"><\/td>\n<\/tr>\n<tr>\n<td align=\"center\" width=\"10%\" height=\"35\">4&#8243;<\/td>\n<td align=\"center\" width=\"5%\" height=\"35\"><strong>0,03<\/strong><\/td>\n<td align=\"center\" width=\"5%\" height=\"35\"><strong>0,11<\/strong><\/td>\n<td align=\"center\" width=\"5%\" height=\"35\"><strong>0,22<\/strong><\/td>\n<td align=\"center\" width=\"5%\"><strong>0,35<\/strong><\/td>\n<td align=\"center\" width=\"5%\"><strong>0,50<\/strong><\/td>\n<td align=\"center\" width=\"5%\"><strong>0,68<\/strong><\/td>\n<td align=\"center\" width=\"5%\"><strong>0,88<\/strong><\/td>\n<td align=\"center\" width=\"5%\"><strong>1,09<\/strong><\/td>\n<td align=\"center\" width=\"5%\"><strong>1,33<\/strong><\/td>\n<td align=\"center\" width=\"5%\"><strong>1,58<\/strong><\/td>\n<td align=\"center\" width=\"5%\"><strong>1,85<\/strong><\/td>\n<td align=\"center\" width=\"5%\"><strong>2,13<\/strong><\/td>\n<td align=\"center\" width=\"5%\"><strong>2,43<\/strong><\/td>\n<td align=\"center\" width=\"5%\"><strong>2,75<\/strong><\/td>\n<td align=\"center\" width=\"5%\"><strong>3,42<\/strong><\/td>\n<td align=\"center\" width=\"5%\">4,16<\/td>\n<td align=\"center\" width=\"5%\">4,95<\/td>\n<td align=\"center\" width=\"5%\">7,15<\/td>\n<td align=\"center\" width=\"5%\">9,66<\/td>\n<\/tr>\n<tr>\n<td style=\"padding-right: 15px;\" colspan=\"20\" align=\"right\"><strong>En negreta cabals recomanats<\/strong><\/td>\n<\/tr>\n<\/tbody>\n<\/table>\n","protected":false},"excerpt":{"rendered":"<h4>Descripci\u00f3<\/h4>\n<p>Es una v\u00e0lvula operada amb la pressi\u00f3 de la l\u00ednia a trav\u00e9s d\u2019un flotador diferencial instal\u00b7lat al dip\u00f2sit o bassa, que tanca completament quan l\u2019aigua assoleix un predeterminat nivell m\u00e0xim i obra quan l\u2019aigua arriba a un nivell m\u00ednim regulat. Aquest sistema evita les freq\u00fcents arrancades i aturades de la bomba que es donen en les v\u00e0lvules de flotador modulant, i en disminueix aix\u00ed el consum i n\u2019allarga la vida \u00fatil.<\/p>\n<h4>Aplicacions<\/h4>\n<p>Control dels nivells m\u00e0xim i m\u00ednim d\u2019aigua en un dip\u00f2sit o bassa.<\/p>\n<h4>Models disponibles<\/h4>\n<p>1 \u00bd\u201d, 2\u201d, 2 \u00bd\u201d, 3\u201d i 4\u201d BSP (NPT opcional)<\/p>\n<h4>Dimensions \/ P\u00e8rdues de c\u00e0rrega<\/h4>\n<p><img decoding=\"async\" style=\"vertical-align: sub;\" src=\"https:\/\/agpvalvulas.com\/wp-content\/uploads\/2015\/06\/pdf.png\" alt=\"\" \/> <a href=\"http:\/\/agpvalvulas.com\/wp-content\/pdf\/104-nivell-diferencial-Catala.pdf\" target=\"_blank\">Descarregar PDF t\u00e8cnic<\/a><\/p>\n<p><img decoding=\"async\" style=\"vertical-align: sub;\" src=\"https:\/\/agpvalvulas.com\/wp-content\/uploads\/2015\/06\/pdf.png\" alt=\"\" \/> <a href=\"http:\/\/agpvalvulas.com\/wp-content\/pdf\/100-11-Car-i-dim-CATALA-rosca-brida.pdf\" target=\"_blank\">Descarregar PDF caracter\u00edstiques i dimensions<\/a><\/p>\n<p><img decoding=\"async\" style=\"vertical-align: sub;\" src=\"https:\/\/agpvalvulas.com\/wp-content\/uploads\/2015\/06\/pdf.png\" alt=\"\" \/> <a href=\"http:\/\/agpvalvulas.com\/wp-content\/pdf\/04-valvula-nivel-diferencial.pdf\" target=\"_blank\">Descarregar PDF esquemes<\/a><\/p>\n","protected":false},"featured_media":7345,"comment_status":"closed","ping_status":"closed","template":"","meta":[],"product_brand":[],"product_cat":[178,191,193],"product_tag":[373,136,344,402,403],"class_list":{"0":"post-6248","1":"product","2":"type-product","3":"status-publish","4":"has-post-thumbnail","6":"product_cat-valvules-hidrauliques","7":"product_cat-valvules-metalliques","8":"product_cat-valvules-roscades","9":"product_tag-control-de-nivel-diferencial-ca","10":"product_tag-valvula-ca","11":"product_tag-valvula-hidraulica-ca","12":"product_tag-valvula-metalica-ca","13":"product_tag-valvula-roscada-ca","14":"description-off","16":"first","17":"outofstock","18":"shipping-taxable","19":"product-type-simple"},"yoast_head":"<!-- This site is optimized with the Yoast SEO plugin v25.5 - https:\/\/yoast.com\/wordpress\/plugins\/seo\/ -->\n<title>V\u00e0lvula roscada de control de nivell diferencial - AGP V\u00e1lvulas<\/title>\n<meta name=\"robots\" content=\"index, follow, max-snippet:-1, max-image-preview:large, max-video-preview:-1\" \/>\n<link rel=\"canonical\" href=\"https:\/\/agpvalvulas.com\/ca\/producte\/valvules-hidrauliques\/valvula-roscada-de-control-de-nivell-diferencial\/\" \/>\n<meta property=\"og:locale\" content=\"ca_ES\" \/>\n<meta property=\"og:type\" content=\"article\" \/>\n<meta property=\"og:title\" content=\"V\u00e0lvula roscada de control de nivell diferencial - AGP V\u00e1lvulas\" \/>\n<meta property=\"og:description\" content=\"Descripci\u00f3 Es una v\u00e0lvula operada amb la pressi\u00f3 de la l\u00ednia a trav\u00e9s d\u2019un flotador diferencial instal\u00b7lat al dip\u00f2sit o bassa, que tanca completament quan l\u2019aigua assoleix un predeterminat nivell m\u00e0xim i obra quan l\u2019aigua arriba a un nivell m\u00ednim regulat. Aquest sistema evita les freq\u00fcents arrancades i aturades de la bomba que es donen en les v\u00e0lvules de flotador modulant, i en disminueix aix\u00ed el consum i n\u2019allarga la vida \u00fatil. Aplicacions Control dels nivells m\u00e0xim i m\u00ednim d\u2019aigua en un dip\u00f2sit o bassa. Models disponibles 1 \u00bd\u201d, 2\u201d, 2 \u00bd\u201d, 3\u201d i 4\u201d BSP (NPT opcional) Dimensions \/ P\u00e8rdues de c\u00e0rrega  Descarregar PDF t\u00e8cnic   Descarregar PDF caracter\u00edstiques i dimensions   Descarregar PDF esquemes\" \/>\n<meta property=\"og:url\" content=\"https:\/\/agpvalvulas.com\/ca\/producte\/valvules-hidrauliques\/valvula-roscada-de-control-de-nivell-diferencial\/\" \/>\n<meta property=\"og:site_name\" content=\"AGP V\u00e1lvulas\" \/>\n<meta property=\"article:modified_time\" content=\"2016-11-25T11:35:08+00:00\" \/>\n<meta property=\"og:image\" content=\"https:\/\/agpvalvulas.com\/wp-content\/uploads\/2016\/11\/21-Roscada-flotador-diferencial1.jpg\" \/>\n\t<meta property=\"og:image:width\" content=\"800\" \/>\n\t<meta property=\"og:image:height\" content=\"800\" \/>\n\t<meta property=\"og:image:type\" content=\"image\/jpeg\" \/>\n<meta name=\"twitter:card\" content=\"summary_large_image\" \/>\n<script type=\"application\/ld+json\" class=\"yoast-schema-graph\">{\"@context\":\"https:\/\/schema.org\",\"@graph\":[{\"@type\":\"WebPage\",\"@id\":\"https:\/\/agpvalvulas.com\/ca\/producte\/valvules-hidrauliques\/valvula-roscada-de-control-de-nivell-diferencial\/\",\"url\":\"https:\/\/agpvalvulas.com\/ca\/producte\/valvules-hidrauliques\/valvula-roscada-de-control-de-nivell-diferencial\/\",\"name\":\"V\u00e0lvula roscada de control de nivell diferencial - AGP V\u00e1lvulas\",\"isPartOf\":{\"@id\":\"https:\/\/agpvalvulas.com\/fr\/#website\"},\"primaryImageOfPage\":{\"@id\":\"https:\/\/agpvalvulas.com\/ca\/producte\/valvules-hidrauliques\/valvula-roscada-de-control-de-nivell-diferencial\/#primaryimage\"},\"image\":{\"@id\":\"https:\/\/agpvalvulas.com\/ca\/producte\/valvules-hidrauliques\/valvula-roscada-de-control-de-nivell-diferencial\/#primaryimage\"},\"thumbnailUrl\":\"https:\/\/agpvalvulas.com\/wp-content\/uploads\/2016\/11\/21-Roscada-flotador-diferencial1.jpg\",\"datePublished\":\"2015-05-05T16:29:40+00:00\",\"dateModified\":\"2016-11-25T11:35:08+00:00\",\"breadcrumb\":{\"@id\":\"https:\/\/agpvalvulas.com\/ca\/producte\/valvules-hidrauliques\/valvula-roscada-de-control-de-nivell-diferencial\/#breadcrumb\"},\"inLanguage\":\"ca\",\"potentialAction\":[{\"@type\":\"ReadAction\",\"target\":[\"https:\/\/agpvalvulas.com\/ca\/producte\/valvules-hidrauliques\/valvula-roscada-de-control-de-nivell-diferencial\/\"]}]},{\"@type\":\"ImageObject\",\"inLanguage\":\"ca\",\"@id\":\"https:\/\/agpvalvulas.com\/ca\/producte\/valvules-hidrauliques\/valvula-roscada-de-control-de-nivell-diferencial\/#primaryimage\",\"url\":\"https:\/\/agpvalvulas.com\/wp-content\/uploads\/2016\/11\/21-Roscada-flotador-diferencial1.jpg\",\"contentUrl\":\"https:\/\/agpvalvulas.com\/wp-content\/uploads\/2016\/11\/21-Roscada-flotador-diferencial1.jpg\",\"width\":800,\"height\":800},{\"@type\":\"BreadcrumbList\",\"@id\":\"https:\/\/agpvalvulas.com\/ca\/producte\/valvules-hidrauliques\/valvula-roscada-de-control-de-nivell-diferencial\/#breadcrumb\",\"itemListElement\":[{\"@type\":\"ListItem\",\"position\":1,\"name\":\"Portada\",\"item\":\"https:\/\/agpvalvulas.com\/ca\/\"},{\"@type\":\"ListItem\",\"position\":2,\"name\":\"Produits\",\"item\":\"https:\/\/agpvalvulas.com\/fr\/produits\/\"},{\"@type\":\"ListItem\",\"position\":3,\"name\":\"V\u00e0lvula roscada de control de nivell diferencial\"}]},{\"@type\":\"WebSite\",\"@id\":\"https:\/\/agpvalvulas.com\/fr\/#website\",\"url\":\"https:\/\/agpvalvulas.com\/fr\/\",\"name\":\"AGP V\u00e1lvulas\",\"description\":\"AGP V\u00e1lvulas\",\"publisher\":{\"@id\":\"https:\/\/agpvalvulas.com\/fr\/#organization\"},\"potentialAction\":[{\"@type\":\"SearchAction\",\"target\":{\"@type\":\"EntryPoint\",\"urlTemplate\":\"https:\/\/agpvalvulas.com\/fr\/?s={search_term_string}\"},\"query-input\":{\"@type\":\"PropertyValueSpecification\",\"valueRequired\":true,\"valueName\":\"search_term_string\"}}],\"inLanguage\":\"ca\"},{\"@type\":\"Organization\",\"@id\":\"https:\/\/agpvalvulas.com\/fr\/#organization\",\"name\":\"AGP V\u00e1lvulas\",\"url\":\"https:\/\/agpvalvulas.com\/fr\/\",\"logo\":{\"@type\":\"ImageObject\",\"inLanguage\":\"ca\",\"@id\":\"https:\/\/agpvalvulas.com\/fr\/#\/schema\/logo\/image\/\",\"url\":\"https:\/\/agpvalvulas.com\/wp-content\/uploads\/2017\/01\/LOGOAGP-TIF.jpg\",\"contentUrl\":\"https:\/\/agpvalvulas.com\/wp-content\/uploads\/2017\/01\/LOGOAGP-TIF.jpg\",\"width\":345,\"height\":168,\"caption\":\"AGP V\u00e1lvulas\"},\"image\":{\"@id\":\"https:\/\/agpvalvulas.com\/fr\/#\/schema\/logo\/image\/\"}}]}<\/script>\n<!-- \/ Yoast SEO plugin. -->","yoast_head_json":{"title":"V\u00e0lvula roscada de control de nivell diferencial - AGP V\u00e1lvulas","robots":{"index":"index","follow":"follow","max-snippet":"max-snippet:-1","max-image-preview":"max-image-preview:large","max-video-preview":"max-video-preview:-1"},"canonical":"https:\/\/agpvalvulas.com\/ca\/producte\/valvules-hidrauliques\/valvula-roscada-de-control-de-nivell-diferencial\/","og_locale":"ca_ES","og_type":"article","og_title":"V\u00e0lvula roscada de control de nivell diferencial - AGP V\u00e1lvulas","og_description":"Descripci\u00f3 Es una v\u00e0lvula operada amb la pressi\u00f3 de la l\u00ednia a trav\u00e9s d\u2019un flotador diferencial instal\u00b7lat al dip\u00f2sit o bassa, que tanca completament quan l\u2019aigua assoleix un predeterminat nivell m\u00e0xim i obra quan l\u2019aigua arriba a un nivell m\u00ednim regulat. Aquest sistema evita les freq\u00fcents arrancades i aturades de la bomba que es donen en les v\u00e0lvules de flotador modulant, i en disminueix aix\u00ed el consum i n\u2019allarga la vida \u00fatil. Aplicacions Control dels nivells m\u00e0xim i m\u00ednim d\u2019aigua en un dip\u00f2sit o bassa. Models disponibles 1 \u00bd\u201d, 2\u201d, 2 \u00bd\u201d, 3\u201d i 4\u201d BSP (NPT opcional) Dimensions \/ P\u00e8rdues de c\u00e0rrega  Descarregar PDF t\u00e8cnic   Descarregar PDF caracter\u00edstiques i dimensions   Descarregar PDF esquemes","og_url":"https:\/\/agpvalvulas.com\/ca\/producte\/valvules-hidrauliques\/valvula-roscada-de-control-de-nivell-diferencial\/","og_site_name":"AGP V\u00e1lvulas","article_modified_time":"2016-11-25T11:35:08+00:00","og_image":[{"width":800,"height":800,"url":"https:\/\/agpvalvulas.com\/wp-content\/uploads\/2016\/11\/21-Roscada-flotador-diferencial1.jpg","type":"image\/jpeg"}],"twitter_card":"summary_large_image","schema":{"@context":"https:\/\/schema.org","@graph":[{"@type":"WebPage","@id":"https:\/\/agpvalvulas.com\/ca\/producte\/valvules-hidrauliques\/valvula-roscada-de-control-de-nivell-diferencial\/","url":"https:\/\/agpvalvulas.com\/ca\/producte\/valvules-hidrauliques\/valvula-roscada-de-control-de-nivell-diferencial\/","name":"V\u00e0lvula roscada de control de nivell diferencial - AGP V\u00e1lvulas","isPartOf":{"@id":"https:\/\/agpvalvulas.com\/fr\/#website"},"primaryImageOfPage":{"@id":"https:\/\/agpvalvulas.com\/ca\/producte\/valvules-hidrauliques\/valvula-roscada-de-control-de-nivell-diferencial\/#primaryimage"},"image":{"@id":"https:\/\/agpvalvulas.com\/ca\/producte\/valvules-hidrauliques\/valvula-roscada-de-control-de-nivell-diferencial\/#primaryimage"},"thumbnailUrl":"https:\/\/agpvalvulas.com\/wp-content\/uploads\/2016\/11\/21-Roscada-flotador-diferencial1.jpg","datePublished":"2015-05-05T16:29:40+00:00","dateModified":"2016-11-25T11:35:08+00:00","breadcrumb":{"@id":"https:\/\/agpvalvulas.com\/ca\/producte\/valvules-hidrauliques\/valvula-roscada-de-control-de-nivell-diferencial\/#breadcrumb"},"inLanguage":"ca","potentialAction":[{"@type":"ReadAction","target":["https:\/\/agpvalvulas.com\/ca\/producte\/valvules-hidrauliques\/valvula-roscada-de-control-de-nivell-diferencial\/"]}]},{"@type":"ImageObject","inLanguage":"ca","@id":"https:\/\/agpvalvulas.com\/ca\/producte\/valvules-hidrauliques\/valvula-roscada-de-control-de-nivell-diferencial\/#primaryimage","url":"https:\/\/agpvalvulas.com\/wp-content\/uploads\/2016\/11\/21-Roscada-flotador-diferencial1.jpg","contentUrl":"https:\/\/agpvalvulas.com\/wp-content\/uploads\/2016\/11\/21-Roscada-flotador-diferencial1.jpg","width":800,"height":800},{"@type":"BreadcrumbList","@id":"https:\/\/agpvalvulas.com\/ca\/producte\/valvules-hidrauliques\/valvula-roscada-de-control-de-nivell-diferencial\/#breadcrumb","itemListElement":[{"@type":"ListItem","position":1,"name":"Portada","item":"https:\/\/agpvalvulas.com\/ca\/"},{"@type":"ListItem","position":2,"name":"Produits","item":"https:\/\/agpvalvulas.com\/fr\/produits\/"},{"@type":"ListItem","position":3,"name":"V\u00e0lvula roscada de control de nivell diferencial"}]},{"@type":"WebSite","@id":"https:\/\/agpvalvulas.com\/fr\/#website","url":"https:\/\/agpvalvulas.com\/fr\/","name":"AGP V\u00e1lvulas","description":"AGP V\u00e1lvulas","publisher":{"@id":"https:\/\/agpvalvulas.com\/fr\/#organization"},"potentialAction":[{"@type":"SearchAction","target":{"@type":"EntryPoint","urlTemplate":"https:\/\/agpvalvulas.com\/fr\/?s={search_term_string}"},"query-input":{"@type":"PropertyValueSpecification","valueRequired":true,"valueName":"search_term_string"}}],"inLanguage":"ca"},{"@type":"Organization","@id":"https:\/\/agpvalvulas.com\/fr\/#organization","name":"AGP V\u00e1lvulas","url":"https:\/\/agpvalvulas.com\/fr\/","logo":{"@type":"ImageObject","inLanguage":"ca","@id":"https:\/\/agpvalvulas.com\/fr\/#\/schema\/logo\/image\/","url":"https:\/\/agpvalvulas.com\/wp-content\/uploads\/2017\/01\/LOGOAGP-TIF.jpg","contentUrl":"https:\/\/agpvalvulas.com\/wp-content\/uploads\/2017\/01\/LOGOAGP-TIF.jpg","width":345,"height":168,"caption":"AGP V\u00e1lvulas"},"image":{"@id":"https:\/\/agpvalvulas.com\/fr\/#\/schema\/logo\/image\/"}}]}},"_links":{"self":[{"href":"https:\/\/agpvalvulas.com\/ca\/wp-json\/wp\/v2\/product\/6248","targetHints":{"allow":["GET"]}}],"collection":[{"href":"https:\/\/agpvalvulas.com\/ca\/wp-json\/wp\/v2\/product"}],"about":[{"href":"https:\/\/agpvalvulas.com\/ca\/wp-json\/wp\/v2\/types\/product"}],"replies":[{"embeddable":true,"href":"https:\/\/agpvalvulas.com\/ca\/wp-json\/wp\/v2\/comments?post=6248"}],"wp:featuredmedia":[{"embeddable":true,"href":"https:\/\/agpvalvulas.com\/ca\/wp-json\/wp\/v2\/media\/7345"}],"wp:attachment":[{"href":"https:\/\/agpvalvulas.com\/ca\/wp-json\/wp\/v2\/media?parent=6248"}],"wp:term":[{"taxonomy":"product_brand","embeddable":true,"href":"https:\/\/agpvalvulas.com\/ca\/wp-json\/wp\/v2\/product_brand?post=6248"},{"taxonomy":"product_cat","embeddable":true,"href":"https:\/\/agpvalvulas.com\/ca\/wp-json\/wp\/v2\/product_cat?post=6248"},{"taxonomy":"product_tag","embeddable":true,"href":"https:\/\/agpvalvulas.com\/ca\/wp-json\/wp\/v2\/product_tag?post=6248"}],"curies":[{"name":"wp","href":"https:\/\/api.w.org\/{rel}","templated":true}]}}