{"id":6275,"date":"2016-10-25T11:30:22","date_gmt":"2015-05-06T14:28:22","guid":{"rendered":"https:\/\/agpvalvulas.com\/productos\/sin-categorizar\/valvula-metalica-roscada-reductora-con-piloto-plastico-2\/"},"modified":"2016-11-25T12:28:08","modified_gmt":"2016-11-25T12:28:08","slug":"valvula-roscada-reductora-de-pressio-amb-pilot-de-plastic","status":"publish","type":"product","link":"https:\/\/agpvalvulas.com\/ca\/producte\/valvules-hidrauliques\/valvules-metal%c2%b7liques\/valvules-roscades\/valvula-roscada-reductora-de-pressio-amb-pilot-de-plastic\/","title":{"rendered":"V\u00e0lvula roscada reductora de pressi\u00f3 amb pilot de pl\u00e0stic"},"content":{"rendered":"<table border=\"0\" width=\"100%\">\n<tbody>\n<tr>\n<td style=\"color: #fff; padding-left: 15px;\" colspan=\"6\" bgcolor=\"#3371c5\" height=\"35\"><strong>Refer\u00e8ncies i dimensions<\/strong><\/td>\n<\/tr>\n<tr>\n<td align=\"center\" width=\"20%\"><strong>Codi producte<\/strong><\/td>\n<td align=\"center\" width=\"20%\" height=\"35\"><strong>V\u00e0lvula<\/strong><\/td>\n<td align=\"center\" width=\"15%\" height=\"35\"><strong>L<\/strong><\/td>\n<td align=\"center\" width=\"15%\" height=\"35\"><strong>H<\/strong><\/td>\n<td align=\"center\" width=\"15%\" height=\"35\"><strong>W<\/strong><\/td>\n<td align=\"center\" width=\"15%\" height=\"35\"><strong>Kg.<\/strong><\/td>\n<\/tr>\n<tr>\n<td align=\"center\" bgcolor=\"#eeeeee\" width=\"20%\">892315+496310<\/td>\n<td align=\"center\" bgcolor=\"#eeeeee\" width=\"20%\" height=\"35\">1&#8243;1\/2<\/td>\n<td align=\"center\" bgcolor=\"#eeeeee\" width=\"15%\" height=\"35\">180<\/td>\n<td align=\"center\" bgcolor=\"#eeeeee\" width=\"15%\" height=\"35\">128<\/td>\n<td align=\"center\" bgcolor=\"#eeeeee\" width=\"15%\" height=\"35\">128<\/td>\n<td align=\"center\" bgcolor=\"#eeeeee\" width=\"15%\" height=\"35\">4,7<\/td>\n<\/tr>\n<tr>\n<td align=\"center\" width=\"10%\">892320+496310<\/td>\n<td align=\"center\" width=\"20%\" height=\"35\">2&#8243;<\/td>\n<td align=\"center\" width=\"15%\" height=\"35\">180<\/td>\n<td align=\"center\" width=\"15%\" height=\"35\">128<\/td>\n<td align=\"center\" width=\"15%\" height=\"35\">128<\/td>\n<td align=\"center\" width=\"15%\" height=\"35\">4,5<\/td>\n<\/tr>\n<tr>\n<td align=\"center\" bgcolor=\"#eeeeee\" width=\"20%\">892325+496310<\/td>\n<td align=\"center\" bgcolor=\"#eeeeee\" width=\"20%\" height=\"35\">2&#8243;1\/2<\/td>\n<td align=\"center\" bgcolor=\"#eeeeee\" width=\"15%\" height=\"35\">230<\/td>\n<td align=\"center\" bgcolor=\"#eeeeee\" width=\"15%\" height=\"35\">135<\/td>\n<td align=\"center\" bgcolor=\"#eeeeee\" width=\"15%\" height=\"35\">128<\/td>\n<td align=\"center\" bgcolor=\"#eeeeee\" width=\"15%\" height=\"35\">5,4<\/td>\n<\/tr>\n<tr>\n<td align=\"center\" width=\"10%\">892330+496310<\/td>\n<td align=\"center\" width=\"20%\" height=\"35\">3&#8243;<\/td>\n<td align=\"center\" width=\"15%\" height=\"35\">240<\/td>\n<td align=\"center\" width=\"15%\" height=\"35\">165<\/td>\n<td align=\"center\" width=\"15%\" height=\"35\">172<\/td>\n<td align=\"center\" width=\"15%\" height=\"35\">8,2<\/td>\n<\/tr>\n<tr>\n<td align=\"center\" bgcolor=\"#eeeeee\" width=\"20%\">892340+496310<\/td>\n<td align=\"center\" bgcolor=\"#eeeeee\" width=\"20%\" height=\"35\">4&#8243;<\/td>\n<td align=\"center\" bgcolor=\"#eeeeee\" width=\"15%\" height=\"35\">295<\/td>\n<td align=\"center\" bgcolor=\"#eeeeee\" width=\"15%\" height=\"35\">200<\/td>\n<td align=\"center\" bgcolor=\"#eeeeee\" width=\"15%\" height=\"35\">204<\/td>\n<td align=\"center\" bgcolor=\"#eeeeee\" width=\"15%\" height=\"35\">12,4<\/td>\n<\/tr>\n<\/tbody>\n<\/table>\n<p><em>(Codis de v\u00e0lvules amb membrana alta pressi\u00f3 AP, per a v\u00e0lvules amb membrana baixa pressi\u00f3 BP consultar)<\/em><\/p>\n<table border=\"0\" width=\"100%\">\n<tbody>\n<tr>\n<td style=\"color: #fff; padding-left: 15px;\" colspan=\"3\" bgcolor=\"#3371c5\" height=\"35\"><strong>Pressi\u00f3 m\u00ednima d&#8217;obertura<\/strong><\/td>\n<\/tr>\n<tr>\n<td align=\"center\" width=\"10%\" height=\"35\"><strong>V\u00e0lvula<\/strong><\/td>\n<td align=\"center\" width=\"12%\" height=\"35\"><strong>Baixa Pressi\u00f3<\/strong><\/td>\n<td align=\"center\" width=\"12%\" height=\"35\"><strong>Alta Pressi\u00f3<\/strong><\/td>\n<\/tr>\n<tr>\n<td align=\"center\" bgcolor=\"#eeeeee\" width=\"10%\" height=\"35\">1&#8243;1\/2<\/td>\n<td align=\"center\" bgcolor=\"#eeeeee\" width=\"12%\" height=\"35\">0,3<\/td>\n<td align=\"center\" bgcolor=\"#eeeeee\" width=\"12%\" height=\"35\">0,7<\/td>\n<\/tr>\n<tr>\n<td align=\"center\" width=\"10%\" height=\"35\">2&#8243;<\/td>\n<td align=\"center\" width=\"12%\" height=\"35\">0,3<\/td>\n<td align=\"center\" width=\"12%\" height=\"35\">0,7<\/td>\n<\/tr>\n<tr>\n<td align=\"center\" bgcolor=\"#eeeeee\" width=\"10%\" height=\"35\">2&#8243; 1\/2<\/td>\n<td align=\"center\" bgcolor=\"#eeeeee\" width=\"12%\" height=\"35\">0,3<\/td>\n<td align=\"center\" bgcolor=\"#eeeeee\" width=\"12%\" height=\"35\">0,7<\/td>\n<\/tr>\n<tr>\n<td align=\"center\" width=\"10%\" height=\"35\">3&#8243;<\/td>\n<td align=\"center\" width=\"12%\" height=\"35\">0,5<\/td>\n<td align=\"center\" width=\"12%\" height=\"35\">0,9<\/td>\n<\/tr>\n<tr>\n<td align=\"center\" bgcolor=\"#eeeeee\" width=\"10%\">4&#8243;<\/td>\n<td align=\"center\" bgcolor=\"#eeeeee\" width=\"12%\" height=\"35\">0,5<\/td>\n<td align=\"center\" bgcolor=\"#eeeeee\" width=\"12%\" height=\"35\">1,0<\/td>\n<\/tr>\n<\/tbody>\n<\/table>\n","protected":false},"excerpt":{"rendered":"<h4>Descripci\u00f3<\/h4>\n<p>Es una v\u00e0lvula quina funci\u00f3 es reduir la pressi\u00f3 d\u2019entrada fins a una pressi\u00f3 desitjada mes baixa a la sortida de la v\u00e0lvula, aix\u00f2 s\u2019aconsegueix gr\u00e0cies al pilot de tres vies de pl\u00e0stic incorporat. La v\u00e0lvula reductora controla  la pressi\u00f3 i la mant\u00e9 constant a la sortida de la v\u00e0lvula independentment de les variacions de cabal i de les variacions de pressi\u00f3 aig\u00fces amunt.<br \/>\nSi la pressi\u00f3 aig\u00fces amunt baixa per sota de la pressi\u00f3 seleccionada de sortida, la v\u00e0lvula obre completament.<\/p>\n<h4>Aplicacions<\/h4>\n<p>Control de la pressi\u00f3 aig\u00fces avall.<\/p>\n<h4>Models disponibles<\/h4>\n<p>1 \u00bd\u201d, 2\u201d, 2 \u00bd\u201d, 3\u201d i 4\u201d \u00a0BSP (NPT opcional)<\/p>\n<h4>Dimensions \/ P\u00e8rdues de c\u00e0rrega<\/h4>\n<p><img decoding=\"async\" style=\"vertical-align: sub;\" src=\"https:\/\/agpvalvulas.com\/wp-content\/uploads\/2015\/06\/pdf.png\" alt=\"\" \/> <a href=\"http:\/\/agpvalvulas.com\/wp-content\/pdf\/107-reductora-plastic-AGP-Catala.pdf\" target=\"_blank\">Descarregar PDF t\u00e8cnic<\/a><\/p>\n<p><img decoding=\"async\" style=\"vertical-align: sub;\" src=\"https:\/\/agpvalvulas.com\/wp-content\/uploads\/2015\/06\/pdf.png\" alt=\"\" \/> <a href=\"http:\/\/agpvalvulas.com\/wp-content\/pdf\/100-11-Car-i-dim-CATALA-rosca-brida.pdf\" target=\"_blank\">Descarregar PDF caracter\u00edstiques i dimensions<\/a><\/p>\n<p><img decoding=\"async\" style=\"vertical-align: sub;\" src=\"https:\/\/agpvalvulas.com\/wp-content\/uploads\/2015\/06\/pdf.png\" alt=\"\" \/> <a href=\"http:\/\/agpvalvulas.com\/wp-content\/pdf\/07-valvula-Reductora-presion-piloto-plastico-AGP.pdf\" target=\"_blank\">Descarregar PDF esquemes<\/a><\/p>\n","protected":false},"featured_media":7357,"comment_status":"closed","ping_status":"closed","template":"","meta":[],"product_brand":[],"product_cat":[178,191,193],"product_tag":[383,384,136,344,402,403],"class_list":{"0":"post-6275","1":"product","2":"type-product","3":"status-publish","4":"has-post-thumbnail","6":"product_cat-valvules-hidrauliques","7":"product_cat-valvules-metalliques","8":"product_cat-valvules-roscades","9":"product_tag-piloto-de-plastico-ca","10":"product_tag-reductora-de-presion-ca","11":"product_tag-valvula-ca","12":"product_tag-valvula-hidraulica-ca","13":"product_tag-valvula-metalica-ca","14":"product_tag-valvula-roscada-ca","15":"description-off","17":"first","18":"outofstock","19":"product-type-simple"},"yoast_head":"<!-- This site is optimized with the Yoast SEO plugin v25.5 - https:\/\/yoast.com\/wordpress\/plugins\/seo\/ -->\n<title>V\u00e0lvula roscada reductora de pressi\u00f3 amb pilot de pl\u00e0stic - AGP V\u00e1lvulas<\/title>\n<meta name=\"robots\" content=\"index, follow, max-snippet:-1, max-image-preview:large, max-video-preview:-1\" \/>\n<link rel=\"canonical\" href=\"https:\/\/agpvalvulas.com\/ca\/producte\/valvules-hidrauliques\/valvula-roscada-reductora-de-pressio-amb-pilot-de-plastic\/\" \/>\n<meta property=\"og:locale\" content=\"ca_ES\" \/>\n<meta property=\"og:type\" content=\"article\" \/>\n<meta property=\"og:title\" content=\"V\u00e0lvula roscada reductora de pressi\u00f3 amb pilot de pl\u00e0stic - AGP V\u00e1lvulas\" \/>\n<meta property=\"og:description\" content=\"Descripci\u00f3 Es una v\u00e0lvula quina funci\u00f3 es reduir la pressi\u00f3 d\u2019entrada fins a una pressi\u00f3 desitjada mes baixa a la sortida de la v\u00e0lvula, aix\u00f2 s\u2019aconsegueix gr\u00e0cies al pilot de tres vies de pl\u00e0stic incorporat. La v\u00e0lvula reductora controla la pressi\u00f3 i la mant\u00e9 constant a la sortida de la v\u00e0lvula independentment de les variacions de cabal i de les variacions de pressi\u00f3 aig\u00fces amunt.  Si la pressi\u00f3 aig\u00fces amunt baixa per sota de la pressi\u00f3 seleccionada de sortida, la v\u00e0lvula obre completament. Aplicacions Control de la pressi\u00f3 aig\u00fces avall. Models disponibles 1 \u00bd\u201d, 2\u201d, 2 \u00bd\u201d, 3\u201d i 4\u201d \u00a0BSP (NPT opcional) Dimensions \/ P\u00e8rdues de c\u00e0rrega  Descarregar PDF t\u00e8cnic   Descarregar PDF caracter\u00edstiques i dimensions   Descarregar PDF esquemes\" \/>\n<meta property=\"og:url\" content=\"https:\/\/agpvalvulas.com\/ca\/producte\/valvules-hidrauliques\/valvula-roscada-reductora-de-pressio-amb-pilot-de-plastic\/\" \/>\n<meta property=\"og:site_name\" content=\"AGP V\u00e1lvulas\" \/>\n<meta property=\"article:modified_time\" content=\"2016-11-25T12:28:08+00:00\" \/>\n<meta property=\"og:image\" content=\"https:\/\/agpvalvulas.com\/wp-content\/uploads\/2016\/11\/24-Roscada-reductora-piloto-plastico.jpg\" \/>\n\t<meta property=\"og:image:width\" content=\"800\" \/>\n\t<meta property=\"og:image:height\" content=\"800\" \/>\n\t<meta property=\"og:image:type\" content=\"image\/jpeg\" \/>\n<meta name=\"twitter:card\" content=\"summary_large_image\" \/>\n<script type=\"application\/ld+json\" class=\"yoast-schema-graph\">{\"@context\":\"https:\/\/schema.org\",\"@graph\":[{\"@type\":\"WebPage\",\"@id\":\"https:\/\/agpvalvulas.com\/ca\/producte\/valvules-hidrauliques\/valvula-roscada-reductora-de-pressio-amb-pilot-de-plastic\/\",\"url\":\"https:\/\/agpvalvulas.com\/ca\/producte\/valvules-hidrauliques\/valvula-roscada-reductora-de-pressio-amb-pilot-de-plastic\/\",\"name\":\"V\u00e0lvula roscada reductora de pressi\u00f3 amb pilot de pl\u00e0stic - AGP V\u00e1lvulas\",\"isPartOf\":{\"@id\":\"https:\/\/agpvalvulas.com\/fr\/#website\"},\"primaryImageOfPage\":{\"@id\":\"https:\/\/agpvalvulas.com\/ca\/producte\/valvules-hidrauliques\/valvula-roscada-reductora-de-pressio-amb-pilot-de-plastic\/#primaryimage\"},\"image\":{\"@id\":\"https:\/\/agpvalvulas.com\/ca\/producte\/valvules-hidrauliques\/valvula-roscada-reductora-de-pressio-amb-pilot-de-plastic\/#primaryimage\"},\"thumbnailUrl\":\"https:\/\/agpvalvulas.com\/wp-content\/uploads\/2016\/11\/24-Roscada-reductora-piloto-plastico.jpg\",\"datePublished\":\"2015-05-06T14:28:22+00:00\",\"dateModified\":\"2016-11-25T12:28:08+00:00\",\"breadcrumb\":{\"@id\":\"https:\/\/agpvalvulas.com\/ca\/producte\/valvules-hidrauliques\/valvula-roscada-reductora-de-pressio-amb-pilot-de-plastic\/#breadcrumb\"},\"inLanguage\":\"ca\",\"potentialAction\":[{\"@type\":\"ReadAction\",\"target\":[\"https:\/\/agpvalvulas.com\/ca\/producte\/valvules-hidrauliques\/valvula-roscada-reductora-de-pressio-amb-pilot-de-plastic\/\"]}]},{\"@type\":\"ImageObject\",\"inLanguage\":\"ca\",\"@id\":\"https:\/\/agpvalvulas.com\/ca\/producte\/valvules-hidrauliques\/valvula-roscada-reductora-de-pressio-amb-pilot-de-plastic\/#primaryimage\",\"url\":\"https:\/\/agpvalvulas.com\/wp-content\/uploads\/2016\/11\/24-Roscada-reductora-piloto-plastico.jpg\",\"contentUrl\":\"https:\/\/agpvalvulas.com\/wp-content\/uploads\/2016\/11\/24-Roscada-reductora-piloto-plastico.jpg\",\"width\":800,\"height\":800},{\"@type\":\"BreadcrumbList\",\"@id\":\"https:\/\/agpvalvulas.com\/ca\/producte\/valvules-hidrauliques\/valvula-roscada-reductora-de-pressio-amb-pilot-de-plastic\/#breadcrumb\",\"itemListElement\":[{\"@type\":\"ListItem\",\"position\":1,\"name\":\"Portada\",\"item\":\"https:\/\/agpvalvulas.com\/ca\/\"},{\"@type\":\"ListItem\",\"position\":2,\"name\":\"Produits\",\"item\":\"https:\/\/agpvalvulas.com\/fr\/produits\/\"},{\"@type\":\"ListItem\",\"position\":3,\"name\":\"V\u00e0lvula roscada reductora de pressi\u00f3 amb pilot de pl\u00e0stic\"}]},{\"@type\":\"WebSite\",\"@id\":\"https:\/\/agpvalvulas.com\/fr\/#website\",\"url\":\"https:\/\/agpvalvulas.com\/fr\/\",\"name\":\"AGP V\u00e1lvulas\",\"description\":\"AGP V\u00e1lvulas\",\"publisher\":{\"@id\":\"https:\/\/agpvalvulas.com\/fr\/#organization\"},\"potentialAction\":[{\"@type\":\"SearchAction\",\"target\":{\"@type\":\"EntryPoint\",\"urlTemplate\":\"https:\/\/agpvalvulas.com\/fr\/?s={search_term_string}\"},\"query-input\":{\"@type\":\"PropertyValueSpecification\",\"valueRequired\":true,\"valueName\":\"search_term_string\"}}],\"inLanguage\":\"ca\"},{\"@type\":\"Organization\",\"@id\":\"https:\/\/agpvalvulas.com\/fr\/#organization\",\"name\":\"AGP V\u00e1lvulas\",\"url\":\"https:\/\/agpvalvulas.com\/fr\/\",\"logo\":{\"@type\":\"ImageObject\",\"inLanguage\":\"ca\",\"@id\":\"https:\/\/agpvalvulas.com\/fr\/#\/schema\/logo\/image\/\",\"url\":\"https:\/\/agpvalvulas.com\/wp-content\/uploads\/2017\/01\/LOGOAGP-TIF.jpg\",\"contentUrl\":\"https:\/\/agpvalvulas.com\/wp-content\/uploads\/2017\/01\/LOGOAGP-TIF.jpg\",\"width\":345,\"height\":168,\"caption\":\"AGP V\u00e1lvulas\"},\"image\":{\"@id\":\"https:\/\/agpvalvulas.com\/fr\/#\/schema\/logo\/image\/\"}}]}<\/script>\n<!-- \/ Yoast SEO plugin. -->","yoast_head_json":{"title":"V\u00e0lvula roscada reductora de pressi\u00f3 amb pilot de pl\u00e0stic - AGP V\u00e1lvulas","robots":{"index":"index","follow":"follow","max-snippet":"max-snippet:-1","max-image-preview":"max-image-preview:large","max-video-preview":"max-video-preview:-1"},"canonical":"https:\/\/agpvalvulas.com\/ca\/producte\/valvules-hidrauliques\/valvula-roscada-reductora-de-pressio-amb-pilot-de-plastic\/","og_locale":"ca_ES","og_type":"article","og_title":"V\u00e0lvula roscada reductora de pressi\u00f3 amb pilot de pl\u00e0stic - AGP V\u00e1lvulas","og_description":"Descripci\u00f3 Es una v\u00e0lvula quina funci\u00f3 es reduir la pressi\u00f3 d\u2019entrada fins a una pressi\u00f3 desitjada mes baixa a la sortida de la v\u00e0lvula, aix\u00f2 s\u2019aconsegueix gr\u00e0cies al pilot de tres vies de pl\u00e0stic incorporat. La v\u00e0lvula reductora controla la pressi\u00f3 i la mant\u00e9 constant a la sortida de la v\u00e0lvula independentment de les variacions de cabal i de les variacions de pressi\u00f3 aig\u00fces amunt.  Si la pressi\u00f3 aig\u00fces amunt baixa per sota de la pressi\u00f3 seleccionada de sortida, la v\u00e0lvula obre completament. Aplicacions Control de la pressi\u00f3 aig\u00fces avall. Models disponibles 1 \u00bd\u201d, 2\u201d, 2 \u00bd\u201d, 3\u201d i 4\u201d \u00a0BSP (NPT opcional) Dimensions \/ P\u00e8rdues de c\u00e0rrega  Descarregar PDF t\u00e8cnic   Descarregar PDF caracter\u00edstiques i dimensions   Descarregar PDF esquemes","og_url":"https:\/\/agpvalvulas.com\/ca\/producte\/valvules-hidrauliques\/valvula-roscada-reductora-de-pressio-amb-pilot-de-plastic\/","og_site_name":"AGP V\u00e1lvulas","article_modified_time":"2016-11-25T12:28:08+00:00","og_image":[{"width":800,"height":800,"url":"https:\/\/agpvalvulas.com\/wp-content\/uploads\/2016\/11\/24-Roscada-reductora-piloto-plastico.jpg","type":"image\/jpeg"}],"twitter_card":"summary_large_image","schema":{"@context":"https:\/\/schema.org","@graph":[{"@type":"WebPage","@id":"https:\/\/agpvalvulas.com\/ca\/producte\/valvules-hidrauliques\/valvula-roscada-reductora-de-pressio-amb-pilot-de-plastic\/","url":"https:\/\/agpvalvulas.com\/ca\/producte\/valvules-hidrauliques\/valvula-roscada-reductora-de-pressio-amb-pilot-de-plastic\/","name":"V\u00e0lvula roscada reductora de pressi\u00f3 amb pilot de pl\u00e0stic - AGP V\u00e1lvulas","isPartOf":{"@id":"https:\/\/agpvalvulas.com\/fr\/#website"},"primaryImageOfPage":{"@id":"https:\/\/agpvalvulas.com\/ca\/producte\/valvules-hidrauliques\/valvula-roscada-reductora-de-pressio-amb-pilot-de-plastic\/#primaryimage"},"image":{"@id":"https:\/\/agpvalvulas.com\/ca\/producte\/valvules-hidrauliques\/valvula-roscada-reductora-de-pressio-amb-pilot-de-plastic\/#primaryimage"},"thumbnailUrl":"https:\/\/agpvalvulas.com\/wp-content\/uploads\/2016\/11\/24-Roscada-reductora-piloto-plastico.jpg","datePublished":"2015-05-06T14:28:22+00:00","dateModified":"2016-11-25T12:28:08+00:00","breadcrumb":{"@id":"https:\/\/agpvalvulas.com\/ca\/producte\/valvules-hidrauliques\/valvula-roscada-reductora-de-pressio-amb-pilot-de-plastic\/#breadcrumb"},"inLanguage":"ca","potentialAction":[{"@type":"ReadAction","target":["https:\/\/agpvalvulas.com\/ca\/producte\/valvules-hidrauliques\/valvula-roscada-reductora-de-pressio-amb-pilot-de-plastic\/"]}]},{"@type":"ImageObject","inLanguage":"ca","@id":"https:\/\/agpvalvulas.com\/ca\/producte\/valvules-hidrauliques\/valvula-roscada-reductora-de-pressio-amb-pilot-de-plastic\/#primaryimage","url":"https:\/\/agpvalvulas.com\/wp-content\/uploads\/2016\/11\/24-Roscada-reductora-piloto-plastico.jpg","contentUrl":"https:\/\/agpvalvulas.com\/wp-content\/uploads\/2016\/11\/24-Roscada-reductora-piloto-plastico.jpg","width":800,"height":800},{"@type":"BreadcrumbList","@id":"https:\/\/agpvalvulas.com\/ca\/producte\/valvules-hidrauliques\/valvula-roscada-reductora-de-pressio-amb-pilot-de-plastic\/#breadcrumb","itemListElement":[{"@type":"ListItem","position":1,"name":"Portada","item":"https:\/\/agpvalvulas.com\/ca\/"},{"@type":"ListItem","position":2,"name":"Produits","item":"https:\/\/agpvalvulas.com\/fr\/produits\/"},{"@type":"ListItem","position":3,"name":"V\u00e0lvula roscada reductora de pressi\u00f3 amb pilot de pl\u00e0stic"}]},{"@type":"WebSite","@id":"https:\/\/agpvalvulas.com\/fr\/#website","url":"https:\/\/agpvalvulas.com\/fr\/","name":"AGP V\u00e1lvulas","description":"AGP V\u00e1lvulas","publisher":{"@id":"https:\/\/agpvalvulas.com\/fr\/#organization"},"potentialAction":[{"@type":"SearchAction","target":{"@type":"EntryPoint","urlTemplate":"https:\/\/agpvalvulas.com\/fr\/?s={search_term_string}"},"query-input":{"@type":"PropertyValueSpecification","valueRequired":true,"valueName":"search_term_string"}}],"inLanguage":"ca"},{"@type":"Organization","@id":"https:\/\/agpvalvulas.com\/fr\/#organization","name":"AGP V\u00e1lvulas","url":"https:\/\/agpvalvulas.com\/fr\/","logo":{"@type":"ImageObject","inLanguage":"ca","@id":"https:\/\/agpvalvulas.com\/fr\/#\/schema\/logo\/image\/","url":"https:\/\/agpvalvulas.com\/wp-content\/uploads\/2017\/01\/LOGOAGP-TIF.jpg","contentUrl":"https:\/\/agpvalvulas.com\/wp-content\/uploads\/2017\/01\/LOGOAGP-TIF.jpg","width":345,"height":168,"caption":"AGP V\u00e1lvulas"},"image":{"@id":"https:\/\/agpvalvulas.com\/fr\/#\/schema\/logo\/image\/"}}]}},"_links":{"self":[{"href":"https:\/\/agpvalvulas.com\/ca\/wp-json\/wp\/v2\/product\/6275","targetHints":{"allow":["GET"]}}],"collection":[{"href":"https:\/\/agpvalvulas.com\/ca\/wp-json\/wp\/v2\/product"}],"about":[{"href":"https:\/\/agpvalvulas.com\/ca\/wp-json\/wp\/v2\/types\/product"}],"replies":[{"embeddable":true,"href":"https:\/\/agpvalvulas.com\/ca\/wp-json\/wp\/v2\/comments?post=6275"}],"wp:featuredmedia":[{"embeddable":true,"href":"https:\/\/agpvalvulas.com\/ca\/wp-json\/wp\/v2\/media\/7357"}],"wp:attachment":[{"href":"https:\/\/agpvalvulas.com\/ca\/wp-json\/wp\/v2\/media?parent=6275"}],"wp:term":[{"taxonomy":"product_brand","embeddable":true,"href":"https:\/\/agpvalvulas.com\/ca\/wp-json\/wp\/v2\/product_brand?post=6275"},{"taxonomy":"product_cat","embeddable":true,"href":"https:\/\/agpvalvulas.com\/ca\/wp-json\/wp\/v2\/product_cat?post=6275"},{"taxonomy":"product_tag","embeddable":true,"href":"https:\/\/agpvalvulas.com\/ca\/wp-json\/wp\/v2\/product_tag?post=6275"}],"curies":[{"name":"wp","href":"https:\/\/api.w.org\/{rel}","templated":true}]}}