{"id":6318,"date":"2016-10-24T11:25:58","date_gmt":"2015-05-06T15:58:58","guid":{"rendered":"https:\/\/agpvalvulas.com\/productos\/sin-categorizar\/valvula-de-plastic-de-control-electric-reductora-de-pressio-pilot-plastic-2\/"},"modified":"2016-11-24T12:33:04","modified_gmt":"2016-11-24T12:33:04","slug":"electrovalvula-de-plastic-reductora-de-pressio-amb-pilot-de-plastic","status":"publish","type":"product","link":"https:\/\/agpvalvulas.com\/ca\/producte\/valvules-hidrauliques\/valvules-de-plastic\/electrovalvula-de-plastic-reductora-de-pressio-amb-pilot-de-plastic\/","title":{"rendered":"Electrov\u00e0lvula de pl\u00e0stic reductora de pressi\u00f3 amb pilot de pl\u00e0stic"},"content":{"rendered":"<table border=\"0\" width=\"100%\">\n<tbody>\n<tr>\n<td style=\"color: #fff; padding-left: 15px;\" colspan=\"6\" bgcolor=\"#3371c5\" height=\"35\"><strong>Refer\u00e8ncies i dimensions<\/strong><\/td>\n<\/tr>\n<tr>\n<td align=\"center\" width=\"20%\"><strong>C\u00f3di producte<\/strong><\/td>\n<td align=\"center\" width=\"20%\" height=\"35\"><strong>V\u00e0lvula<\/strong><\/td>\n<td align=\"center\" width=\"15%\" height=\"35\"><strong>L<\/strong><\/td>\n<td align=\"center\" width=\"15%\" height=\"35\"><strong>H<\/strong><\/td>\n<td align=\"center\" width=\"15%\" height=\"35\"><strong>W<\/strong><\/td>\n<td align=\"center\" width=\"15%\" height=\"35\"><strong>Kg.<\/strong><\/td>\n<\/tr>\n<tr>\n<td align=\"center\" bgcolor=\"#eeeeee\" width=\"20%\">892915\/498305<\/td>\n<td align=\"center\" bgcolor=\"#eeeeee\" width=\"20%\" height=\"35\">1&#8243;1\/2<\/td>\n<td align=\"center\" bgcolor=\"#eeeeee\" width=\"15%\" height=\"35\">188<\/td>\n<td align=\"center\" bgcolor=\"#eeeeee\" width=\"15%\" height=\"35\">129<\/td>\n<td align=\"center\" bgcolor=\"#eeeeee\" width=\"15%\" height=\"35\">147<\/td>\n<td align=\"center\" bgcolor=\"#eeeeee\" width=\"15%\" height=\"35\">2,0<\/td>\n<\/tr>\n<tr>\n<td align=\"center\" width=\"10%\">892920\/498305<\/td>\n<td align=\"center\" width=\"20%\" height=\"35\">2&#8243;<\/td>\n<td align=\"center\" width=\"15%\" height=\"35\">188<\/td>\n<td align=\"center\" width=\"15%\" height=\"35\">129<\/td>\n<td align=\"center\" width=\"15%\" height=\"35\">147<\/td>\n<td align=\"center\" width=\"15%\" height=\"35\">2,0<\/td>\n<\/tr>\n<tr>\n<td align=\"center\" bgcolor=\"#eeeeee\" width=\"20%\">892930\/498305<\/td>\n<td align=\"center\" bgcolor=\"#eeeeee\" width=\"20%\" height=\"35\"><strong>3&#8243;<\/strong><\/td>\n<td align=\"center\" bgcolor=\"#eeeeee\" width=\"15%\" height=\"35\">252<\/td>\n<td align=\"center\" bgcolor=\"#eeeeee\" width=\"15%\" height=\"35\">167<\/td>\n<td align=\"center\" bgcolor=\"#eeeeee\" width=\"15%\" height=\"35\">209<\/td>\n<td align=\"center\" bgcolor=\"#eeeeee\" width=\"15%\" height=\"35\">3,5<\/td>\n<\/tr>\n<tr>\n<td align=\"center\" width=\"10%\">892940\/498305<\/td>\n<td align=\"center\" width=\"20%\" height=\"35\">4&#8243;<\/td>\n<td align=\"center\" width=\"15%\" height=\"35\">295<\/td>\n<td align=\"center\" width=\"15%\" height=\"35\">215<\/td>\n<td align=\"center\" width=\"15%\" height=\"35\">212<\/td>\n<td align=\"center\" width=\"15%\" height=\"35\">5,2<\/td>\n<\/tr>\n<\/tbody>\n<\/table>\n<p><em>Codis de v\u00e0lvules amb membrana baixa pressi\u00f3 BP, per a v\u00e0lvules amb membrana alta pressi\u00f3 AP consultar. V\u00e0lvules amb solenoide 24 VAC NA. Altres voltatges consultar.<\/em><\/p>\n<table border=\"0\" width=\"100%\">\n<tbody>\n<tr>\n<td style=\"color: #fff; padding-left: 15px;\" colspan=\"7\" bgcolor=\"#3371c5\" height=\"35\"><strong>Solenoides<\/strong><\/td>\n<\/tr>\n<tr>\n<td align=\"center\" width=\"10%\" height=\"35\"><strong>Connexions<\/strong><\/td>\n<td align=\"center\" width=\"5%\" height=\"35\"><strong>Vies<\/strong><\/td>\n<td align=\"center\" width=\"10%\" height=\"35\"><strong>Funci\u00f3<\/strong><\/td>\n<td align=\"center\" width=\"10%\" height=\"35\"><strong>Orifici<\/strong><\/td>\n<td align=\"center\" width=\"20%\" height=\"35\"><strong>Material cos<\/strong><\/td>\n<td align=\"center\" width=\"30%\" height=\"35\"><strong>Voltatges*<\/strong><\/td>\n<td align=\"center\" width=\"5%\" height=\"35\"><strong>Fils<\/strong><\/td>\n<\/tr>\n<tr>\n<td align=\"center\" width=\"10%\" height=\"35\">1\/8&#8243;&#8221;<\/td>\n<td align=\"center\" width=\"5%\" height=\"35\">3<\/td>\n<td align=\"center\" width=\"10%\" height=\"35\">NO,NC<\/td>\n<td align=\"center\" width=\"10%\" height=\"35\">1,2;1,6<\/td>\n<td align=\"center\" width=\"20%\" height=\"\">Nylon refor\u00e7at<\/td>\n<td align=\"center\" width=\"30% height=\">24 VAC; 9-12 Latch<\/td>\n<td align=\"center\" width=\"5%\" height=\"35\">2<\/td>\n<\/tr>\n<tr>\n<td align=\"center\" width=\"10%\" height=\"35\">1\/8&#8243;; 1\/4&#8243;<\/td>\n<td align=\"center\" width=\"5%\" height=\"35\">3<\/td>\n<td align=\"center\" width=\"10%\" height=\"35\">NO,NC<\/td>\n<td align=\"center\" width=\"10%\" height=\"35\">1,2;1,6;2,0<\/td>\n<td align=\"center\" width=\"20%\" height=\"35\">Llaut\u00f3<\/td>\n<td align=\"center\" width=\"30%\" height=\"35\">24 VAC; 110 VAC; 9-12 Latch<\/td>\n<td align=\"center\" width=\"5%\" height=\"35\">2<\/td>\n<\/tr>\n<\/tbody>\n<\/table>\n<p><strong>PRESSIONS M\u00c0XIMES:<\/strong><\/p>\n<table border=\"0\" width=\"100%\">\n<tbody>\n<tr>\n<td style=\"color: #fff; padding-left: 15px;\" colspan=\"5\" bgcolor=\"#3371c5\" height=\"35\"><strong>Cos de pl\u00e0stic<\/strong>: Protecci\u00f3 IP 66<\/td>\n<\/tr>\n<tr>\n<td align=\"center\" width=\"10%\" height=\"35\"><strong>Funci\u00f3<\/strong><\/td>\n<td align=\"center\" width=\"12%\" height=\"35\"><strong>Orifici<\/strong><\/td>\n<td align=\"center\" width=\"12%\" height=\"35\"><strong>AC<\/strong><\/td>\n<td align=\"center\" width=\"12%\" height=\"35\"><strong>DC<\/strong><\/td>\n<td align=\"center\" width=\"12%\" height=\"35\"><strong>DC Llatch<\/strong><\/td>\n<\/tr>\n<tr>\n<td align=\"center\" bgcolor=\"#eeeeee\" width=\"10%\" height=\"35\">NC<\/td>\n<td align=\"center\" bgcolor=\"#eeeeee\" width=\"12%\" height=\"35\">1,2<\/td>\n<td align=\"center\" bgcolor=\"#eeeeee\" width=\"12%\" height=\"35\">11<\/td>\n<td align=\"center\" bgcolor=\"#eeeeee\" width=\"12%\" height=\"35\">9<\/td>\n<td align=\"center\" bgcolor=\"#eeeeee\" width=\"12%\" height=\"35\">11<\/td>\n<\/tr>\n<tr>\n<td align=\"center\" width=\"10%\" height=\"35\"><\/td>\n<td align=\"center\" width=\"12%\" height=\"35\">1,6<\/td>\n<td align=\"center\" width=\"12%\" height=\"35\">6<\/td>\n<td align=\"center\" width=\"12%\" height=\"35\">5<\/td>\n<td align=\"center\" width=\"12%\" height=\"35\">6<\/td>\n<\/tr>\n<tr>\n<td align=\"center\" bgcolor=\"#eeeeee\" width=\"10%\" height=\"35\">NO<\/td>\n<td align=\"center\" bgcolor=\"#eeeeee\" width=\"12%\" height=\"35\">1,2<\/td>\n<td align=\"center\" bgcolor=\"#eeeeee\" width=\"12%\" height=\"35\">12<\/td>\n<td align=\"center\" bgcolor=\"#eeeeee\" width=\"12%\" height=\"35\">12<\/td>\n<td align=\"center\" bgcolor=\"#eeeeee\" width=\"12%\" height=\"35\">12<\/td>\n<\/tr>\n<tr>\n<td align=\"center\" width=\"10%\" height=\"35\"><\/td>\n<td align=\"center\" width=\"12%\" height=\"35\">1,6<\/td>\n<td align=\"center\" width=\"12%\" height=\"35\">8<\/td>\n<td align=\"center\" width=\"12%\" height=\"35\">8<\/td>\n<td align=\"center\" width=\"12%\" height=\"35\">8<\/td>\n<\/tr>\n<\/tbody>\n<\/table>\n<p>&nbsp;<\/p>\n<table border=\"0\" width=\"100%\">\n<tbody>\n<tr>\n<td style=\"color: #fff; padding-left: 15px;\" colspan=\"5\" bgcolor=\"#3371c5\" height=\"35\"><strong>Cos de Llaut\u00f3<\/strong>: Protecci\u00f3 IP65 amb connector<\/td>\n<\/tr>\n<tr>\n<td align=\"center\" width=\"10%\" height=\"35\"><strong>Funci\u00f3<\/strong><\/td>\n<td align=\"center\" width=\"12%\" height=\"35\"><strong>Pot\u00e8ncia<\/strong><\/td>\n<td colspan=\"6\" align=\"center\" width=\"8%\" height=\"35\"><strong>Orifici<\/strong><\/td>\n<\/tr>\n<tr>\n<td align=\"center\" width=\"35%\" height=\"35\"><\/td>\n<td align=\"center\" width=\"35%\" height=\"35\"><\/td>\n<td align=\"center\" width=\"10%\" height=\"35\">1,2<\/td>\n<td align=\"center\" width=\"10%\" height=\"35\">1,6<\/td>\n<td align=\"center\" width=\"10%\" height=\"35\">2,0<\/td>\n<\/tr>\n<tr>\n<td align=\"center\" bgcolor=\"#eeeeee\" width=\"35%\" height=\"35\">NC<\/td>\n<td align=\"center\" bgcolor=\"#eeeeee\" width=\"35%\" height=\"35\">ADC<\/td>\n<td align=\"center\" bgcolor=\"#eeeeee\" width=\"10%\" height=\"35\">20<\/td>\n<td align=\"center\" bgcolor=\"#eeeeee\" width=\"10%\" height=\"35\">15<\/td>\n<td align=\"center\" bgcolor=\"#eeeeee\" width=\"10%\" height=\"35\">10<\/td>\n<\/tr>\n<tr>\n<td align=\"center\" width=\"35%\" height=\"35\"><\/td>\n<td align=\"center\" width=\"35%\" height=\"35\">AC\/8W DC\/10W<\/td>\n<td align=\"center\" width=\"10%\" height=\"35\">30<\/td>\n<td align=\"center\" width=\"10%\" height=\"35\">17<\/td>\n<td align=\"center\" width=\"10%\" height=\"35\">14<\/td>\n<\/tr>\n<tr>\n<td align=\"center\" bgcolor=\"#eeeeee\" width=\"35%\" height=\"35\"><\/td>\n<td align=\"center\" bgcolor=\"#eeeeee\" width=\"35%\" height=\"35\">AC\/5,5W<\/td>\n<td align=\"center\" bgcolor=\"#eeeeee\" width=\"10%\" height=\"35\">20<\/td>\n<td align=\"center\" bgcolor=\"#eeeeee\" width=\"10%\" height=\"35\">15<\/td>\n<td align=\"center\" bgcolor=\"#eeeeee\" width=\"10%\" height=\"35\">10<\/td>\n<\/tr>\n<tr>\n<td align=\"center\" width=\"35%\" height=\"35\"><\/td>\n<td align=\"center\" width=\"35%\" height=\"35\">AC\/2,5W DC\/5,5W DC\/3,5W<\/td>\n<td align=\"center\" width=\"10%\" height=\"35\">16<\/td>\n<td align=\"center\" width=\"10%\" height=\"35\">10<\/td>\n<td align=\"center\" width=\"10%\" height=\"35\">9<\/td>\n<\/tr>\n<tr>\n<td align=\"center\" bgcolor=\"#eeeeee\" width=\"35%\" height=\"35\">NO<\/td>\n<td align=\"center\" bgcolor=\"#eeeeee\" width=\"35%\" height=\"35\">ADC<\/td>\n<td align=\"center\" bgcolor=\"#eeeeee\" width=\"10%\" height=\"35\">20<\/td>\n<td align=\"center\" bgcolor=\"#eeeeee\" width=\"10%\" height=\"35\">15<\/td>\n<td align=\"center\" bgcolor=\"#eeeeee\" width=\"10%\" height=\"35\">11<\/td>\n<\/tr>\n<tr>\n<td align=\"center\" width=\"35%\" height=\"35\"><\/td>\n<td align=\"center\" width=\"35%\" height=\"35\">AC\/8W DC\/10W<\/td>\n<td align=\"center\" width=\"10%\" height=\"35\">22<\/td>\n<td align=\"center\" width=\"10%\" height=\"35\">17<\/td>\n<td align=\"center\" width=\"10%\" height=\"35\">12<\/td>\n<\/tr>\n<tr>\n<td align=\"center\" bgcolor=\"#eeeeee\" width=\"35%\" height=\"35\"><\/td>\n<td align=\"center\" bgcolor=\"#eeeeee\" width=\"35%\" height=\"35\">AC\/5,5W<\/td>\n<td align=\"center\" bgcolor=\"#eeeeee\" width=\"10%\" height=\"35\">20<\/td>\n<td align=\"center\" bgcolor=\"#eeeeee\" width=\"10%\" height=\"35\">15<\/td>\n<td align=\"center\" bgcolor=\"#eeeeee\" width=\"10%\" height=\"35\">11<\/td>\n<\/tr>\n<tr>\n<td align=\"center\" width=\"35%\" height=\"35\"><\/td>\n<td align=\"center\" width=\"35%\" height=\"35\">AC\/2,5W DC\/3,5W<\/td>\n<td align=\"center\" width=\"10%\" height=\"35\">18<\/td>\n<td align=\"center\" width=\"10%\" height=\"35\">12<\/td>\n<td align=\"center\" width=\"10%\" height=\"35\">8<\/td>\n<\/tr>\n<\/tbody>\n<\/table>\n","protected":false},"excerpt":{"rendered":"<h4>Descripci\u00f3<\/h4>\n<p>Es una v\u00e0lvula quina funci\u00f3 es reduir la pressi\u00f3 d\u2019entrada fins a una pressi\u00f3 desitjada mes baixa a la sortida de la v\u00e0lvula, aix\u00f2 s\u2019aconsegueix gr\u00e0cies al pilot de tres vies de pl\u00e0stic incorporat. El control d\u2019obertura i tancament es fa mitjan\u00e7ant un solenoide 3\/2 incorporat. Aquest solenoide pot ser comanat per un programador, un interruptor, un PLC, etc. Un cop rep l\u2019ordre d\u2019obrir, la v\u00e0lvula reductora controla la pressi\u00f3 i la mant\u00e9 constant a la sortida de la v\u00e0lvula independentment de les variacions de cabal i de les variacions de pressi\u00f3 aig\u00fces amunt.<br \/>\nSi la pressi\u00f3 aig\u00fces amunt baixa per sota de la pressi\u00f3 seleccionada de sortida, la v\u00e0lvula obre completament.<\/p>\n<h4>Aplicacions<\/h4>\n<p>Control de la pressi\u00f3 aig\u00fces avall.<\/p>\n<h4>Modelos disponibles<\/h4>\n<p>1 \u00bd\u201d, 2\u201d, 3\u201d BSP (NPT opcional)<br \/>\n4\u201d ranurada<\/p>\n<h4>Dimensions \/ P\u00e8rdues de c\u00e0rrega<\/h4>\n<p><img decoding=\"async\" style=\"vertical-align: sub;\" src=\"https:\/\/agpvalvulas.com\/wp-content\/uploads\/2015\/06\/pdf.png\" alt=\"\" \/> <a href=\"http:\/\/agpvalvulas.com\/wp-content\/pdf\/108-Electrovalvula-red-pilot-plastic-AGP-catala.pdf\" target=\"_blank\">Descarregar PDF t\u00e8cnic<\/a><\/p>\n<p><img decoding=\"async\" style=\"vertical-align: sub;\" src=\"https:\/\/agpvalvulas.com\/wp-content\/uploads\/2015\/06\/pdf.png\" alt=\"\" \/> <a href=\"http:\/\/agpvalvulas.com\/wp-content\/pdf\/100-10-Car-i-dim-CATALA-plastic.pdf\" target=\"_blank\">Descarregar PDF caracter\u00edstiques i dimensions<\/a><\/p>\n<p><img decoding=\"async\" style=\"vertical-align: sub;\" src=\"https:\/\/agpvalvulas.com\/wp-content\/uploads\/2015\/06\/pdf.png\" alt=\"\" \/> <a href=\"http:\/\/agpvalvulas.com\/wp-content\/pdf\/08-electrovalvula-Reductora-pilot-pastico-mando-manual.pdf\" target=\"_blank\">Descarregar PDF esquemes<\/a><\/p>\n","protected":false},"featured_media":7313,"comment_status":"closed","ping_status":"closed","template":"","meta":[],"product_brand":[],"product_cat":[192,178],"product_tag":[135,383,384,136,343,344],"class_list":{"0":"post-6318","1":"product","2":"type-product","3":"status-publish","4":"has-post-thumbnail","6":"product_cat-valvules-de-plastic","7":"product_cat-valvules-hidrauliques","8":"product_tag-electrovalvula-ca","9":"product_tag-piloto-de-plastico-ca","10":"product_tag-reductora-de-presion-ca","11":"product_tag-valvula-ca","12":"product_tag-valvula-de-plastico-ca","13":"product_tag-valvula-hidraulica-ca","14":"description-off","16":"first","17":"outofstock","18":"shipping-taxable","19":"product-type-simple"},"yoast_head":"<!-- This site is optimized with the Yoast SEO plugin v25.5 - https:\/\/yoast.com\/wordpress\/plugins\/seo\/ -->\n<title>Electrov\u00e0lvula de pl\u00e0stic reductora de pressi\u00f3 amb pilot de pl\u00e0stic - AGP V\u00e1lvulas<\/title>\n<meta name=\"robots\" content=\"index, follow, max-snippet:-1, max-image-preview:large, max-video-preview:-1\" \/>\n<link rel=\"canonical\" href=\"https:\/\/agpvalvulas.com\/ca\/producte\/valvules-hidrauliques\/electrovalvula-de-plastic-reductora-de-pressio-amb-pilot-de-plastic\/\" \/>\n<meta property=\"og:locale\" content=\"ca_ES\" \/>\n<meta property=\"og:type\" content=\"article\" \/>\n<meta property=\"og:title\" content=\"Electrov\u00e0lvula de pl\u00e0stic reductora de pressi\u00f3 amb pilot de pl\u00e0stic - AGP V\u00e1lvulas\" \/>\n<meta property=\"og:description\" content=\"Descripci\u00f3 Es una v\u00e0lvula quina funci\u00f3 es reduir la pressi\u00f3 d\u2019entrada fins a una pressi\u00f3 desitjada mes baixa a la sortida de la v\u00e0lvula, aix\u00f2 s\u2019aconsegueix gr\u00e0cies al pilot de tres vies de pl\u00e0stic incorporat. El control d\u2019obertura i tancament es fa mitjan\u00e7ant un solenoide 3\/2 incorporat. Aquest solenoide pot ser comanat per un programador, un interruptor, un PLC, etc. Un cop rep l\u2019ordre d\u2019obrir, la v\u00e0lvula reductora controla la pressi\u00f3 i la mant\u00e9 constant a la sortida de la v\u00e0lvula independentment de les variacions de cabal i de les variacions de pressi\u00f3 aig\u00fces amunt. Si la pressi\u00f3 aig\u00fces amunt baixa per sota de la pressi\u00f3 seleccionada de sortida, la v\u00e0lvula obre completament. Aplicacions Control de la pressi\u00f3 aig\u00fces avall. Modelos disponibles 1 \u00bd\u201d, 2\u201d, 3\u201d BSP (NPT opcional) 4\u201d ranurada Dimensions \/ P\u00e8rdues de c\u00e0rrega  Descarregar PDF t\u00e8cnic   Descarregar PDF caracter\u00edstiques i dimensions   Descarregar PDF esquemes\" \/>\n<meta property=\"og:url\" content=\"https:\/\/agpvalvulas.com\/ca\/producte\/valvules-hidrauliques\/electrovalvula-de-plastic-reductora-de-pressio-amb-pilot-de-plastic\/\" \/>\n<meta property=\"og:site_name\" content=\"AGP V\u00e1lvulas\" \/>\n<meta property=\"article:modified_time\" content=\"2016-11-24T12:33:04+00:00\" \/>\n<meta property=\"og:image\" content=\"https:\/\/agpvalvulas.com\/wp-content\/uploads\/2016\/11\/8-Plastico-electrovalvula-reductora-piloto-plastico.jpg\" \/>\n\t<meta property=\"og:image:width\" content=\"800\" \/>\n\t<meta property=\"og:image:height\" content=\"800\" \/>\n\t<meta property=\"og:image:type\" content=\"image\/jpeg\" \/>\n<meta name=\"twitter:card\" content=\"summary_large_image\" \/>\n<meta name=\"twitter:label1\" content=\"Temps estimat de lectura\" \/>\n\t<meta name=\"twitter:data1\" content=\"1 minut\" \/>\n<script type=\"application\/ld+json\" class=\"yoast-schema-graph\">{\"@context\":\"https:\/\/schema.org\",\"@graph\":[{\"@type\":\"WebPage\",\"@id\":\"https:\/\/agpvalvulas.com\/ca\/producte\/valvules-hidrauliques\/electrovalvula-de-plastic-reductora-de-pressio-amb-pilot-de-plastic\/\",\"url\":\"https:\/\/agpvalvulas.com\/ca\/producte\/valvules-hidrauliques\/electrovalvula-de-plastic-reductora-de-pressio-amb-pilot-de-plastic\/\",\"name\":\"Electrov\u00e0lvula de pl\u00e0stic reductora de pressi\u00f3 amb pilot de pl\u00e0stic - AGP V\u00e1lvulas\",\"isPartOf\":{\"@id\":\"https:\/\/agpvalvulas.com\/fr\/#website\"},\"primaryImageOfPage\":{\"@id\":\"https:\/\/agpvalvulas.com\/ca\/producte\/valvules-hidrauliques\/electrovalvula-de-plastic-reductora-de-pressio-amb-pilot-de-plastic\/#primaryimage\"},\"image\":{\"@id\":\"https:\/\/agpvalvulas.com\/ca\/producte\/valvules-hidrauliques\/electrovalvula-de-plastic-reductora-de-pressio-amb-pilot-de-plastic\/#primaryimage\"},\"thumbnailUrl\":\"https:\/\/agpvalvulas.com\/wp-content\/uploads\/2016\/11\/8-Plastico-electrovalvula-reductora-piloto-plastico.jpg\",\"datePublished\":\"2015-05-06T15:58:58+00:00\",\"dateModified\":\"2016-11-24T12:33:04+00:00\",\"breadcrumb\":{\"@id\":\"https:\/\/agpvalvulas.com\/ca\/producte\/valvules-hidrauliques\/electrovalvula-de-plastic-reductora-de-pressio-amb-pilot-de-plastic\/#breadcrumb\"},\"inLanguage\":\"ca\",\"potentialAction\":[{\"@type\":\"ReadAction\",\"target\":[\"https:\/\/agpvalvulas.com\/ca\/producte\/valvules-hidrauliques\/electrovalvula-de-plastic-reductora-de-pressio-amb-pilot-de-plastic\/\"]}]},{\"@type\":\"ImageObject\",\"inLanguage\":\"ca\",\"@id\":\"https:\/\/agpvalvulas.com\/ca\/producte\/valvules-hidrauliques\/electrovalvula-de-plastic-reductora-de-pressio-amb-pilot-de-plastic\/#primaryimage\",\"url\":\"https:\/\/agpvalvulas.com\/wp-content\/uploads\/2016\/11\/8-Plastico-electrovalvula-reductora-piloto-plastico.jpg\",\"contentUrl\":\"https:\/\/agpvalvulas.com\/wp-content\/uploads\/2016\/11\/8-Plastico-electrovalvula-reductora-piloto-plastico.jpg\",\"width\":800,\"height\":800},{\"@type\":\"BreadcrumbList\",\"@id\":\"https:\/\/agpvalvulas.com\/ca\/producte\/valvules-hidrauliques\/electrovalvula-de-plastic-reductora-de-pressio-amb-pilot-de-plastic\/#breadcrumb\",\"itemListElement\":[{\"@type\":\"ListItem\",\"position\":1,\"name\":\"Portada\",\"item\":\"https:\/\/agpvalvulas.com\/ca\/\"},{\"@type\":\"ListItem\",\"position\":2,\"name\":\"Produits\",\"item\":\"https:\/\/agpvalvulas.com\/fr\/produits\/\"},{\"@type\":\"ListItem\",\"position\":3,\"name\":\"Electrov\u00e0lvula de pl\u00e0stic reductora de pressi\u00f3 amb pilot de pl\u00e0stic\"}]},{\"@type\":\"WebSite\",\"@id\":\"https:\/\/agpvalvulas.com\/fr\/#website\",\"url\":\"https:\/\/agpvalvulas.com\/fr\/\",\"name\":\"AGP V\u00e1lvulas\",\"description\":\"AGP V\u00e1lvulas\",\"publisher\":{\"@id\":\"https:\/\/agpvalvulas.com\/fr\/#organization\"},\"potentialAction\":[{\"@type\":\"SearchAction\",\"target\":{\"@type\":\"EntryPoint\",\"urlTemplate\":\"https:\/\/agpvalvulas.com\/fr\/?s={search_term_string}\"},\"query-input\":{\"@type\":\"PropertyValueSpecification\",\"valueRequired\":true,\"valueName\":\"search_term_string\"}}],\"inLanguage\":\"ca\"},{\"@type\":\"Organization\",\"@id\":\"https:\/\/agpvalvulas.com\/fr\/#organization\",\"name\":\"AGP V\u00e1lvulas\",\"url\":\"https:\/\/agpvalvulas.com\/fr\/\",\"logo\":{\"@type\":\"ImageObject\",\"inLanguage\":\"ca\",\"@id\":\"https:\/\/agpvalvulas.com\/fr\/#\/schema\/logo\/image\/\",\"url\":\"https:\/\/agpvalvulas.com\/wp-content\/uploads\/2017\/01\/LOGOAGP-TIF.jpg\",\"contentUrl\":\"https:\/\/agpvalvulas.com\/wp-content\/uploads\/2017\/01\/LOGOAGP-TIF.jpg\",\"width\":345,\"height\":168,\"caption\":\"AGP V\u00e1lvulas\"},\"image\":{\"@id\":\"https:\/\/agpvalvulas.com\/fr\/#\/schema\/logo\/image\/\"}}]}<\/script>\n<!-- \/ Yoast SEO plugin. -->","yoast_head_json":{"title":"Electrov\u00e0lvula de pl\u00e0stic reductora de pressi\u00f3 amb pilot de pl\u00e0stic - AGP V\u00e1lvulas","robots":{"index":"index","follow":"follow","max-snippet":"max-snippet:-1","max-image-preview":"max-image-preview:large","max-video-preview":"max-video-preview:-1"},"canonical":"https:\/\/agpvalvulas.com\/ca\/producte\/valvules-hidrauliques\/electrovalvula-de-plastic-reductora-de-pressio-amb-pilot-de-plastic\/","og_locale":"ca_ES","og_type":"article","og_title":"Electrov\u00e0lvula de pl\u00e0stic reductora de pressi\u00f3 amb pilot de pl\u00e0stic - AGP V\u00e1lvulas","og_description":"Descripci\u00f3 Es una v\u00e0lvula quina funci\u00f3 es reduir la pressi\u00f3 d\u2019entrada fins a una pressi\u00f3 desitjada mes baixa a la sortida de la v\u00e0lvula, aix\u00f2 s\u2019aconsegueix gr\u00e0cies al pilot de tres vies de pl\u00e0stic incorporat. El control d\u2019obertura i tancament es fa mitjan\u00e7ant un solenoide 3\/2 incorporat. Aquest solenoide pot ser comanat per un programador, un interruptor, un PLC, etc. Un cop rep l\u2019ordre d\u2019obrir, la v\u00e0lvula reductora controla la pressi\u00f3 i la mant\u00e9 constant a la sortida de la v\u00e0lvula independentment de les variacions de cabal i de les variacions de pressi\u00f3 aig\u00fces amunt. Si la pressi\u00f3 aig\u00fces amunt baixa per sota de la pressi\u00f3 seleccionada de sortida, la v\u00e0lvula obre completament. Aplicacions Control de la pressi\u00f3 aig\u00fces avall. Modelos disponibles 1 \u00bd\u201d, 2\u201d, 3\u201d BSP (NPT opcional) 4\u201d ranurada Dimensions \/ P\u00e8rdues de c\u00e0rrega  Descarregar PDF t\u00e8cnic   Descarregar PDF caracter\u00edstiques i dimensions   Descarregar PDF esquemes","og_url":"https:\/\/agpvalvulas.com\/ca\/producte\/valvules-hidrauliques\/electrovalvula-de-plastic-reductora-de-pressio-amb-pilot-de-plastic\/","og_site_name":"AGP V\u00e1lvulas","article_modified_time":"2016-11-24T12:33:04+00:00","og_image":[{"width":800,"height":800,"url":"https:\/\/agpvalvulas.com\/wp-content\/uploads\/2016\/11\/8-Plastico-electrovalvula-reductora-piloto-plastico.jpg","type":"image\/jpeg"}],"twitter_card":"summary_large_image","twitter_misc":{"Temps estimat de lectura":"1 minut"},"schema":{"@context":"https:\/\/schema.org","@graph":[{"@type":"WebPage","@id":"https:\/\/agpvalvulas.com\/ca\/producte\/valvules-hidrauliques\/electrovalvula-de-plastic-reductora-de-pressio-amb-pilot-de-plastic\/","url":"https:\/\/agpvalvulas.com\/ca\/producte\/valvules-hidrauliques\/electrovalvula-de-plastic-reductora-de-pressio-amb-pilot-de-plastic\/","name":"Electrov\u00e0lvula de pl\u00e0stic reductora de pressi\u00f3 amb pilot de pl\u00e0stic - AGP V\u00e1lvulas","isPartOf":{"@id":"https:\/\/agpvalvulas.com\/fr\/#website"},"primaryImageOfPage":{"@id":"https:\/\/agpvalvulas.com\/ca\/producte\/valvules-hidrauliques\/electrovalvula-de-plastic-reductora-de-pressio-amb-pilot-de-plastic\/#primaryimage"},"image":{"@id":"https:\/\/agpvalvulas.com\/ca\/producte\/valvules-hidrauliques\/electrovalvula-de-plastic-reductora-de-pressio-amb-pilot-de-plastic\/#primaryimage"},"thumbnailUrl":"https:\/\/agpvalvulas.com\/wp-content\/uploads\/2016\/11\/8-Plastico-electrovalvula-reductora-piloto-plastico.jpg","datePublished":"2015-05-06T15:58:58+00:00","dateModified":"2016-11-24T12:33:04+00:00","breadcrumb":{"@id":"https:\/\/agpvalvulas.com\/ca\/producte\/valvules-hidrauliques\/electrovalvula-de-plastic-reductora-de-pressio-amb-pilot-de-plastic\/#breadcrumb"},"inLanguage":"ca","potentialAction":[{"@type":"ReadAction","target":["https:\/\/agpvalvulas.com\/ca\/producte\/valvules-hidrauliques\/electrovalvula-de-plastic-reductora-de-pressio-amb-pilot-de-plastic\/"]}]},{"@type":"ImageObject","inLanguage":"ca","@id":"https:\/\/agpvalvulas.com\/ca\/producte\/valvules-hidrauliques\/electrovalvula-de-plastic-reductora-de-pressio-amb-pilot-de-plastic\/#primaryimage","url":"https:\/\/agpvalvulas.com\/wp-content\/uploads\/2016\/11\/8-Plastico-electrovalvula-reductora-piloto-plastico.jpg","contentUrl":"https:\/\/agpvalvulas.com\/wp-content\/uploads\/2016\/11\/8-Plastico-electrovalvula-reductora-piloto-plastico.jpg","width":800,"height":800},{"@type":"BreadcrumbList","@id":"https:\/\/agpvalvulas.com\/ca\/producte\/valvules-hidrauliques\/electrovalvula-de-plastic-reductora-de-pressio-amb-pilot-de-plastic\/#breadcrumb","itemListElement":[{"@type":"ListItem","position":1,"name":"Portada","item":"https:\/\/agpvalvulas.com\/ca\/"},{"@type":"ListItem","position":2,"name":"Produits","item":"https:\/\/agpvalvulas.com\/fr\/produits\/"},{"@type":"ListItem","position":3,"name":"Electrov\u00e0lvula de pl\u00e0stic reductora de pressi\u00f3 amb pilot de pl\u00e0stic"}]},{"@type":"WebSite","@id":"https:\/\/agpvalvulas.com\/fr\/#website","url":"https:\/\/agpvalvulas.com\/fr\/","name":"AGP V\u00e1lvulas","description":"AGP V\u00e1lvulas","publisher":{"@id":"https:\/\/agpvalvulas.com\/fr\/#organization"},"potentialAction":[{"@type":"SearchAction","target":{"@type":"EntryPoint","urlTemplate":"https:\/\/agpvalvulas.com\/fr\/?s={search_term_string}"},"query-input":{"@type":"PropertyValueSpecification","valueRequired":true,"valueName":"search_term_string"}}],"inLanguage":"ca"},{"@type":"Organization","@id":"https:\/\/agpvalvulas.com\/fr\/#organization","name":"AGP V\u00e1lvulas","url":"https:\/\/agpvalvulas.com\/fr\/","logo":{"@type":"ImageObject","inLanguage":"ca","@id":"https:\/\/agpvalvulas.com\/fr\/#\/schema\/logo\/image\/","url":"https:\/\/agpvalvulas.com\/wp-content\/uploads\/2017\/01\/LOGOAGP-TIF.jpg","contentUrl":"https:\/\/agpvalvulas.com\/wp-content\/uploads\/2017\/01\/LOGOAGP-TIF.jpg","width":345,"height":168,"caption":"AGP V\u00e1lvulas"},"image":{"@id":"https:\/\/agpvalvulas.com\/fr\/#\/schema\/logo\/image\/"}}]}},"_links":{"self":[{"href":"https:\/\/agpvalvulas.com\/ca\/wp-json\/wp\/v2\/product\/6318","targetHints":{"allow":["GET"]}}],"collection":[{"href":"https:\/\/agpvalvulas.com\/ca\/wp-json\/wp\/v2\/product"}],"about":[{"href":"https:\/\/agpvalvulas.com\/ca\/wp-json\/wp\/v2\/types\/product"}],"replies":[{"embeddable":true,"href":"https:\/\/agpvalvulas.com\/ca\/wp-json\/wp\/v2\/comments?post=6318"}],"wp:featuredmedia":[{"embeddable":true,"href":"https:\/\/agpvalvulas.com\/ca\/wp-json\/wp\/v2\/media\/7313"}],"wp:attachment":[{"href":"https:\/\/agpvalvulas.com\/ca\/wp-json\/wp\/v2\/media?parent=6318"}],"wp:term":[{"taxonomy":"product_brand","embeddable":true,"href":"https:\/\/agpvalvulas.com\/ca\/wp-json\/wp\/v2\/product_brand?post=6318"},{"taxonomy":"product_cat","embeddable":true,"href":"https:\/\/agpvalvulas.com\/ca\/wp-json\/wp\/v2\/product_cat?post=6318"},{"taxonomy":"product_tag","embeddable":true,"href":"https:\/\/agpvalvulas.com\/ca\/wp-json\/wp\/v2\/product_tag?post=6318"}],"curies":[{"name":"wp","href":"https:\/\/api.w.org\/{rel}","templated":true}]}}