{"id":7158,"date":"2016-10-25T10:50:41","date_gmt":"2016-10-25T10:50:41","guid":{"rendered":"https:\/\/agpvalvulas.com\/ca\/productos\/valvules-hidrauliques\/valvula-roscada-reductora-i-sostenidora-de-pressio-amb-pilot-de-plastic\/"},"modified":"2016-11-28T14:53:35","modified_gmt":"2016-11-28T14:53:35","slug":"valvula-roscada-reductora-i-sostenidora-de-pressio-amb-pilot-de-plastic","status":"publish","type":"product","link":"https:\/\/agpvalvulas.com\/ca\/producte\/valvules-hidrauliques\/valvules-metal%c2%b7liques\/valvules-roscades\/valvula-roscada-reductora-i-sostenidora-de-pressio-amb-pilot-de-plastic\/","title":{"rendered":"V\u00e0lvula roscada reductora i sostenidora de pressi\u00f3 amb pilot de pl\u00e0stic"},"content":{"rendered":"<table border=\"0\" width=\"100%\">\n<tbody>\n<tr>\n<td style=\"color: #fff; padding-left: 15px;\" colspan=\"6\" bgcolor=\"#3371c5\" height=\"35\"><strong>Refer\u00e8ncies i dimensions<\/strong><\/td>\n<\/tr>\n<tr>\n<td align=\"center\" width=\"20%\"><strong>Codi producte<\/strong><\/td>\n<td align=\"center\" width=\"20%\" height=\"35\"><strong>V\u00e0lvula<\/strong><\/td>\n<td align=\"center\" width=\"15%\" height=\"35\"><strong>L<\/strong><\/td>\n<td align=\"center\" width=\"15%\" height=\"35\"><strong>H<\/strong><\/td>\n<td align=\"center\" width=\"15%\" height=\"35\"><strong>W<\/strong><\/td>\n<td align=\"center\" width=\"15%\" height=\"35\"><strong>Kg.<\/strong><\/td>\n<\/tr>\n<tr>\n<td align=\"center\" bgcolor=\"#eeeeee\" width=\"20%\">892915\/496300<\/td>\n<td align=\"center\" bgcolor=\"#eeeeee\" width=\"20%\" height=\"35\">1&#8243;1\/2<\/td>\n<td align=\"center\" bgcolor=\"#eeeeee\" width=\"15%\" height=\"35\">188<\/td>\n<td align=\"center\" bgcolor=\"#eeeeee\" width=\"15%\" height=\"35\">113<\/td>\n<td align=\"center\" bgcolor=\"#eeeeee\" width=\"15%\" height=\"35\">128<\/td>\n<td align=\"center\" bgcolor=\"#eeeeee\" width=\"15%\" height=\"35\">1,0<\/td>\n<\/tr>\n<tr>\n<td align=\"center\" width=\"10%\">892920\/496300<\/td>\n<td align=\"center\" width=\"20%\" height=\"35\">2&#8243;<\/td>\n<td align=\"center\" width=\"15%\" height=\"35\">188<\/td>\n<td align=\"center\" width=\"15%\" height=\"35\">113<\/td>\n<td align=\"center\" width=\"15%\" height=\"35\">128<\/td>\n<td align=\"center\" width=\"15%\" height=\"35\">1,0<\/td>\n<\/tr>\n<tr>\n<td align=\"center\" bgcolor=\"#eeeeee\" width=\"20%\">892930\/496300<\/td>\n<td align=\"center\" bgcolor=\"#eeeeee\" width=\"20%\" height=\"35\">3&#8243;<\/td>\n<td align=\"center\" bgcolor=\"#eeeeee\" width=\"15%\" height=\"35\">261<\/td>\n<td align=\"center\" bgcolor=\"#eeeeee\" width=\"15%\" height=\"35\">162,5<\/td>\n<td align=\"center\" bgcolor=\"#eeeeee\" width=\"15%\" height=\"35\">192<\/td>\n<td align=\"center\" bgcolor=\"#eeeeee\" width=\"15%\" height=\"35\">2,5<\/td>\n<\/tr>\n<tr>\n<td align=\"center\" width=\"10%\">892940\/496300<\/td>\n<td align=\"center\" width=\"20%\" height=\"35\">4&#8243;<\/td>\n<td align=\"center\" width=\"15%\" height=\"35\">295<\/td>\n<td align=\"center\" width=\"15%\" height=\"35\">205<\/td>\n<td align=\"center\" width=\"15%\" height=\"35\">212<\/td>\n<td align=\"center\" width=\"15%\" height=\"35\">4,2<\/td>\n<\/tr>\n<\/tbody>\n<\/table>\n<p><em>(Codis de v\u00e0lvules amb membrana alta pressi\u00f3 AP, per a v\u00e0lvules amb membrana baixa pressi\u00f3 BP consultar)<\/em><\/p>\n<table border=\"0\" width=\"100%\">\n<tbody>\n<tr>\n<td style=\"color: #fff; padding-left: 15px;\" colspan=\"3\" bgcolor=\"#3371c5\" height=\"35\"><strong>Pressi\u00f3 m\u00ednima d&#8217;obertura<\/strong><\/td>\n<\/tr>\n<tr>\n<td align=\"center\" width=\"10%\" height=\"35\"><strong>V\u00e0lvula<\/strong><\/td>\n<td align=\"center\" width=\"12%\" height=\"35\"><strong>Baixa Pressi\u00f3<\/strong><\/td>\n<td align=\"center\" width=\"12%\" height=\"35\"><strong>Alta Pressi\u00f3<\/strong><\/td>\n<\/tr>\n<tr>\n<td align=\"center\" bgcolor=\"#eeeeee\" width=\"10%\" height=\"35\">1&#8243;1\/2<\/td>\n<td align=\"center\" bgcolor=\"#eeeeee\" width=\"12%\" height=\"35\">0,3<\/td>\n<td align=\"center\" bgcolor=\"#eeeeee\" width=\"12%\" height=\"35\">0,7<\/td>\n<\/tr>\n<tr>\n<td align=\"center\" width=\"10%\" height=\"35\">2&#8243;<\/td>\n<td align=\"center\" width=\"12%\" height=\"35\">0,3<\/td>\n<td align=\"center\" width=\"12%\" height=\"35\">0,7<\/td>\n<\/tr>\n<tr>\n<td align=\"center\" bgcolor=\"#eeeeee\" width=\"10%\" height=\"35\">2&#8243; 1\/2<\/td>\n<td align=\"center\" bgcolor=\"#eeeeee\" width=\"12%\" height=\"35\">0,3<\/td>\n<td align=\"center\" bgcolor=\"#eeeeee\" width=\"12%\" height=\"35\">0,7<\/td>\n<\/tr>\n<tr>\n<td align=\"center\" width=\"10%\" height=\"35\">3&#8243;<\/td>\n<td align=\"center\" width=\"12%\" height=\"35\">0,5<\/td>\n<td align=\"center\" width=\"12%\" height=\"35\">0,9<\/td>\n<\/tr>\n<tr>\n<td align=\"center\" bgcolor=\"#eeeeee\" width=\"10%\">4&#8243;<\/td>\n<td align=\"center\" bgcolor=\"#eeeeee\" width=\"12%\" height=\"35\">0,5<\/td>\n<td align=\"center\" bgcolor=\"#eeeeee\" width=\"12%\" height=\"35\">1,0<\/td>\n<\/tr>\n<\/tbody>\n<\/table>\n","protected":false},"excerpt":{"rendered":"<h4>Descripci\u00f3<\/h4>\n<p>La v\u00e0lvula efectua dues funcions independents. Mant\u00e9 constant la pressi\u00f3 aig\u00fces avall independentment de les fluctuacions de la demanda  i sost\u00e9 la pressi\u00f3 aig\u00fces amunt a un m\u00ednim determinat. La v\u00e0lvula obre quan la pressi\u00f3 arriba al nivell seleccionat i tanca quan la pressi\u00f3 cau per sota d\u2019aquest. Amb la v\u00e0lvula oberta, el pilot reductor mant\u00e9 la pressi\u00f3 aig\u00fces avall. Aix\u00f2 s\u2019aconsegueix  gr\u00e0cies als pilots de tres vies de pl\u00e0stic incorporats. <\/p>\n<p>Si la pressi\u00f3 aig\u00fces amunt baixa per sota de la pressi\u00f3 seleccionada, la v\u00e0lvula tanca completament.<\/p>\n<h4>Aplicacions<\/h4>\n<p>Control de la pressi\u00f3 aig\u00fces amunt i aig\u00fces avall.<\/p>\n<h4>Models disponibles<\/h4>\n<p>1 \u00bd\u201d, 2\u201d, 2 \u00bd\u201d, 3\u201d i 4\u201d BSP (NPT opcional)<\/p>\n<h4>Dimensions \/  P\u00e8rdues de c\u00e0rrega<\/h4>\n<p><img decoding=\"async\" style=\"vertical-align: sub;\" src=\"https:\/\/agpvalvulas.com\/wp-content\/uploads\/2015\/06\/pdf.png\" alt=\"\" \/> <a href=\"http:\/\/agpvalvulas.com\/wp-content\/pdf\/115-CATALA-valvula-reductora-i-sostenidora-de-pressio-pilot-plastic-AGP.pdf\" target=\"_blank\">Descarregar PDF t\u00e8cnic<\/a><\/p>\n<p><img decoding=\"async\" style=\"vertical-align: sub;\" src=\"https:\/\/agpvalvulas.com\/wp-content\/uploads\/2015\/06\/pdf.png\" alt=\"\" \/> <a href=\"http:\/\/agpvalvulas.com\/wp-content\/pdf\/100-11-Car-i-dim-CATALA-rosca-brida.pdf\" target=\"_blank\">Descarregar PDF caracter\u00edstiques i dimensions<\/a><\/p>\n<p><img decoding=\"async\" style=\"vertical-align: sub;\" src=\"https:\/\/agpvalvulas.com\/wp-content\/uploads\/2015\/06\/pdf.png\" alt=\"\" \/> <a href=\"http:\/\/agpvalvulas.com\/wp-content\/pdf\/15-valvula-sostenedora-reductora-presion-piloto-PLASTICO-AGP.pdf\" target=\"_blank\">Descarregar PDF esquema<\/a><\/p>\n","protected":false},"featured_media":7389,"comment_status":"closed","ping_status":"closed","template":"","meta":[],"product_brand":[],"product_cat":[178,191,193],"product_tag":[383,384,139,136,344,402,403],"class_list":{"0":"post-7158","1":"product","2":"type-product","3":"status-publish","4":"has-post-thumbnail","6":"product_cat-valvules-hidrauliques","7":"product_cat-valvules-metalliques","8":"product_cat-valvules-roscades","9":"product_tag-piloto-de-plastico-ca","10":"product_tag-reductora-de-presion-ca","11":"product_tag-sostenedora-de-presion-ca","12":"product_tag-valvula-ca","13":"product_tag-valvula-hidraulica-ca","14":"product_tag-valvula-metalica-ca","15":"product_tag-valvula-roscada-ca","16":"description-off","18":"first","19":"outofstock","20":"shipping-taxable","21":"product-type-simple"},"yoast_head":"<!-- This site is optimized with the Yoast SEO plugin v25.5 - https:\/\/yoast.com\/wordpress\/plugins\/seo\/ -->\n<title>V\u00e0lvula roscada reductora i sostenidora de pressi\u00f3 amb pilot de pl\u00e0stic - AGP V\u00e1lvulas<\/title>\n<meta name=\"robots\" content=\"index, follow, max-snippet:-1, max-image-preview:large, max-video-preview:-1\" \/>\n<link rel=\"canonical\" href=\"https:\/\/agpvalvulas.com\/ca\/producte\/valvules-hidrauliques\/valvula-roscada-reductora-i-sostenidora-de-pressio-amb-pilot-de-plastic\/\" \/>\n<meta property=\"og:locale\" content=\"ca_ES\" \/>\n<meta property=\"og:type\" content=\"article\" \/>\n<meta property=\"og:title\" content=\"V\u00e0lvula roscada reductora i sostenidora de pressi\u00f3 amb pilot de pl\u00e0stic - AGP V\u00e1lvulas\" \/>\n<meta property=\"og:description\" content=\"Descripci\u00f3 La v\u00e0lvula efectua dues funcions independents. Mant\u00e9 constant la pressi\u00f3 aig\u00fces avall independentment de les fluctuacions de la demanda i sost\u00e9 la pressi\u00f3 aig\u00fces amunt a un m\u00ednim determinat. La v\u00e0lvula obre quan la pressi\u00f3 arriba al nivell seleccionat i tanca quan la pressi\u00f3 cau per sota d\u2019aquest. Amb la v\u00e0lvula oberta, el pilot reductor mant\u00e9 la pressi\u00f3 aig\u00fces avall. Aix\u00f2 s\u2019aconsegueix gr\u00e0cies als pilots de tres vies de pl\u00e0stic incorporats.   Si la pressi\u00f3 aig\u00fces amunt baixa per sota de la pressi\u00f3 seleccionada, la v\u00e0lvula tanca completament. Aplicacions Control de la pressi\u00f3 aig\u00fces amunt i aig\u00fces avall. Models disponibles 1 \u00bd\u201d, 2\u201d, 2 \u00bd\u201d, 3\u201d i 4\u201d BSP (NPT opcional) Dimensions \/ P\u00e8rdues de c\u00e0rrega  Descarregar PDF t\u00e8cnic   Descarregar PDF caracter\u00edstiques i dimensions   Descarregar PDF esquema\" \/>\n<meta property=\"og:url\" content=\"https:\/\/agpvalvulas.com\/ca\/producte\/valvules-hidrauliques\/valvula-roscada-reductora-i-sostenidora-de-pressio-amb-pilot-de-plastic\/\" \/>\n<meta property=\"og:site_name\" content=\"AGP V\u00e1lvulas\" \/>\n<meta property=\"article:modified_time\" content=\"2016-11-28T14:53:35+00:00\" \/>\n<meta property=\"og:image\" content=\"https:\/\/agpvalvulas.com\/wp-content\/uploads\/2016\/11\/32-Roscada-reductora-y-sostenedora-pilotos-plastico.jpg\" \/>\n\t<meta property=\"og:image:width\" content=\"800\" \/>\n\t<meta property=\"og:image:height\" content=\"800\" \/>\n\t<meta property=\"og:image:type\" content=\"image\/jpeg\" \/>\n<meta name=\"twitter:card\" content=\"summary_large_image\" \/>\n<script type=\"application\/ld+json\" class=\"yoast-schema-graph\">{\"@context\":\"https:\/\/schema.org\",\"@graph\":[{\"@type\":\"WebPage\",\"@id\":\"https:\/\/agpvalvulas.com\/ca\/producte\/valvules-hidrauliques\/valvula-roscada-reductora-i-sostenidora-de-pressio-amb-pilot-de-plastic\/\",\"url\":\"https:\/\/agpvalvulas.com\/ca\/producte\/valvules-hidrauliques\/valvula-roscada-reductora-i-sostenidora-de-pressio-amb-pilot-de-plastic\/\",\"name\":\"V\u00e0lvula roscada reductora i sostenidora de pressi\u00f3 amb pilot de pl\u00e0stic - AGP V\u00e1lvulas\",\"isPartOf\":{\"@id\":\"https:\/\/agpvalvulas.com\/fr\/#website\"},\"primaryImageOfPage\":{\"@id\":\"https:\/\/agpvalvulas.com\/ca\/producte\/valvules-hidrauliques\/valvula-roscada-reductora-i-sostenidora-de-pressio-amb-pilot-de-plastic\/#primaryimage\"},\"image\":{\"@id\":\"https:\/\/agpvalvulas.com\/ca\/producte\/valvules-hidrauliques\/valvula-roscada-reductora-i-sostenidora-de-pressio-amb-pilot-de-plastic\/#primaryimage\"},\"thumbnailUrl\":\"https:\/\/agpvalvulas.com\/wp-content\/uploads\/2016\/11\/32-Roscada-reductora-y-sostenedora-pilotos-plastico.jpg\",\"datePublished\":\"2016-10-25T10:50:41+00:00\",\"dateModified\":\"2016-11-28T14:53:35+00:00\",\"breadcrumb\":{\"@id\":\"https:\/\/agpvalvulas.com\/ca\/producte\/valvules-hidrauliques\/valvula-roscada-reductora-i-sostenidora-de-pressio-amb-pilot-de-plastic\/#breadcrumb\"},\"inLanguage\":\"ca\",\"potentialAction\":[{\"@type\":\"ReadAction\",\"target\":[\"https:\/\/agpvalvulas.com\/ca\/producte\/valvules-hidrauliques\/valvula-roscada-reductora-i-sostenidora-de-pressio-amb-pilot-de-plastic\/\"]}]},{\"@type\":\"ImageObject\",\"inLanguage\":\"ca\",\"@id\":\"https:\/\/agpvalvulas.com\/ca\/producte\/valvules-hidrauliques\/valvula-roscada-reductora-i-sostenidora-de-pressio-amb-pilot-de-plastic\/#primaryimage\",\"url\":\"https:\/\/agpvalvulas.com\/wp-content\/uploads\/2016\/11\/32-Roscada-reductora-y-sostenedora-pilotos-plastico.jpg\",\"contentUrl\":\"https:\/\/agpvalvulas.com\/wp-content\/uploads\/2016\/11\/32-Roscada-reductora-y-sostenedora-pilotos-plastico.jpg\",\"width\":800,\"height\":800},{\"@type\":\"BreadcrumbList\",\"@id\":\"https:\/\/agpvalvulas.com\/ca\/producte\/valvules-hidrauliques\/valvula-roscada-reductora-i-sostenidora-de-pressio-amb-pilot-de-plastic\/#breadcrumb\",\"itemListElement\":[{\"@type\":\"ListItem\",\"position\":1,\"name\":\"Portada\",\"item\":\"https:\/\/agpvalvulas.com\/ca\/\"},{\"@type\":\"ListItem\",\"position\":2,\"name\":\"Produits\",\"item\":\"https:\/\/agpvalvulas.com\/fr\/produits\/\"},{\"@type\":\"ListItem\",\"position\":3,\"name\":\"V\u00e0lvula roscada reductora i sostenidora de pressi\u00f3 amb pilot de pl\u00e0stic\"}]},{\"@type\":\"WebSite\",\"@id\":\"https:\/\/agpvalvulas.com\/fr\/#website\",\"url\":\"https:\/\/agpvalvulas.com\/fr\/\",\"name\":\"AGP V\u00e1lvulas\",\"description\":\"AGP V\u00e1lvulas\",\"publisher\":{\"@id\":\"https:\/\/agpvalvulas.com\/fr\/#organization\"},\"potentialAction\":[{\"@type\":\"SearchAction\",\"target\":{\"@type\":\"EntryPoint\",\"urlTemplate\":\"https:\/\/agpvalvulas.com\/fr\/?s={search_term_string}\"},\"query-input\":{\"@type\":\"PropertyValueSpecification\",\"valueRequired\":true,\"valueName\":\"search_term_string\"}}],\"inLanguage\":\"ca\"},{\"@type\":\"Organization\",\"@id\":\"https:\/\/agpvalvulas.com\/fr\/#organization\",\"name\":\"AGP V\u00e1lvulas\",\"url\":\"https:\/\/agpvalvulas.com\/fr\/\",\"logo\":{\"@type\":\"ImageObject\",\"inLanguage\":\"ca\",\"@id\":\"https:\/\/agpvalvulas.com\/fr\/#\/schema\/logo\/image\/\",\"url\":\"https:\/\/agpvalvulas.com\/wp-content\/uploads\/2017\/01\/LOGOAGP-TIF.jpg\",\"contentUrl\":\"https:\/\/agpvalvulas.com\/wp-content\/uploads\/2017\/01\/LOGOAGP-TIF.jpg\",\"width\":345,\"height\":168,\"caption\":\"AGP V\u00e1lvulas\"},\"image\":{\"@id\":\"https:\/\/agpvalvulas.com\/fr\/#\/schema\/logo\/image\/\"}}]}<\/script>\n<!-- \/ Yoast SEO plugin. -->","yoast_head_json":{"title":"V\u00e0lvula roscada reductora i sostenidora de pressi\u00f3 amb pilot de pl\u00e0stic - AGP V\u00e1lvulas","robots":{"index":"index","follow":"follow","max-snippet":"max-snippet:-1","max-image-preview":"max-image-preview:large","max-video-preview":"max-video-preview:-1"},"canonical":"https:\/\/agpvalvulas.com\/ca\/producte\/valvules-hidrauliques\/valvula-roscada-reductora-i-sostenidora-de-pressio-amb-pilot-de-plastic\/","og_locale":"ca_ES","og_type":"article","og_title":"V\u00e0lvula roscada reductora i sostenidora de pressi\u00f3 amb pilot de pl\u00e0stic - AGP V\u00e1lvulas","og_description":"Descripci\u00f3 La v\u00e0lvula efectua dues funcions independents. Mant\u00e9 constant la pressi\u00f3 aig\u00fces avall independentment de les fluctuacions de la demanda i sost\u00e9 la pressi\u00f3 aig\u00fces amunt a un m\u00ednim determinat. La v\u00e0lvula obre quan la pressi\u00f3 arriba al nivell seleccionat i tanca quan la pressi\u00f3 cau per sota d\u2019aquest. Amb la v\u00e0lvula oberta, el pilot reductor mant\u00e9 la pressi\u00f3 aig\u00fces avall. Aix\u00f2 s\u2019aconsegueix gr\u00e0cies als pilots de tres vies de pl\u00e0stic incorporats.   Si la pressi\u00f3 aig\u00fces amunt baixa per sota de la pressi\u00f3 seleccionada, la v\u00e0lvula tanca completament. Aplicacions Control de la pressi\u00f3 aig\u00fces amunt i aig\u00fces avall. Models disponibles 1 \u00bd\u201d, 2\u201d, 2 \u00bd\u201d, 3\u201d i 4\u201d BSP (NPT opcional) Dimensions \/ P\u00e8rdues de c\u00e0rrega  Descarregar PDF t\u00e8cnic   Descarregar PDF caracter\u00edstiques i dimensions   Descarregar PDF esquema","og_url":"https:\/\/agpvalvulas.com\/ca\/producte\/valvules-hidrauliques\/valvula-roscada-reductora-i-sostenidora-de-pressio-amb-pilot-de-plastic\/","og_site_name":"AGP V\u00e1lvulas","article_modified_time":"2016-11-28T14:53:35+00:00","og_image":[{"width":800,"height":800,"url":"https:\/\/agpvalvulas.com\/wp-content\/uploads\/2016\/11\/32-Roscada-reductora-y-sostenedora-pilotos-plastico.jpg","type":"image\/jpeg"}],"twitter_card":"summary_large_image","schema":{"@context":"https:\/\/schema.org","@graph":[{"@type":"WebPage","@id":"https:\/\/agpvalvulas.com\/ca\/producte\/valvules-hidrauliques\/valvula-roscada-reductora-i-sostenidora-de-pressio-amb-pilot-de-plastic\/","url":"https:\/\/agpvalvulas.com\/ca\/producte\/valvules-hidrauliques\/valvula-roscada-reductora-i-sostenidora-de-pressio-amb-pilot-de-plastic\/","name":"V\u00e0lvula roscada reductora i sostenidora de pressi\u00f3 amb pilot de pl\u00e0stic - AGP V\u00e1lvulas","isPartOf":{"@id":"https:\/\/agpvalvulas.com\/fr\/#website"},"primaryImageOfPage":{"@id":"https:\/\/agpvalvulas.com\/ca\/producte\/valvules-hidrauliques\/valvula-roscada-reductora-i-sostenidora-de-pressio-amb-pilot-de-plastic\/#primaryimage"},"image":{"@id":"https:\/\/agpvalvulas.com\/ca\/producte\/valvules-hidrauliques\/valvula-roscada-reductora-i-sostenidora-de-pressio-amb-pilot-de-plastic\/#primaryimage"},"thumbnailUrl":"https:\/\/agpvalvulas.com\/wp-content\/uploads\/2016\/11\/32-Roscada-reductora-y-sostenedora-pilotos-plastico.jpg","datePublished":"2016-10-25T10:50:41+00:00","dateModified":"2016-11-28T14:53:35+00:00","breadcrumb":{"@id":"https:\/\/agpvalvulas.com\/ca\/producte\/valvules-hidrauliques\/valvula-roscada-reductora-i-sostenidora-de-pressio-amb-pilot-de-plastic\/#breadcrumb"},"inLanguage":"ca","potentialAction":[{"@type":"ReadAction","target":["https:\/\/agpvalvulas.com\/ca\/producte\/valvules-hidrauliques\/valvula-roscada-reductora-i-sostenidora-de-pressio-amb-pilot-de-plastic\/"]}]},{"@type":"ImageObject","inLanguage":"ca","@id":"https:\/\/agpvalvulas.com\/ca\/producte\/valvules-hidrauliques\/valvula-roscada-reductora-i-sostenidora-de-pressio-amb-pilot-de-plastic\/#primaryimage","url":"https:\/\/agpvalvulas.com\/wp-content\/uploads\/2016\/11\/32-Roscada-reductora-y-sostenedora-pilotos-plastico.jpg","contentUrl":"https:\/\/agpvalvulas.com\/wp-content\/uploads\/2016\/11\/32-Roscada-reductora-y-sostenedora-pilotos-plastico.jpg","width":800,"height":800},{"@type":"BreadcrumbList","@id":"https:\/\/agpvalvulas.com\/ca\/producte\/valvules-hidrauliques\/valvula-roscada-reductora-i-sostenidora-de-pressio-amb-pilot-de-plastic\/#breadcrumb","itemListElement":[{"@type":"ListItem","position":1,"name":"Portada","item":"https:\/\/agpvalvulas.com\/ca\/"},{"@type":"ListItem","position":2,"name":"Produits","item":"https:\/\/agpvalvulas.com\/fr\/produits\/"},{"@type":"ListItem","position":3,"name":"V\u00e0lvula roscada reductora i sostenidora de pressi\u00f3 amb pilot de pl\u00e0stic"}]},{"@type":"WebSite","@id":"https:\/\/agpvalvulas.com\/fr\/#website","url":"https:\/\/agpvalvulas.com\/fr\/","name":"AGP V\u00e1lvulas","description":"AGP V\u00e1lvulas","publisher":{"@id":"https:\/\/agpvalvulas.com\/fr\/#organization"},"potentialAction":[{"@type":"SearchAction","target":{"@type":"EntryPoint","urlTemplate":"https:\/\/agpvalvulas.com\/fr\/?s={search_term_string}"},"query-input":{"@type":"PropertyValueSpecification","valueRequired":true,"valueName":"search_term_string"}}],"inLanguage":"ca"},{"@type":"Organization","@id":"https:\/\/agpvalvulas.com\/fr\/#organization","name":"AGP V\u00e1lvulas","url":"https:\/\/agpvalvulas.com\/fr\/","logo":{"@type":"ImageObject","inLanguage":"ca","@id":"https:\/\/agpvalvulas.com\/fr\/#\/schema\/logo\/image\/","url":"https:\/\/agpvalvulas.com\/wp-content\/uploads\/2017\/01\/LOGOAGP-TIF.jpg","contentUrl":"https:\/\/agpvalvulas.com\/wp-content\/uploads\/2017\/01\/LOGOAGP-TIF.jpg","width":345,"height":168,"caption":"AGP V\u00e1lvulas"},"image":{"@id":"https:\/\/agpvalvulas.com\/fr\/#\/schema\/logo\/image\/"}}]}},"_links":{"self":[{"href":"https:\/\/agpvalvulas.com\/ca\/wp-json\/wp\/v2\/product\/7158","targetHints":{"allow":["GET"]}}],"collection":[{"href":"https:\/\/agpvalvulas.com\/ca\/wp-json\/wp\/v2\/product"}],"about":[{"href":"https:\/\/agpvalvulas.com\/ca\/wp-json\/wp\/v2\/types\/product"}],"replies":[{"embeddable":true,"href":"https:\/\/agpvalvulas.com\/ca\/wp-json\/wp\/v2\/comments?post=7158"}],"wp:featuredmedia":[{"embeddable":true,"href":"https:\/\/agpvalvulas.com\/ca\/wp-json\/wp\/v2\/media\/7389"}],"wp:attachment":[{"href":"https:\/\/agpvalvulas.com\/ca\/wp-json\/wp\/v2\/media?parent=7158"}],"wp:term":[{"taxonomy":"product_brand","embeddable":true,"href":"https:\/\/agpvalvulas.com\/ca\/wp-json\/wp\/v2\/product_brand?post=7158"},{"taxonomy":"product_cat","embeddable":true,"href":"https:\/\/agpvalvulas.com\/ca\/wp-json\/wp\/v2\/product_cat?post=7158"},{"taxonomy":"product_tag","embeddable":true,"href":"https:\/\/agpvalvulas.com\/ca\/wp-json\/wp\/v2\/product_tag?post=7158"}],"curies":[{"name":"wp","href":"https:\/\/api.w.org\/{rel}","templated":true}]}}