{"id":7887,"date":"2017-01-26T16:08:54","date_gmt":"2017-01-26T16:08:54","guid":{"rendered":"https:\/\/agpvalvulas.com\/ca\/producte\/valvules-manuals\/ventosa-triple-accio-1-copiar\/"},"modified":"2017-01-26T16:10:45","modified_gmt":"2017-01-26T16:10:45","slug":"ventosa-triple-accio-2","status":"publish","type":"product","link":"https:\/\/agpvalvulas.com\/ca\/producte\/valvules-manuals\/ventoses\/ventosa-triple-accio-2\/","title":{"rendered":"Ventosa Triple acci\u00f3 2&#8243;"},"content":{"rendered":"","protected":false},"excerpt":{"rendered":"<h4>Descripci\u00f3<\/h4>\n<p>Aquesta v\u00e0lvula ha esta concebuda per a una desc\u00e0rrega efica\u00e7 de grans volums d&#8217;aire presents en petites xarxes d&#8217;aigua, dip\u00f2sits i d&#8217;altres dispositius on la pres\u00e8ncia d&#8217;aire dins del sistema pot afectar-ne negativament el funcionament.<\/p>\n<p>La v\u00e0lvula \u00e9s apropiada per:<\/p>\n<ul>\n<li>Evacuar r\u00e0pidament l&#8217;aire durant l&#8217;ompliment inicial dels sistemes.<\/li>\n<li>Introduir aire durant el drenatge de les canonades, mantenint la pressi\u00f3 a l&#8217;interior i impedint-ne el col\u00b7lapse i els danys produ\u00efts per la cavitaci\u00f3.<\/li>\n<li>Seguir evacuant les bosses d&#8217;aire tot i que el sistema estigui pressuritzat.<\/li>\n<\/ul>\n<p><img decoding=\"async\" style=\"vertical-align: sub;\" src=\"https:\/\/agpvalvulas.com\/wp-content\/uploads\/2015\/06\/pdf.png\" alt=\"\" \/> <a href=\"https:\/\/agpvalvulas.com\/wp-content\/uploads\/2017\/01\/124-VENTOSA-TRIPLE-ACCI\u00d3-2.pdf\" target=\"_blank\">Descarregar PDF caracter\u00edstiques i dimensions<\/a><\/p>\n","protected":false},"featured_media":8078,"comment_status":"closed","ping_status":"closed","template":"","meta":[],"product_brand":[],"product_cat":[179,196],"product_tag":[392],"class_list":{"0":"post-7887","1":"product","2":"type-product","3":"status-publish","4":"has-post-thumbnail","6":"product_cat-valvules-manuals","7":"product_cat-ventoses","8":"product_tag-valvulas-ca","9":"description-off","11":"first","12":"outofstock","13":"shipping-taxable","14":"product-type-simple"},"yoast_head":"<!-- This site is optimized with the Yoast SEO plugin v27.4 - https:\/\/yoast.com\/product\/yoast-seo-wordpress\/ -->\n<title>Ventosa Triple acci\u00f3 2&quot; - AGP V\u00e1lvulas<\/title>\n<meta name=\"robots\" content=\"index, follow, max-snippet:-1, max-image-preview:large, max-video-preview:-1\" \/>\n<link rel=\"canonical\" href=\"https:\/\/agpvalvulas.com\/ca\/producte\/valvules-manuals\/ventosa-triple-accio-2\/\" \/>\n<meta property=\"og:locale\" content=\"ca_ES\" \/>\n<meta property=\"og:type\" content=\"article\" \/>\n<meta property=\"og:title\" content=\"Ventosa Triple acci\u00f3 2&quot; - AGP V\u00e1lvulas\" \/>\n<meta property=\"og:description\" content=\"Descripci\u00f3 Aquesta v\u00e0lvula ha esta concebuda per a una desc\u00e0rrega efica\u00e7 de grans volums d&#039;aire presents en petites xarxes d&#039;aigua, dip\u00f2sits i d&#039;altres dispositius on la pres\u00e8ncia d&#039;aire dins del sistema pot afectar-ne negativament el funcionament.  La v\u00e0lvula \u00e9s apropiada per:   Evacuar r\u00e0pidament l&#039;aire durant l&#039;ompliment inicial dels sistemes.  Introduir aire durant el drenatge de les canonades, mantenint la pressi\u00f3 a l&#039;interior i impedint-ne el col\u00b7lapse i els danys produ\u00efts per la cavitaci\u00f3.  Seguir evacuant les bosses d&#039;aire tot i que el sistema estigui pressuritzat.   Descarregar PDF caracter\u00edstiques i dimensions\" \/>\n<meta property=\"og:url\" content=\"https:\/\/agpvalvulas.com\/ca\/producte\/valvules-manuals\/ventosa-triple-accio-2\/\" \/>\n<meta property=\"og:site_name\" content=\"AGP V\u00e1lvulas\" \/>\n<meta property=\"article:modified_time\" content=\"2017-01-26T16:10:45+00:00\" \/>\n<meta property=\"og:image\" content=\"https:\/\/agpvalvulas.com\/wp-content\/uploads\/2017\/01\/VENTOSA-TRIFUNCIONAL-2-024-124-224-324.jpg\" \/>\n\t<meta property=\"og:image:width\" content=\"600\" \/>\n\t<meta property=\"og:image:height\" content=\"600\" \/>\n\t<meta property=\"og:image:type\" content=\"image\/jpeg\" \/>\n<meta name=\"twitter:card\" content=\"summary_large_image\" \/>\n<script type=\"application\/ld+json\" class=\"yoast-schema-graph\">{\"@context\":\"https:\\\/\\\/schema.org\",\"@graph\":[{\"@type\":\"WebPage\",\"@id\":\"https:\\\/\\\/agpvalvulas.com\\\/ca\\\/producte\\\/valvules-manuals\\\/ventosa-triple-accio-2\\\/\",\"url\":\"https:\\\/\\\/agpvalvulas.com\\\/ca\\\/producte\\\/valvules-manuals\\\/ventosa-triple-accio-2\\\/\",\"name\":\"Ventosa Triple acci\u00f3 2\\\" - AGP V\u00e1lvulas\",\"isPartOf\":{\"@id\":\"https:\\\/\\\/agpvalvulas.com\\\/fr\\\/#website\"},\"primaryImageOfPage\":{\"@id\":\"https:\\\/\\\/agpvalvulas.com\\\/ca\\\/producte\\\/valvules-manuals\\\/ventosa-triple-accio-2\\\/#primaryimage\"},\"image\":{\"@id\":\"https:\\\/\\\/agpvalvulas.com\\\/ca\\\/producte\\\/valvules-manuals\\\/ventosa-triple-accio-2\\\/#primaryimage\"},\"thumbnailUrl\":\"https:\\\/\\\/agpvalvulas.com\\\/wp-content\\\/uploads\\\/2017\\\/01\\\/VENTOSA-TRIFUNCIONAL-2-024-124-224-324.jpg\",\"datePublished\":\"2017-01-26T16:08:54+00:00\",\"dateModified\":\"2017-01-26T16:10:45+00:00\",\"breadcrumb\":{\"@id\":\"https:\\\/\\\/agpvalvulas.com\\\/ca\\\/producte\\\/valvules-manuals\\\/ventosa-triple-accio-2\\\/#breadcrumb\"},\"inLanguage\":\"ca\",\"potentialAction\":[{\"@type\":\"ReadAction\",\"target\":[\"https:\\\/\\\/agpvalvulas.com\\\/ca\\\/producte\\\/valvules-manuals\\\/ventosa-triple-accio-2\\\/\"]}]},{\"@type\":\"ImageObject\",\"inLanguage\":\"ca\",\"@id\":\"https:\\\/\\\/agpvalvulas.com\\\/ca\\\/producte\\\/valvules-manuals\\\/ventosa-triple-accio-2\\\/#primaryimage\",\"url\":\"https:\\\/\\\/agpvalvulas.com\\\/wp-content\\\/uploads\\\/2017\\\/01\\\/VENTOSA-TRIFUNCIONAL-2-024-124-224-324.jpg\",\"contentUrl\":\"https:\\\/\\\/agpvalvulas.com\\\/wp-content\\\/uploads\\\/2017\\\/01\\\/VENTOSA-TRIFUNCIONAL-2-024-124-224-324.jpg\",\"width\":600,\"height\":600},{\"@type\":\"BreadcrumbList\",\"@id\":\"https:\\\/\\\/agpvalvulas.com\\\/ca\\\/producte\\\/valvules-manuals\\\/ventosa-triple-accio-2\\\/#breadcrumb\",\"itemListElement\":[{\"@type\":\"ListItem\",\"position\":1,\"name\":\"Portada\",\"item\":\"https:\\\/\\\/agpvalvulas.com\\\/ca\\\/\"},{\"@type\":\"ListItem\",\"position\":2,\"name\":\"Produits\",\"item\":\"https:\\\/\\\/agpvalvulas.com\\\/fr\\\/produits\\\/\"},{\"@type\":\"ListItem\",\"position\":3,\"name\":\"Ventosa Triple acci\u00f3 2&#8243;\"}]},{\"@type\":\"WebSite\",\"@id\":\"https:\\\/\\\/agpvalvulas.com\\\/fr\\\/#website\",\"url\":\"https:\\\/\\\/agpvalvulas.com\\\/fr\\\/\",\"name\":\"AGP V\u00e1lvulas\",\"description\":\"AGP V\u00e1lvulas\",\"publisher\":{\"@id\":\"https:\\\/\\\/agpvalvulas.com\\\/fr\\\/#organization\"},\"potentialAction\":[{\"@type\":\"SearchAction\",\"target\":{\"@type\":\"EntryPoint\",\"urlTemplate\":\"https:\\\/\\\/agpvalvulas.com\\\/fr\\\/?s={search_term_string}\"},\"query-input\":{\"@type\":\"PropertyValueSpecification\",\"valueRequired\":true,\"valueName\":\"search_term_string\"}}],\"inLanguage\":\"ca\"},{\"@type\":\"Organization\",\"@id\":\"https:\\\/\\\/agpvalvulas.com\\\/fr\\\/#organization\",\"name\":\"AGP V\u00e1lvulas\",\"url\":\"https:\\\/\\\/agpvalvulas.com\\\/fr\\\/\",\"logo\":{\"@type\":\"ImageObject\",\"inLanguage\":\"ca\",\"@id\":\"https:\\\/\\\/agpvalvulas.com\\\/fr\\\/#\\\/schema\\\/logo\\\/image\\\/\",\"url\":\"https:\\\/\\\/agpvalvulas.com\\\/wp-content\\\/uploads\\\/2017\\\/01\\\/LOGOAGP-TIF.jpg\",\"contentUrl\":\"https:\\\/\\\/agpvalvulas.com\\\/wp-content\\\/uploads\\\/2017\\\/01\\\/LOGOAGP-TIF.jpg\",\"width\":345,\"height\":168,\"caption\":\"AGP V\u00e1lvulas\"},\"image\":{\"@id\":\"https:\\\/\\\/agpvalvulas.com\\\/fr\\\/#\\\/schema\\\/logo\\\/image\\\/\"}}]}<\/script>\n<!-- \/ Yoast SEO plugin. -->","yoast_head_json":{"title":"Ventosa Triple acci\u00f3 2\" - AGP V\u00e1lvulas","robots":{"index":"index","follow":"follow","max-snippet":"max-snippet:-1","max-image-preview":"max-image-preview:large","max-video-preview":"max-video-preview:-1"},"canonical":"https:\/\/agpvalvulas.com\/ca\/producte\/valvules-manuals\/ventosa-triple-accio-2\/","og_locale":"ca_ES","og_type":"article","og_title":"Ventosa Triple acci\u00f3 2\" - AGP V\u00e1lvulas","og_description":"Descripci\u00f3 Aquesta v\u00e0lvula ha esta concebuda per a una desc\u00e0rrega efica\u00e7 de grans volums d'aire presents en petites xarxes d'aigua, dip\u00f2sits i d'altres dispositius on la pres\u00e8ncia d'aire dins del sistema pot afectar-ne negativament el funcionament.  La v\u00e0lvula \u00e9s apropiada per:   Evacuar r\u00e0pidament l'aire durant l'ompliment inicial dels sistemes.  Introduir aire durant el drenatge de les canonades, mantenint la pressi\u00f3 a l'interior i impedint-ne el col\u00b7lapse i els danys produ\u00efts per la cavitaci\u00f3.  Seguir evacuant les bosses d'aire tot i que el sistema estigui pressuritzat.   Descarregar PDF caracter\u00edstiques i dimensions","og_url":"https:\/\/agpvalvulas.com\/ca\/producte\/valvules-manuals\/ventosa-triple-accio-2\/","og_site_name":"AGP V\u00e1lvulas","article_modified_time":"2017-01-26T16:10:45+00:00","og_image":[{"width":600,"height":600,"url":"https:\/\/agpvalvulas.com\/wp-content\/uploads\/2017\/01\/VENTOSA-TRIFUNCIONAL-2-024-124-224-324.jpg","type":"image\/jpeg"}],"twitter_card":"summary_large_image","schema":{"@context":"https:\/\/schema.org","@graph":[{"@type":"WebPage","@id":"https:\/\/agpvalvulas.com\/ca\/producte\/valvules-manuals\/ventosa-triple-accio-2\/","url":"https:\/\/agpvalvulas.com\/ca\/producte\/valvules-manuals\/ventosa-triple-accio-2\/","name":"Ventosa Triple acci\u00f3 2\" - AGP V\u00e1lvulas","isPartOf":{"@id":"https:\/\/agpvalvulas.com\/fr\/#website"},"primaryImageOfPage":{"@id":"https:\/\/agpvalvulas.com\/ca\/producte\/valvules-manuals\/ventosa-triple-accio-2\/#primaryimage"},"image":{"@id":"https:\/\/agpvalvulas.com\/ca\/producte\/valvules-manuals\/ventosa-triple-accio-2\/#primaryimage"},"thumbnailUrl":"https:\/\/agpvalvulas.com\/wp-content\/uploads\/2017\/01\/VENTOSA-TRIFUNCIONAL-2-024-124-224-324.jpg","datePublished":"2017-01-26T16:08:54+00:00","dateModified":"2017-01-26T16:10:45+00:00","breadcrumb":{"@id":"https:\/\/agpvalvulas.com\/ca\/producte\/valvules-manuals\/ventosa-triple-accio-2\/#breadcrumb"},"inLanguage":"ca","potentialAction":[{"@type":"ReadAction","target":["https:\/\/agpvalvulas.com\/ca\/producte\/valvules-manuals\/ventosa-triple-accio-2\/"]}]},{"@type":"ImageObject","inLanguage":"ca","@id":"https:\/\/agpvalvulas.com\/ca\/producte\/valvules-manuals\/ventosa-triple-accio-2\/#primaryimage","url":"https:\/\/agpvalvulas.com\/wp-content\/uploads\/2017\/01\/VENTOSA-TRIFUNCIONAL-2-024-124-224-324.jpg","contentUrl":"https:\/\/agpvalvulas.com\/wp-content\/uploads\/2017\/01\/VENTOSA-TRIFUNCIONAL-2-024-124-224-324.jpg","width":600,"height":600},{"@type":"BreadcrumbList","@id":"https:\/\/agpvalvulas.com\/ca\/producte\/valvules-manuals\/ventosa-triple-accio-2\/#breadcrumb","itemListElement":[{"@type":"ListItem","position":1,"name":"Portada","item":"https:\/\/agpvalvulas.com\/ca\/"},{"@type":"ListItem","position":2,"name":"Produits","item":"https:\/\/agpvalvulas.com\/fr\/produits\/"},{"@type":"ListItem","position":3,"name":"Ventosa Triple acci\u00f3 2&#8243;"}]},{"@type":"WebSite","@id":"https:\/\/agpvalvulas.com\/fr\/#website","url":"https:\/\/agpvalvulas.com\/fr\/","name":"AGP V\u00e1lvulas","description":"AGP V\u00e1lvulas","publisher":{"@id":"https:\/\/agpvalvulas.com\/fr\/#organization"},"potentialAction":[{"@type":"SearchAction","target":{"@type":"EntryPoint","urlTemplate":"https:\/\/agpvalvulas.com\/fr\/?s={search_term_string}"},"query-input":{"@type":"PropertyValueSpecification","valueRequired":true,"valueName":"search_term_string"}}],"inLanguage":"ca"},{"@type":"Organization","@id":"https:\/\/agpvalvulas.com\/fr\/#organization","name":"AGP V\u00e1lvulas","url":"https:\/\/agpvalvulas.com\/fr\/","logo":{"@type":"ImageObject","inLanguage":"ca","@id":"https:\/\/agpvalvulas.com\/fr\/#\/schema\/logo\/image\/","url":"https:\/\/agpvalvulas.com\/wp-content\/uploads\/2017\/01\/LOGOAGP-TIF.jpg","contentUrl":"https:\/\/agpvalvulas.com\/wp-content\/uploads\/2017\/01\/LOGOAGP-TIF.jpg","width":345,"height":168,"caption":"AGP V\u00e1lvulas"},"image":{"@id":"https:\/\/agpvalvulas.com\/fr\/#\/schema\/logo\/image\/"}}]}},"_links":{"self":[{"href":"https:\/\/agpvalvulas.com\/ca\/wp-json\/wp\/v2\/product\/7887","targetHints":{"allow":["GET"]}}],"collection":[{"href":"https:\/\/agpvalvulas.com\/ca\/wp-json\/wp\/v2\/product"}],"about":[{"href":"https:\/\/agpvalvulas.com\/ca\/wp-json\/wp\/v2\/types\/product"}],"replies":[{"embeddable":true,"href":"https:\/\/agpvalvulas.com\/ca\/wp-json\/wp\/v2\/comments?post=7887"}],"wp:featuredmedia":[{"embeddable":true,"href":"https:\/\/agpvalvulas.com\/ca\/wp-json\/wp\/v2\/media\/8078"}],"wp:attachment":[{"href":"https:\/\/agpvalvulas.com\/ca\/wp-json\/wp\/v2\/media?parent=7887"}],"wp:term":[{"taxonomy":"product_brand","embeddable":true,"href":"https:\/\/agpvalvulas.com\/ca\/wp-json\/wp\/v2\/product_brand?post=7887"},{"taxonomy":"product_cat","embeddable":true,"href":"https:\/\/agpvalvulas.com\/ca\/wp-json\/wp\/v2\/product_cat?post=7887"},{"taxonomy":"product_tag","embeddable":true,"href":"https:\/\/agpvalvulas.com\/ca\/wp-json\/wp\/v2\/product_tag?post=7887"}],"curies":[{"name":"wp","href":"https:\/\/api.w.org\/{rel}","templated":true}]}}