{"id":6400,"date":"2014-06-06T09:14:07","date_gmt":"2014-06-06T09:14:07","guid":{"rendered":"https:\/\/agpvalvulas.com\/datos-tecnicos-2\/"},"modified":"2023-03-28T09:17:49","modified_gmt":"2023-03-28T09:17:49","slug":"specifications-techniques","status":"publish","type":"page","link":"https:\/\/agpvalvulas.com\/fr\/specifications-techniques\/","title":{"rendered":"Sp\u00e9cifications techniques"},"content":{"rendered":"<div class=\"wpb-content-wrapper\"><p>[vc_row][vc_column width=\u00a0\u00bb1\/3&Prime;]<div id=\"ultimate-heading-783369e34417e6a45\" class=\"uvc-heading ult-adjust-bottom-margin ultimate-heading-783369e34417e6a45 uvc-674  uvc-heading-default-font-sizes\" data-hspacer=\"line_only\"  data-halign=\"left\" style=\"text-align:left\"><div class=\"uvc-main-heading ult-responsive\"  data-ultimate-target='.uvc-heading.ultimate-heading-783369e34417e6a45 h3'  data-responsive-json-new='{\"font-size\":\"\",\"line-height\":\"\"}' ><h3 style=\"font-family:&#039;Lato&#039;;--font-weight:theme;\">Fonctions<\/h3><\/div><div class=\"uvc-heading-spacer line_only\" style=\"margin-top:15px;margin-bottom:30px;height:2px;\"><span class=\"uvc-headings-line\" style=\"border-style:solid;border-bottom-width:2px;border-color:#f0f0ee;width:autopx;\"><\/span><\/div><div class=\"uvc-sub-heading ult-responsive\"  data-ultimate-target='.uvc-heading.ultimate-heading-783369e34417e6a45 .uvc-sub-heading '  data-responsive-json-new='{\"font-size\":\"\",\"line-height\":\"\"}'  style=\"font-weight:normal;\">Les vannes hydrauliques sont utilis\u00e9es pour de nombreuses<br \/>\napplications en irrigation, distribution d&rsquo;eau ou industrie.<\/p>\n<p>Une vanne hydraulique peut avoir plusieurs fonctions selon son \u00e9quipement:<\/p>\n<p>&nbsp;<\/p>\n<p><span class=\"normalnegra\">\u00a0<\/span><\/div><\/div><div class=\"standard-arrow bullet-top\"><ul>\n<li>Vanne manuelle<\/li>\n<li>Vanne \u00e9lectrique<\/li>\n<li>R\u00e9gulateur de pression amont ou aval<\/li>\n<li>Vanne de s\u00e9curit\u00e9<\/li>\n<li>Etc.<\/li>\n<\/ul>\n<\/div>[vc_empty_space][\/vc_column][vc_column width=\u00a0\u00bb1\/3&Prime;]<div id=\"ultimate-heading-578569e34417e6c0a\" class=\"uvc-heading ult-adjust-bottom-margin ultimate-heading-578569e34417e6c0a uvc-3036  uvc-heading-default-font-sizes\" data-hspacer=\"line_only\"  data-halign=\"left\" style=\"text-align:left\"><div class=\"uvc-main-heading ult-responsive\"  data-ultimate-target='.uvc-heading.ultimate-heading-578569e34417e6c0a h3'  data-responsive-json-new='{\"font-size\":\"\",\"line-height\":\"\"}' ><h3 style=\"font-family:&#039;Lato&#039;;font-weight:normal;font-style:normal;\">Caract\u00e9ristiques techniques<\/h3><\/div><div class=\"uvc-heading-spacer line_only\" style=\"margin-top:15px;margin-bottom:30px;height:2px;\"><span class=\"uvc-headings-line\" style=\"border-style:solid;border-bottom-width:2px;border-color:#f0f0ee;width:autopx;\"><\/span><\/div><\/div><div class=\"standard-arrow bullet-top\"><ul>\n<li>Mat\u00e9riel vannes m\u00e9talliques: Fonte GG25<\/li>\n<li>Mat\u00e9riel vannes plastique: PA 66 avec fibre de verre<\/li>\n<li>Peinture : Resine polyester durcie au four<\/li>\n<li>Pression de sen\/ice max.: 16 bar.<\/li>\n<li>Membrane : Neoprene.<\/li>\n<li>Vannes taraud\u00e9es: BSP, NPT sur demande<\/li>\n<li>Diam\u00e9tres: 1 1\/2&Prime;, 2&Prime;, 2 1\/2&Prime;, 3&Prime; et 4&Prime;<\/li>\n<li>Vannes victaulic: 2\u201d, 3\u201d et 4\u201d<\/li>\n<li>Brides: DIN 2576, autres sur demande<\/li>\n<li>Diam\u00e9tres: DN80, DN100, DN125, DN150, DN200, DN250 et DN300<\/li>\n<\/ul>\n<\/div>[vc_empty_space][\/vc_column][vc_column width=\u00a0\u00bb1\/3&Prime;]<div id=\"ultimate-heading-489769e34417e6d3c\" class=\"uvc-heading ult-adjust-bottom-margin ultimate-heading-489769e34417e6d3c uvc-8846  uvc-heading-default-font-sizes\" data-hspacer=\"line_only\"  data-halign=\"left\" style=\"text-align:left\"><div class=\"uvc-main-heading ult-responsive\"  data-ultimate-target='.uvc-heading.ultimate-heading-489769e34417e6d3c h3'  data-responsive-json-new='{\"font-size\":\"\",\"line-height\":\"\"}' ><h3 style=\"--font-weight:theme;\">Avantages<\/h3><\/div><div class=\"uvc-heading-spacer line_only\" style=\"margin-top:15px;margin-bottom:30px;height:2px;\"><span class=\"uvc-headings-line\" style=\"border-style:solid;border-bottom-width:2px;border-color:#f0f0ee;width:autopx;\"><\/span><\/div><\/div><div class=\"standard-arrow bullet-top\"><ul>\n<li>Faible perte de charge<\/li>\n<li>Entretien facile<\/li>\n<li>Simplicit\u00e9 de construction<\/li>\n<li>Basse vitesse d&rsquo;ouverture et fermeture lente pour \u00e9viter le coup de b\u00e9lier<\/li>\n<li>Absence de turbulance gr\u00e2ce \u00e0 son profil hydrodinamique.<\/li>\n<li>Grande solidit<\/li>\n<li>Peinture en polyester qui \u00e9vite la corrosion<\/li>\n<li>Ressort en acier inox.<\/li>\n<li>Possibilit\u00e9 de travailler avec des eaux us\u00e9es<\/li>\n<\/ul>\n<\/div>[vc_empty_space][\/vc_column][\/vc_row][vc_row css=\u00a0\u00bb.vc_custom_1679919800277{margin-top: 30px !important;}\u00a0\u00bb][vc_column][vc_single_image image=\u00a0\u00bb5901&Prime; img_size=\u00a0\u00bbfull\u00a0\u00bb alignment=\u00a0\u00bbcenter\u00a0\u00bb image_hovers=\u00a0\u00bbfalse\u00a0\u00bb][\/vc_column][\/vc_row]<\/p>\n<\/div>","protected":false},"excerpt":{"rendered":"<p>[vc_row][vc_column width=\u00a0\u00bb1\/3&Prime;][vc_empty_space][\/vc_column][vc_column width=\u00a0\u00bb1\/3&Prime;][vc_empty_space][\/vc_column][vc_column width=\u00a0\u00bb1\/3&Prime;][vc_empty_space][\/vc_column][\/vc_row][vc_row css=\u00a0\u00bb.vc_custom_1679919800277{margin-top: 30px !important;}\u00a0\u00bb][vc_column][vc_single_image image=\u00a0\u00bb5901&Prime; img_size=\u00a0\u00bbfull\u00a0\u00bb alignment=\u00a0\u00bbcenter\u00a0\u00bb image_hovers=\u00a0\u00bbfalse\u00a0\u00bb][\/vc_column][\/vc_row]<\/p>\n","protected":false},"author":1,"featured_media":0,"parent":0,"menu_order":0,"comment_status":"closed","ping_status":"open","template":"","meta":{"footnotes":""},"class_list":["post-6400","page","type-page","status-publish","hentry","description-off"],"yoast_head":"<!-- This site is optimized with the Yoast SEO plugin v25.5 - https:\/\/yoast.com\/wordpress\/plugins\/seo\/ -->\n<title>Sp\u00e9cifications techniques - AGP V\u00e1lvulas<\/title>\n<meta name=\"robots\" content=\"index, follow, max-snippet:-1, max-image-preview:large, max-video-preview:-1\" \/>\n<link rel=\"canonical\" href=\"https:\/\/agpvalvulas.com\/fr\/specifications-techniques\/\" \/>\n<meta property=\"og:locale\" content=\"fr_FR\" \/>\n<meta property=\"og:type\" content=\"article\" \/>\n<meta property=\"og:title\" content=\"Sp\u00e9cifications techniques - AGP V\u00e1lvulas\" \/>\n<meta property=\"og:description\" content=\"[vc_row][vc_column width=\u00a0\u00bb1\/3&Prime;][vc_empty_space][\/vc_column][vc_column width=\u00a0\u00bb1\/3&Prime;][vc_empty_space][\/vc_column][vc_column width=\u00a0\u00bb1\/3&Prime;][vc_empty_space][\/vc_column][\/vc_row][vc_row css=\u00a0\u00bb.vc_custom_1679919800277{margin-top: 30px !important;}\u00a0\u00bb][vc_column][vc_single_image image=\u00a0\u00bb5901&Prime; img_size=\u00a0\u00bbfull\u00a0\u00bb alignment=\u00a0\u00bbcenter\u00a0\u00bb image_hovers=\u00a0\u00bbfalse\u00a0\u00bb][\/vc_column][\/vc_row]\" \/>\n<meta property=\"og:url\" content=\"https:\/\/agpvalvulas.com\/fr\/specifications-techniques\/\" \/>\n<meta property=\"og:site_name\" content=\"AGP V\u00e1lvulas\" \/>\n<meta property=\"article:modified_time\" content=\"2023-03-28T09:17:49+00:00\" \/>\n<meta name=\"twitter:card\" content=\"summary_large_image\" \/>\n<meta name=\"twitter:label1\" content=\"Dur\u00e9e de lecture estim\u00e9e\" \/>\n\t<meta name=\"twitter:data1\" content=\"1 minute\" \/>\n<script type=\"application\/ld+json\" class=\"yoast-schema-graph\">{\"@context\":\"https:\/\/schema.org\",\"@graph\":[{\"@type\":\"WebPage\",\"@id\":\"https:\/\/agpvalvulas.com\/fr\/specifications-techniques\/\",\"url\":\"https:\/\/agpvalvulas.com\/fr\/specifications-techniques\/\",\"name\":\"Sp\u00e9cifications techniques - AGP V\u00e1lvulas\",\"isPartOf\":{\"@id\":\"https:\/\/agpvalvulas.com\/fr\/#website\"},\"datePublished\":\"2014-06-06T09:14:07+00:00\",\"dateModified\":\"2023-03-28T09:17:49+00:00\",\"breadcrumb\":{\"@id\":\"https:\/\/agpvalvulas.com\/fr\/specifications-techniques\/#breadcrumb\"},\"inLanguage\":\"fr-FR\",\"potentialAction\":[{\"@type\":\"ReadAction\",\"target\":[\"https:\/\/agpvalvulas.com\/fr\/specifications-techniques\/\"]}]},{\"@type\":\"BreadcrumbList\",\"@id\":\"https:\/\/agpvalvulas.com\/fr\/specifications-techniques\/#breadcrumb\",\"itemListElement\":[{\"@type\":\"ListItem\",\"position\":1,\"name\":\"Portada\",\"item\":\"https:\/\/agpvalvulas.com\/fr\/\"},{\"@type\":\"ListItem\",\"position\":2,\"name\":\"Sp\u00e9cifications techniques\"}]},{\"@type\":\"WebSite\",\"@id\":\"https:\/\/agpvalvulas.com\/fr\/#website\",\"url\":\"https:\/\/agpvalvulas.com\/fr\/\",\"name\":\"AGP V\u00e1lvulas\",\"description\":\"AGP V\u00e1lvulas\",\"publisher\":{\"@id\":\"https:\/\/agpvalvulas.com\/fr\/#organization\"},\"potentialAction\":[{\"@type\":\"SearchAction\",\"target\":{\"@type\":\"EntryPoint\",\"urlTemplate\":\"https:\/\/agpvalvulas.com\/fr\/?s={search_term_string}\"},\"query-input\":{\"@type\":\"PropertyValueSpecification\",\"valueRequired\":true,\"valueName\":\"search_term_string\"}}],\"inLanguage\":\"fr-FR\"},{\"@type\":\"Organization\",\"@id\":\"https:\/\/agpvalvulas.com\/fr\/#organization\",\"name\":\"AGP V\u00e1lvulas\",\"url\":\"https:\/\/agpvalvulas.com\/fr\/\",\"logo\":{\"@type\":\"ImageObject\",\"inLanguage\":\"fr-FR\",\"@id\":\"https:\/\/agpvalvulas.com\/fr\/#\/schema\/logo\/image\/\",\"url\":\"https:\/\/agpvalvulas.com\/wp-content\/uploads\/2017\/01\/LOGOAGP-TIF.jpg\",\"contentUrl\":\"https:\/\/agpvalvulas.com\/wp-content\/uploads\/2017\/01\/LOGOAGP-TIF.jpg\",\"width\":345,\"height\":168,\"caption\":\"AGP V\u00e1lvulas\"},\"image\":{\"@id\":\"https:\/\/agpvalvulas.com\/fr\/#\/schema\/logo\/image\/\"}}]}<\/script>\n<!-- \/ Yoast SEO plugin. -->","yoast_head_json":{"title":"Sp\u00e9cifications techniques - AGP V\u00e1lvulas","robots":{"index":"index","follow":"follow","max-snippet":"max-snippet:-1","max-image-preview":"max-image-preview:large","max-video-preview":"max-video-preview:-1"},"canonical":"https:\/\/agpvalvulas.com\/fr\/specifications-techniques\/","og_locale":"fr_FR","og_type":"article","og_title":"Sp\u00e9cifications techniques - AGP V\u00e1lvulas","og_description":"[vc_row][vc_column width=\u00a0\u00bb1\/3&Prime;][vc_empty_space][\/vc_column][vc_column width=\u00a0\u00bb1\/3&Prime;][vc_empty_space][\/vc_column][vc_column width=\u00a0\u00bb1\/3&Prime;][vc_empty_space][\/vc_column][\/vc_row][vc_row css=\u00a0\u00bb.vc_custom_1679919800277{margin-top: 30px !important;}\u00a0\u00bb][vc_column][vc_single_image image=\u00a0\u00bb5901&Prime; img_size=\u00a0\u00bbfull\u00a0\u00bb alignment=\u00a0\u00bbcenter\u00a0\u00bb image_hovers=\u00a0\u00bbfalse\u00a0\u00bb][\/vc_column][\/vc_row]","og_url":"https:\/\/agpvalvulas.com\/fr\/specifications-techniques\/","og_site_name":"AGP V\u00e1lvulas","article_modified_time":"2023-03-28T09:17:49+00:00","twitter_card":"summary_large_image","twitter_misc":{"Dur\u00e9e de lecture estim\u00e9e":"1 minute"},"schema":{"@context":"https:\/\/schema.org","@graph":[{"@type":"WebPage","@id":"https:\/\/agpvalvulas.com\/fr\/specifications-techniques\/","url":"https:\/\/agpvalvulas.com\/fr\/specifications-techniques\/","name":"Sp\u00e9cifications techniques - AGP V\u00e1lvulas","isPartOf":{"@id":"https:\/\/agpvalvulas.com\/fr\/#website"},"datePublished":"2014-06-06T09:14:07+00:00","dateModified":"2023-03-28T09:17:49+00:00","breadcrumb":{"@id":"https:\/\/agpvalvulas.com\/fr\/specifications-techniques\/#breadcrumb"},"inLanguage":"fr-FR","potentialAction":[{"@type":"ReadAction","target":["https:\/\/agpvalvulas.com\/fr\/specifications-techniques\/"]}]},{"@type":"BreadcrumbList","@id":"https:\/\/agpvalvulas.com\/fr\/specifications-techniques\/#breadcrumb","itemListElement":[{"@type":"ListItem","position":1,"name":"Portada","item":"https:\/\/agpvalvulas.com\/fr\/"},{"@type":"ListItem","position":2,"name":"Sp\u00e9cifications techniques"}]},{"@type":"WebSite","@id":"https:\/\/agpvalvulas.com\/fr\/#website","url":"https:\/\/agpvalvulas.com\/fr\/","name":"AGP V\u00e1lvulas","description":"AGP V\u00e1lvulas","publisher":{"@id":"https:\/\/agpvalvulas.com\/fr\/#organization"},"potentialAction":[{"@type":"SearchAction","target":{"@type":"EntryPoint","urlTemplate":"https:\/\/agpvalvulas.com\/fr\/?s={search_term_string}"},"query-input":{"@type":"PropertyValueSpecification","valueRequired":true,"valueName":"search_term_string"}}],"inLanguage":"fr-FR"},{"@type":"Organization","@id":"https:\/\/agpvalvulas.com\/fr\/#organization","name":"AGP V\u00e1lvulas","url":"https:\/\/agpvalvulas.com\/fr\/","logo":{"@type":"ImageObject","inLanguage":"fr-FR","@id":"https:\/\/agpvalvulas.com\/fr\/#\/schema\/logo\/image\/","url":"https:\/\/agpvalvulas.com\/wp-content\/uploads\/2017\/01\/LOGOAGP-TIF.jpg","contentUrl":"https:\/\/agpvalvulas.com\/wp-content\/uploads\/2017\/01\/LOGOAGP-TIF.jpg","width":345,"height":168,"caption":"AGP V\u00e1lvulas"},"image":{"@id":"https:\/\/agpvalvulas.com\/fr\/#\/schema\/logo\/image\/"}}]}},"_links":{"self":[{"href":"https:\/\/agpvalvulas.com\/fr\/wp-json\/wp\/v2\/pages\/6400","targetHints":{"allow":["GET"]}}],"collection":[{"href":"https:\/\/agpvalvulas.com\/fr\/wp-json\/wp\/v2\/pages"}],"about":[{"href":"https:\/\/agpvalvulas.com\/fr\/wp-json\/wp\/v2\/types\/page"}],"author":[{"embeddable":true,"href":"https:\/\/agpvalvulas.com\/fr\/wp-json\/wp\/v2\/users\/1"}],"replies":[{"embeddable":true,"href":"https:\/\/agpvalvulas.com\/fr\/wp-json\/wp\/v2\/comments?post=6400"}],"version-history":[{"count":5,"href":"https:\/\/agpvalvulas.com\/fr\/wp-json\/wp\/v2\/pages\/6400\/revisions"}],"predecessor-version":[{"id":6407,"href":"https:\/\/agpvalvulas.com\/fr\/wp-json\/wp\/v2\/pages\/6400\/revisions\/6407"}],"wp:attachment":[{"href":"https:\/\/agpvalvulas.com\/fr\/wp-json\/wp\/v2\/media?parent=6400"}],"curies":[{"name":"wp","href":"https:\/\/api.w.org\/{rel}","templated":true}]}}