{"id":7555,"date":"2014-06-06T11:38:37","date_gmt":"2014-06-06T11:38:37","guid":{"rendered":"https:\/\/agpvalvulas.com\/fr\/mas-informacion-sobre-las-cookies\/"},"modified":"2023-03-28T09:28:57","modified_gmt":"2023-03-28T09:28:57","slug":"plus-dinformations-sur-les-cookies","status":"publish","type":"page","link":"https:\/\/agpvalvulas.com\/fr\/plus-dinformations-sur-les-cookies\/","title":{"rendered":"Plus d&rsquo;informations sur les cookies"},"content":{"rendered":"<div class=\"wpb-content-wrapper\"><div class=\"full_width\">\n<div class=\"full_width_inner\">\n<div class=\"vc_row wpb_row section vc_row-fluid grid_section\">\n<div class=\" section_inner clearfix\">\n<div class=\"section_inner_margin clearfix\">\n<div class=\"wpb_column vc_column_container vc_col-sm-12\">\n<div class=\"vc_column-inner \">\n<div class=\"wpb_wrapper\">\n<div class=\"wpb_text_column wpb_content_element \">\n<div class=\"wpb_wrapper\">\n<h3>Qu\u2019est-ce qu\u2019un cookie\u00a0?<\/h3>\n<p>Un <em>cookie<\/em> est un fichier texte <strong>inoffensif<\/strong> qui est stock\u00e9 dans votre navigateur lorsque vous visitez la plupart des sites web. L\u2019utilit\u00e9 du <em>cookie<\/em> repose sur la capacit\u00e9 d\u2019un site \u00e0 vous reconna\u00eetre lorsque vous visitez \u00e0 nouveau ce site. Toutefois, de nombreuses personnes ne savent pas que les <em>cookies<\/em> existent depuis le lancement du premier navigateur pour le World Wide Web, il y a 20 ans.<\/p>\n<h3>Qu\u2019est-ce que n\u2019est pas un <em>cookie<\/em>?<\/h3>\n<p>Un cookie n\u2019est ni un virus, ni un cheval de Troie, ni un ver, ni un spam, ni un logiciel espion, ni une fen\u00eatre pop-up.<\/p>\n<h3>Quelles informations stocke un <em>cookie\u00a0<\/em>?<\/h3>\n<p>Les <em>cookies<\/em> ne stockent g\u00e9n\u00e9ralement pas d\u2019informations sensibles vous concernant, telles que des donn\u00e9es de carte de cr\u00e9dit ou de compte bancaire, des photographies, votre carte d\u2019identit\u00e9 ou vos informations personnelles, etc.Les informations conserv\u00e9es consistent en des donn\u00e9es techniques, des pr\u00e9f\u00e9rences personnelles, des donn\u00e9es de personnalisation de contenus, etc.<\/p>\n<p>Le serveur web ne vous associe pas en tant que personne mais par votre navigateur web.En effet, si vous naviguez habituellement avec Internet Explorer et essayez de naviguer sur le m\u00eame site web avec Firefox ou Chrome, vous constaterez qu\u2019Internet ne vous identifie pas comme \u00e9tant la m\u00eame personne, car vous \u00eates en r\u00e9alit\u00e9 associ\u00e9 au navigateur, et non pas en tant que personne.<\/p>\n<h3>Quels types de <em>cookies<\/em> existe-t-il\u00a0?<\/h3>\n<ul>\n<li><em>Cookies<\/em> techniques\u00a0:Ce sont les plus \u00e9l\u00e9mentaires. Ils permettent, entre autres, de distinguer un \u00eatre humain d\u2019une application automatis\u00e9e, un utilisateur anonyme d\u2019un membre inscrit, en effectuant des t\u00e2ches \u00e9l\u00e9mentaires destin\u00e9es \u00e0 faire fonctionner tout site dynamique.<\/li>\n<li><em>Cookies<\/em> d\u2019analyse\u00a0:Ils permettent de collecter des informations sur le type de navigation, les rubriques les plus utilis\u00e9es, les produits consult\u00e9s, les plages horaires d\u2019utilisation, la langue, etc.<\/li>\n<li><em>Cookies<\/em> publicitaires\u00a0:Ils affichent des publicit\u00e9s sur la base des donn\u00e9es de navigation, du pays d\u2019origine, de la langue, etc.<\/li>\n<\/ul>\n<h3>Quelle est la diff\u00e9rence entre <em>cookies<\/em> propres et cookies tiers\u00a0?<\/h3>\n<p>Les <em>cookies propres<\/em> sont g\u00e9n\u00e9r\u00e9s par le site que vous \u00eates en train de consulter, tandis que les cookies tiers sont g\u00e9n\u00e9r\u00e9s par des prestataires externes tels que Facebook, Twitter, Google, etc.<\/p>\n<h3>Que se passe-t-il si je d\u00e9sactive les <em>cookies\u00a0<\/em>?<\/h3>\n<p>Voici quelques exemples des cons\u00e9quences de la d\u00e9sactivation des <em>cookies<\/em>\u00a0:<\/p>\n<ul>\n<li>Vous ne pouvez pas partager le contenu du pr\u00e9sent site web sur Facebook, Twitter ou tout autre r\u00e9seau social.<\/li>\n<li>Le site n\u2019adaptera pas le contenu \u00e0 vos pr\u00e9f\u00e9rences personnelles, comme cela est souvent le cas sur les boutiques en ligne.<\/li>\n<li>Vous ne pouvez pas acc\u00e9der aux espaces personnels du site, tels que Mon compte ou Mon profil, ou Mes commandes.<\/li>\n<li>Boutiques en ligne\u00a0:Il vous sera impossible d\u2019effectuer des achats en ligne. Vous devrez le faire par t\u00e9l\u00e9phone ou en vous rendant dans une boutique physique, le cas \u00e9ch\u00e9ant.<\/li>\n<li>Il sera impossible de personnaliser vos pr\u00e9f\u00e9rences g\u00e9ographiques telles que le fuseau horaire, la devise ou la langue.<\/li>\n<li>Le site web ne peut pas effectuer l\u2019analyse des donn\u00e9es relatives aux internautes et au trafic web, emp\u00eachant ainsi le site d\u2019\u00eatre comp\u00e9titif.<\/li>\n<li>Vous ne pouvez pas publier sur le blog, vous ne pouvez pas t\u00e9l\u00e9charger des photos, poster des commentaires, \u00e9valuer ou noter des contenus.Le site ne pourra pas savoir si vous \u00eates un \u00eatre humain ou une application automatis\u00e9e publiant du spam.<\/li>\n<li>Aucune publicit\u00e9 ne pourra \u00eatre affich\u00e9e, ce qui r\u00e9duira les revenus g\u00e9n\u00e9r\u00e9s depuis le site.<\/li>\n<li>Tous les r\u00e9seaux sociaux utilisent des <em>cookies<\/em>. S\u2019ils sont d\u00e9sactiv\u00e9s, vous ne pourrez utiliser aucun r\u00e9seau social.<\/li>\n<\/ul>\n<h3>Les <em>cookies<\/em> peuvent-ils \u00eatre supprim\u00e9s\u00a0?<\/h3>\n<p>Oui.Vous pouvez non seulement les supprimer, mais \u00e9galement les bloquer, d\u2019une fa\u00e7on g\u00e9n\u00e9rale ou pour un nom de domaine sp\u00e9cifique en particulier.<\/p>\n<p>Pour supprimer les <em>cookies<\/em> d\u2019un site web, vous devez acc\u00e9der au menu de configuration de votre navigateur\u00a0; vous y trouverez le nom de domaine associ\u00e9 en question et pourrez proc\u00e9der \u00e0 sa suppression.<\/p>\n<h3 id=\"navegadores\">R\u00e9glage des <em>cookies<\/em> pour les navigateurs les plus populaires<\/h3>\n<p>Voici comment acc\u00e9der \u00e0 un <em>cookie<\/em> sp\u00e9cifique en cas d\u2019utilisation du navigateur <strong>Chrome<\/strong>.Remarque\u00a0: Ces \u00e9tapes peuvent varier en fonction de la version du navigateur\u00a0:<\/p>\n<ol>\n<li>S\u00e9lectionnez R\u00e9glages ou Pr\u00e9f\u00e9rences dans le menu Fichier ou en cliquant sur l\u2019ic\u00f4ne de personnalisation situ\u00e9 en haut \u00e0 droite.<\/li>\n<li>Diverses rubriques s\u2019affichent, cliquez sur Options avanc\u00e9es.<\/li>\n<li>S\u00e9lectionnez Confidentialit\u00e9, puis R\u00e9glage des contenus.<\/li>\n<li>S\u00e9lectionnez Tous les <em>cookies<\/em> et Toutes les donn\u00e9es de sites.<\/li>\n<li>Une liste de tous les <em>cookies<\/em> class\u00e9s par nom de domaine s\u2019affiche.Pour vous faciliter la recherche des <em>cookies<\/em>, saisissez un nom de domaine sp\u00e9cifique ou une partie de l\u2019adresse dans la barre de recherche de <em>cookies<\/em>.<\/li>\n<li>Gr\u00e2ce \u00e0 ce filtre, les <em>cookies<\/em> du site s\u2019affichent \u00e0 l\u2019\u00e9cran sur une ou plusieurs lignes.Vous n\u2019avez plus qu\u2019\u00e0 les s\u00e9lectionner et \u00e0 cliquer sur X pour proc\u00e9der \u00e0 leur suppression.<\/li>\n<\/ol>\n<p>Pour acc\u00e9der aux r\u00e9glages des <em>cookies<\/em> sur le navigateur <strong>Internet Explorer<\/strong> suivez les \u00e9tapes suivantes (ces \u00e9tapes peuvent varier en fonction de la version du navigateur)\u00a0:<\/p>\n<ol>\n<li>S\u00e9lectionnez Outils, puis Options d\u2019Internet<\/li>\n<li>Cliquez sur Confidentialit\u00e9.<\/li>\n<li>D\u00e9placez le curseur pour ajuster le degr\u00e9 de protection de la confidentialit\u00e9, \u00e0 votre convenance.<\/li>\n<\/ol>\n<p>Pour acc\u00e9der aux r\u00e9glages des <em>cookies<\/em> sur le navigateur <strong>Firefox<\/strong>, suivez les \u00e9tapes suivantes (ces \u00e9tapes peuvent varier en fonction de la version du navigateur)\u00a0:<\/p>\n<ol>\n<li>S\u00e9lectionnez Options ou Pr\u00e9f\u00e9rences selon le syst\u00e8me d\u2019exploitation que vous poss\u00e9dez.<\/li>\n<li>Cliquez sur Confidentialit\u00e9.<\/li>\n<li>Dans Historique, s\u00e9lectionnez R\u00e9glages personnalis\u00e9s d\u2019utilisation de l\u2019historique.<\/li>\n<li>L\u2019option Accepter les <em>cookies<\/em> s\u2019affiche. Vous pouvez y activer ou d\u00e9sactiver les cookies, \u00e0 votre convenance.<\/li>\n<\/ol>\n<p>Pour acc\u00e9der aux r\u00e9glages des <em>cookies<\/em> sur le navigateur <strong>Safari pour OSX<\/strong>, suivez les \u00e9tapes suivantes (ces \u00e9tapes peuvent varier en fonction de la version du navigateur)\u00a0:<\/p>\n<ol>\n<li>S\u00e9lectionnez Pr\u00e9f\u00e9rences, puis cliquez sur Confidentialit\u00e9.<\/li>\n<li>L\u2019option Bloquer les <em>cookies<\/em> s\u2019affiche. Vous pouvez y ajuster le type de blocage \u00e0 appliquer.<\/li>\n<\/ol>\n<p>Pour acc\u00e9der aux r\u00e9glages des <em>cookies<\/em> sur le navigateur <strong>Safari pour iOS<\/strong>, suivez les \u00e9tapes suivantes (ces \u00e9tapes peuvent varier en fonction de la version du navigateur)\u00a0:<\/p>\n<ol>\n<li>S\u00e9lectionnez R\u00e9glages, puis cliquez sur Safari.<\/li>\n<li>S\u00e9lectionnez Confidentialit\u00e9 et S\u00e9curit\u00e9. L\u2019option Bloquer les <em>cookies<\/em> s\u2019affiche. Vous pouvez y ajuster le type de blocage \u00e0 appliquer.<\/li>\n<\/ol>\n<p>Pour acc\u00e9der aux r\u00e9glages des <em>cookies<\/em> sur le navigateur des appareils <strong>Android<\/strong>, suivez les \u00e9tapes suivantes (ces \u00e9tapes peuvent varier en fonction de la version du navigateur)\u00a0:<\/p>\n<ol>\n<li>Lancez le navigateur, ouvrez le menu, puis cliquez sur R\u00e9glages.<\/li>\n<li>S\u00e9lectionnez Confidentialit\u00e9 et S\u00e9curit\u00e9. L\u2019option Accepter les <em>cookies<\/em> s\u2019affiche. Vous pouvez y cocher ou d\u00e9cocher l\u2019option.<\/li>\n<\/ol>\n<p>Pour acc\u00e9der aux r\u00e9glages des <em>cookies<\/em> sur le navigateur des appareils <strong>Windows Phone<\/strong>, suivez les \u00e9tapes suivantes (ces \u00e9tapes peuvent varier en fonction de la version du navigateur)\u00a0:<\/p>\n<ol>\n<li>Ouvrez Internet Explorer, puis cliquez sur Plus et ensuite sur R\u00e9glages.<\/li>\n<li>Vous pouvez \u00e0 pr\u00e9sent activer ou d\u00e9sactiver l\u2019option Autoriser les <em>cookies<\/em>.<\/li>\n<\/ol>\n<\/div>\n<\/div>\n<\/div>\n<\/div>\n<\/div>\n<\/div>\n<\/div>\n<\/div>\n<\/div>\n<\/div>\n<\/div>","protected":false},"excerpt":{"rendered":"<p>Qu\u2019est-ce qu\u2019un cookie\u00a0? Un cookie est un fichier texte inoffensif qui est stock\u00e9 dans votre navigateur lorsque vous visitez la plupart des sites web. L\u2019utilit\u00e9 du cookie repose sur la capacit\u00e9 d\u2019un site \u00e0 vous reconna\u00eetre lorsque vous visitez \u00e0 nouveau ce site. Toutefois, de nombreuses personnes ne savent pas que les cookies existent depuis&hellip;<\/p>\n","protected":false},"author":1,"featured_media":0,"parent":0,"menu_order":0,"comment_status":"closed","ping_status":"closed","template":"","meta":{"footnotes":""},"class_list":["post-7555","page","type-page","status-publish","hentry","description-off"],"yoast_head":"<!-- This site is optimized with the Yoast SEO plugin v27.4 - https:\/\/yoast.com\/product\/yoast-seo-wordpress\/ -->\n<title>Plus d&#039;informations sur les cookies - AGP V\u00e1lvulas<\/title>\n<meta name=\"robots\" content=\"index, follow, max-snippet:-1, max-image-preview:large, max-video-preview:-1\" \/>\n<link rel=\"canonical\" href=\"https:\/\/agpvalvulas.com\/fr\/plus-dinformations-sur-les-cookies\/\" \/>\n<meta property=\"og:locale\" content=\"fr_FR\" \/>\n<meta property=\"og:type\" content=\"article\" \/>\n<meta property=\"og:title\" content=\"Plus d&#039;informations sur les cookies - AGP V\u00e1lvulas\" \/>\n<meta property=\"og:description\" content=\"Qu\u2019est-ce qu\u2019un cookie\u00a0? Un cookie est un fichier texte inoffensif qui est stock\u00e9 dans votre navigateur lorsque vous visitez la plupart des sites web. L\u2019utilit\u00e9 du cookie repose sur la capacit\u00e9 d\u2019un site \u00e0 vous reconna\u00eetre lorsque vous visitez \u00e0 nouveau ce site. Toutefois, de nombreuses personnes ne savent pas que les cookies existent depuis&hellip;\" \/>\n<meta property=\"og:url\" content=\"https:\/\/agpvalvulas.com\/fr\/plus-dinformations-sur-les-cookies\/\" \/>\n<meta property=\"og:site_name\" content=\"AGP V\u00e1lvulas\" \/>\n<meta property=\"article:modified_time\" content=\"2023-03-28T09:28:57+00:00\" \/>\n<meta name=\"twitter:card\" content=\"summary_large_image\" \/>\n<meta name=\"twitter:label1\" content=\"Dur\u00e9e de lecture estim\u00e9e\" \/>\n\t<meta name=\"twitter:data1\" content=\"5 minutes\" \/>\n<script type=\"application\/ld+json\" class=\"yoast-schema-graph\">{\"@context\":\"https:\\\/\\\/schema.org\",\"@graph\":[{\"@type\":\"WebPage\",\"@id\":\"https:\\\/\\\/agpvalvulas.com\\\/fr\\\/plus-dinformations-sur-les-cookies\\\/\",\"url\":\"https:\\\/\\\/agpvalvulas.com\\\/fr\\\/plus-dinformations-sur-les-cookies\\\/\",\"name\":\"Plus d'informations sur les cookies - AGP V\u00e1lvulas\",\"isPartOf\":{\"@id\":\"https:\\\/\\\/agpvalvulas.com\\\/fr\\\/#website\"},\"datePublished\":\"2014-06-06T11:38:37+00:00\",\"dateModified\":\"2023-03-28T09:28:57+00:00\",\"breadcrumb\":{\"@id\":\"https:\\\/\\\/agpvalvulas.com\\\/fr\\\/plus-dinformations-sur-les-cookies\\\/#breadcrumb\"},\"inLanguage\":\"fr-FR\",\"potentialAction\":[{\"@type\":\"ReadAction\",\"target\":[\"https:\\\/\\\/agpvalvulas.com\\\/fr\\\/plus-dinformations-sur-les-cookies\\\/\"]}]},{\"@type\":\"BreadcrumbList\",\"@id\":\"https:\\\/\\\/agpvalvulas.com\\\/fr\\\/plus-dinformations-sur-les-cookies\\\/#breadcrumb\",\"itemListElement\":[{\"@type\":\"ListItem\",\"position\":1,\"name\":\"Portada\",\"item\":\"https:\\\/\\\/agpvalvulas.com\\\/fr\\\/\"},{\"@type\":\"ListItem\",\"position\":2,\"name\":\"Plus d&#8217;informations sur les cookies\"}]},{\"@type\":\"WebSite\",\"@id\":\"https:\\\/\\\/agpvalvulas.com\\\/fr\\\/#website\",\"url\":\"https:\\\/\\\/agpvalvulas.com\\\/fr\\\/\",\"name\":\"AGP V\u00e1lvulas\",\"description\":\"AGP V\u00e1lvulas\",\"publisher\":{\"@id\":\"https:\\\/\\\/agpvalvulas.com\\\/fr\\\/#organization\"},\"potentialAction\":[{\"@type\":\"SearchAction\",\"target\":{\"@type\":\"EntryPoint\",\"urlTemplate\":\"https:\\\/\\\/agpvalvulas.com\\\/fr\\\/?s={search_term_string}\"},\"query-input\":{\"@type\":\"PropertyValueSpecification\",\"valueRequired\":true,\"valueName\":\"search_term_string\"}}],\"inLanguage\":\"fr-FR\"},{\"@type\":\"Organization\",\"@id\":\"https:\\\/\\\/agpvalvulas.com\\\/fr\\\/#organization\",\"name\":\"AGP V\u00e1lvulas\",\"url\":\"https:\\\/\\\/agpvalvulas.com\\\/fr\\\/\",\"logo\":{\"@type\":\"ImageObject\",\"inLanguage\":\"fr-FR\",\"@id\":\"https:\\\/\\\/agpvalvulas.com\\\/fr\\\/#\\\/schema\\\/logo\\\/image\\\/\",\"url\":\"https:\\\/\\\/agpvalvulas.com\\\/wp-content\\\/uploads\\\/2017\\\/01\\\/LOGOAGP-TIF.jpg\",\"contentUrl\":\"https:\\\/\\\/agpvalvulas.com\\\/wp-content\\\/uploads\\\/2017\\\/01\\\/LOGOAGP-TIF.jpg\",\"width\":345,\"height\":168,\"caption\":\"AGP V\u00e1lvulas\"},\"image\":{\"@id\":\"https:\\\/\\\/agpvalvulas.com\\\/fr\\\/#\\\/schema\\\/logo\\\/image\\\/\"}}]}<\/script>\n<!-- \/ Yoast SEO plugin. -->","yoast_head_json":{"title":"Plus d'informations sur les cookies - AGP V\u00e1lvulas","robots":{"index":"index","follow":"follow","max-snippet":"max-snippet:-1","max-image-preview":"max-image-preview:large","max-video-preview":"max-video-preview:-1"},"canonical":"https:\/\/agpvalvulas.com\/fr\/plus-dinformations-sur-les-cookies\/","og_locale":"fr_FR","og_type":"article","og_title":"Plus d'informations sur les cookies - AGP V\u00e1lvulas","og_description":"Qu\u2019est-ce qu\u2019un cookie\u00a0? Un cookie est un fichier texte inoffensif qui est stock\u00e9 dans votre navigateur lorsque vous visitez la plupart des sites web. L\u2019utilit\u00e9 du cookie repose sur la capacit\u00e9 d\u2019un site \u00e0 vous reconna\u00eetre lorsque vous visitez \u00e0 nouveau ce site. Toutefois, de nombreuses personnes ne savent pas que les cookies existent depuis&hellip;","og_url":"https:\/\/agpvalvulas.com\/fr\/plus-dinformations-sur-les-cookies\/","og_site_name":"AGP V\u00e1lvulas","article_modified_time":"2023-03-28T09:28:57+00:00","twitter_card":"summary_large_image","twitter_misc":{"Dur\u00e9e de lecture estim\u00e9e":"5 minutes"},"schema":{"@context":"https:\/\/schema.org","@graph":[{"@type":"WebPage","@id":"https:\/\/agpvalvulas.com\/fr\/plus-dinformations-sur-les-cookies\/","url":"https:\/\/agpvalvulas.com\/fr\/plus-dinformations-sur-les-cookies\/","name":"Plus d'informations sur les cookies - AGP V\u00e1lvulas","isPartOf":{"@id":"https:\/\/agpvalvulas.com\/fr\/#website"},"datePublished":"2014-06-06T11:38:37+00:00","dateModified":"2023-03-28T09:28:57+00:00","breadcrumb":{"@id":"https:\/\/agpvalvulas.com\/fr\/plus-dinformations-sur-les-cookies\/#breadcrumb"},"inLanguage":"fr-FR","potentialAction":[{"@type":"ReadAction","target":["https:\/\/agpvalvulas.com\/fr\/plus-dinformations-sur-les-cookies\/"]}]},{"@type":"BreadcrumbList","@id":"https:\/\/agpvalvulas.com\/fr\/plus-dinformations-sur-les-cookies\/#breadcrumb","itemListElement":[{"@type":"ListItem","position":1,"name":"Portada","item":"https:\/\/agpvalvulas.com\/fr\/"},{"@type":"ListItem","position":2,"name":"Plus d&#8217;informations sur les cookies"}]},{"@type":"WebSite","@id":"https:\/\/agpvalvulas.com\/fr\/#website","url":"https:\/\/agpvalvulas.com\/fr\/","name":"AGP V\u00e1lvulas","description":"AGP V\u00e1lvulas","publisher":{"@id":"https:\/\/agpvalvulas.com\/fr\/#organization"},"potentialAction":[{"@type":"SearchAction","target":{"@type":"EntryPoint","urlTemplate":"https:\/\/agpvalvulas.com\/fr\/?s={search_term_string}"},"query-input":{"@type":"PropertyValueSpecification","valueRequired":true,"valueName":"search_term_string"}}],"inLanguage":"fr-FR"},{"@type":"Organization","@id":"https:\/\/agpvalvulas.com\/fr\/#organization","name":"AGP V\u00e1lvulas","url":"https:\/\/agpvalvulas.com\/fr\/","logo":{"@type":"ImageObject","inLanguage":"fr-FR","@id":"https:\/\/agpvalvulas.com\/fr\/#\/schema\/logo\/image\/","url":"https:\/\/agpvalvulas.com\/wp-content\/uploads\/2017\/01\/LOGOAGP-TIF.jpg","contentUrl":"https:\/\/agpvalvulas.com\/wp-content\/uploads\/2017\/01\/LOGOAGP-TIF.jpg","width":345,"height":168,"caption":"AGP V\u00e1lvulas"},"image":{"@id":"https:\/\/agpvalvulas.com\/fr\/#\/schema\/logo\/image\/"}}]}},"_links":{"self":[{"href":"https:\/\/agpvalvulas.com\/fr\/wp-json\/wp\/v2\/pages\/7555","targetHints":{"allow":["GET"]}}],"collection":[{"href":"https:\/\/agpvalvulas.com\/fr\/wp-json\/wp\/v2\/pages"}],"about":[{"href":"https:\/\/agpvalvulas.com\/fr\/wp-json\/wp\/v2\/types\/page"}],"author":[{"embeddable":true,"href":"https:\/\/agpvalvulas.com\/fr\/wp-json\/wp\/v2\/users\/1"}],"replies":[{"embeddable":true,"href":"https:\/\/agpvalvulas.com\/fr\/wp-json\/wp\/v2\/comments?post=7555"}],"version-history":[{"count":3,"href":"https:\/\/agpvalvulas.com\/fr\/wp-json\/wp\/v2\/pages\/7555\/revisions"}],"predecessor-version":[{"id":8513,"href":"https:\/\/agpvalvulas.com\/fr\/wp-json\/wp\/v2\/pages\/7555\/revisions\/8513"}],"wp:attachment":[{"href":"https:\/\/agpvalvulas.com\/fr\/wp-json\/wp\/v2\/media?parent=7555"}],"curies":[{"name":"wp","href":"https:\/\/api.w.org\/{rel}","templated":true}]}}