{"id":7558,"date":"2014-06-06T11:38:37","date_gmt":"2014-06-06T11:38:37","guid":{"rendered":"https:\/\/agpvalvulas.com\/fr\/politica-de-cookies\/"},"modified":"2023-03-28T09:27:05","modified_gmt":"2023-03-28T09:27:05","slug":"politique-sur-les-cookies","status":"publish","type":"page","link":"https:\/\/agpvalvulas.com\/fr\/politique-sur-les-cookies\/","title":{"rendered":"Politique sur les cookies"},"content":{"rendered":"<p>Un <em>cookie<\/em> est un petit fichier texte qui est stock\u00e9 dans votre navigateur lorsque vous visitez la plupart des sites web. Son utilit\u00e9 repose sur la capacit\u00e9 d\u2019un site \u00e0 vous reconna\u00eetre lorsque vous visitez \u00e0 nouveau ce site. Les <em>cookies<\/em> stockent g\u00e9n\u00e9ralement des donn\u00e9es techniques, des pr\u00e9f\u00e9rences personnelles, des donn\u00e9es de personnalisation de contenus, des statistiques d\u2019utilisation, des liens vers des r\u00e9seaux sociaux, des acc\u00e8s \u00e0 des comptes d\u2019utilisateurs, etc. L\u2019objectif d\u2019un <em>cookie<\/em> est d\u2019adapter le contenu du site web \u00e0 votre profil et \u00e0 vos besoins. Sans <em>cookies<\/em>, les services propos\u00e9s par n\u2019importe quel site seraient consid\u00e9rablement limit\u00e9s.Si vous souhaitez en savoir plus sur ce que sont les <em>cookies<\/em>, ce qu\u2019ils stockent, comment les supprimer, les d\u00e9sactiver, etc., vous pouvez suivre <a href=\"\/fr\/plus-dinformations-sur-les-cookies\/\">le lien suivant.<\/a><\/p>\n<h3>Cookies utilis\u00e9s sur notre site<\/h3>\n<p>Conformit\u00e9 aux directives de l\u2019Agence espagnole de protection des donn\u00e9es, nous pr\u00e9sentons en d\u00e9tail l\u2019utilisation qui est faite des cookies par ce site afin de vous informer de la mani\u00e8re la plus pr\u00e9cise possible.<\/p>\n<p>Ce site utilise les <strong>cookies propres<\/strong> suivants\u00a0:<\/p>\n<ul>\n<li>Cookies de session, pour garantir que les utilisateurs qui \u00e9crivent des commentaires sur le blog sont des \u00eatres humains et non des applications automatis\u00e9s.Cela permet de lutter contre le spam.<\/li>\n<\/ul>\n<p>Ce site utilise les <strong>cookies tiers<\/strong>\u00a0suivants\u00a0:<\/p>\n<ul>\n<li>Google Analytics\u00a0: Il stocke des cookies pour pouvoir \u00e9tablir des statistiques concernant la fr\u00e9quentation et le nombre de visites r\u00e9alis\u00e9es sur ce site. En utilisant ce site, vous consentez au traitement des informations vous concernant par Google.Par cons\u00e9quent, pour exercer vos droits \u00e0 ce sujet, vous devez contacter Google directement.<\/li>\n<li>R\u00e9seaux sociaux\u00a0:Chaque r\u00e9seau social utilise ses propres cookies afin que vous puissiez cliquer sur les boutons du type J\u2019aime ou Partager.<\/li>\n<\/ul>\n<h3>D\u00e9sactivation ou suppression des cookies<\/h3>\n<p>Vous pouvez exercer votre droit \u00e0 la d\u00e9sactivation ou la suppression des cookies sur ce site \u00e0 tout moment.Ces actions s\u2019effectuent de mani\u00e8re diff\u00e9rente selon le navigateur que vous utilisez. <a href=\"http:\/\/ollerdelmas.com\/fr\/plus-dinformations-sur-les-cookies\/\">Vous trouverez ici un guide succinct concernant les navigateurs les plus populaires<\/a>.<\/p>\n<h3>Remarques compl\u00e9mentaires<\/h3>\n<ul>\n<li>Ce site web et ses repr\u00e9sentants l\u00e9gaux d\u00e9clinent toute responsabilit\u00e9 quant au contenu et \u00e0 la v\u00e9racit\u00e9 des politiques de confidentialit\u00e9 des tiers mentionn\u00e9s dans la pr\u00e9sente politique sur les cookies.<\/li>\n<li>Les navigateurs sont les outils charg\u00e9s de stocker les cookies et c\u2019est \u00e0 cet endroit que vous devez exercer votre droit \u00e0 la suppression ou \u00e0 la d\u00e9sactivation de ceux-ci.Ce site web et ses repr\u00e9sentants l\u00e9gaux ne peuvent garantir la manipulation correcte des cookies par les navigateurs susmentionn\u00e9s.<\/li>\n<li>Dans certains cas, il est n\u00e9cessaire d\u2019installer des cookies pour que le navigateur n\u2019oublie pas votre d\u00e9cision de ne pas accepter ces derniers.<\/li>\n<li>Dans le cas des cookies de Google Analytics, cette entreprise stocke les cookies dans des serveurs situ\u00e9s aux \u00c9tats-Unis et s\u2019engage \u00e0 ne pas les communiquer \u00e0 des tiers, sauf si cela est n\u00e9cessaire au fonctionnement du syst\u00e8me ou lorsque la loi l\u2019exige. Google s\u2019engage \u00e0 ne pas conserver votre adresse IP. Google Inc. est une soci\u00e9t\u00e9 qui adh\u00e8re aux principes de la sph\u00e8re de s\u00e9curit\u00e9, qui garantissent que toutes les donn\u00e9es communiqu\u00e9es sont trait\u00e9es avec un niveau de protection conforme aux normes europ\u00e9ennes. Pour plus de d\u00e9tails \u00e0 ce sujet, cliquez sur ce lien.Si vous souhaitez obtenir plus d\u2019informations sur l\u2019utilisation des cookies par Google, rendez-vous sur ce lien.<\/li>\n<li>Pour toute question concernant notre politique sur les cookies, n\u2019h\u00e9sitez pas \u00e0 nous contacter \u00e0 la rubrique Contact.<\/li>\n<\/ul>\n","protected":false},"excerpt":{"rendered":"<p>Un cookie est un petit fichier texte qui est stock\u00e9 dans votre navigateur lorsque vous visitez la plupart des sites web. Son utilit\u00e9 repose sur la capacit\u00e9 d\u2019un site \u00e0 vous reconna\u00eetre lorsque vous visitez \u00e0 nouveau ce site. Les cookies stockent g\u00e9n\u00e9ralement des donn\u00e9es techniques, des pr\u00e9f\u00e9rences personnelles, des donn\u00e9es de personnalisation de contenus,&hellip;<\/p>\n","protected":false},"author":1,"featured_media":0,"parent":0,"menu_order":0,"comment_status":"closed","ping_status":"closed","template":"","meta":{"footnotes":""},"class_list":["post-7558","page","type-page","status-publish","hentry","description-off"],"yoast_head":"<!-- This site is optimized with the Yoast SEO plugin v27.4 - https:\/\/yoast.com\/product\/yoast-seo-wordpress\/ -->\n<title>Politique sur les cookies - AGP V\u00e1lvulas<\/title>\n<meta name=\"robots\" content=\"index, follow, max-snippet:-1, max-image-preview:large, max-video-preview:-1\" \/>\n<link rel=\"canonical\" href=\"https:\/\/agpvalvulas.com\/fr\/politique-sur-les-cookies\/\" \/>\n<meta property=\"og:locale\" content=\"fr_FR\" \/>\n<meta property=\"og:type\" content=\"article\" \/>\n<meta property=\"og:title\" content=\"Politique sur les cookies - AGP V\u00e1lvulas\" \/>\n<meta property=\"og:description\" content=\"Un cookie est un petit fichier texte qui est stock\u00e9 dans votre navigateur lorsque vous visitez la plupart des sites web. Son utilit\u00e9 repose sur la capacit\u00e9 d\u2019un site \u00e0 vous reconna\u00eetre lorsque vous visitez \u00e0 nouveau ce site. Les cookies stockent g\u00e9n\u00e9ralement des donn\u00e9es techniques, des pr\u00e9f\u00e9rences personnelles, des donn\u00e9es de personnalisation de contenus,&hellip;\" \/>\n<meta property=\"og:url\" content=\"https:\/\/agpvalvulas.com\/fr\/politique-sur-les-cookies\/\" \/>\n<meta property=\"og:site_name\" content=\"AGP V\u00e1lvulas\" \/>\n<meta property=\"article:modified_time\" content=\"2023-03-28T09:27:05+00:00\" \/>\n<meta name=\"twitter:card\" content=\"summary_large_image\" \/>\n<meta name=\"twitter:label1\" content=\"Dur\u00e9e de lecture estim\u00e9e\" \/>\n\t<meta name=\"twitter:data1\" content=\"3 minutes\" \/>\n<script type=\"application\/ld+json\" class=\"yoast-schema-graph\">{\"@context\":\"https:\\\/\\\/schema.org\",\"@graph\":[{\"@type\":\"WebPage\",\"@id\":\"https:\\\/\\\/agpvalvulas.com\\\/fr\\\/politique-sur-les-cookies\\\/\",\"url\":\"https:\\\/\\\/agpvalvulas.com\\\/fr\\\/politique-sur-les-cookies\\\/\",\"name\":\"Politique sur les cookies - AGP V\u00e1lvulas\",\"isPartOf\":{\"@id\":\"https:\\\/\\\/agpvalvulas.com\\\/fr\\\/#website\"},\"datePublished\":\"2014-06-06T11:38:37+00:00\",\"dateModified\":\"2023-03-28T09:27:05+00:00\",\"breadcrumb\":{\"@id\":\"https:\\\/\\\/agpvalvulas.com\\\/fr\\\/politique-sur-les-cookies\\\/#breadcrumb\"},\"inLanguage\":\"fr-FR\",\"potentialAction\":[{\"@type\":\"ReadAction\",\"target\":[\"https:\\\/\\\/agpvalvulas.com\\\/fr\\\/politique-sur-les-cookies\\\/\"]}]},{\"@type\":\"BreadcrumbList\",\"@id\":\"https:\\\/\\\/agpvalvulas.com\\\/fr\\\/politique-sur-les-cookies\\\/#breadcrumb\",\"itemListElement\":[{\"@type\":\"ListItem\",\"position\":1,\"name\":\"Portada\",\"item\":\"https:\\\/\\\/agpvalvulas.com\\\/fr\\\/\"},{\"@type\":\"ListItem\",\"position\":2,\"name\":\"Politique sur les cookies\"}]},{\"@type\":\"WebSite\",\"@id\":\"https:\\\/\\\/agpvalvulas.com\\\/fr\\\/#website\",\"url\":\"https:\\\/\\\/agpvalvulas.com\\\/fr\\\/\",\"name\":\"AGP V\u00e1lvulas\",\"description\":\"AGP V\u00e1lvulas\",\"publisher\":{\"@id\":\"https:\\\/\\\/agpvalvulas.com\\\/fr\\\/#organization\"},\"potentialAction\":[{\"@type\":\"SearchAction\",\"target\":{\"@type\":\"EntryPoint\",\"urlTemplate\":\"https:\\\/\\\/agpvalvulas.com\\\/fr\\\/?s={search_term_string}\"},\"query-input\":{\"@type\":\"PropertyValueSpecification\",\"valueRequired\":true,\"valueName\":\"search_term_string\"}}],\"inLanguage\":\"fr-FR\"},{\"@type\":\"Organization\",\"@id\":\"https:\\\/\\\/agpvalvulas.com\\\/fr\\\/#organization\",\"name\":\"AGP V\u00e1lvulas\",\"url\":\"https:\\\/\\\/agpvalvulas.com\\\/fr\\\/\",\"logo\":{\"@type\":\"ImageObject\",\"inLanguage\":\"fr-FR\",\"@id\":\"https:\\\/\\\/agpvalvulas.com\\\/fr\\\/#\\\/schema\\\/logo\\\/image\\\/\",\"url\":\"https:\\\/\\\/agpvalvulas.com\\\/wp-content\\\/uploads\\\/2017\\\/01\\\/LOGOAGP-TIF.jpg\",\"contentUrl\":\"https:\\\/\\\/agpvalvulas.com\\\/wp-content\\\/uploads\\\/2017\\\/01\\\/LOGOAGP-TIF.jpg\",\"width\":345,\"height\":168,\"caption\":\"AGP V\u00e1lvulas\"},\"image\":{\"@id\":\"https:\\\/\\\/agpvalvulas.com\\\/fr\\\/#\\\/schema\\\/logo\\\/image\\\/\"}}]}<\/script>\n<!-- \/ Yoast SEO plugin. -->","yoast_head_json":{"title":"Politique sur les cookies - AGP V\u00e1lvulas","robots":{"index":"index","follow":"follow","max-snippet":"max-snippet:-1","max-image-preview":"max-image-preview:large","max-video-preview":"max-video-preview:-1"},"canonical":"https:\/\/agpvalvulas.com\/fr\/politique-sur-les-cookies\/","og_locale":"fr_FR","og_type":"article","og_title":"Politique sur les cookies - AGP V\u00e1lvulas","og_description":"Un cookie est un petit fichier texte qui est stock\u00e9 dans votre navigateur lorsque vous visitez la plupart des sites web. Son utilit\u00e9 repose sur la capacit\u00e9 d\u2019un site \u00e0 vous reconna\u00eetre lorsque vous visitez \u00e0 nouveau ce site. Les cookies stockent g\u00e9n\u00e9ralement des donn\u00e9es techniques, des pr\u00e9f\u00e9rences personnelles, des donn\u00e9es de personnalisation de contenus,&hellip;","og_url":"https:\/\/agpvalvulas.com\/fr\/politique-sur-les-cookies\/","og_site_name":"AGP V\u00e1lvulas","article_modified_time":"2023-03-28T09:27:05+00:00","twitter_card":"summary_large_image","twitter_misc":{"Dur\u00e9e de lecture estim\u00e9e":"3 minutes"},"schema":{"@context":"https:\/\/schema.org","@graph":[{"@type":"WebPage","@id":"https:\/\/agpvalvulas.com\/fr\/politique-sur-les-cookies\/","url":"https:\/\/agpvalvulas.com\/fr\/politique-sur-les-cookies\/","name":"Politique sur les cookies - AGP V\u00e1lvulas","isPartOf":{"@id":"https:\/\/agpvalvulas.com\/fr\/#website"},"datePublished":"2014-06-06T11:38:37+00:00","dateModified":"2023-03-28T09:27:05+00:00","breadcrumb":{"@id":"https:\/\/agpvalvulas.com\/fr\/politique-sur-les-cookies\/#breadcrumb"},"inLanguage":"fr-FR","potentialAction":[{"@type":"ReadAction","target":["https:\/\/agpvalvulas.com\/fr\/politique-sur-les-cookies\/"]}]},{"@type":"BreadcrumbList","@id":"https:\/\/agpvalvulas.com\/fr\/politique-sur-les-cookies\/#breadcrumb","itemListElement":[{"@type":"ListItem","position":1,"name":"Portada","item":"https:\/\/agpvalvulas.com\/fr\/"},{"@type":"ListItem","position":2,"name":"Politique sur les cookies"}]},{"@type":"WebSite","@id":"https:\/\/agpvalvulas.com\/fr\/#website","url":"https:\/\/agpvalvulas.com\/fr\/","name":"AGP V\u00e1lvulas","description":"AGP V\u00e1lvulas","publisher":{"@id":"https:\/\/agpvalvulas.com\/fr\/#organization"},"potentialAction":[{"@type":"SearchAction","target":{"@type":"EntryPoint","urlTemplate":"https:\/\/agpvalvulas.com\/fr\/?s={search_term_string}"},"query-input":{"@type":"PropertyValueSpecification","valueRequired":true,"valueName":"search_term_string"}}],"inLanguage":"fr-FR"},{"@type":"Organization","@id":"https:\/\/agpvalvulas.com\/fr\/#organization","name":"AGP V\u00e1lvulas","url":"https:\/\/agpvalvulas.com\/fr\/","logo":{"@type":"ImageObject","inLanguage":"fr-FR","@id":"https:\/\/agpvalvulas.com\/fr\/#\/schema\/logo\/image\/","url":"https:\/\/agpvalvulas.com\/wp-content\/uploads\/2017\/01\/LOGOAGP-TIF.jpg","contentUrl":"https:\/\/agpvalvulas.com\/wp-content\/uploads\/2017\/01\/LOGOAGP-TIF.jpg","width":345,"height":168,"caption":"AGP V\u00e1lvulas"},"image":{"@id":"https:\/\/agpvalvulas.com\/fr\/#\/schema\/logo\/image\/"}}]}},"_links":{"self":[{"href":"https:\/\/agpvalvulas.com\/fr\/wp-json\/wp\/v2\/pages\/7558","targetHints":{"allow":["GET"]}}],"collection":[{"href":"https:\/\/agpvalvulas.com\/fr\/wp-json\/wp\/v2\/pages"}],"about":[{"href":"https:\/\/agpvalvulas.com\/fr\/wp-json\/wp\/v2\/types\/page"}],"author":[{"embeddable":true,"href":"https:\/\/agpvalvulas.com\/fr\/wp-json\/wp\/v2\/users\/1"}],"replies":[{"embeddable":true,"href":"https:\/\/agpvalvulas.com\/fr\/wp-json\/wp\/v2\/comments?post=7558"}],"version-history":[{"count":3,"href":"https:\/\/agpvalvulas.com\/fr\/wp-json\/wp\/v2\/pages\/7558\/revisions"}],"predecessor-version":[{"id":8510,"href":"https:\/\/agpvalvulas.com\/fr\/wp-json\/wp\/v2\/pages\/7558\/revisions\/8510"}],"wp:attachment":[{"href":"https:\/\/agpvalvulas.com\/fr\/wp-json\/wp\/v2\/media?parent=7558"}],"curies":[{"name":"wp","href":"https:\/\/api.w.org\/{rel}","templated":true}]}}