{"id":7561,"date":"2014-06-06T11:32:36","date_gmt":"2014-06-06T11:32:36","guid":{"rendered":"https:\/\/agpvalvulas.com\/fr\/politica-de-privacidad\/"},"modified":"2023-03-28T09:32:17","modified_gmt":"2023-03-28T09:32:17","slug":"politique-de-confidentialite","status":"publish","type":"page","link":"https:\/\/agpvalvulas.com\/fr\/politique-de-confidentialite\/","title":{"rendered":"Politique de confidentialit\u00e9"},"content":{"rendered":"<h3>Introduction<\/h3>\n<p>AGP V\u00e1lvulas est une entreprise qui a mis en \u0153uvre des proc\u00e9dures globales sur l\u2019utilisation de l\u2019information afin de garantir le respect de la confidentialit\u00e9 et la protection des donn\u00e9es des utilisateurs. Notre politique de confidentialit\u00e9 expose les proc\u00e9dures appliqu\u00e9es par AGP V\u00e1lvulas aux informations envoy\u00e9es par Internet pour l\u2019utilisation des donn\u00e9es \u00e0 caract\u00e8re personnel et non personnel, et est \u00e9labor\u00e9e conform\u00e9ment aux lois et aux r\u00e9glementations applicables en Espagne. Veuillez lire attentivement la pr\u00e9sente politique de confidentialit\u00e9 avant d\u2019utiliser le site web d\u2019AGP V\u00e1lvulas (ci-apr\u00e8s d\u00e9nomm\u00e9 le \u00ab\u00a0site\u00a0\u00bb).<\/p>\n<h3>Comment sont utilis\u00e9es les informations vous concernant?<\/h3>\n<p>AGP V\u00e1lvulas ne vendra, ne louera, ne fournira ni ne c\u00e8dera vos donn\u00e9es personnelles \u00e0 des tiers, \u00e0 moins que vous ne l\u2019autorisiez \u00e0 le faire ou qu\u2019AGP V\u00e1lvulas y soit tenu par la loi. AGP V\u00e1lvulas n\u2019utilisera et ne partagera pas les donn\u00e9es personnelles fournies par vous par le biais d\u2019Internet \u00e0 des fins autres que celles d\u00e9crites ici sans vous en informer au pr\u00e9alable et vous demander votre accord. Nous ne partagerons vos donn\u00e9es personnelles qu\u2019avec des entit\u00e9s d\u2019AGP V\u00e1lvulas (notamment, des entreprises filiales et partenaires) et\/ou des collaborateurs agissant en notre nom afin d\u2019\u00eatre en mesure de fournir le service ou l\u2019information que vous avez demand\u00e9s, ainsi que de consolider le stockage des donn\u00e9es ou de simplifier la gestion des donn\u00e9es des clients. Les entit\u00e9s ou collaborateurs d\u2019AGP V\u00e1lvulas sont soumis \u00e0 notre politique de confidentialit\u00e9 quant \u00e0 l\u2019utilisation des donn\u00e9es \u00e0 caract\u00e8re personnel, ainsi qu\u2019aux accords de confidentialit\u00e9 applicables dans chaque cas.<\/p>\n<h3>Quelles sont les informations recueillies?<\/h3>\n<p><strong>Informations non personnelles<\/strong><\/p>\n<p>Lorsque vous visitez notre site, vous pouvez effectuer diverses op\u00e9rations sans avoir \u00e0 fournir vos donn\u00e9es personnelles. Cependant, nous recueillons et rassemblons des informations sur les pages visit\u00e9es, l\u2019ordre dans lequel elles ont \u00e9t\u00e9 visit\u00e9es et les liens utilis\u00e9s, entre autres donn\u00e9es. Ces informations ne sont li\u00e9es \u00e0 aucune donn\u00e9e d\u2019identification personnelle. Les informations non personnelles que nous collectons nous aident \u00e0 identifier les zones les plus visit\u00e9es de notre site et \u00e0 conna\u00eetre l\u2019efficacit\u00e9 de nos activit\u00e9s promotionnelles.<\/p>\n<p><strong>Informations personnelles<\/strong><\/p>\n<p>Dans certains espaces du site d\u2019AGP V\u00e1lvulas , vous pouvez faire des consultations, exprimer votre opinion ou vous abonner \u00e0 l\u2019un de nos services sur Internet. Les donn\u00e9es d\u2019identification personnelles qui peuvent \u00eatre recueillies dans ces pages sont les suivantes\u00a0: le nom, l\u2019adresse, l\u2019adresse de courrier \u00e9lectronique, le num\u00e9ro de t\u00e9l\u00e9phone, le num\u00e9ro de t\u00e9l\u00e9copie et des informations sur vos opinions et l\u2019utilisation de divers services. AGP V\u00e1lvulas utilise toutes ces donn\u00e9es pour mieux comprendre vos besoins et vous offrir un meilleur service.<\/p>\n<h3>Pourquoi recueillons-nous vos informations personnelles?<\/h3>\n<p><strong>Liste de diffusion<\/strong><\/p>\n<p>Parfois, AGP V\u00e1lvulas offre \u00e0 ses visiteurs la possibilit\u00e9 de fournir leur adresse de courrier \u00e9lectronique pour recevoir une lettre d\u2019information ou des informations sur un service. Ces adresses de courriel ne seront utilis\u00e9es qu\u2019\u00e0 cet effet et ne seront jamais partag\u00e9es avec d\u2019autres entreprises qui ne soient pas des filiales d\u2019AGP V\u00e1lvulas, sauf si vous autorisez le contraire. En outre, vous aurez toujours la possibilit\u00e9 de refuser la r\u00e9ception de ces contenus.<\/p>\n<h3>Comment prot\u00e9geons-nous vos informations?<\/h3>\n<p>Pour emp\u00eacher la consultation ou la r\u00e9v\u00e9lation de donn\u00e9es non autoris\u00e9es, pr\u00e9server la pr\u00e9cision des donn\u00e9es et garantir une utilisation correcte des informations, nous utilisons des proc\u00e9dures physiques, \u00e9lectroniques et de gestion ad\u00e9quates afin de sauvegarder les donn\u00e9es recueillies sur Internet.<\/p>\n<h3>Acc\u00e8s \u00e0 vos informations<\/h3>\n<p>Vous avez le droit d\u2019acc\u00e9der \u00e0 vos informations personnelles et de les corriger \u00e0 tout moment. Pour r\u00e9viser, mettre \u00e0 jour ou modifier vos informations personnelles, veuillez nous contacter \u00e0 l\u2019adresse de courriel\u00a0<a class=\"negra\" href=\"mailto:info@agpvalvulas.com\">info@agpvalvulas.com<\/a>.<\/p>\n<h3>Sites web appartenant \u00e0 des tiers<\/h3>\n<p>Notre politique de confidentialit\u00e9 s\u2019applique uniquement aux espaces du site contr\u00f4l\u00e9s par AGP V\u00e1lvulas , et des liens vers des sites web appartenant \u00e0 des tiers sont fournis uniquement pour vous faciliter la t\u00e2che. Vous devriez consulter la politique de confidentialit\u00e9 de ces sites avant de fournir des donn\u00e9es \u00e0 caract\u00e8re personnel. AGP V\u00e1lvulas n\u2019a pas examin\u00e9 tous les sites web appartenant \u00e0 des tiers, n\u2019a aucun contr\u00f4le sur eux et d\u00e9cline toute responsabilit\u00e9 \u00e0 l\u2019\u00e9gard de ces sites, de leur contenu et de leur politique de confidentialit\u00e9. Par cons\u00e9quent, AGP V\u00e1lvulas n\u2019approuve ni n\u2019agit au nom de ces sites ou de leurs informations, de leurs produits ou de leurs contenus.<\/p>\n<h3>Comment nous contacter?<\/h3>\n<p>Votre opinion est tr\u00e8s importante pour nous. Si vous avez des questions ou si vous voulez faire des commentaires sur notre politique de confidentialit\u00e9, veuillez nous contacter \u00e0 l\u2019adresse de courriel\u00a0<a class=\"negra\" href=\"mailto:info@agpvalvulas.com\">info@agpvalvulas.com<\/a>. Vous pouvez aussi nous \u00e9crire.<\/p>\n<h3>Coordonn\u00e9es<\/h3>\n<p><strong>AGP V\u00e1lvulas <\/strong><br \/>\nProven\u00e7a, 213, A, 2a<br \/>\n08008 Barcelona (BCN &#8211; Spain)<br \/>\nTel: +34 934 672 515<br \/>\nE-Mail: <a class=\"negra\" href=\"mailto:info@agpvalvulas.com\">info@agpvalvulas.com<\/a><\/p>\n","protected":false},"excerpt":{"rendered":"<p>Introduction AGP V\u00e1lvulas est une entreprise qui a mis en \u0153uvre des proc\u00e9dures globales sur l\u2019utilisation de l\u2019information afin de garantir le respect de la confidentialit\u00e9 et la protection des donn\u00e9es des utilisateurs. Notre politique de confidentialit\u00e9 expose les proc\u00e9dures appliqu\u00e9es par AGP V\u00e1lvulas aux informations envoy\u00e9es par Internet pour l\u2019utilisation des donn\u00e9es \u00e0 caract\u00e8re&hellip;<\/p>\n","protected":false},"author":1,"featured_media":0,"parent":0,"menu_order":0,"comment_status":"closed","ping_status":"open","template":"","meta":{"footnotes":""},"class_list":["post-7561","page","type-page","status-publish","hentry","description-off"],"yoast_head":"<!-- This site is optimized with the Yoast SEO plugin v27.4 - https:\/\/yoast.com\/product\/yoast-seo-wordpress\/ -->\n<title>Politique de confidentialit\u00e9 - AGP V\u00e1lvulas<\/title>\n<meta name=\"robots\" content=\"index, follow, max-snippet:-1, max-image-preview:large, max-video-preview:-1\" \/>\n<link rel=\"canonical\" href=\"https:\/\/agpvalvulas.com\/fr\/politique-de-confidentialite\/\" \/>\n<meta property=\"og:locale\" content=\"fr_FR\" \/>\n<meta property=\"og:type\" content=\"article\" \/>\n<meta property=\"og:title\" content=\"Politique de confidentialit\u00e9 - AGP V\u00e1lvulas\" \/>\n<meta property=\"og:description\" content=\"Introduction AGP V\u00e1lvulas est une entreprise qui a mis en \u0153uvre des proc\u00e9dures globales sur l\u2019utilisation de l\u2019information afin de garantir le respect de la confidentialit\u00e9 et la protection des donn\u00e9es des utilisateurs. Notre politique de confidentialit\u00e9 expose les proc\u00e9dures appliqu\u00e9es par AGP V\u00e1lvulas aux informations envoy\u00e9es par Internet pour l\u2019utilisation des donn\u00e9es \u00e0 caract\u00e8re&hellip;\" \/>\n<meta property=\"og:url\" content=\"https:\/\/agpvalvulas.com\/fr\/politique-de-confidentialite\/\" \/>\n<meta property=\"og:site_name\" content=\"AGP V\u00e1lvulas\" \/>\n<meta property=\"article:modified_time\" content=\"2023-03-28T09:32:17+00:00\" \/>\n<meta name=\"twitter:card\" content=\"summary_large_image\" \/>\n<meta name=\"twitter:label1\" content=\"Dur\u00e9e de lecture estim\u00e9e\" \/>\n\t<meta name=\"twitter:data1\" content=\"4 minutes\" \/>\n<script type=\"application\/ld+json\" class=\"yoast-schema-graph\">{\"@context\":\"https:\\\/\\\/schema.org\",\"@graph\":[{\"@type\":\"WebPage\",\"@id\":\"https:\\\/\\\/agpvalvulas.com\\\/fr\\\/politique-de-confidentialite\\\/\",\"url\":\"https:\\\/\\\/agpvalvulas.com\\\/fr\\\/politique-de-confidentialite\\\/\",\"name\":\"Politique de confidentialit\u00e9 - AGP V\u00e1lvulas\",\"isPartOf\":{\"@id\":\"https:\\\/\\\/agpvalvulas.com\\\/fr\\\/#website\"},\"datePublished\":\"2014-06-06T11:32:36+00:00\",\"dateModified\":\"2023-03-28T09:32:17+00:00\",\"breadcrumb\":{\"@id\":\"https:\\\/\\\/agpvalvulas.com\\\/fr\\\/politique-de-confidentialite\\\/#breadcrumb\"},\"inLanguage\":\"fr-FR\",\"potentialAction\":[{\"@type\":\"ReadAction\",\"target\":[\"https:\\\/\\\/agpvalvulas.com\\\/fr\\\/politique-de-confidentialite\\\/\"]}]},{\"@type\":\"BreadcrumbList\",\"@id\":\"https:\\\/\\\/agpvalvulas.com\\\/fr\\\/politique-de-confidentialite\\\/#breadcrumb\",\"itemListElement\":[{\"@type\":\"ListItem\",\"position\":1,\"name\":\"Portada\",\"item\":\"https:\\\/\\\/agpvalvulas.com\\\/fr\\\/\"},{\"@type\":\"ListItem\",\"position\":2,\"name\":\"Politique de confidentialit\u00e9\"}]},{\"@type\":\"WebSite\",\"@id\":\"https:\\\/\\\/agpvalvulas.com\\\/fr\\\/#website\",\"url\":\"https:\\\/\\\/agpvalvulas.com\\\/fr\\\/\",\"name\":\"AGP V\u00e1lvulas\",\"description\":\"AGP V\u00e1lvulas\",\"publisher\":{\"@id\":\"https:\\\/\\\/agpvalvulas.com\\\/fr\\\/#organization\"},\"potentialAction\":[{\"@type\":\"SearchAction\",\"target\":{\"@type\":\"EntryPoint\",\"urlTemplate\":\"https:\\\/\\\/agpvalvulas.com\\\/fr\\\/?s={search_term_string}\"},\"query-input\":{\"@type\":\"PropertyValueSpecification\",\"valueRequired\":true,\"valueName\":\"search_term_string\"}}],\"inLanguage\":\"fr-FR\"},{\"@type\":\"Organization\",\"@id\":\"https:\\\/\\\/agpvalvulas.com\\\/fr\\\/#organization\",\"name\":\"AGP V\u00e1lvulas\",\"url\":\"https:\\\/\\\/agpvalvulas.com\\\/fr\\\/\",\"logo\":{\"@type\":\"ImageObject\",\"inLanguage\":\"fr-FR\",\"@id\":\"https:\\\/\\\/agpvalvulas.com\\\/fr\\\/#\\\/schema\\\/logo\\\/image\\\/\",\"url\":\"https:\\\/\\\/agpvalvulas.com\\\/wp-content\\\/uploads\\\/2017\\\/01\\\/LOGOAGP-TIF.jpg\",\"contentUrl\":\"https:\\\/\\\/agpvalvulas.com\\\/wp-content\\\/uploads\\\/2017\\\/01\\\/LOGOAGP-TIF.jpg\",\"width\":345,\"height\":168,\"caption\":\"AGP V\u00e1lvulas\"},\"image\":{\"@id\":\"https:\\\/\\\/agpvalvulas.com\\\/fr\\\/#\\\/schema\\\/logo\\\/image\\\/\"}}]}<\/script>\n<!-- \/ Yoast SEO plugin. -->","yoast_head_json":{"title":"Politique de confidentialit\u00e9 - AGP V\u00e1lvulas","robots":{"index":"index","follow":"follow","max-snippet":"max-snippet:-1","max-image-preview":"max-image-preview:large","max-video-preview":"max-video-preview:-1"},"canonical":"https:\/\/agpvalvulas.com\/fr\/politique-de-confidentialite\/","og_locale":"fr_FR","og_type":"article","og_title":"Politique de confidentialit\u00e9 - AGP V\u00e1lvulas","og_description":"Introduction AGP V\u00e1lvulas est une entreprise qui a mis en \u0153uvre des proc\u00e9dures globales sur l\u2019utilisation de l\u2019information afin de garantir le respect de la confidentialit\u00e9 et la protection des donn\u00e9es des utilisateurs. Notre politique de confidentialit\u00e9 expose les proc\u00e9dures appliqu\u00e9es par AGP V\u00e1lvulas aux informations envoy\u00e9es par Internet pour l\u2019utilisation des donn\u00e9es \u00e0 caract\u00e8re&hellip;","og_url":"https:\/\/agpvalvulas.com\/fr\/politique-de-confidentialite\/","og_site_name":"AGP V\u00e1lvulas","article_modified_time":"2023-03-28T09:32:17+00:00","twitter_card":"summary_large_image","twitter_misc":{"Dur\u00e9e de lecture estim\u00e9e":"4 minutes"},"schema":{"@context":"https:\/\/schema.org","@graph":[{"@type":"WebPage","@id":"https:\/\/agpvalvulas.com\/fr\/politique-de-confidentialite\/","url":"https:\/\/agpvalvulas.com\/fr\/politique-de-confidentialite\/","name":"Politique de confidentialit\u00e9 - AGP V\u00e1lvulas","isPartOf":{"@id":"https:\/\/agpvalvulas.com\/fr\/#website"},"datePublished":"2014-06-06T11:32:36+00:00","dateModified":"2023-03-28T09:32:17+00:00","breadcrumb":{"@id":"https:\/\/agpvalvulas.com\/fr\/politique-de-confidentialite\/#breadcrumb"},"inLanguage":"fr-FR","potentialAction":[{"@type":"ReadAction","target":["https:\/\/agpvalvulas.com\/fr\/politique-de-confidentialite\/"]}]},{"@type":"BreadcrumbList","@id":"https:\/\/agpvalvulas.com\/fr\/politique-de-confidentialite\/#breadcrumb","itemListElement":[{"@type":"ListItem","position":1,"name":"Portada","item":"https:\/\/agpvalvulas.com\/fr\/"},{"@type":"ListItem","position":2,"name":"Politique de confidentialit\u00e9"}]},{"@type":"WebSite","@id":"https:\/\/agpvalvulas.com\/fr\/#website","url":"https:\/\/agpvalvulas.com\/fr\/","name":"AGP V\u00e1lvulas","description":"AGP V\u00e1lvulas","publisher":{"@id":"https:\/\/agpvalvulas.com\/fr\/#organization"},"potentialAction":[{"@type":"SearchAction","target":{"@type":"EntryPoint","urlTemplate":"https:\/\/agpvalvulas.com\/fr\/?s={search_term_string}"},"query-input":{"@type":"PropertyValueSpecification","valueRequired":true,"valueName":"search_term_string"}}],"inLanguage":"fr-FR"},{"@type":"Organization","@id":"https:\/\/agpvalvulas.com\/fr\/#organization","name":"AGP V\u00e1lvulas","url":"https:\/\/agpvalvulas.com\/fr\/","logo":{"@type":"ImageObject","inLanguage":"fr-FR","@id":"https:\/\/agpvalvulas.com\/fr\/#\/schema\/logo\/image\/","url":"https:\/\/agpvalvulas.com\/wp-content\/uploads\/2017\/01\/LOGOAGP-TIF.jpg","contentUrl":"https:\/\/agpvalvulas.com\/wp-content\/uploads\/2017\/01\/LOGOAGP-TIF.jpg","width":345,"height":168,"caption":"AGP V\u00e1lvulas"},"image":{"@id":"https:\/\/agpvalvulas.com\/fr\/#\/schema\/logo\/image\/"}}]}},"_links":{"self":[{"href":"https:\/\/agpvalvulas.com\/fr\/wp-json\/wp\/v2\/pages\/7561","targetHints":{"allow":["GET"]}}],"collection":[{"href":"https:\/\/agpvalvulas.com\/fr\/wp-json\/wp\/v2\/pages"}],"about":[{"href":"https:\/\/agpvalvulas.com\/fr\/wp-json\/wp\/v2\/types\/page"}],"author":[{"embeddable":true,"href":"https:\/\/agpvalvulas.com\/fr\/wp-json\/wp\/v2\/users\/1"}],"replies":[{"embeddable":true,"href":"https:\/\/agpvalvulas.com\/fr\/wp-json\/wp\/v2\/comments?post=7561"}],"version-history":[{"count":3,"href":"https:\/\/agpvalvulas.com\/fr\/wp-json\/wp\/v2\/pages\/7561\/revisions"}],"predecessor-version":[{"id":7581,"href":"https:\/\/agpvalvulas.com\/fr\/wp-json\/wp\/v2\/pages\/7561\/revisions\/7581"}],"wp:attachment":[{"href":"https:\/\/agpvalvulas.com\/fr\/wp-json\/wp\/v2\/media?parent=7561"}],"curies":[{"name":"wp","href":"https:\/\/api.w.org\/{rel}","templated":true}]}}