{"id":6205,"date":"2016-10-24T12:00:08","date_gmt":"2015-04-09T06:14:08","guid":{"rendered":"https:\/\/agpvalvulas.com\/productos\/sin-categorizar\/valvula-basica-plastico-2\/"},"modified":"2016-12-18T14:45:04","modified_gmt":"2016-12-18T14:45:04","slug":"vanne-nue-plastique","status":"publish","type":"product","link":"https:\/\/agpvalvulas.com\/fr\/produit\/vannes-hydrauliques\/vannes-plastique\/vanne-nue-plastique\/","title":{"rendered":"Vanne nue plastique"},"content":{"rendered":"<table border=\"0\" width=\"100%\">\n<tbody>\n<tr>\n<td style=\"color: #fff; padding-left: 15px;\" colspan=\"6\" bgcolor=\"#3371c5\" height=\"35\"><strong>R\u00e9f\u00e9rences et dimensions<\/strong><\/td>\n<\/tr>\n<tr>\n<td align=\"center\" width=\"20%\"><strong>Code produit<\/strong><\/td>\n<td align=\"center\" width=\"20%\" height=\"35\"><strong>Vanne<\/strong><\/td>\n<td align=\"center\" width=\"15%\" height=\"35\"><strong>L<\/strong><\/td>\n<td align=\"center\" width=\"15%\" height=\"35\"><strong>H<\/strong><\/td>\n<td align=\"center\" width=\"15%\" height=\"35\"><strong>W<\/strong><\/td>\n<td align=\"center\" width=\"15%\" height=\"35\"><strong>Kg.<\/strong><\/td>\n<\/tr>\n<tr>\n<td align=\"center\" bgcolor=\"#eeeeee\" width=\"20%\">892915<\/td>\n<td align=\"center\" bgcolor=\"#eeeeee\" width=\"20%\" height=\"35\">1 1\/2&Prime;<\/td>\n<td align=\"center\" bgcolor=\"#eeeeee\" width=\"15%\" height=\"35\">188<\/td>\n<td align=\"center\" bgcolor=\"#eeeeee\" width=\"15%\" height=\"35\">119<\/td>\n<td align=\"center\" bgcolor=\"#eeeeee\" width=\"15%\" height=\"35\">147<\/td>\n<td align=\"center\" bgcolor=\"#eeeeee\" width=\"15%\" height=\"35\">1,0<\/td>\n<\/tr>\n<tr>\n<td align=\"center\" width=\"10%\">892920<\/td>\n<td align=\"center\" width=\"20%\" height=\"35\">2&Prime;<\/td>\n<td align=\"center\" width=\"15%\" height=\"35\">188<\/td>\n<td align=\"center\" width=\"15%\" height=\"35\">119<\/td>\n<td align=\"center\" width=\"15%\" height=\"35\">147<\/td>\n<td align=\"center\" width=\"15%\" height=\"35\">1,0<\/td>\n<\/tr>\n<tr>\n<td align=\"center\" bgcolor=\"#eeeeee\" width=\"20%\">892930<\/td>\n<td align=\"center\" bgcolor=\"#eeeeee\" width=\"20%\" height=\"35\"><strong>3&Prime;<\/strong><\/td>\n<td align=\"center\" bgcolor=\"#eeeeee\" width=\"15%\" height=\"35\">252<\/td>\n<td align=\"center\" bgcolor=\"#eeeeee\" width=\"15%\" height=\"35\">157<\/td>\n<td align=\"center\" bgcolor=\"#eeeeee\" width=\"15%\" height=\"35\">209<\/td>\n<td align=\"center\" bgcolor=\"#eeeeee\" width=\"15%\" height=\"35\">2,5<\/td>\n<\/tr>\n<tr>\n<td align=\"center\" width=\"10%\">892940<\/td>\n<td align=\"center\" width=\"20%\" height=\"35\">4&Prime;<\/td>\n<td align=\"center\" width=\"15%\" height=\"35\">295<\/td>\n<td align=\"center\" width=\"15%\" height=\"35\">205<\/td>\n<td align=\"center\" width=\"15%\" height=\"35\">212<\/td>\n<td align=\"center\" width=\"15%\" height=\"35\">4,2<\/td>\n<\/tr>\n<\/tbody>\n<\/table>\n<p><em>(Codes de vannes avec membrane basse pression BP, pour vannes avec membrane haute pression AP, nous consulter)<\/em><\/p>\n<table border=\"0\" width=\"100%\">\n<tbody>\n<tr>\n<td style=\"color: #fff; padding-left: 15px;\" colspan=\"3\" bgcolor=\"#3371c5\" height=\"35\"><strong>Pression minimale de travail<\/strong><\/td>\n<\/tr>\n<tr>\n<td align=\"center\" width=\"10%\" height=\"35\"><strong>Vanne<\/strong><\/td>\n<td align=\"center\" width=\"12%\" height=\"35\"><strong>Basse Pression<\/strong><\/td>\n<td align=\"center\" width=\"12%\" height=\"35\"><strong>Haute Pression<br \/>\n<\/strong><\/td>\n<\/tr>\n<tr>\n<td align=\"center\" bgcolor=\"#eeeeee\" width=\"10%\" height=\"35\">1&Prime;1\/2<\/td>\n<td align=\"center\" bgcolor=\"#eeeeee\" width=\"12%\" height=\"35\">0,3<\/td>\n<td align=\"center\" bgcolor=\"#eeeeee\" width=\"12%\" height=\"35\">0,7<\/td>\n<\/tr>\n<tr>\n<td align=\"center\" width=\"10%\" height=\"35\">2&Prime;<\/td>\n<td align=\"center\" width=\"12%\" height=\"35\">0,3<\/td>\n<td align=\"center\" width=\"12%\" height=\"35\">0,7<\/td>\n<\/tr>\n<tr>\n<td align=\"center\" bgcolor=\"#eeeeee\" width=\"10%\" height=\"35\"><strong>3&Prime;<\/strong><\/td>\n<td align=\"center\" bgcolor=\"#eeeeee\" width=\"12%\" height=\"35\">0,5<\/td>\n<td align=\"center\" bgcolor=\"#eeeeee\" width=\"12%\" height=\"35\">0,9<\/td>\n<\/tr>\n<tr>\n<td align=\"center\" width=\"10%\" height=\"35\">4&Prime;<\/td>\n<td align=\"center\" width=\"12%\" height=\"35\">0,5<\/td>\n<td align=\"center\" width=\"12%\" height=\"35\">1,0<\/td>\n<\/tr>\n<\/tbody>\n<\/table>\n<p>&nbsp;<\/p>\n<table border=\"0\" width=\"100%\">\n<tbody>\n<tr>\n<td style=\"color: #fff; padding-left: 15px;\" colspan=\"20\" bgcolor=\"#3371c5\" height=\"35\"><strong>Perte de charge avec vanne coumpl\u00e9tement ouverte (mca)<\/strong><\/td>\n<\/tr>\n<tr>\n<td><\/td>\n<td style=\"border-bottom: border-bottom:1pt solid black;\" colspan=\"19\" align=\"center\"><strong>D\u00e9bit (m<sup>3<\/sup>\/h)<\/strong><\/td>\n<\/tr>\n<tr>\n<td align=\"center\" width=\"10%\" height=\"35\"><strong>Vanne<\/strong><\/td>\n<td align=\"center\" width=\"5%\" height=\"35\"><strong>5<\/strong><\/td>\n<td align=\"center\" width=\"5%\" height=\"35\"><strong>10<\/strong><\/td>\n<td align=\"center\" width=\"5%\" height=\"35\"><strong>15<\/strong><\/td>\n<td align=\"center\" width=\"5%\"><strong>20<\/strong><\/td>\n<td align=\"center\" width=\"5%\"><strong>25<\/strong><\/td>\n<td align=\"center\" width=\"5%\"><strong>30<\/strong><\/td>\n<td align=\"center\" width=\"5%\"><strong>35<\/strong><\/td>\n<td align=\"center\" width=\"5%\"><strong>40<\/strong><\/td>\n<td align=\"center\" width=\"5%\"><strong>45<\/strong><\/td>\n<td align=\"center\" width=\"5%\"><strong>50<\/strong><\/td>\n<td align=\"center\" width=\"5%\"><strong>55<\/strong><\/td>\n<td align=\"center\" width=\"5%\"><strong>60<\/strong><\/td>\n<td align=\"center\" width=\"5%\"><strong>65<\/strong><\/td>\n<td align=\"center\" width=\"5%\"><strong>70<\/strong><\/td>\n<td align=\"center\" width=\"5%\"><strong>80<\/strong><\/td>\n<td align=\"center\" width=\"5%\"><strong>90<\/strong><\/td>\n<td align=\"center\" width=\"5%\"><strong>100<\/strong><\/td>\n<td align=\"center\" width=\"5%\"><strong>125<\/strong><\/td>\n<td align=\"center\" width=\"5%\"><strong>150<\/strong><\/td>\n<\/tr>\n<tr>\n<td align=\"center\" bgcolor=\"#eeeeee\" width=\"10%\" height=\"35\">1&Prime;1\/2<\/td>\n<td align=\"center\" bgcolor=\"#eeeeee\" width=\"5%\" height=\"35\"><strong>0,08<\/strong><\/td>\n<td align=\"center\" bgcolor=\"#eeeeee\" width=\"5%\" height=\"35\"><strong>0,35<\/strong><\/td>\n<td align=\"center\" bgcolor=\"#eeeeee\" width=\"5%\" height=\"35\"><strong>0,82<\/strong><\/td>\n<td align=\"center\" bgcolor=\"#eeeeee\" width=\"5%\"><strong>1,50<\/strong><\/td>\n<td align=\"center\" bgcolor=\"#eeeeee\" width=\"5%\"><strong>2,40<\/strong><\/td>\n<td align=\"center\" bgcolor=\"#eeeeee\" width=\"5%\"><strong>3,51<\/strong><\/td>\n<td align=\"center\" bgcolor=\"#eeeeee\" width=\"5%\">4,85<\/td>\n<td align=\"center\" bgcolor=\"#eeeeee\" width=\"5%\">6,42<\/td>\n<td align=\"center\" bgcolor=\"#eeeeee\" width=\"5%\">8,22<\/td>\n<td align=\"center\" bgcolor=\"#eeeeee\" width=\"5%\">10,25<\/td>\n<td align=\"center\" bgcolor=\"#eeeeee\" width=\"5%\"><\/td>\n<td align=\"center\" bgcolor=\"#eeeeee\" width=\"5%\"><\/td>\n<td align=\"center\" bgcolor=\"#eeeeee\" width=\"5%\"><\/td>\n<td align=\"center\" bgcolor=\"#eeeeee\" width=\"5%\"><\/td>\n<td align=\"center\" bgcolor=\"#eeeeee\" width=\"5%\"><\/td>\n<td align=\"center\" bgcolor=\"#eeeeee\" width=\"5%\"><\/td>\n<td align=\"center\" bgcolor=\"#eeeeee\" width=\"5%\"><\/td>\n<td align=\"center\" bgcolor=\"#eeeeee\" width=\"5%\"><\/td>\n<td align=\"center\" bgcolor=\"#eeeeee\" width=\"5%\"><\/td>\n<\/tr>\n<tr>\n<td align=\"center\" width=\"10%\" height=\"35\">2&Prime;<\/td>\n<td align=\"center\" width=\"5%\" height=\"35\"><strong>0,05<\/strong><\/td>\n<td align=\"center\" width=\"5%\" height=\"35\"><strong>0,30<\/strong><\/td>\n<td align=\"center\" width=\"5%\" height=\"35\"><strong>0,60<\/strong><\/td>\n<td align=\"center\" width=\"5%\"><strong>1,20<\/strong><\/td>\n<td align=\"center\" width=\"5%\"><strong>1,85<\/strong><\/td>\n<td align=\"center\" width=\"5%\"><strong>2,80<\/strong><\/td>\n<td align=\"center\" width=\"5%\"><strong>3,95<\/strong><\/td>\n<td align=\"center\" width=\"5%\">4,90<\/td>\n<td align=\"center\" width=\"5%\">6,10<\/td>\n<td align=\"center\" width=\"5%\">7,75<\/td>\n<td align=\"center\" width=\"5%\"><\/td>\n<td align=\"center\" width=\"5%\"><\/td>\n<td align=\"center\" width=\"5%\"><\/td>\n<td align=\"center\" width=\"5%\"><\/td>\n<td align=\"center\" width=\"5%\"><\/td>\n<td align=\"center\" width=\"5%\"><\/td>\n<td align=\"center\" width=\"5%\"><\/td>\n<td align=\"center\" width=\"5%\"><\/td>\n<td align=\"center\" width=\"5%\"><\/td>\n<\/tr>\n<tr>\n<td align=\"center\" bgcolor=\"#eeeeee\" width=\"10%\" height=\"35\"><strong>3&Prime;<\/strong><\/td>\n<td align=\"center\" bgcolor=\"#eeeeee\" width=\"5%\" height=\"35\"><strong>0,04<\/strong><\/td>\n<td align=\"center\" bgcolor=\"#eeeeee\" width=\"5%\" height=\"35\"><strong>0,12<\/strong><\/td>\n<td align=\"center\" bgcolor=\"#eeeeee\" width=\"5%\" height=\"35\"><strong>0,25<\/strong><\/td>\n<td align=\"center\" bgcolor=\"#eeeeee\" width=\"5%\"><strong>0,44<\/strong><\/td>\n<td align=\"center\" bgcolor=\"#eeeeee\" width=\"5%\"><strong>0,68<\/strong><\/td>\n<td align=\"center\" bgcolor=\"#eeeeee\" width=\"5%\"><strong>0,97<\/strong><\/td>\n<td align=\"center\" bgcolor=\"#eeeeee\" width=\"5%\"><strong>1,31<\/strong><\/td>\n<td align=\"center\" bgcolor=\"#eeeeee\" width=\"5%\"><strong>1,70<\/strong><\/td>\n<td align=\"center\" bgcolor=\"#eeeeee\" width=\"5%\"><strong>2,13<\/strong><\/td>\n<td align=\"center\" bgcolor=\"#eeeeee\" width=\"5%\"><strong>2,62<\/strong><\/td>\n<td align=\"center\" bgcolor=\"#eeeeee\" width=\"5%\"><strong>3,15<\/strong><\/td>\n<td align=\"center\" bgcolor=\"#eeeeee\" width=\"5%\"><strong>3,73<\/strong><\/td>\n<td align=\"center\" bgcolor=\"#eeeeee\" width=\"5%\">4,35<\/td>\n<td align=\"center\" bgcolor=\"#eeeeee\" width=\"5%\">5,03<\/td>\n<td align=\"center\" bgcolor=\"#eeeeee\" width=\"5%\">6,51<\/td>\n<td align=\"center\" bgcolor=\"#eeeeee\" width=\"5%\">8,18<\/td>\n<td align=\"center\" bgcolor=\"#eeeeee\" width=\"5%\">10,03<\/td>\n<td align=\"center\" bgcolor=\"#eeeeee\" width=\"5%\"><\/td>\n<td align=\"center\" bgcolor=\"#eeeeee\" width=\"5%\"><\/td>\n<\/tr>\n<tr>\n<td align=\"center\" width=\"10%\" height=\"35\">4&Prime;<\/td>\n<td align=\"center\" width=\"5%\" height=\"35\"><strong>0,03<\/strong><\/td>\n<td align=\"center\" width=\"5%\" height=\"35\"><strong>0,11<\/strong><\/td>\n<td align=\"center\" width=\"5%\" height=\"35\"><strong>0,22<\/strong><\/td>\n<td align=\"center\" width=\"5%\"><strong>0,35<\/strong><\/td>\n<td align=\"center\" width=\"5%\"><strong>0,50<\/strong><\/td>\n<td align=\"center\" width=\"5%\"><strong>0,68<\/strong><\/td>\n<td align=\"center\" width=\"5%\"><strong>0,88<\/strong><\/td>\n<td align=\"center\" width=\"5%\"><strong>1,09<\/strong><\/td>\n<td align=\"center\" width=\"5%\"><strong>1,33<\/strong><\/td>\n<td align=\"center\" width=\"5%\"><strong>1,58<\/strong><\/td>\n<td align=\"center\" width=\"5%\"><strong>1,85<\/strong><\/td>\n<td align=\"center\" width=\"5%\"><strong>2,13<\/strong><\/td>\n<td align=\"center\" width=\"5%\"><strong>2,43<\/strong><\/td>\n<td align=\"center\" width=\"5%\"><strong>2,75<\/strong><\/td>\n<td align=\"center\" width=\"5%\"><strong>3,42<\/strong><\/td>\n<td align=\"center\" width=\"5%\">4,16<\/td>\n<td align=\"center\" width=\"5%\">4,95<\/td>\n<td align=\"center\" width=\"5%\">7,15<\/td>\n<td align=\"center\" width=\"5%\">9,66<\/td>\n<\/tr>\n<tr>\n<td style=\"padding-right: 15px;\" colspan=\"20\" align=\"right\"><strong>En noir d\u00e9bits conseill\u00e9s<br \/>\n<\/strong><\/td>\n<\/tr>\n<\/tbody>\n<\/table>\n<p>&nbsp;<\/p>\n","protected":false},"excerpt":{"rendered":"<h4>Aplications<\/h4>\n<p><span id=\"result_box\" class=\"\" lang=\"fr\">Vannes pour application dans l&#039;irrigation, distribution d&#039;eau potable <span class=\"\">et l&#039;industrie<\/span><\/span>.<\/p>\n<h4><span id=\"result_box\" class=\"short_text\" lang=\"fr\"><span class=\"\">Fonctions habituelles<\/span><\/span><\/h4>\n<p>Vanne \u00e9lectrique<br \/>\nControl de niveau (flotteur)<br \/>\nRegulation amont<br \/>\nControl de d\u00e9bit<br \/>\nRegulation aval<br \/>\nVanne de s\u00e9curit\u00e9<\/p>\n<h4>Avantages<\/h4>\n<p>Faible perte de charge<br \/>\nEntretien facile<br \/>\nOuverture et fermeture lente pour \u00e9viter le coup de b\u00e9lier<\/p>\n<h4>M<span id=\"result_box\" class=\"short_text\" lang=\"fr\"><span class=\"\">od\u00e8les disponibles<\/span><\/span><\/h4>\n<p>1 \u00bd\u201d, 2\u201d, 3\u201d BSP (NPT optionnel)<br \/>\n4\u201d victaulic<\/p>\n<p><img decoding=\"async\" style=\"vertical-align: sub;\" src=\"https:\/\/agpvalvulas.com\/wp-content\/uploads\/2015\/06\/pdf.png\" alt=\"\" \/> <a href=\"http:\/\/agpvalvulas.com\/wp-content\/pdf\/300-Vanne-nue-PLASTIQUE-Francais.pdf\" target=\"_blank\">T\u00e9l\u00e9charger le PDF technique<\/a><\/p>\n<p><img decoding=\"async\" style=\"vertical-align: sub;\" src=\"https:\/\/agpvalvulas.com\/wp-content\/uploads\/2015\/06\/pdf.png\" alt=\"\" \/> <a href=\"http:\/\/agpvalvulas.com\/wp-content\/pdf\/300-10-Car-i-dim-FRANCES-plastic.pdf\" target=\"_blank\">T\u00e9l\u00e9charger le PDF de caract\u00e9ristiques et de dimensions<\/a><\/p>\n","protected":false},"featured_media":7284,"comment_status":"closed","ping_status":"closed","template":"","meta":[],"product_brand":[],"product_cat":[340,339],"product_tag":[128,341,342],"class_list":{"0":"post-6205","1":"product","2":"type-product","3":"status-publish","4":"has-post-thumbnail","6":"product_cat-vannes-hydrauliques","7":"product_cat-vannes-plastique","8":"product_tag-valvula-fr","9":"product_tag-valvula-de-plastico-fr","10":"product_tag-valvula-hidraulica-fr","11":"description-off","13":"first","14":"instock","15":"shipping-taxable","16":"product-type-simple"},"yoast_head":"<!-- This site is optimized with the Yoast SEO plugin v25.5 - https:\/\/yoast.com\/wordpress\/plugins\/seo\/ -->\n<title>Vanne nue plastique - AGP V\u00e1lvulas<\/title>\n<meta name=\"robots\" content=\"index, follow, max-snippet:-1, max-image-preview:large, max-video-preview:-1\" \/>\n<link rel=\"canonical\" href=\"https:\/\/agpvalvulas.com\/fr\/produit\/vannes-hydrauliques\/vannes-plastique\/vanne-nue-plastique\/\" \/>\n<meta property=\"og:locale\" content=\"fr_FR\" \/>\n<meta property=\"og:type\" content=\"article\" \/>\n<meta property=\"og:title\" content=\"Vanne nue plastique - AGP V\u00e1lvulas\" \/>\n<meta property=\"og:description\" content=\"Aplications Vannes pour application dans l&#039;irrigation, distribution d&#039;eau potable et l&#039;industrie. Fonctions habituelles Vanne \u00e9lectrique Control de niveau (flotteur) Regulation amont Control de d\u00e9bit Regulation aval Vanne de s\u00e9curit\u00e9 Avantages Faible perte de charge Entretien facile Ouverture et fermeture lente pour \u00e9viter le coup de b\u00e9lier Mod\u00e8les disponibles 1 \u00bd\u201d, 2\u201d, 3\u201d BSP (NPT optionnel) 4\u201d victaulic   T\u00e9l\u00e9charger le PDF technique   T\u00e9l\u00e9charger le PDF de caract\u00e9ristiques et de dimensions\" \/>\n<meta property=\"og:url\" content=\"https:\/\/agpvalvulas.com\/fr\/produit\/vannes-hydrauliques\/vannes-plastique\/vanne-nue-plastique\/\" \/>\n<meta property=\"og:site_name\" content=\"AGP V\u00e1lvulas\" \/>\n<meta property=\"article:modified_time\" content=\"2016-12-18T14:45:04+00:00\" \/>\n<meta property=\"og:image\" content=\"https:\/\/agpvalvulas.com\/wp-content\/uploads\/2016\/11\/1-Plastico-basica.jpg\" \/>\n\t<meta property=\"og:image:width\" content=\"800\" \/>\n\t<meta property=\"og:image:height\" content=\"800\" \/>\n\t<meta property=\"og:image:type\" content=\"image\/jpeg\" \/>\n<meta name=\"twitter:card\" content=\"summary_large_image\" \/>\n<script type=\"application\/ld+json\" class=\"yoast-schema-graph\">{\"@context\":\"https:\/\/schema.org\",\"@graph\":[{\"@type\":\"WebPage\",\"@id\":\"https:\/\/agpvalvulas.com\/fr\/produit\/vannes-hydrauliques\/vannes-plastique\/vanne-nue-plastique\/\",\"url\":\"https:\/\/agpvalvulas.com\/fr\/produit\/vannes-hydrauliques\/vannes-plastique\/vanne-nue-plastique\/\",\"name\":\"Vanne nue plastique - AGP V\u00e1lvulas\",\"isPartOf\":{\"@id\":\"https:\/\/agpvalvulas.com\/fr\/#website\"},\"primaryImageOfPage\":{\"@id\":\"https:\/\/agpvalvulas.com\/fr\/produit\/vannes-hydrauliques\/vannes-plastique\/vanne-nue-plastique\/#primaryimage\"},\"image\":{\"@id\":\"https:\/\/agpvalvulas.com\/fr\/produit\/vannes-hydrauliques\/vannes-plastique\/vanne-nue-plastique\/#primaryimage\"},\"thumbnailUrl\":\"https:\/\/agpvalvulas.com\/wp-content\/uploads\/2016\/11\/1-Plastico-basica.jpg\",\"datePublished\":\"2015-04-09T06:14:08+00:00\",\"dateModified\":\"2016-12-18T14:45:04+00:00\",\"breadcrumb\":{\"@id\":\"https:\/\/agpvalvulas.com\/fr\/produit\/vannes-hydrauliques\/vannes-plastique\/vanne-nue-plastique\/#breadcrumb\"},\"inLanguage\":\"fr-FR\",\"potentialAction\":[{\"@type\":\"ReadAction\",\"target\":[\"https:\/\/agpvalvulas.com\/fr\/produit\/vannes-hydrauliques\/vannes-plastique\/vanne-nue-plastique\/\"]}]},{\"@type\":\"ImageObject\",\"inLanguage\":\"fr-FR\",\"@id\":\"https:\/\/agpvalvulas.com\/fr\/produit\/vannes-hydrauliques\/vannes-plastique\/vanne-nue-plastique\/#primaryimage\",\"url\":\"https:\/\/agpvalvulas.com\/wp-content\/uploads\/2016\/11\/1-Plastico-basica.jpg\",\"contentUrl\":\"https:\/\/agpvalvulas.com\/wp-content\/uploads\/2016\/11\/1-Plastico-basica.jpg\",\"width\":800,\"height\":800},{\"@type\":\"BreadcrumbList\",\"@id\":\"https:\/\/agpvalvulas.com\/fr\/produit\/vannes-hydrauliques\/vannes-plastique\/vanne-nue-plastique\/#breadcrumb\",\"itemListElement\":[{\"@type\":\"ListItem\",\"position\":1,\"name\":\"Portada\",\"item\":\"https:\/\/agpvalvulas.com\/fr\/\"},{\"@type\":\"ListItem\",\"position\":2,\"name\":\"Produits\",\"item\":\"https:\/\/agpvalvulas.com\/fr\/produits\/\"},{\"@type\":\"ListItem\",\"position\":3,\"name\":\"Vanne nue plastique\"}]},{\"@type\":\"WebSite\",\"@id\":\"https:\/\/agpvalvulas.com\/fr\/#website\",\"url\":\"https:\/\/agpvalvulas.com\/fr\/\",\"name\":\"AGP V\u00e1lvulas\",\"description\":\"AGP V\u00e1lvulas\",\"publisher\":{\"@id\":\"https:\/\/agpvalvulas.com\/fr\/#organization\"},\"potentialAction\":[{\"@type\":\"SearchAction\",\"target\":{\"@type\":\"EntryPoint\",\"urlTemplate\":\"https:\/\/agpvalvulas.com\/fr\/?s={search_term_string}\"},\"query-input\":{\"@type\":\"PropertyValueSpecification\",\"valueRequired\":true,\"valueName\":\"search_term_string\"}}],\"inLanguage\":\"fr-FR\"},{\"@type\":\"Organization\",\"@id\":\"https:\/\/agpvalvulas.com\/fr\/#organization\",\"name\":\"AGP V\u00e1lvulas\",\"url\":\"https:\/\/agpvalvulas.com\/fr\/\",\"logo\":{\"@type\":\"ImageObject\",\"inLanguage\":\"fr-FR\",\"@id\":\"https:\/\/agpvalvulas.com\/fr\/#\/schema\/logo\/image\/\",\"url\":\"https:\/\/agpvalvulas.com\/wp-content\/uploads\/2017\/01\/LOGOAGP-TIF.jpg\",\"contentUrl\":\"https:\/\/agpvalvulas.com\/wp-content\/uploads\/2017\/01\/LOGOAGP-TIF.jpg\",\"width\":345,\"height\":168,\"caption\":\"AGP V\u00e1lvulas\"},\"image\":{\"@id\":\"https:\/\/agpvalvulas.com\/fr\/#\/schema\/logo\/image\/\"}}]}<\/script>\n<!-- \/ Yoast SEO plugin. -->","yoast_head_json":{"title":"Vanne nue plastique - AGP V\u00e1lvulas","robots":{"index":"index","follow":"follow","max-snippet":"max-snippet:-1","max-image-preview":"max-image-preview:large","max-video-preview":"max-video-preview:-1"},"canonical":"https:\/\/agpvalvulas.com\/fr\/produit\/vannes-hydrauliques\/vannes-plastique\/vanne-nue-plastique\/","og_locale":"fr_FR","og_type":"article","og_title":"Vanne nue plastique - AGP V\u00e1lvulas","og_description":"Aplications Vannes pour application dans l&#039;irrigation, distribution d&#039;eau potable et l&#039;industrie. Fonctions habituelles Vanne \u00e9lectrique Control de niveau (flotteur) Regulation amont Control de d\u00e9bit Regulation aval Vanne de s\u00e9curit\u00e9 Avantages Faible perte de charge Entretien facile Ouverture et fermeture lente pour \u00e9viter le coup de b\u00e9lier Mod\u00e8les disponibles 1 \u00bd\u201d, 2\u201d, 3\u201d BSP (NPT optionnel) 4\u201d victaulic   T\u00e9l\u00e9charger le PDF technique   T\u00e9l\u00e9charger le PDF de caract\u00e9ristiques et de dimensions","og_url":"https:\/\/agpvalvulas.com\/fr\/produit\/vannes-hydrauliques\/vannes-plastique\/vanne-nue-plastique\/","og_site_name":"AGP V\u00e1lvulas","article_modified_time":"2016-12-18T14:45:04+00:00","og_image":[{"width":800,"height":800,"url":"https:\/\/agpvalvulas.com\/wp-content\/uploads\/2016\/11\/1-Plastico-basica.jpg","type":"image\/jpeg"}],"twitter_card":"summary_large_image","schema":{"@context":"https:\/\/schema.org","@graph":[{"@type":"WebPage","@id":"https:\/\/agpvalvulas.com\/fr\/produit\/vannes-hydrauliques\/vannes-plastique\/vanne-nue-plastique\/","url":"https:\/\/agpvalvulas.com\/fr\/produit\/vannes-hydrauliques\/vannes-plastique\/vanne-nue-plastique\/","name":"Vanne nue plastique - AGP V\u00e1lvulas","isPartOf":{"@id":"https:\/\/agpvalvulas.com\/fr\/#website"},"primaryImageOfPage":{"@id":"https:\/\/agpvalvulas.com\/fr\/produit\/vannes-hydrauliques\/vannes-plastique\/vanne-nue-plastique\/#primaryimage"},"image":{"@id":"https:\/\/agpvalvulas.com\/fr\/produit\/vannes-hydrauliques\/vannes-plastique\/vanne-nue-plastique\/#primaryimage"},"thumbnailUrl":"https:\/\/agpvalvulas.com\/wp-content\/uploads\/2016\/11\/1-Plastico-basica.jpg","datePublished":"2015-04-09T06:14:08+00:00","dateModified":"2016-12-18T14:45:04+00:00","breadcrumb":{"@id":"https:\/\/agpvalvulas.com\/fr\/produit\/vannes-hydrauliques\/vannes-plastique\/vanne-nue-plastique\/#breadcrumb"},"inLanguage":"fr-FR","potentialAction":[{"@type":"ReadAction","target":["https:\/\/agpvalvulas.com\/fr\/produit\/vannes-hydrauliques\/vannes-plastique\/vanne-nue-plastique\/"]}]},{"@type":"ImageObject","inLanguage":"fr-FR","@id":"https:\/\/agpvalvulas.com\/fr\/produit\/vannes-hydrauliques\/vannes-plastique\/vanne-nue-plastique\/#primaryimage","url":"https:\/\/agpvalvulas.com\/wp-content\/uploads\/2016\/11\/1-Plastico-basica.jpg","contentUrl":"https:\/\/agpvalvulas.com\/wp-content\/uploads\/2016\/11\/1-Plastico-basica.jpg","width":800,"height":800},{"@type":"BreadcrumbList","@id":"https:\/\/agpvalvulas.com\/fr\/produit\/vannes-hydrauliques\/vannes-plastique\/vanne-nue-plastique\/#breadcrumb","itemListElement":[{"@type":"ListItem","position":1,"name":"Portada","item":"https:\/\/agpvalvulas.com\/fr\/"},{"@type":"ListItem","position":2,"name":"Produits","item":"https:\/\/agpvalvulas.com\/fr\/produits\/"},{"@type":"ListItem","position":3,"name":"Vanne nue plastique"}]},{"@type":"WebSite","@id":"https:\/\/agpvalvulas.com\/fr\/#website","url":"https:\/\/agpvalvulas.com\/fr\/","name":"AGP V\u00e1lvulas","description":"AGP V\u00e1lvulas","publisher":{"@id":"https:\/\/agpvalvulas.com\/fr\/#organization"},"potentialAction":[{"@type":"SearchAction","target":{"@type":"EntryPoint","urlTemplate":"https:\/\/agpvalvulas.com\/fr\/?s={search_term_string}"},"query-input":{"@type":"PropertyValueSpecification","valueRequired":true,"valueName":"search_term_string"}}],"inLanguage":"fr-FR"},{"@type":"Organization","@id":"https:\/\/agpvalvulas.com\/fr\/#organization","name":"AGP V\u00e1lvulas","url":"https:\/\/agpvalvulas.com\/fr\/","logo":{"@type":"ImageObject","inLanguage":"fr-FR","@id":"https:\/\/agpvalvulas.com\/fr\/#\/schema\/logo\/image\/","url":"https:\/\/agpvalvulas.com\/wp-content\/uploads\/2017\/01\/LOGOAGP-TIF.jpg","contentUrl":"https:\/\/agpvalvulas.com\/wp-content\/uploads\/2017\/01\/LOGOAGP-TIF.jpg","width":345,"height":168,"caption":"AGP V\u00e1lvulas"},"image":{"@id":"https:\/\/agpvalvulas.com\/fr\/#\/schema\/logo\/image\/"}}]}},"_links":{"self":[{"href":"https:\/\/agpvalvulas.com\/fr\/wp-json\/wp\/v2\/product\/6205","targetHints":{"allow":["GET"]}}],"collection":[{"href":"https:\/\/agpvalvulas.com\/fr\/wp-json\/wp\/v2\/product"}],"about":[{"href":"https:\/\/agpvalvulas.com\/fr\/wp-json\/wp\/v2\/types\/product"}],"replies":[{"embeddable":true,"href":"https:\/\/agpvalvulas.com\/fr\/wp-json\/wp\/v2\/comments?post=6205"}],"wp:featuredmedia":[{"embeddable":true,"href":"https:\/\/agpvalvulas.com\/fr\/wp-json\/wp\/v2\/media\/7284"}],"wp:attachment":[{"href":"https:\/\/agpvalvulas.com\/fr\/wp-json\/wp\/v2\/media?parent=6205"}],"wp:term":[{"taxonomy":"product_brand","embeddable":true,"href":"https:\/\/agpvalvulas.com\/fr\/wp-json\/wp\/v2\/product_brand?post=6205"},{"taxonomy":"product_cat","embeddable":true,"href":"https:\/\/agpvalvulas.com\/fr\/wp-json\/wp\/v2\/product_cat?post=6205"},{"taxonomy":"product_tag","embeddable":true,"href":"https:\/\/agpvalvulas.com\/fr\/wp-json\/wp\/v2\/product_tag?post=6205"}],"curies":[{"name":"wp","href":"https:\/\/api.w.org\/{rel}","templated":true}]}}