{"id":6217,"date":"2016-10-24T11:55:27","date_gmt":"2015-05-05T15:01:27","guid":{"rendered":"https:\/\/agpvalvulas.com\/productos\/sin-categorizar\/valvula-control-manual-plastico-2\/"},"modified":"2016-11-23T13:55:26","modified_gmt":"2016-11-23T13:55:26","slug":"vanne-plastique-a-commande-manuelle","status":"publish","type":"product","link":"https:\/\/agpvalvulas.com\/fr\/produit\/vannes-hydrauliques\/vannes-plastique\/vanne-plastique-a-commande-manuelle\/","title":{"rendered":"Vanne plastique \u00e0 commande manuelle"},"content":{"rendered":"<table border=\"0\" width=\"100%\">\n<tbody>\n<tr>\n<td style=\"color: #fff; padding-left: 15px;\" colspan=\"6\" bgcolor=\"#3371c5\" height=\"35\"><strong>R\u00e9f\u00e9rences et dimensions<\/strong><\/td>\n<\/tr>\n<tr>\n<td align=\"center\" width=\"20%\"><strong>Code produit<\/strong><\/td>\n<td align=\"center\" width=\"20%\" height=\"35\"><strong>Vanne<\/strong><\/td>\n<td align=\"center\" width=\"15%\" height=\"35\"><strong>L<\/strong><\/td>\n<td align=\"center\" width=\"15%\" height=\"35\"><strong>H<\/strong><\/td>\n<td align=\"center\" width=\"15%\" height=\"35\"><strong>W<\/strong><\/td>\n<td align=\"center\" width=\"15%\" height=\"35\"><strong>Kg.<\/strong><\/td>\n<\/tr>\n<tr>\n<td align=\"center\" bgcolor=\"#eeeeee\" width=\"20%\">892915\/493002<\/td>\n<td align=\"center\" bgcolor=\"#eeeeee\" width=\"20%\" height=\"35\">1&Prime;1\/2<\/td>\n<td align=\"center\" bgcolor=\"#eeeeee\" width=\"15%\" height=\"35\">188<\/td>\n<td align=\"center\" bgcolor=\"#eeeeee\" width=\"15%\" height=\"35\">124<\/td>\n<td align=\"center\" bgcolor=\"#eeeeee\" width=\"15%\" height=\"35\">147<\/td>\n<td align=\"center\" bgcolor=\"#eeeeee\" width=\"15%\" height=\"35\">1,2<\/td>\n<\/tr>\n<tr>\n<td align=\"center\" width=\"10%\">892920\/493002<\/td>\n<td align=\"center\" width=\"20%\" height=\"35\">2&Prime;<\/td>\n<td align=\"center\" width=\"15%\" height=\"35\">188<\/td>\n<td align=\"center\" width=\"15%\" height=\"35\">124<\/td>\n<td align=\"center\" width=\"15%\" height=\"35\">147<\/td>\n<td align=\"center\" width=\"15%\" height=\"35\">1,2<\/td>\n<\/tr>\n<tr>\n<td align=\"center\" bgcolor=\"#eeeeee\" width=\"20%\">892930\/493002<\/td>\n<td align=\"center\" bgcolor=\"#eeeeee\" width=\"20%\" height=\"35\"><strong>3&Prime;<\/strong><\/td>\n<td align=\"center\" bgcolor=\"#eeeeee\" width=\"15%\" height=\"35\">252<\/td>\n<td align=\"center\" bgcolor=\"#eeeeee\" width=\"15%\" height=\"35\">162<\/td>\n<td align=\"center\" bgcolor=\"#eeeeee\" width=\"15%\" height=\"35\">209<\/td>\n<td align=\"center\" bgcolor=\"#eeeeee\" width=\"15%\" height=\"35\">2,7<\/td>\n<\/tr>\n<tr>\n<td align=\"center\" width=\"10%\">892940\/493002<\/td>\n<td align=\"center\" width=\"20%\" height=\"35\">4&Prime;<\/td>\n<td align=\"center\" width=\"15%\" height=\"35\">295<\/td>\n<td align=\"center\" width=\"15%\" height=\"35\">210<\/td>\n<td align=\"center\" width=\"15%\" height=\"35\">212<\/td>\n<td align=\"center\" width=\"15%\" height=\"35\">4,4<\/td>\n<\/tr>\n<\/tbody>\n<\/table>\n<p><em>(Codes de vannes avec membrane basse pression BP, pour vannes avec membrane haute pression AP, nous consulter)<\/em><\/p>\n<table border=\"0\" width=\"100%\">\n<tbody>\n<tr>\n<td style=\"color: #fff; padding-left: 15px;\" colspan=\"3\" bgcolor=\"#3371c5\" height=\"35\"><strong>Pression minimale de travail<\/strong><\/td>\n<\/tr>\n<tr>\n<td align=\"center\" width=\"10%\" height=\"35\"><strong>Vanne<\/strong><\/td>\n<td align=\"center\" width=\"12%\" height=\"35\"><strong>Basse Pression<\/strong><\/td>\n<td align=\"center\" width=\"12%\" height=\"35\"><strong>Haute Pression<br \/>\n<\/strong><\/td>\n<\/tr>\n<tr>\n<td align=\"center\" bgcolor=\"#eeeeee\" width=\"10%\" height=\"35\">1&Prime;1\/2<\/td>\n<td align=\"center\" bgcolor=\"#eeeeee\" width=\"12%\" height=\"35\">0,3<\/td>\n<td align=\"center\" bgcolor=\"#eeeeee\" width=\"12%\" height=\"35\">0,7<\/td>\n<\/tr>\n<tr>\n<td align=\"center\" width=\"10%\" height=\"35\">2&Prime;<\/td>\n<td align=\"center\" width=\"12%\" height=\"35\">0,3<\/td>\n<td align=\"center\" width=\"12%\" height=\"35\">0,7<\/td>\n<\/tr>\n<tr>\n<td align=\"center\" bgcolor=\"#eeeeee\" width=\"10%\" height=\"35\"><strong>3&Prime;<\/strong><\/td>\n<td align=\"center\" bgcolor=\"#eeeeee\" width=\"12%\" height=\"35\">0,5<\/td>\n<td align=\"center\" bgcolor=\"#eeeeee\" width=\"12%\" height=\"35\">0,9<\/td>\n<\/tr>\n<tr>\n<td align=\"center\" width=\"10%\" height=\"35\">4&Prime;<\/td>\n<td align=\"center\" width=\"12%\" height=\"35\">0,5<\/td>\n<td align=\"center\" width=\"12%\" height=\"35\">1,0<\/td>\n<\/tr>\n<\/tbody>\n<\/table>\n<p>&nbsp;<\/p>\n<table border=\"0\" width=\"100%\">\n<tbody>\n<tr>\n<td style=\"color: #fff; padding-left: 15px;\" colspan=\"20\" bgcolor=\"#3371c5\" height=\"35\"><strong>Perte de charge avec vanne coumpl\u00e9tement ouverte (mca)<\/strong><\/td>\n<\/tr>\n<tr>\n<td><\/td>\n<td style=\"border-bottom: border-bottom:1pt solid black;\" colspan=\"19\" align=\"center\"><strong>D\u00e9bit (m<sup>3<\/sup>\/h)<\/strong><\/td>\n<\/tr>\n<tr>\n<td align=\"center\" width=\"10%\" height=\"35\"><strong>Vanne<\/strong><\/td>\n<td align=\"center\" width=\"5%\" height=\"35\"><strong>5<\/strong><\/td>\n<td align=\"center\" width=\"5%\" height=\"35\"><strong>10<\/strong><\/td>\n<td align=\"center\" width=\"5%\" height=\"35\"><strong>15<\/strong><\/td>\n<td align=\"center\" width=\"5%\"><strong>20<\/strong><\/td>\n<td align=\"center\" width=\"5%\"><strong>25<\/strong><\/td>\n<td align=\"center\" width=\"5%\"><strong>30<\/strong><\/td>\n<td align=\"center\" width=\"5%\"><strong>35<\/strong><\/td>\n<td align=\"center\" width=\"5%\"><strong>40<\/strong><\/td>\n<td align=\"center\" width=\"5%\"><strong>45<\/strong><\/td>\n<td align=\"center\" width=\"5%\"><strong>50<\/strong><\/td>\n<td align=\"center\" width=\"5%\"><strong>55<\/strong><\/td>\n<td align=\"center\" width=\"5%\"><strong>60<\/strong><\/td>\n<td align=\"center\" width=\"5%\"><strong>65<\/strong><\/td>\n<td align=\"center\" width=\"5%\"><strong>70<\/strong><\/td>\n<td align=\"center\" width=\"5%\"><strong>80<\/strong><\/td>\n<td align=\"center\" width=\"5%\"><strong>90<\/strong><\/td>\n<td align=\"center\" width=\"5%\"><strong>100<\/strong><\/td>\n<td align=\"center\" width=\"5%\"><strong>125<\/strong><\/td>\n<td align=\"center\" width=\"5%\"><strong>150<\/strong><\/td>\n<\/tr>\n<tr>\n<td align=\"center\" bgcolor=\"#eeeeee\" width=\"10%\" height=\"35\">1&Prime;1\/2<\/td>\n<td align=\"center\" bgcolor=\"#eeeeee\" width=\"5%\" height=\"35\"><strong>0,08<\/strong><\/td>\n<td align=\"center\" bgcolor=\"#eeeeee\" width=\"5%\" height=\"35\"><strong>0,35<\/strong><\/td>\n<td align=\"center\" bgcolor=\"#eeeeee\" width=\"5%\" height=\"35\"><strong>0,82<\/strong><\/td>\n<td align=\"center\" bgcolor=\"#eeeeee\" width=\"5%\"><strong>1,50<\/strong><\/td>\n<td align=\"center\" bgcolor=\"#eeeeee\" width=\"5%\"><strong>2,40<\/strong><\/td>\n<td align=\"center\" bgcolor=\"#eeeeee\" width=\"5%\"><strong>3,51<\/strong><\/td>\n<td align=\"center\" bgcolor=\"#eeeeee\" width=\"5%\">4,85<\/td>\n<td align=\"center\" bgcolor=\"#eeeeee\" width=\"5%\">6,42<\/td>\n<td align=\"center\" bgcolor=\"#eeeeee\" width=\"5%\">8,22<\/td>\n<td align=\"center\" bgcolor=\"#eeeeee\" width=\"5%\">10,25<\/td>\n<td align=\"center\" bgcolor=\"#eeeeee\" width=\"5%\"><\/td>\n<td align=\"center\" bgcolor=\"#eeeeee\" width=\"5%\"><\/td>\n<td align=\"center\" bgcolor=\"#eeeeee\" width=\"5%\"><\/td>\n<td align=\"center\" bgcolor=\"#eeeeee\" width=\"5%\"><\/td>\n<td align=\"center\" bgcolor=\"#eeeeee\" width=\"5%\"><\/td>\n<td align=\"center\" bgcolor=\"#eeeeee\" width=\"5%\"><\/td>\n<td align=\"center\" bgcolor=\"#eeeeee\" width=\"5%\"><\/td>\n<td align=\"center\" bgcolor=\"#eeeeee\" width=\"5%\"><\/td>\n<td align=\"center\" bgcolor=\"#eeeeee\" width=\"5%\"><\/td>\n<\/tr>\n<tr>\n<td align=\"center\" width=\"10%\" height=\"35\">2&Prime;<\/td>\n<td align=\"center\" width=\"5%\" height=\"35\"><strong>0,05<\/strong><\/td>\n<td align=\"center\" width=\"5%\" height=\"35\"><strong>0,30<\/strong><\/td>\n<td align=\"center\" width=\"5%\" height=\"35\"><strong>0,60<\/strong><\/td>\n<td align=\"center\" width=\"5%\"><strong>1,20<\/strong><\/td>\n<td align=\"center\" width=\"5%\"><strong>1,85<\/strong><\/td>\n<td align=\"center\" width=\"5%\"><strong>2,80<\/strong><\/td>\n<td align=\"center\" width=\"5%\"><strong>3,95<\/strong><\/td>\n<td align=\"center\" width=\"5%\">4,90<\/td>\n<td align=\"center\" width=\"5%\">6,10<\/td>\n<td align=\"center\" width=\"5%\">7,75<\/td>\n<td align=\"center\" width=\"5%\"><\/td>\n<td align=\"center\" width=\"5%\"><\/td>\n<td align=\"center\" width=\"5%\"><\/td>\n<td align=\"center\" width=\"5%\"><\/td>\n<td align=\"center\" width=\"5%\"><\/td>\n<td align=\"center\" width=\"5%\"><\/td>\n<td align=\"center\" width=\"5%\"><\/td>\n<td align=\"center\" width=\"5%\"><\/td>\n<td align=\"center\" width=\"5%\"><\/td>\n<\/tr>\n<tr>\n<td align=\"center\" bgcolor=\"#eeeeee\" width=\"10%\" height=\"35\"><strong>3&Prime;<\/strong><\/td>\n<td align=\"center\" bgcolor=\"#eeeeee\" width=\"5%\" height=\"35\"><strong>0,04<\/strong><\/td>\n<td align=\"center\" bgcolor=\"#eeeeee\" width=\"5%\" height=\"35\"><strong>0,12<\/strong><\/td>\n<td align=\"center\" bgcolor=\"#eeeeee\" width=\"5%\" height=\"35\"><strong>0,25<\/strong><\/td>\n<td align=\"center\" bgcolor=\"#eeeeee\" width=\"5%\"><strong>0,44<\/strong><\/td>\n<td align=\"center\" bgcolor=\"#eeeeee\" width=\"5%\"><strong>0,68<\/strong><\/td>\n<td align=\"center\" bgcolor=\"#eeeeee\" width=\"5%\"><strong>0,97<\/strong><\/td>\n<td align=\"center\" bgcolor=\"#eeeeee\" width=\"5%\"><strong>1,31<\/strong><\/td>\n<td align=\"center\" bgcolor=\"#eeeeee\" width=\"5%\"><strong>1,70<\/strong><\/td>\n<td align=\"center\" bgcolor=\"#eeeeee\" width=\"5%\"><strong>2,13<\/strong><\/td>\n<td align=\"center\" bgcolor=\"#eeeeee\" width=\"5%\"><strong>2,62<\/strong><\/td>\n<td align=\"center\" bgcolor=\"#eeeeee\" width=\"5%\"><strong>3,15<\/strong><\/td>\n<td align=\"center\" bgcolor=\"#eeeeee\" width=\"5%\"><strong>3,73<\/strong><\/td>\n<td align=\"center\" bgcolor=\"#eeeeee\" width=\"5%\">4,35<\/td>\n<td align=\"center\" bgcolor=\"#eeeeee\" width=\"5%\">5,03<\/td>\n<td align=\"center\" bgcolor=\"#eeeeee\" width=\"5%\">6,51<\/td>\n<td align=\"center\" bgcolor=\"#eeeeee\" width=\"5%\">8,18<\/td>\n<td align=\"center\" bgcolor=\"#eeeeee\" width=\"5%\">10,03<\/td>\n<td align=\"center\" bgcolor=\"#eeeeee\" width=\"5%\"><\/td>\n<td align=\"center\" bgcolor=\"#eeeeee\" width=\"5%\"><\/td>\n<\/tr>\n<tr>\n<td align=\"center\" width=\"10%\" height=\"35\">4&Prime;<\/td>\n<td align=\"center\" width=\"5%\" height=\"35\"><strong>0,03<\/strong><\/td>\n<td align=\"center\" width=\"5%\" height=\"35\"><strong>0,11<\/strong><\/td>\n<td align=\"center\" width=\"5%\" height=\"35\"><strong>0,22<\/strong><\/td>\n<td align=\"center\" width=\"5%\"><strong>0,35<\/strong><\/td>\n<td align=\"center\" width=\"5%\"><strong>0,50<\/strong><\/td>\n<td align=\"center\" width=\"5%\"><strong>0,68<\/strong><\/td>\n<td align=\"center\" width=\"5%\"><strong>0,88<\/strong><\/td>\n<td align=\"center\" width=\"5%\"><strong>1,09<\/strong><\/td>\n<td align=\"center\" width=\"5%\"><strong>1,33<\/strong><\/td>\n<td align=\"center\" width=\"5%\"><strong>1,58<\/strong><\/td>\n<td align=\"center\" width=\"5%\"><strong>1,85<\/strong><\/td>\n<td align=\"center\" width=\"5%\"><strong>2,13<\/strong><\/td>\n<td align=\"center\" width=\"5%\"><strong>2,43<\/strong><\/td>\n<td align=\"center\" width=\"5%\"><strong>2,75<\/strong><\/td>\n<td align=\"center\" width=\"5%\"><strong>3,42<\/strong><\/td>\n<td align=\"center\" width=\"5%\">4,16<\/td>\n<td align=\"center\" width=\"5%\">4,95<\/td>\n<td align=\"center\" width=\"5%\">7,15<\/td>\n<td align=\"center\" width=\"5%\">9,66<\/td>\n<\/tr>\n<tr>\n<td style=\"padding-right: 15px;\" colspan=\"20\" align=\"right\"><strong>En noir d\u00e9bits conseill\u00e9s<\/strong><\/td>\n<\/tr>\n<\/tbody>\n<\/table>\n","protected":false},"excerpt":{"rendered":"<h4>Description<\/h4>\n<p>C\u2019est une vanne command\u00e9e avec la pression de la conduite principale \u00e0 l\u2019aide du robinet 3 voies, celui-ci a les positions \u201copen\u201d ouvrir, \u201cclose\u201d fermer et \u201cauto\u201d automatique.<br \/>\nDans la position \u201copen\u201d la vanne ouvre compl\u00e8tement, dans la position \u201cclose\u201d la vanne ferme lentement pour \u00e9viter le coup de b\u00e9lier.<\/p>\n<h4>Aplications<\/h4>\n<p>Ouverture et fermeture manuelle de la vanne.<br \/>\nPossibilit\u00e9 de connecter \u00e0 un control externe \u00e0 travers d\u2019une conduite de tubing de commande hydraulique.<\/p>\n<h4>Mod\u00e8les disponibles<\/h4>\n<p>1 \u00bd\u201d, 2\u201d, 3\u201d BSP (NPT optionnel)<br \/>\n4\u201d victaulic<\/p>\n<h4>Dimensions \/ pertes de charge<\/h4>\n<p><img decoding=\"async\" style=\"vertical-align: sub;\" src=\"https:\/\/agpvalvulas.com\/wp-content\/uploads\/2015\/06\/pdf.png\" alt=\"\" \/> <a href=\"http:\/\/agpvalvulas.com\/wp-content\/pdf\/302-vanne-a-commande-manuelle-Francais.pdf\" target=\"_blank\">T\u00e9l\u00e9charger le PDF technique<\/a><\/p>\n<p><img decoding=\"async\" style=\"vertical-align: sub;\" src=\"https:\/\/agpvalvulas.com\/wp-content\/uploads\/2015\/06\/pdf.png\" alt=\"\" \/> <a href=\"http:\/\/agpvalvulas.com\/wp-content\/pdf\/300-10-Car-i-dim-FRANCES-plastic.pdf\" target=\"_blank\">T\u00e9l\u00e9charger le PDF de caract\u00e9ristiques et de dimensions<\/a><\/p>\n<p><img decoding=\"async\" style=\"vertical-align: sub;\" src=\"https:\/\/agpvalvulas.com\/wp-content\/uploads\/2015\/06\/pdf.png\" alt=\"\" \/> <a href=\"http:\/\/agpvalvulas.com\/wp-content\/pdf\/02-valvula-mando-manual.pdf\" target=\"_blank\">T\u00e9l\u00e9charger PDF programme<\/a><\/p>\n","protected":false},"featured_media":7288,"comment_status":"closed","ping_status":"closed","template":"","meta":[],"product_brand":[],"product_cat":[340,339],"product_tag":[358,128,341,342],"class_list":{"0":"post-6217","1":"product","2":"type-product","3":"status-publish","4":"has-post-thumbnail","6":"product_cat-vannes-hydrauliques","7":"product_cat-vannes-plastique","8":"product_tag-control-manual-fr","9":"product_tag-valvula-fr","10":"product_tag-valvula-de-plastico-fr","11":"product_tag-valvula-hidraulica-fr","12":"description-off","14":"first","15":"outofstock","16":"shipping-taxable","17":"product-type-simple"},"yoast_head":"<!-- This site is optimized with the Yoast SEO plugin v25.5 - https:\/\/yoast.com\/wordpress\/plugins\/seo\/ -->\n<title>Vanne plastique \u00e0 commande manuelle - AGP V\u00e1lvulas<\/title>\n<meta name=\"robots\" content=\"index, follow, max-snippet:-1, max-image-preview:large, max-video-preview:-1\" \/>\n<link rel=\"canonical\" href=\"https:\/\/agpvalvulas.com\/fr\/produit\/vannes-hydrauliques\/vannes-plastique\/vanne-plastique-a-commande-manuelle\/\" \/>\n<meta property=\"og:locale\" content=\"fr_FR\" \/>\n<meta property=\"og:type\" content=\"article\" \/>\n<meta property=\"og:title\" content=\"Vanne plastique \u00e0 commande manuelle - AGP V\u00e1lvulas\" \/>\n<meta property=\"og:description\" content=\"Description C\u2019est une vanne command\u00e9e avec la pression de la conduite principale \u00e0 l\u2019aide du robinet 3 voies, celui-ci a les positions \u201copen\u201d ouvrir, \u201cclose\u201d fermer et \u201cauto\u201d automatique. Dans la position \u201copen\u201d la vanne ouvre compl\u00e8tement, dans la position \u201cclose\u201d la vanne ferme lentement pour \u00e9viter le coup de b\u00e9lier. Aplications Ouverture et fermeture manuelle de la vanne. Possibilit\u00e9 de connecter \u00e0 un control externe \u00e0 travers d\u2019une conduite de tubing de commande hydraulique. Mod\u00e8les disponibles 1 \u00bd\u201d, 2\u201d, 3\u201d BSP (NPT optionnel) 4\u201d victaulic Dimensions \/ pertes de charge  T\u00e9l\u00e9charger le PDF technique   T\u00e9l\u00e9charger le PDF de caract\u00e9ristiques et de dimensions   T\u00e9l\u00e9charger PDF programme\" \/>\n<meta property=\"og:url\" content=\"https:\/\/agpvalvulas.com\/fr\/produit\/vannes-hydrauliques\/vannes-plastique\/vanne-plastique-a-commande-manuelle\/\" \/>\n<meta property=\"og:site_name\" content=\"AGP V\u00e1lvulas\" \/>\n<meta property=\"article:modified_time\" content=\"2016-11-23T13:55:26+00:00\" \/>\n<meta property=\"og:image\" content=\"https:\/\/agpvalvulas.com\/wp-content\/uploads\/2016\/11\/2-Plastico-mando-manual.jpg\" \/>\n\t<meta property=\"og:image:width\" content=\"800\" \/>\n\t<meta property=\"og:image:height\" content=\"800\" \/>\n\t<meta property=\"og:image:type\" content=\"image\/jpeg\" \/>\n<meta name=\"twitter:card\" content=\"summary_large_image\" \/>\n<script type=\"application\/ld+json\" class=\"yoast-schema-graph\">{\"@context\":\"https:\/\/schema.org\",\"@graph\":[{\"@type\":\"WebPage\",\"@id\":\"https:\/\/agpvalvulas.com\/fr\/produit\/vannes-hydrauliques\/vannes-plastique\/vanne-plastique-a-commande-manuelle\/\",\"url\":\"https:\/\/agpvalvulas.com\/fr\/produit\/vannes-hydrauliques\/vannes-plastique\/vanne-plastique-a-commande-manuelle\/\",\"name\":\"Vanne plastique \u00e0 commande manuelle - AGP V\u00e1lvulas\",\"isPartOf\":{\"@id\":\"https:\/\/agpvalvulas.com\/fr\/#website\"},\"primaryImageOfPage\":{\"@id\":\"https:\/\/agpvalvulas.com\/fr\/produit\/vannes-hydrauliques\/vannes-plastique\/vanne-plastique-a-commande-manuelle\/#primaryimage\"},\"image\":{\"@id\":\"https:\/\/agpvalvulas.com\/fr\/produit\/vannes-hydrauliques\/vannes-plastique\/vanne-plastique-a-commande-manuelle\/#primaryimage\"},\"thumbnailUrl\":\"https:\/\/agpvalvulas.com\/wp-content\/uploads\/2016\/11\/2-Plastico-mando-manual.jpg\",\"datePublished\":\"2015-05-05T15:01:27+00:00\",\"dateModified\":\"2016-11-23T13:55:26+00:00\",\"breadcrumb\":{\"@id\":\"https:\/\/agpvalvulas.com\/fr\/produit\/vannes-hydrauliques\/vannes-plastique\/vanne-plastique-a-commande-manuelle\/#breadcrumb\"},\"inLanguage\":\"fr-FR\",\"potentialAction\":[{\"@type\":\"ReadAction\",\"target\":[\"https:\/\/agpvalvulas.com\/fr\/produit\/vannes-hydrauliques\/vannes-plastique\/vanne-plastique-a-commande-manuelle\/\"]}]},{\"@type\":\"ImageObject\",\"inLanguage\":\"fr-FR\",\"@id\":\"https:\/\/agpvalvulas.com\/fr\/produit\/vannes-hydrauliques\/vannes-plastique\/vanne-plastique-a-commande-manuelle\/#primaryimage\",\"url\":\"https:\/\/agpvalvulas.com\/wp-content\/uploads\/2016\/11\/2-Plastico-mando-manual.jpg\",\"contentUrl\":\"https:\/\/agpvalvulas.com\/wp-content\/uploads\/2016\/11\/2-Plastico-mando-manual.jpg\",\"width\":800,\"height\":800},{\"@type\":\"BreadcrumbList\",\"@id\":\"https:\/\/agpvalvulas.com\/fr\/produit\/vannes-hydrauliques\/vannes-plastique\/vanne-plastique-a-commande-manuelle\/#breadcrumb\",\"itemListElement\":[{\"@type\":\"ListItem\",\"position\":1,\"name\":\"Portada\",\"item\":\"https:\/\/agpvalvulas.com\/fr\/\"},{\"@type\":\"ListItem\",\"position\":2,\"name\":\"Produits\",\"item\":\"https:\/\/agpvalvulas.com\/fr\/produits\/\"},{\"@type\":\"ListItem\",\"position\":3,\"name\":\"Vanne plastique \u00e0 commande manuelle\"}]},{\"@type\":\"WebSite\",\"@id\":\"https:\/\/agpvalvulas.com\/fr\/#website\",\"url\":\"https:\/\/agpvalvulas.com\/fr\/\",\"name\":\"AGP V\u00e1lvulas\",\"description\":\"AGP V\u00e1lvulas\",\"publisher\":{\"@id\":\"https:\/\/agpvalvulas.com\/fr\/#organization\"},\"potentialAction\":[{\"@type\":\"SearchAction\",\"target\":{\"@type\":\"EntryPoint\",\"urlTemplate\":\"https:\/\/agpvalvulas.com\/fr\/?s={search_term_string}\"},\"query-input\":{\"@type\":\"PropertyValueSpecification\",\"valueRequired\":true,\"valueName\":\"search_term_string\"}}],\"inLanguage\":\"fr-FR\"},{\"@type\":\"Organization\",\"@id\":\"https:\/\/agpvalvulas.com\/fr\/#organization\",\"name\":\"AGP V\u00e1lvulas\",\"url\":\"https:\/\/agpvalvulas.com\/fr\/\",\"logo\":{\"@type\":\"ImageObject\",\"inLanguage\":\"fr-FR\",\"@id\":\"https:\/\/agpvalvulas.com\/fr\/#\/schema\/logo\/image\/\",\"url\":\"https:\/\/agpvalvulas.com\/wp-content\/uploads\/2017\/01\/LOGOAGP-TIF.jpg\",\"contentUrl\":\"https:\/\/agpvalvulas.com\/wp-content\/uploads\/2017\/01\/LOGOAGP-TIF.jpg\",\"width\":345,\"height\":168,\"caption\":\"AGP V\u00e1lvulas\"},\"image\":{\"@id\":\"https:\/\/agpvalvulas.com\/fr\/#\/schema\/logo\/image\/\"}}]}<\/script>\n<!-- \/ Yoast SEO plugin. -->","yoast_head_json":{"title":"Vanne plastique \u00e0 commande manuelle - AGP V\u00e1lvulas","robots":{"index":"index","follow":"follow","max-snippet":"max-snippet:-1","max-image-preview":"max-image-preview:large","max-video-preview":"max-video-preview:-1"},"canonical":"https:\/\/agpvalvulas.com\/fr\/produit\/vannes-hydrauliques\/vannes-plastique\/vanne-plastique-a-commande-manuelle\/","og_locale":"fr_FR","og_type":"article","og_title":"Vanne plastique \u00e0 commande manuelle - AGP V\u00e1lvulas","og_description":"Description C\u2019est une vanne command\u00e9e avec la pression de la conduite principale \u00e0 l\u2019aide du robinet 3 voies, celui-ci a les positions \u201copen\u201d ouvrir, \u201cclose\u201d fermer et \u201cauto\u201d automatique. Dans la position \u201copen\u201d la vanne ouvre compl\u00e8tement, dans la position \u201cclose\u201d la vanne ferme lentement pour \u00e9viter le coup de b\u00e9lier. Aplications Ouverture et fermeture manuelle de la vanne. Possibilit\u00e9 de connecter \u00e0 un control externe \u00e0 travers d\u2019une conduite de tubing de commande hydraulique. Mod\u00e8les disponibles 1 \u00bd\u201d, 2\u201d, 3\u201d BSP (NPT optionnel) 4\u201d victaulic Dimensions \/ pertes de charge  T\u00e9l\u00e9charger le PDF technique   T\u00e9l\u00e9charger le PDF de caract\u00e9ristiques et de dimensions   T\u00e9l\u00e9charger PDF programme","og_url":"https:\/\/agpvalvulas.com\/fr\/produit\/vannes-hydrauliques\/vannes-plastique\/vanne-plastique-a-commande-manuelle\/","og_site_name":"AGP V\u00e1lvulas","article_modified_time":"2016-11-23T13:55:26+00:00","og_image":[{"width":800,"height":800,"url":"https:\/\/agpvalvulas.com\/wp-content\/uploads\/2016\/11\/2-Plastico-mando-manual.jpg","type":"image\/jpeg"}],"twitter_card":"summary_large_image","schema":{"@context":"https:\/\/schema.org","@graph":[{"@type":"WebPage","@id":"https:\/\/agpvalvulas.com\/fr\/produit\/vannes-hydrauliques\/vannes-plastique\/vanne-plastique-a-commande-manuelle\/","url":"https:\/\/agpvalvulas.com\/fr\/produit\/vannes-hydrauliques\/vannes-plastique\/vanne-plastique-a-commande-manuelle\/","name":"Vanne plastique \u00e0 commande manuelle - AGP V\u00e1lvulas","isPartOf":{"@id":"https:\/\/agpvalvulas.com\/fr\/#website"},"primaryImageOfPage":{"@id":"https:\/\/agpvalvulas.com\/fr\/produit\/vannes-hydrauliques\/vannes-plastique\/vanne-plastique-a-commande-manuelle\/#primaryimage"},"image":{"@id":"https:\/\/agpvalvulas.com\/fr\/produit\/vannes-hydrauliques\/vannes-plastique\/vanne-plastique-a-commande-manuelle\/#primaryimage"},"thumbnailUrl":"https:\/\/agpvalvulas.com\/wp-content\/uploads\/2016\/11\/2-Plastico-mando-manual.jpg","datePublished":"2015-05-05T15:01:27+00:00","dateModified":"2016-11-23T13:55:26+00:00","breadcrumb":{"@id":"https:\/\/agpvalvulas.com\/fr\/produit\/vannes-hydrauliques\/vannes-plastique\/vanne-plastique-a-commande-manuelle\/#breadcrumb"},"inLanguage":"fr-FR","potentialAction":[{"@type":"ReadAction","target":["https:\/\/agpvalvulas.com\/fr\/produit\/vannes-hydrauliques\/vannes-plastique\/vanne-plastique-a-commande-manuelle\/"]}]},{"@type":"ImageObject","inLanguage":"fr-FR","@id":"https:\/\/agpvalvulas.com\/fr\/produit\/vannes-hydrauliques\/vannes-plastique\/vanne-plastique-a-commande-manuelle\/#primaryimage","url":"https:\/\/agpvalvulas.com\/wp-content\/uploads\/2016\/11\/2-Plastico-mando-manual.jpg","contentUrl":"https:\/\/agpvalvulas.com\/wp-content\/uploads\/2016\/11\/2-Plastico-mando-manual.jpg","width":800,"height":800},{"@type":"BreadcrumbList","@id":"https:\/\/agpvalvulas.com\/fr\/produit\/vannes-hydrauliques\/vannes-plastique\/vanne-plastique-a-commande-manuelle\/#breadcrumb","itemListElement":[{"@type":"ListItem","position":1,"name":"Portada","item":"https:\/\/agpvalvulas.com\/fr\/"},{"@type":"ListItem","position":2,"name":"Produits","item":"https:\/\/agpvalvulas.com\/fr\/produits\/"},{"@type":"ListItem","position":3,"name":"Vanne plastique \u00e0 commande manuelle"}]},{"@type":"WebSite","@id":"https:\/\/agpvalvulas.com\/fr\/#website","url":"https:\/\/agpvalvulas.com\/fr\/","name":"AGP V\u00e1lvulas","description":"AGP V\u00e1lvulas","publisher":{"@id":"https:\/\/agpvalvulas.com\/fr\/#organization"},"potentialAction":[{"@type":"SearchAction","target":{"@type":"EntryPoint","urlTemplate":"https:\/\/agpvalvulas.com\/fr\/?s={search_term_string}"},"query-input":{"@type":"PropertyValueSpecification","valueRequired":true,"valueName":"search_term_string"}}],"inLanguage":"fr-FR"},{"@type":"Organization","@id":"https:\/\/agpvalvulas.com\/fr\/#organization","name":"AGP V\u00e1lvulas","url":"https:\/\/agpvalvulas.com\/fr\/","logo":{"@type":"ImageObject","inLanguage":"fr-FR","@id":"https:\/\/agpvalvulas.com\/fr\/#\/schema\/logo\/image\/","url":"https:\/\/agpvalvulas.com\/wp-content\/uploads\/2017\/01\/LOGOAGP-TIF.jpg","contentUrl":"https:\/\/agpvalvulas.com\/wp-content\/uploads\/2017\/01\/LOGOAGP-TIF.jpg","width":345,"height":168,"caption":"AGP V\u00e1lvulas"},"image":{"@id":"https:\/\/agpvalvulas.com\/fr\/#\/schema\/logo\/image\/"}}]}},"_links":{"self":[{"href":"https:\/\/agpvalvulas.com\/fr\/wp-json\/wp\/v2\/product\/6217","targetHints":{"allow":["GET"]}}],"collection":[{"href":"https:\/\/agpvalvulas.com\/fr\/wp-json\/wp\/v2\/product"}],"about":[{"href":"https:\/\/agpvalvulas.com\/fr\/wp-json\/wp\/v2\/types\/product"}],"replies":[{"embeddable":true,"href":"https:\/\/agpvalvulas.com\/fr\/wp-json\/wp\/v2\/comments?post=6217"}],"wp:featuredmedia":[{"embeddable":true,"href":"https:\/\/agpvalvulas.com\/fr\/wp-json\/wp\/v2\/media\/7288"}],"wp:attachment":[{"href":"https:\/\/agpvalvulas.com\/fr\/wp-json\/wp\/v2\/media?parent=6217"}],"wp:term":[{"taxonomy":"product_brand","embeddable":true,"href":"https:\/\/agpvalvulas.com\/fr\/wp-json\/wp\/v2\/product_brand?post=6217"},{"taxonomy":"product_cat","embeddable":true,"href":"https:\/\/agpvalvulas.com\/fr\/wp-json\/wp\/v2\/product_cat?post=6217"},{"taxonomy":"product_tag","embeddable":true,"href":"https:\/\/agpvalvulas.com\/fr\/wp-json\/wp\/v2\/product_tag?post=6217"}],"curies":[{"name":"wp","href":"https:\/\/api.w.org\/{rel}","templated":true}]}}