{"id":6271,"date":"2016-10-24T11:30:20","date_gmt":"2015-05-06T14:17:20","guid":{"rendered":"https:\/\/agpvalvulas.com\/productos\/sin-categorizar\/valvula-de-plastico-reductora-de-presion-piloto-plastico-2\/"},"modified":"2016-11-24T12:31:27","modified_gmt":"2016-11-24T12:31:27","slug":"vanne-plastique-de-regulation-aval-avec-pilote-plastique","status":"publish","type":"product","link":"https:\/\/agpvalvulas.com\/fr\/produit\/vannes-hydrauliques\/vannes-plastique\/vanne-plastique-de-regulation-aval-avec-pilote-plastique\/","title":{"rendered":"Vanne plastique de r\u00e9gulation aval avec pilote plastique"},"content":{"rendered":"<table border=\"0\" width=\"100%\">\n<tbody>\n<tr>\n<td style=\"color: #fff; padding-left: 15px;\" colspan=\"6\" bgcolor=\"#3371c5\" height=\"35\"><strong>R\u00e9f\u00e9rences et dimensions<\/strong><\/td>\n<\/tr>\n<tr>\n<td align=\"center\" width=\"20%\"><strong>Code produit<\/strong><\/td>\n<td align=\"center\" width=\"20%\" height=\"35\"><strong>Vanne <\/strong><\/td>\n<td align=\"center\" width=\"15%\" height=\"35\"><strong>L<\/strong><\/td>\n<td align=\"center\" width=\"15%\" height=\"35\"><strong>H<\/strong><\/td>\n<td align=\"center\" width=\"15%\" height=\"35\"><strong>W<\/strong><\/td>\n<td align=\"center\" width=\"15%\" height=\"35\"><strong>Kg.<\/strong><\/td>\n<\/tr>\n<tr>\n<td align=\"center\" bgcolor=\"#eeeeee\" width=\"20%\">892915\/496305<\/td>\n<td align=\"center\" bgcolor=\"#eeeeee\" width=\"20%\" height=\"35\">1&Prime;1\/2<\/td>\n<td align=\"center\" bgcolor=\"#eeeeee\" width=\"15%\" height=\"35\">188<\/td>\n<td align=\"center\" bgcolor=\"#eeeeee\" width=\"15%\" height=\"35\">129<\/td>\n<td align=\"center\" bgcolor=\"#eeeeee\" width=\"15%\" height=\"35\">147<\/td>\n<td align=\"center\" bgcolor=\"#eeeeee\" width=\"15%\" height=\"35\">1,8<\/td>\n<\/tr>\n<tr>\n<td align=\"center\" width=\"10%\">892920\/496305<\/td>\n<td align=\"center\" width=\"20%\" height=\"35\">2&Prime;<\/td>\n<td align=\"center\" width=\"15%\" height=\"35\">188<\/td>\n<td align=\"center\" width=\"15%\" height=\"35\">129<\/td>\n<td align=\"center\" width=\"15%\" height=\"35\">147<\/td>\n<td align=\"center\" width=\"15%\" height=\"35\">1,8<\/td>\n<\/tr>\n<tr>\n<td align=\"center\" bgcolor=\"#eeeeee\" width=\"20%\">892930\/496305<\/td>\n<td align=\"center\" bgcolor=\"#eeeeee\" width=\"20%\" height=\"35\"><strong>3&Prime;<\/strong><\/td>\n<td align=\"center\" bgcolor=\"#eeeeee\" width=\"15%\" height=\"35\">252<\/td>\n<td align=\"center\" bgcolor=\"#eeeeee\" width=\"15%\" height=\"35\">167<\/td>\n<td align=\"center\" bgcolor=\"#eeeeee\" width=\"15%\" height=\"35\">209<\/td>\n<td align=\"center\" bgcolor=\"#eeeeee\" width=\"15%\" height=\"35\">3,3<\/td>\n<\/tr>\n<tr>\n<td align=\"center\" width=\"10%\">892940\/496305<\/td>\n<td align=\"center\" width=\"20%\" height=\"35\">4&Prime;<\/td>\n<td align=\"center\" width=\"15%\" height=\"35\">295<\/td>\n<td align=\"center\" width=\"15%\" height=\"35\">215<\/td>\n<td align=\"center\" width=\"15%\" height=\"35\">212<\/td>\n<td align=\"center\" width=\"15%\" height=\"35\">5,0<\/td>\n<\/tr>\n<\/tbody>\n<\/table>\n<p><em>(Codes de vannes avec membrane basse pression BP, pour vannes avec membrane haute pression AP, nous consulter.)<\/em><\/p>\n<table border=\"0\" width=\"100%\">\n<tbody>\n<tr>\n<td style=\"color: #fff; padding-left: 15px;\" colspan=\"3\" bgcolor=\"#3371c5\" height=\"35\"><strong>Pression minimale de travail<\/strong><\/td>\n<\/tr>\n<tr>\n<td align=\"center\" width=\"10%\" height=\"35\"><strong>Vanne <\/strong><\/td>\n<td align=\"center\" width=\"12%\" height=\"35\"><strong>Basse Pression<\/strong><\/td>\n<td align=\"center\" width=\"12%\" height=\"35\"><strong>Haute Pression<\/strong><\/td>\n<\/tr>\n<tr>\n<td align=\"center\" bgcolor=\"#eeeeee\" width=\"10%\" height=\"35\">1&Prime;1\/2<\/td>\n<td align=\"center\" bgcolor=\"#eeeeee\" width=\"12%\" height=\"35\">0,3<\/td>\n<td align=\"center\" bgcolor=\"#eeeeee\" width=\"12%\" height=\"35\">0,7<\/td>\n<\/tr>\n<tr>\n<td align=\"center\" width=\"10%\" height=\"35\">2&Prime;<\/td>\n<td align=\"center\" width=\"12%\" height=\"35\">0,3<\/td>\n<td align=\"center\" width=\"12%\" height=\"35\">0,7<\/td>\n<\/tr>\n<tr>\n<td align=\"center\" bgcolor=\"#eeeeee\" width=\"10%\" height=\"35\"><strong>3&Prime;<\/strong><\/td>\n<td align=\"center\" bgcolor=\"#eeeeee\" width=\"12%\" height=\"35\">0,5<\/td>\n<td align=\"center\" bgcolor=\"#eeeeee\" width=\"12%\" height=\"35\">0,9<\/td>\n<\/tr>\n<tr>\n<td align=\"center\" width=\"10%\" height=\"35\">4&Prime;<\/td>\n<td align=\"center\" width=\"12%\" height=\"35\">0,5<\/td>\n<td align=\"center\" width=\"12%\" height=\"35\">1,0<\/td>\n<\/tr>\n<\/tbody>\n<\/table>\n","protected":false},"excerpt":{"rendered":"<h4>Description<\/h4>\n<p>Vanne hydraulique de control que permet  r\u00e9duire la pression amont jusqu\u2019\u00e0 la pression aval d\u00e9sir\u00e9e \u00e0 l\u2019aide d\u2019un pilote r\u00e9gulateur 3 voies en plastique.<br \/>\nCette vanne permet d\u2019avoir une pression aval stabilis\u00e9e avec ind\u00e9pendance des variations de d\u00e9bit et de pression amont.<br \/>\nQuand la pression amont devient plus faible que la pression r\u00e9gl\u00e9e aval, la vanne reste compl\u00e8tement ouverte.<\/p>\n<h4>Applications<\/h4>\n<p>Contr\u00f4le de la pression aval.<\/p>\n<h4>Mod\u00e8les disponibles<\/h4>\n<p>1 \u00bd\u201d, 2\u201d, 3\u201d BSP (NPT optionnel)<br \/>\n4\u201d Victaulic<\/p>\n<h4>Dimensions \/ Pertes de charge<\/h4>\n<p><img decoding=\"async\" style=\"vertical-align: sub;\" src=\"https:\/\/agpvalvulas.com\/wp-content\/uploads\/2015\/06\/pdf.png\" alt=\"\" \/> <a href=\"http:\/\/agpvalvulas.com\/wp-content\/pdf\/307-Vanne-de-regulation-aval-pilote-plastique-AGP-Francais.pdf\" target=\"_blank\">T\u00e9l\u00e9charger le PDF technique<\/a><\/p>\n<p><img decoding=\"async\" style=\"vertical-align: sub;\" src=\"https:\/\/agpvalvulas.com\/wp-content\/uploads\/2015\/06\/pdf.png\" alt=\"\" \/> <a href=\"http:\/\/agpvalvulas.com\/wp-content\/pdf\/300-10-Car-i-dim-FRANCES-plastic.pdf\" target=\"_blank\">T\u00e9l\u00e9charger le PDF de caract\u00e9ristiques et de dimensions<\/a><\/p>\n<p><img decoding=\"async\" style=\"vertical-align: sub;\" src=\"https:\/\/agpvalvulas.com\/wp-content\/uploads\/2015\/06\/pdf.png\" alt=\"\" \/> <a href=\"http:\/\/agpvalvulas.com\/wp-content\/pdf\/07-valvula-Reductora-presion-piloto-plastico-AGP.pdf\" target=\"_blank\">T\u00e9l\u00e9charger PDF programme<\/a><\/p>\n","protected":false},"featured_media":7308,"comment_status":"closed","ping_status":"closed","template":"","meta":[],"product_brand":[],"product_cat":[340,339],"product_tag":[381,382,128,341,342],"class_list":{"0":"post-6271","1":"product","2":"type-product","3":"status-publish","4":"has-post-thumbnail","6":"product_cat-vannes-hydrauliques","7":"product_cat-vannes-plastique","8":"product_tag-piloto-de-plastico-fr","9":"product_tag-reductora-de-presion-fr","10":"product_tag-valvula-fr","11":"product_tag-valvula-de-plastico-fr","12":"product_tag-valvula-hidraulica-fr","13":"description-off","15":"first","16":"outofstock","17":"product-type-simple"},"yoast_head":"<!-- This site is optimized with the Yoast SEO plugin v25.5 - https:\/\/yoast.com\/wordpress\/plugins\/seo\/ -->\n<title>Vanne plastique de r\u00e9gulation aval avec pilote plastique - AGP V\u00e1lvulas<\/title>\n<meta name=\"robots\" content=\"index, follow, max-snippet:-1, max-image-preview:large, max-video-preview:-1\" \/>\n<link rel=\"canonical\" href=\"https:\/\/agpvalvulas.com\/fr\/produit\/vannes-hydrauliques\/vannes-plastique\/vanne-plastique-de-regulation-aval-avec-pilote-plastique\/\" \/>\n<meta property=\"og:locale\" content=\"fr_FR\" \/>\n<meta property=\"og:type\" content=\"article\" \/>\n<meta property=\"og:title\" content=\"Vanne plastique de r\u00e9gulation aval avec pilote plastique - AGP V\u00e1lvulas\" \/>\n<meta property=\"og:description\" content=\"Description Vanne hydraulique de control que permet r\u00e9duire la pression amont jusqu\u2019\u00e0 la pression aval d\u00e9sir\u00e9e \u00e0 l\u2019aide d\u2019un pilote r\u00e9gulateur 3 voies en plastique. Cette vanne permet d\u2019avoir une pression aval stabilis\u00e9e avec ind\u00e9pendance des variations de d\u00e9bit et de pression amont. Quand la pression amont devient plus faible que la pression r\u00e9gl\u00e9e aval, la vanne reste compl\u00e8tement ouverte. Applications Contr\u00f4le de la pression aval. Mod\u00e8les disponibles 1 \u00bd\u201d, 2\u201d, 3\u201d BSP (NPT optionnel) 4\u201d Victaulic Dimensions \/ Pertes de charge   T\u00e9l\u00e9charger le PDF technique   T\u00e9l\u00e9charger le PDF de caract\u00e9ristiques et de dimensions   T\u00e9l\u00e9charger PDF programme\" \/>\n<meta property=\"og:url\" content=\"https:\/\/agpvalvulas.com\/fr\/produit\/vannes-hydrauliques\/vannes-plastique\/vanne-plastique-de-regulation-aval-avec-pilote-plastique\/\" \/>\n<meta property=\"og:site_name\" content=\"AGP V\u00e1lvulas\" \/>\n<meta property=\"article:modified_time\" content=\"2016-11-24T12:31:27+00:00\" \/>\n<meta property=\"og:image\" content=\"https:\/\/agpvalvulas.com\/wp-content\/uploads\/2016\/11\/7-Plastico-reductora-piloto-plastico.jpg\" \/>\n\t<meta property=\"og:image:width\" content=\"800\" \/>\n\t<meta property=\"og:image:height\" content=\"800\" \/>\n\t<meta property=\"og:image:type\" content=\"image\/jpeg\" \/>\n<meta name=\"twitter:card\" content=\"summary_large_image\" \/>\n<script type=\"application\/ld+json\" class=\"yoast-schema-graph\">{\"@context\":\"https:\/\/schema.org\",\"@graph\":[{\"@type\":\"WebPage\",\"@id\":\"https:\/\/agpvalvulas.com\/fr\/produit\/vannes-hydrauliques\/vannes-plastique\/vanne-plastique-de-regulation-aval-avec-pilote-plastique\/\",\"url\":\"https:\/\/agpvalvulas.com\/fr\/produit\/vannes-hydrauliques\/vannes-plastique\/vanne-plastique-de-regulation-aval-avec-pilote-plastique\/\",\"name\":\"Vanne plastique de r\u00e9gulation aval avec pilote plastique - AGP V\u00e1lvulas\",\"isPartOf\":{\"@id\":\"https:\/\/agpvalvulas.com\/fr\/#website\"},\"primaryImageOfPage\":{\"@id\":\"https:\/\/agpvalvulas.com\/fr\/produit\/vannes-hydrauliques\/vannes-plastique\/vanne-plastique-de-regulation-aval-avec-pilote-plastique\/#primaryimage\"},\"image\":{\"@id\":\"https:\/\/agpvalvulas.com\/fr\/produit\/vannes-hydrauliques\/vannes-plastique\/vanne-plastique-de-regulation-aval-avec-pilote-plastique\/#primaryimage\"},\"thumbnailUrl\":\"https:\/\/agpvalvulas.com\/wp-content\/uploads\/2016\/11\/7-Plastico-reductora-piloto-plastico.jpg\",\"datePublished\":\"2015-05-06T14:17:20+00:00\",\"dateModified\":\"2016-11-24T12:31:27+00:00\",\"breadcrumb\":{\"@id\":\"https:\/\/agpvalvulas.com\/fr\/produit\/vannes-hydrauliques\/vannes-plastique\/vanne-plastique-de-regulation-aval-avec-pilote-plastique\/#breadcrumb\"},\"inLanguage\":\"fr-FR\",\"potentialAction\":[{\"@type\":\"ReadAction\",\"target\":[\"https:\/\/agpvalvulas.com\/fr\/produit\/vannes-hydrauliques\/vannes-plastique\/vanne-plastique-de-regulation-aval-avec-pilote-plastique\/\"]}]},{\"@type\":\"ImageObject\",\"inLanguage\":\"fr-FR\",\"@id\":\"https:\/\/agpvalvulas.com\/fr\/produit\/vannes-hydrauliques\/vannes-plastique\/vanne-plastique-de-regulation-aval-avec-pilote-plastique\/#primaryimage\",\"url\":\"https:\/\/agpvalvulas.com\/wp-content\/uploads\/2016\/11\/7-Plastico-reductora-piloto-plastico.jpg\",\"contentUrl\":\"https:\/\/agpvalvulas.com\/wp-content\/uploads\/2016\/11\/7-Plastico-reductora-piloto-plastico.jpg\",\"width\":800,\"height\":800},{\"@type\":\"BreadcrumbList\",\"@id\":\"https:\/\/agpvalvulas.com\/fr\/produit\/vannes-hydrauliques\/vannes-plastique\/vanne-plastique-de-regulation-aval-avec-pilote-plastique\/#breadcrumb\",\"itemListElement\":[{\"@type\":\"ListItem\",\"position\":1,\"name\":\"Portada\",\"item\":\"https:\/\/agpvalvulas.com\/fr\/\"},{\"@type\":\"ListItem\",\"position\":2,\"name\":\"Produits\",\"item\":\"https:\/\/agpvalvulas.com\/fr\/produits\/\"},{\"@type\":\"ListItem\",\"position\":3,\"name\":\"Vanne plastique de r\u00e9gulation aval avec pilote plastique\"}]},{\"@type\":\"WebSite\",\"@id\":\"https:\/\/agpvalvulas.com\/fr\/#website\",\"url\":\"https:\/\/agpvalvulas.com\/fr\/\",\"name\":\"AGP V\u00e1lvulas\",\"description\":\"AGP V\u00e1lvulas\",\"publisher\":{\"@id\":\"https:\/\/agpvalvulas.com\/fr\/#organization\"},\"potentialAction\":[{\"@type\":\"SearchAction\",\"target\":{\"@type\":\"EntryPoint\",\"urlTemplate\":\"https:\/\/agpvalvulas.com\/fr\/?s={search_term_string}\"},\"query-input\":{\"@type\":\"PropertyValueSpecification\",\"valueRequired\":true,\"valueName\":\"search_term_string\"}}],\"inLanguage\":\"fr-FR\"},{\"@type\":\"Organization\",\"@id\":\"https:\/\/agpvalvulas.com\/fr\/#organization\",\"name\":\"AGP V\u00e1lvulas\",\"url\":\"https:\/\/agpvalvulas.com\/fr\/\",\"logo\":{\"@type\":\"ImageObject\",\"inLanguage\":\"fr-FR\",\"@id\":\"https:\/\/agpvalvulas.com\/fr\/#\/schema\/logo\/image\/\",\"url\":\"https:\/\/agpvalvulas.com\/wp-content\/uploads\/2017\/01\/LOGOAGP-TIF.jpg\",\"contentUrl\":\"https:\/\/agpvalvulas.com\/wp-content\/uploads\/2017\/01\/LOGOAGP-TIF.jpg\",\"width\":345,\"height\":168,\"caption\":\"AGP V\u00e1lvulas\"},\"image\":{\"@id\":\"https:\/\/agpvalvulas.com\/fr\/#\/schema\/logo\/image\/\"}}]}<\/script>\n<!-- \/ Yoast SEO plugin. -->","yoast_head_json":{"title":"Vanne plastique de r\u00e9gulation aval avec pilote plastique - AGP V\u00e1lvulas","robots":{"index":"index","follow":"follow","max-snippet":"max-snippet:-1","max-image-preview":"max-image-preview:large","max-video-preview":"max-video-preview:-1"},"canonical":"https:\/\/agpvalvulas.com\/fr\/produit\/vannes-hydrauliques\/vannes-plastique\/vanne-plastique-de-regulation-aval-avec-pilote-plastique\/","og_locale":"fr_FR","og_type":"article","og_title":"Vanne plastique de r\u00e9gulation aval avec pilote plastique - AGP V\u00e1lvulas","og_description":"Description Vanne hydraulique de control que permet r\u00e9duire la pression amont jusqu\u2019\u00e0 la pression aval d\u00e9sir\u00e9e \u00e0 l\u2019aide d\u2019un pilote r\u00e9gulateur 3 voies en plastique. Cette vanne permet d\u2019avoir une pression aval stabilis\u00e9e avec ind\u00e9pendance des variations de d\u00e9bit et de pression amont. Quand la pression amont devient plus faible que la pression r\u00e9gl\u00e9e aval, la vanne reste compl\u00e8tement ouverte. Applications Contr\u00f4le de la pression aval. Mod\u00e8les disponibles 1 \u00bd\u201d, 2\u201d, 3\u201d BSP (NPT optionnel) 4\u201d Victaulic Dimensions \/ Pertes de charge   T\u00e9l\u00e9charger le PDF technique   T\u00e9l\u00e9charger le PDF de caract\u00e9ristiques et de dimensions   T\u00e9l\u00e9charger PDF programme","og_url":"https:\/\/agpvalvulas.com\/fr\/produit\/vannes-hydrauliques\/vannes-plastique\/vanne-plastique-de-regulation-aval-avec-pilote-plastique\/","og_site_name":"AGP V\u00e1lvulas","article_modified_time":"2016-11-24T12:31:27+00:00","og_image":[{"width":800,"height":800,"url":"https:\/\/agpvalvulas.com\/wp-content\/uploads\/2016\/11\/7-Plastico-reductora-piloto-plastico.jpg","type":"image\/jpeg"}],"twitter_card":"summary_large_image","schema":{"@context":"https:\/\/schema.org","@graph":[{"@type":"WebPage","@id":"https:\/\/agpvalvulas.com\/fr\/produit\/vannes-hydrauliques\/vannes-plastique\/vanne-plastique-de-regulation-aval-avec-pilote-plastique\/","url":"https:\/\/agpvalvulas.com\/fr\/produit\/vannes-hydrauliques\/vannes-plastique\/vanne-plastique-de-regulation-aval-avec-pilote-plastique\/","name":"Vanne plastique de r\u00e9gulation aval avec pilote plastique - AGP V\u00e1lvulas","isPartOf":{"@id":"https:\/\/agpvalvulas.com\/fr\/#website"},"primaryImageOfPage":{"@id":"https:\/\/agpvalvulas.com\/fr\/produit\/vannes-hydrauliques\/vannes-plastique\/vanne-plastique-de-regulation-aval-avec-pilote-plastique\/#primaryimage"},"image":{"@id":"https:\/\/agpvalvulas.com\/fr\/produit\/vannes-hydrauliques\/vannes-plastique\/vanne-plastique-de-regulation-aval-avec-pilote-plastique\/#primaryimage"},"thumbnailUrl":"https:\/\/agpvalvulas.com\/wp-content\/uploads\/2016\/11\/7-Plastico-reductora-piloto-plastico.jpg","datePublished":"2015-05-06T14:17:20+00:00","dateModified":"2016-11-24T12:31:27+00:00","breadcrumb":{"@id":"https:\/\/agpvalvulas.com\/fr\/produit\/vannes-hydrauliques\/vannes-plastique\/vanne-plastique-de-regulation-aval-avec-pilote-plastique\/#breadcrumb"},"inLanguage":"fr-FR","potentialAction":[{"@type":"ReadAction","target":["https:\/\/agpvalvulas.com\/fr\/produit\/vannes-hydrauliques\/vannes-plastique\/vanne-plastique-de-regulation-aval-avec-pilote-plastique\/"]}]},{"@type":"ImageObject","inLanguage":"fr-FR","@id":"https:\/\/agpvalvulas.com\/fr\/produit\/vannes-hydrauliques\/vannes-plastique\/vanne-plastique-de-regulation-aval-avec-pilote-plastique\/#primaryimage","url":"https:\/\/agpvalvulas.com\/wp-content\/uploads\/2016\/11\/7-Plastico-reductora-piloto-plastico.jpg","contentUrl":"https:\/\/agpvalvulas.com\/wp-content\/uploads\/2016\/11\/7-Plastico-reductora-piloto-plastico.jpg","width":800,"height":800},{"@type":"BreadcrumbList","@id":"https:\/\/agpvalvulas.com\/fr\/produit\/vannes-hydrauliques\/vannes-plastique\/vanne-plastique-de-regulation-aval-avec-pilote-plastique\/#breadcrumb","itemListElement":[{"@type":"ListItem","position":1,"name":"Portada","item":"https:\/\/agpvalvulas.com\/fr\/"},{"@type":"ListItem","position":2,"name":"Produits","item":"https:\/\/agpvalvulas.com\/fr\/produits\/"},{"@type":"ListItem","position":3,"name":"Vanne plastique de r\u00e9gulation aval avec pilote plastique"}]},{"@type":"WebSite","@id":"https:\/\/agpvalvulas.com\/fr\/#website","url":"https:\/\/agpvalvulas.com\/fr\/","name":"AGP V\u00e1lvulas","description":"AGP V\u00e1lvulas","publisher":{"@id":"https:\/\/agpvalvulas.com\/fr\/#organization"},"potentialAction":[{"@type":"SearchAction","target":{"@type":"EntryPoint","urlTemplate":"https:\/\/agpvalvulas.com\/fr\/?s={search_term_string}"},"query-input":{"@type":"PropertyValueSpecification","valueRequired":true,"valueName":"search_term_string"}}],"inLanguage":"fr-FR"},{"@type":"Organization","@id":"https:\/\/agpvalvulas.com\/fr\/#organization","name":"AGP V\u00e1lvulas","url":"https:\/\/agpvalvulas.com\/fr\/","logo":{"@type":"ImageObject","inLanguage":"fr-FR","@id":"https:\/\/agpvalvulas.com\/fr\/#\/schema\/logo\/image\/","url":"https:\/\/agpvalvulas.com\/wp-content\/uploads\/2017\/01\/LOGOAGP-TIF.jpg","contentUrl":"https:\/\/agpvalvulas.com\/wp-content\/uploads\/2017\/01\/LOGOAGP-TIF.jpg","width":345,"height":168,"caption":"AGP V\u00e1lvulas"},"image":{"@id":"https:\/\/agpvalvulas.com\/fr\/#\/schema\/logo\/image\/"}}]}},"_links":{"self":[{"href":"https:\/\/agpvalvulas.com\/fr\/wp-json\/wp\/v2\/product\/6271","targetHints":{"allow":["GET"]}}],"collection":[{"href":"https:\/\/agpvalvulas.com\/fr\/wp-json\/wp\/v2\/product"}],"about":[{"href":"https:\/\/agpvalvulas.com\/fr\/wp-json\/wp\/v2\/types\/product"}],"replies":[{"embeddable":true,"href":"https:\/\/agpvalvulas.com\/fr\/wp-json\/wp\/v2\/comments?post=6271"}],"wp:featuredmedia":[{"embeddable":true,"href":"https:\/\/agpvalvulas.com\/fr\/wp-json\/wp\/v2\/media\/7308"}],"wp:attachment":[{"href":"https:\/\/agpvalvulas.com\/fr\/wp-json\/wp\/v2\/media?parent=6271"}],"wp:term":[{"taxonomy":"product_brand","embeddable":true,"href":"https:\/\/agpvalvulas.com\/fr\/wp-json\/wp\/v2\/product_brand?post=6271"},{"taxonomy":"product_cat","embeddable":true,"href":"https:\/\/agpvalvulas.com\/fr\/wp-json\/wp\/v2\/product_cat?post=6271"},{"taxonomy":"product_tag","embeddable":true,"href":"https:\/\/agpvalvulas.com\/fr\/wp-json\/wp\/v2\/product_tag?post=6271"}],"curies":[{"name":"wp","href":"https:\/\/api.w.org\/{rel}","templated":true}]}}