{"id":7152,"date":"2016-10-25T10:45:29","date_gmt":"2016-10-25T10:45:29","guid":{"rendered":"https:\/\/agpvalvulas.com\/fr\/productos\/vannes-hydrauliques\/vanne-de-stabilisation-de-la-pression-amont-et-aval-pilote-metallique\/"},"modified":"2016-11-29T15:40:05","modified_gmt":"2016-11-29T15:40:05","slug":"vanne-de-stabilisation-de-la-pression-amont-et-aval-pilote-metallique","status":"publish","type":"product","link":"https:\/\/agpvalvulas.com\/fr\/produit\/vannes-hydrauliques\/vannes-metalliques\/vannes-taraudees\/vanne-de-stabilisation-de-la-pression-amont-et-aval-pilote-metallique\/","title":{"rendered":"Vanne de stabilisation de la pression amont et aval, pilote m\u00e9tallique"},"content":{"rendered":"<table border=\"0\" width=\"100%\">\n<tbody>\n<tr>\n<td style=\"color: #fff; padding-left: 15px;\" colspan=\"6\" bgcolor=\"#3371c5\" height=\"35\"><strong>R\u00e9f\u00e9rences et dimensions<\/strong><\/td>\n<\/tr>\n<tr>\n<td align=\"center\" width=\"20%\"><strong>Code produit<\/strong><\/td>\n<td align=\"center\" width=\"20%\" height=\"35\"><strong>Vanne<\/strong><\/td>\n<td align=\"center\" width=\"15%\" height=\"35\"><strong>L<\/strong><\/td>\n<td align=\"center\" width=\"15%\" height=\"35\"><strong>H<\/strong><\/td>\n<td align=\"center\" width=\"15%\" height=\"35\"><strong>W<\/strong><\/td>\n<td align=\"center\" width=\"15%\" height=\"35\"><strong>Kg.<\/strong><\/td>\n<\/tr>\n<tr>\n<td align=\"center\" bgcolor=\"#eeeeee\" width=\"20%\">892315+496301<\/td>\n<td align=\"center\" bgcolor=\"#eeeeee\" width=\"20%\" height=\"35\">1&Prime;1\/2<\/td>\n<td align=\"center\" bgcolor=\"#eeeeee\" width=\"15%\" height=\"35\">180<\/td>\n<td align=\"center\" bgcolor=\"#eeeeee\" width=\"15%\" height=\"35\">128<\/td>\n<td align=\"center\" bgcolor=\"#eeeeee\" width=\"15%\" height=\"35\">128<\/td>\n<td align=\"center\" bgcolor=\"#eeeeee\" width=\"15%\" height=\"35\">5,5<\/td>\n<\/tr>\n<tr>\n<td align=\"center\" width=\"10%\">892320+496301<\/td>\n<td align=\"center\" width=\"20%\" height=\"35\">2&Prime;<\/td>\n<td align=\"center\" width=\"15%\" height=\"35\">180<\/td>\n<td align=\"center\" width=\"15%\" height=\"35\">128<\/td>\n<td align=\"center\" width=\"15%\" height=\"35\">128<\/td>\n<td align=\"center\" width=\"15%\" height=\"35\">5,3<\/td>\n<\/tr>\n<tr>\n<td align=\"center\" bgcolor=\"#eeeeee\" width=\"20%\">892325+496301<\/td>\n<td align=\"center\" bgcolor=\"#eeeeee\" width=\"20%\" height=\"35\">2&Prime;1\/2<\/td>\n<td align=\"center\" bgcolor=\"#eeeeee\" width=\"15%\" height=\"35\">230<\/td>\n<td align=\"center\" bgcolor=\"#eeeeee\" width=\"15%\" height=\"35\">135<\/td>\n<td align=\"center\" bgcolor=\"#eeeeee\" width=\"15%\" height=\"35\">128<\/td>\n<td align=\"center\" bgcolor=\"#eeeeee\" width=\"15%\" height=\"35\">6,2<\/td>\n<\/tr>\n<tr>\n<td align=\"center\" width=\"10%\">892330+496301<\/td>\n<td align=\"center\" width=\"20%\" height=\"35\">3&Prime;<\/td>\n<td align=\"center\" width=\"15%\" height=\"35\">240<\/td>\n<td align=\"center\" width=\"15%\" height=\"35\">165<\/td>\n<td align=\"center\" width=\"15%\" height=\"35\">172<\/td>\n<td align=\"center\" width=\"15%\" height=\"35\">9,0<\/td>\n<\/tr>\n<tr>\n<td align=\"center\" bgcolor=\"#eeeeee\" width=\"20%\">892340+496301<\/td>\n<td align=\"center\" bgcolor=\"#eeeeee\" width=\"20%\" height=\"35\">4&Prime;<\/td>\n<td align=\"center\" bgcolor=\"#eeeeee\" width=\"15%\" height=\"35\">295<\/td>\n<td align=\"center\" bgcolor=\"#eeeeee\" width=\"15%\" height=\"35\">200<\/td>\n<td align=\"center\" bgcolor=\"#eeeeee\" width=\"15%\" height=\"35\">204<\/td>\n<td align=\"center\" bgcolor=\"#eeeeee\" width=\"15%\" height=\"35\">13,2<\/td>\n<\/tr>\n<\/tbody>\n<\/table>\n<p><em>(Codes de vannes avec membrane haute pression AP, pour vannes avec membrane basse pression BP, nous consulter.)<\/em><\/p>\n<table border=\"0\" width=\"100%\">\n<tbody>\n<tr>\n<td style=\"color: #fff; padding-left: 15px;\" colspan=\"3\" bgcolor=\"#3371c5\" height=\"35\"><strong>Pression minimale de travail<\/strong><\/td>\n<\/tr>\n<tr>\n<td align=\"center\" width=\"10%\" height=\"35\"><strong>Vanne<\/strong><\/td>\n<td align=\"center\" width=\"12%\" height=\"35\"><strong>Basse Pression<\/strong><\/td>\n<td align=\"center\" width=\"12%\" height=\"35\"><strong>Haute Pression<\/strong><\/td>\n<\/tr>\n<tr>\n<td align=\"center\" bgcolor=\"#eeeeee\" width=\"10%\" height=\"35\">1&Prime;1\/2<\/td>\n<td align=\"center\" bgcolor=\"#eeeeee\" width=\"12%\" height=\"35\">0,3<\/td>\n<td align=\"center\" bgcolor=\"#eeeeee\" width=\"12%\" height=\"35\">0,7<\/td>\n<\/tr>\n<tr>\n<td align=\"center\" width=\"10%\" height=\"35\">2&Prime;<\/td>\n<td align=\"center\" width=\"12%\" height=\"35\">0,3<\/td>\n<td align=\"center\" width=\"12%\" height=\"35\">0,7<\/td>\n<\/tr>\n<tr>\n<td align=\"center\" bgcolor=\"#eeeeee\" width=\"10%\" height=\"35\">2&Prime; 1\/2<\/td>\n<td align=\"center\" bgcolor=\"#eeeeee\" width=\"12%\" height=\"35\">0,3<\/td>\n<td align=\"center\" bgcolor=\"#eeeeee\" width=\"12%\" height=\"35\">0,7<\/td>\n<\/tr>\n<tr>\n<td align=\"center\" width=\"10%\" height=\"35\">3&Prime;<\/td>\n<td align=\"center\" width=\"12%\" height=\"35\">0,5<\/td>\n<td align=\"center\" width=\"12%\" height=\"35\">0,9<\/td>\n<\/tr>\n<tr>\n<td align=\"center\" bgcolor=\"#eeeeee\" width=\"10%\">4&Prime;<\/td>\n<td align=\"center\" bgcolor=\"#eeeeee\" width=\"12%\" height=\"35\">0,5<\/td>\n<td align=\"center\" bgcolor=\"#eeeeee\" width=\"12%\" height=\"35\">1,0<\/td>\n<\/tr>\n<\/tbody>\n<\/table>\n","protected":false},"excerpt":{"rendered":"<h4>Description<\/h4>\n<p>Vanne hydraulique de control avec deux fonctions ind\u00e9pendantes, permet  r\u00e9duire la pression amont jusqu\u2019\u00e0 la pression aval d\u00e9sir\u00e9e et  stabiliser une pression amont minimum pr\u00e9r\u00e9gl\u00e9e, \u00e0 l\u2019aide de deux pilotes r\u00e9gulateurs 3 voies m\u00e9talliques.<br \/>\nCette vanne permet d\u2019avoir une pression aval stabilis\u00e9e avec ind\u00e9pendance des variations du d\u00e9bit et de la pression amont.<\/p>\n<h4>Applications<\/h4>\n<p>Contr\u00f4le de la pression aval<br \/>\nPrioriser la stabilisation de la pression amont<br \/>\nRemplissage contr\u00f4l\u00e9<br \/>\nAnti-cavitation et protection des pompes<br \/>\n\u00c9viter la vidange des conduites  <\/p>\n<h4>Mod\u00e8les  disponibles<\/h4>\n<p>1 \u00bd\u201d, 2\u201d, 3\u201d BSP (NPT optionnel)<br \/>\n4\u201d victaulic<\/p>\n<h4>Dimensions \/  Pertes de charge<\/h4>\n<p><img decoding=\"async\" style=\"vertical-align: sub;\" src=\"https:\/\/agpvalvulas.com\/wp-content\/uploads\/2015\/06\/pdf.png\" alt=\"\" \/> <a href=\"http:\/\/agpvalvulas.com\/wp-content\/pdf\/316-FRANCAIS-Vanne-de-stabilisation-de-la-pression-amont-et-aval-pilote-metallique.pdf\" target=\"_blank\">T\u00e9l\u00e9charger le PDF technique<\/a><\/p>\n<p><img decoding=\"async\" style=\"vertical-align: sub;\" src=\"https:\/\/agpvalvulas.com\/wp-content\/uploads\/2015\/06\/pdf.png\" alt=\"\" \/> <a href=\"http:\/\/agpvalvulas.com\/wp-content\/pdf\/300-11-Car-i-dim-FRANCES-rosca-brida.pdf\" target=\"_blank\">T\u00e9l\u00e9charger PDF caract\u00e9ristiques et dimensions<\/a><\/p>\n<p><img decoding=\"async\" style=\"vertical-align: sub;\" src=\"https:\/\/agpvalvulas.com\/wp-content\/uploads\/2015\/06\/pdf.png\" alt=\"\" \/> <a href=\"http:\/\/agpvalvulas.com\/wp-content\/pdf\/16-valvula-sostenedora-reductora-presion-piloto-METAL-AGP.pdf\" target=\"_blank\">T\u00e9l\u00e9charger PDF programme<\/a><\/p>\n","protected":false},"featured_media":7024,"comment_status":"closed","ping_status":"closed","template":"","meta":[],"product_brand":[],"product_cat":[340,396,397],"product_tag":[389,131,128,342,399,400],"class_list":{"0":"post-7152","1":"product","2":"type-product","3":"status-publish","4":"has-post-thumbnail","6":"product_cat-vannes-hydrauliques","7":"product_cat-vannes-metalliques","8":"product_cat-vannes-taraudees","9":"product_tag-piloto-metalico-fr","10":"product_tag-sostenedora-de-presion-fr","11":"product_tag-valvula-fr","12":"product_tag-valvula-hidraulica-fr","13":"product_tag-valvula-metalica-fr","14":"product_tag-valvula-roscada-fr","15":"description-off","17":"first","18":"outofstock","19":"shipping-taxable","20":"product-type-simple"},"yoast_head":"<!-- This site is optimized with the Yoast SEO plugin v25.5 - https:\/\/yoast.com\/wordpress\/plugins\/seo\/ -->\n<title>Vanne de stabilisation de la pression amont et aval, pilote m\u00e9tallique - AGP V\u00e1lvulas<\/title>\n<meta name=\"robots\" content=\"index, follow, max-snippet:-1, max-image-preview:large, max-video-preview:-1\" \/>\n<link rel=\"canonical\" href=\"https:\/\/agpvalvulas.com\/fr\/produit\/vannes-hydrauliques\/vanne-de-stabilisation-de-la-pression-amont-et-aval-pilote-metallique\/\" \/>\n<meta property=\"og:locale\" content=\"fr_FR\" \/>\n<meta property=\"og:type\" content=\"article\" \/>\n<meta property=\"og:title\" content=\"Vanne de stabilisation de la pression amont et aval, pilote m\u00e9tallique - AGP V\u00e1lvulas\" \/>\n<meta property=\"og:description\" content=\"Description Vanne hydraulique de control avec deux fonctions ind\u00e9pendantes, permet r\u00e9duire la pression amont jusqu\u2019\u00e0 la pression aval d\u00e9sir\u00e9e et stabiliser une pression amont minimum pr\u00e9r\u00e9gl\u00e9e, \u00e0 l\u2019aide de deux pilotes r\u00e9gulateurs 3 voies m\u00e9talliques. Cette vanne permet d\u2019avoir une pression aval stabilis\u00e9e avec ind\u00e9pendance des variations du d\u00e9bit et de la pression amont. Applications Contr\u00f4le de la pression aval Prioriser la stabilisation de la pression amont Remplissage contr\u00f4l\u00e9 Anti-cavitation et protection des pompes \u00c9viter la vidange des conduites  Mod\u00e8les disponibles 1 \u00bd\u201d, 2\u201d, 3\u201d BSP (NPT optionnel) 4\u201d victaulic Dimensions \/ Pertes de charge  T\u00e9l\u00e9charger le PDF technique   T\u00e9l\u00e9charger PDF caract\u00e9ristiques et dimensions   T\u00e9l\u00e9charger PDF programme\" \/>\n<meta property=\"og:url\" content=\"https:\/\/agpvalvulas.com\/fr\/produit\/vannes-hydrauliques\/vanne-de-stabilisation-de-la-pression-amont-et-aval-pilote-metallique\/\" \/>\n<meta property=\"og:site_name\" content=\"AGP V\u00e1lvulas\" \/>\n<meta property=\"article:modified_time\" content=\"2016-11-29T15:40:05+00:00\" \/>\n<meta property=\"og:image\" content=\"https:\/\/agpvalvulas.com\/wp-content\/uploads\/2016\/09\/valvula-sostenedora-reductora-piloto-metalico.jpg\" \/>\n\t<meta property=\"og:image:width\" content=\"968\" \/>\n\t<meta property=\"og:image:height\" content=\"823\" \/>\n\t<meta property=\"og:image:type\" content=\"image\/jpeg\" \/>\n<meta name=\"twitter:card\" content=\"summary_large_image\" \/>\n<script type=\"application\/ld+json\" class=\"yoast-schema-graph\">{\"@context\":\"https:\/\/schema.org\",\"@graph\":[{\"@type\":\"WebPage\",\"@id\":\"https:\/\/agpvalvulas.com\/fr\/produit\/vannes-hydrauliques\/vanne-de-stabilisation-de-la-pression-amont-et-aval-pilote-metallique\/\",\"url\":\"https:\/\/agpvalvulas.com\/fr\/produit\/vannes-hydrauliques\/vanne-de-stabilisation-de-la-pression-amont-et-aval-pilote-metallique\/\",\"name\":\"Vanne de stabilisation de la pression amont et aval, pilote m\u00e9tallique - AGP V\u00e1lvulas\",\"isPartOf\":{\"@id\":\"https:\/\/agpvalvulas.com\/fr\/#website\"},\"primaryImageOfPage\":{\"@id\":\"https:\/\/agpvalvulas.com\/fr\/produit\/vannes-hydrauliques\/vanne-de-stabilisation-de-la-pression-amont-et-aval-pilote-metallique\/#primaryimage\"},\"image\":{\"@id\":\"https:\/\/agpvalvulas.com\/fr\/produit\/vannes-hydrauliques\/vanne-de-stabilisation-de-la-pression-amont-et-aval-pilote-metallique\/#primaryimage\"},\"thumbnailUrl\":\"https:\/\/agpvalvulas.com\/wp-content\/uploads\/2016\/09\/valvula-sostenedora-reductora-piloto-metalico.jpg\",\"datePublished\":\"2016-10-25T10:45:29+00:00\",\"dateModified\":\"2016-11-29T15:40:05+00:00\",\"breadcrumb\":{\"@id\":\"https:\/\/agpvalvulas.com\/fr\/produit\/vannes-hydrauliques\/vanne-de-stabilisation-de-la-pression-amont-et-aval-pilote-metallique\/#breadcrumb\"},\"inLanguage\":\"fr-FR\",\"potentialAction\":[{\"@type\":\"ReadAction\",\"target\":[\"https:\/\/agpvalvulas.com\/fr\/produit\/vannes-hydrauliques\/vanne-de-stabilisation-de-la-pression-amont-et-aval-pilote-metallique\/\"]}]},{\"@type\":\"ImageObject\",\"inLanguage\":\"fr-FR\",\"@id\":\"https:\/\/agpvalvulas.com\/fr\/produit\/vannes-hydrauliques\/vanne-de-stabilisation-de-la-pression-amont-et-aval-pilote-metallique\/#primaryimage\",\"url\":\"https:\/\/agpvalvulas.com\/wp-content\/uploads\/2016\/09\/valvula-sostenedora-reductora-piloto-metalico.jpg\",\"contentUrl\":\"https:\/\/agpvalvulas.com\/wp-content\/uploads\/2016\/09\/valvula-sostenedora-reductora-piloto-metalico.jpg\",\"width\":968,\"height\":823},{\"@type\":\"BreadcrumbList\",\"@id\":\"https:\/\/agpvalvulas.com\/fr\/produit\/vannes-hydrauliques\/vanne-de-stabilisation-de-la-pression-amont-et-aval-pilote-metallique\/#breadcrumb\",\"itemListElement\":[{\"@type\":\"ListItem\",\"position\":1,\"name\":\"Portada\",\"item\":\"https:\/\/agpvalvulas.com\/fr\/\"},{\"@type\":\"ListItem\",\"position\":2,\"name\":\"Produits\",\"item\":\"https:\/\/agpvalvulas.com\/fr\/produits\/\"},{\"@type\":\"ListItem\",\"position\":3,\"name\":\"Vanne de stabilisation de la pression amont et aval, pilote m\u00e9tallique\"}]},{\"@type\":\"WebSite\",\"@id\":\"https:\/\/agpvalvulas.com\/fr\/#website\",\"url\":\"https:\/\/agpvalvulas.com\/fr\/\",\"name\":\"AGP V\u00e1lvulas\",\"description\":\"AGP V\u00e1lvulas\",\"publisher\":{\"@id\":\"https:\/\/agpvalvulas.com\/fr\/#organization\"},\"potentialAction\":[{\"@type\":\"SearchAction\",\"target\":{\"@type\":\"EntryPoint\",\"urlTemplate\":\"https:\/\/agpvalvulas.com\/fr\/?s={search_term_string}\"},\"query-input\":{\"@type\":\"PropertyValueSpecification\",\"valueRequired\":true,\"valueName\":\"search_term_string\"}}],\"inLanguage\":\"fr-FR\"},{\"@type\":\"Organization\",\"@id\":\"https:\/\/agpvalvulas.com\/fr\/#organization\",\"name\":\"AGP V\u00e1lvulas\",\"url\":\"https:\/\/agpvalvulas.com\/fr\/\",\"logo\":{\"@type\":\"ImageObject\",\"inLanguage\":\"fr-FR\",\"@id\":\"https:\/\/agpvalvulas.com\/fr\/#\/schema\/logo\/image\/\",\"url\":\"https:\/\/agpvalvulas.com\/wp-content\/uploads\/2017\/01\/LOGOAGP-TIF.jpg\",\"contentUrl\":\"https:\/\/agpvalvulas.com\/wp-content\/uploads\/2017\/01\/LOGOAGP-TIF.jpg\",\"width\":345,\"height\":168,\"caption\":\"AGP V\u00e1lvulas\"},\"image\":{\"@id\":\"https:\/\/agpvalvulas.com\/fr\/#\/schema\/logo\/image\/\"}}]}<\/script>\n<!-- \/ Yoast SEO plugin. -->","yoast_head_json":{"title":"Vanne de stabilisation de la pression amont et aval, pilote m\u00e9tallique - AGP V\u00e1lvulas","robots":{"index":"index","follow":"follow","max-snippet":"max-snippet:-1","max-image-preview":"max-image-preview:large","max-video-preview":"max-video-preview:-1"},"canonical":"https:\/\/agpvalvulas.com\/fr\/produit\/vannes-hydrauliques\/vanne-de-stabilisation-de-la-pression-amont-et-aval-pilote-metallique\/","og_locale":"fr_FR","og_type":"article","og_title":"Vanne de stabilisation de la pression amont et aval, pilote m\u00e9tallique - AGP V\u00e1lvulas","og_description":"Description Vanne hydraulique de control avec deux fonctions ind\u00e9pendantes, permet r\u00e9duire la pression amont jusqu\u2019\u00e0 la pression aval d\u00e9sir\u00e9e et stabiliser une pression amont minimum pr\u00e9r\u00e9gl\u00e9e, \u00e0 l\u2019aide de deux pilotes r\u00e9gulateurs 3 voies m\u00e9talliques. Cette vanne permet d\u2019avoir une pression aval stabilis\u00e9e avec ind\u00e9pendance des variations du d\u00e9bit et de la pression amont. Applications Contr\u00f4le de la pression aval Prioriser la stabilisation de la pression amont Remplissage contr\u00f4l\u00e9 Anti-cavitation et protection des pompes \u00c9viter la vidange des conduites  Mod\u00e8les disponibles 1 \u00bd\u201d, 2\u201d, 3\u201d BSP (NPT optionnel) 4\u201d victaulic Dimensions \/ Pertes de charge  T\u00e9l\u00e9charger le PDF technique   T\u00e9l\u00e9charger PDF caract\u00e9ristiques et dimensions   T\u00e9l\u00e9charger PDF programme","og_url":"https:\/\/agpvalvulas.com\/fr\/produit\/vannes-hydrauliques\/vanne-de-stabilisation-de-la-pression-amont-et-aval-pilote-metallique\/","og_site_name":"AGP V\u00e1lvulas","article_modified_time":"2016-11-29T15:40:05+00:00","og_image":[{"width":968,"height":823,"url":"https:\/\/agpvalvulas.com\/wp-content\/uploads\/2016\/09\/valvula-sostenedora-reductora-piloto-metalico.jpg","type":"image\/jpeg"}],"twitter_card":"summary_large_image","schema":{"@context":"https:\/\/schema.org","@graph":[{"@type":"WebPage","@id":"https:\/\/agpvalvulas.com\/fr\/produit\/vannes-hydrauliques\/vanne-de-stabilisation-de-la-pression-amont-et-aval-pilote-metallique\/","url":"https:\/\/agpvalvulas.com\/fr\/produit\/vannes-hydrauliques\/vanne-de-stabilisation-de-la-pression-amont-et-aval-pilote-metallique\/","name":"Vanne de stabilisation de la pression amont et aval, pilote m\u00e9tallique - AGP V\u00e1lvulas","isPartOf":{"@id":"https:\/\/agpvalvulas.com\/fr\/#website"},"primaryImageOfPage":{"@id":"https:\/\/agpvalvulas.com\/fr\/produit\/vannes-hydrauliques\/vanne-de-stabilisation-de-la-pression-amont-et-aval-pilote-metallique\/#primaryimage"},"image":{"@id":"https:\/\/agpvalvulas.com\/fr\/produit\/vannes-hydrauliques\/vanne-de-stabilisation-de-la-pression-amont-et-aval-pilote-metallique\/#primaryimage"},"thumbnailUrl":"https:\/\/agpvalvulas.com\/wp-content\/uploads\/2016\/09\/valvula-sostenedora-reductora-piloto-metalico.jpg","datePublished":"2016-10-25T10:45:29+00:00","dateModified":"2016-11-29T15:40:05+00:00","breadcrumb":{"@id":"https:\/\/agpvalvulas.com\/fr\/produit\/vannes-hydrauliques\/vanne-de-stabilisation-de-la-pression-amont-et-aval-pilote-metallique\/#breadcrumb"},"inLanguage":"fr-FR","potentialAction":[{"@type":"ReadAction","target":["https:\/\/agpvalvulas.com\/fr\/produit\/vannes-hydrauliques\/vanne-de-stabilisation-de-la-pression-amont-et-aval-pilote-metallique\/"]}]},{"@type":"ImageObject","inLanguage":"fr-FR","@id":"https:\/\/agpvalvulas.com\/fr\/produit\/vannes-hydrauliques\/vanne-de-stabilisation-de-la-pression-amont-et-aval-pilote-metallique\/#primaryimage","url":"https:\/\/agpvalvulas.com\/wp-content\/uploads\/2016\/09\/valvula-sostenedora-reductora-piloto-metalico.jpg","contentUrl":"https:\/\/agpvalvulas.com\/wp-content\/uploads\/2016\/09\/valvula-sostenedora-reductora-piloto-metalico.jpg","width":968,"height":823},{"@type":"BreadcrumbList","@id":"https:\/\/agpvalvulas.com\/fr\/produit\/vannes-hydrauliques\/vanne-de-stabilisation-de-la-pression-amont-et-aval-pilote-metallique\/#breadcrumb","itemListElement":[{"@type":"ListItem","position":1,"name":"Portada","item":"https:\/\/agpvalvulas.com\/fr\/"},{"@type":"ListItem","position":2,"name":"Produits","item":"https:\/\/agpvalvulas.com\/fr\/produits\/"},{"@type":"ListItem","position":3,"name":"Vanne de stabilisation de la pression amont et aval, pilote m\u00e9tallique"}]},{"@type":"WebSite","@id":"https:\/\/agpvalvulas.com\/fr\/#website","url":"https:\/\/agpvalvulas.com\/fr\/","name":"AGP V\u00e1lvulas","description":"AGP V\u00e1lvulas","publisher":{"@id":"https:\/\/agpvalvulas.com\/fr\/#organization"},"potentialAction":[{"@type":"SearchAction","target":{"@type":"EntryPoint","urlTemplate":"https:\/\/agpvalvulas.com\/fr\/?s={search_term_string}"},"query-input":{"@type":"PropertyValueSpecification","valueRequired":true,"valueName":"search_term_string"}}],"inLanguage":"fr-FR"},{"@type":"Organization","@id":"https:\/\/agpvalvulas.com\/fr\/#organization","name":"AGP V\u00e1lvulas","url":"https:\/\/agpvalvulas.com\/fr\/","logo":{"@type":"ImageObject","inLanguage":"fr-FR","@id":"https:\/\/agpvalvulas.com\/fr\/#\/schema\/logo\/image\/","url":"https:\/\/agpvalvulas.com\/wp-content\/uploads\/2017\/01\/LOGOAGP-TIF.jpg","contentUrl":"https:\/\/agpvalvulas.com\/wp-content\/uploads\/2017\/01\/LOGOAGP-TIF.jpg","width":345,"height":168,"caption":"AGP V\u00e1lvulas"},"image":{"@id":"https:\/\/agpvalvulas.com\/fr\/#\/schema\/logo\/image\/"}}]}},"_links":{"self":[{"href":"https:\/\/agpvalvulas.com\/fr\/wp-json\/wp\/v2\/product\/7152","targetHints":{"allow":["GET"]}}],"collection":[{"href":"https:\/\/agpvalvulas.com\/fr\/wp-json\/wp\/v2\/product"}],"about":[{"href":"https:\/\/agpvalvulas.com\/fr\/wp-json\/wp\/v2\/types\/product"}],"replies":[{"embeddable":true,"href":"https:\/\/agpvalvulas.com\/fr\/wp-json\/wp\/v2\/comments?post=7152"}],"wp:featuredmedia":[{"embeddable":true,"href":"https:\/\/agpvalvulas.com\/fr\/wp-json\/wp\/v2\/media\/7024"}],"wp:attachment":[{"href":"https:\/\/agpvalvulas.com\/fr\/wp-json\/wp\/v2\/media?parent=7152"}],"wp:term":[{"taxonomy":"product_brand","embeddable":true,"href":"https:\/\/agpvalvulas.com\/fr\/wp-json\/wp\/v2\/product_brand?post=7152"},{"taxonomy":"product_cat","embeddable":true,"href":"https:\/\/agpvalvulas.com\/fr\/wp-json\/wp\/v2\/product_cat?post=7152"},{"taxonomy":"product_tag","embeddable":true,"href":"https:\/\/agpvalvulas.com\/fr\/wp-json\/wp\/v2\/product_tag?post=7152"}],"curies":[{"name":"wp","href":"https:\/\/api.w.org\/{rel}","templated":true}]}}