{"id":7889,"date":"2017-01-26T16:08:54","date_gmt":"2017-01-26T16:08:54","guid":{"rendered":"https:\/\/agpvalvulas.com\/fr\/produit\/vannes-manuelles\/ventouses\/ventouse-triple-action-1-copiar\/"},"modified":"2017-01-26T16:11:55","modified_gmt":"2017-01-26T16:11:55","slug":"ventouse-triple-action-2","status":"publish","type":"product","link":"https:\/\/agpvalvulas.com\/fr\/produit\/vannes-manuelles\/ventouses\/ventouse-triple-action-2\/","title":{"rendered":"Ventouse Triple action 2&Prime;"},"content":{"rendered":"","protected":false},"excerpt":{"rendered":"<h4>Description<\/h4>\n<p>Cette vanne \u00e0 \u00e9t\u00e9 conque pour une d\u00e9charge efficace de grands volumes d&rsquo;air de petits r\u00e9seaux d&rsquo;eau, conteneurs, et d&rsquo;autres dispositifs o\u00f9 l&rsquo;aire emprisonn\u00e9 peut nuire au fonctionnement du syst\u00e8me.<\/p>\n<ul>\n<li>\u00c9vacuer rapidement l&rsquo;aire durant le remplissage initial des syst\u00e8mes.<\/li>\n<li>Introduire de l&rsquo;air lorsque le tuyau s&rsquo;\u00e9coule en maintenant la pression atmosph\u00e9rique a l&rsquo;int\u00e9rieur empechant l&rsquo;effondrement et les dommages de la cavitation.<\/li>\n<li>Continuer \u00e0 \u00e8vacuer les poches d&rsquo;air quand la conduite est sous pression.<\/li>\n<\/ul>\n<h4><\/h4>\n<p><img decoding=\"async\" style=\"vertical-align: sub;\" src=\"https:\/\/agpvalvulas.com\/wp-content\/uploads\/2015\/06\/pdf.png\" alt=\"\" \/> <a href=\"https:\/\/agpvalvulas.com\/wp-content\/uploads\/2017\/01\/324-VENTOUSE-TRIPLE-ACTION-2.pdf\" target=\"_blank\">T\u00e9l\u00e9charger PDF caract\u00e9ristiques et dimensions<\/a><\/p>\n","protected":false},"featured_media":8080,"comment_status":"closed","ping_status":"closed","template":"","meta":[],"product_brand":[],"product_cat":[448,444],"product_tag":[390],"class_list":{"0":"post-7889","1":"product","2":"type-product","3":"status-publish","4":"has-post-thumbnail","6":"product_cat-vannes-manuelles","7":"product_cat-ventouses","8":"product_tag-valvulas-fr","9":"description-off","11":"first","12":"outofstock","13":"shipping-taxable","14":"product-type-simple"},"yoast_head":"<!-- This site is optimized with the Yoast SEO plugin v27.4 - https:\/\/yoast.com\/product\/yoast-seo-wordpress\/ -->\n<title>Ventouse Triple action 2&quot; - AGP V\u00e1lvulas<\/title>\n<meta name=\"robots\" content=\"index, follow, max-snippet:-1, max-image-preview:large, max-video-preview:-1\" \/>\n<link rel=\"canonical\" href=\"https:\/\/agpvalvulas.com\/fr\/produit\/vannes-manuelles\/ventouses\/ventouse-triple-action-2\/\" \/>\n<meta property=\"og:locale\" content=\"fr_FR\" \/>\n<meta property=\"og:type\" content=\"article\" \/>\n<meta property=\"og:title\" content=\"Ventouse Triple action 2&quot; - AGP V\u00e1lvulas\" \/>\n<meta property=\"og:description\" content=\"Description Cette vanne \u00e0 \u00e9t\u00e9 conque pour une d\u00e9charge efficace de grands volumes d&#039;air de petits r\u00e9seaux d&#039;eau, conteneurs, et d&#039;autres dispositifs o\u00f9 l&#039;aire emprisonn\u00e9 peut nuire au fonctionnement du syst\u00e8me.   \u00c9vacuer rapidement l&#039;aire durant le remplissage initial des syst\u00e8mes.  Introduire de l&#039;air lorsque le tuyau s&#039;\u00e9coule en maintenant la pression atmosph\u00e9rique a l&#039;int\u00e9rieur empechant l&#039;effondrement et les dommages de la cavitation.  Continuer \u00e0 \u00e8vacuer les poches d&#039;air quand la conduite est sous pression.    T\u00e9l\u00e9charger PDF caract\u00e9ristiques et dimensions\" \/>\n<meta property=\"og:url\" content=\"https:\/\/agpvalvulas.com\/fr\/produit\/vannes-manuelles\/ventouses\/ventouse-triple-action-2\/\" \/>\n<meta property=\"og:site_name\" content=\"AGP V\u00e1lvulas\" \/>\n<meta property=\"article:modified_time\" content=\"2017-01-26T16:11:55+00:00\" \/>\n<meta property=\"og:image\" content=\"https:\/\/agpvalvulas.com\/wp-content\/uploads\/2017\/01\/VENTOSA-TRIFUNCIONAL-2-024-124-224-324.jpg\" \/>\n\t<meta property=\"og:image:width\" content=\"600\" \/>\n\t<meta property=\"og:image:height\" content=\"600\" \/>\n\t<meta property=\"og:image:type\" content=\"image\/jpeg\" \/>\n<meta name=\"twitter:card\" content=\"summary_large_image\" \/>\n<script type=\"application\/ld+json\" class=\"yoast-schema-graph\">{\"@context\":\"https:\\\/\\\/schema.org\",\"@graph\":[{\"@type\":\"WebPage\",\"@id\":\"https:\\\/\\\/agpvalvulas.com\\\/fr\\\/produit\\\/vannes-manuelles\\\/ventouses\\\/ventouse-triple-action-2\\\/\",\"url\":\"https:\\\/\\\/agpvalvulas.com\\\/fr\\\/produit\\\/vannes-manuelles\\\/ventouses\\\/ventouse-triple-action-2\\\/\",\"name\":\"Ventouse Triple action 2\\\" - AGP V\u00e1lvulas\",\"isPartOf\":{\"@id\":\"https:\\\/\\\/agpvalvulas.com\\\/fr\\\/#website\"},\"primaryImageOfPage\":{\"@id\":\"https:\\\/\\\/agpvalvulas.com\\\/fr\\\/produit\\\/vannes-manuelles\\\/ventouses\\\/ventouse-triple-action-2\\\/#primaryimage\"},\"image\":{\"@id\":\"https:\\\/\\\/agpvalvulas.com\\\/fr\\\/produit\\\/vannes-manuelles\\\/ventouses\\\/ventouse-triple-action-2\\\/#primaryimage\"},\"thumbnailUrl\":\"https:\\\/\\\/agpvalvulas.com\\\/wp-content\\\/uploads\\\/2017\\\/01\\\/VENTOSA-TRIFUNCIONAL-2-024-124-224-324.jpg\",\"datePublished\":\"2017-01-26T16:08:54+00:00\",\"dateModified\":\"2017-01-26T16:11:55+00:00\",\"breadcrumb\":{\"@id\":\"https:\\\/\\\/agpvalvulas.com\\\/fr\\\/produit\\\/vannes-manuelles\\\/ventouses\\\/ventouse-triple-action-2\\\/#breadcrumb\"},\"inLanguage\":\"fr-FR\",\"potentialAction\":[{\"@type\":\"ReadAction\",\"target\":[\"https:\\\/\\\/agpvalvulas.com\\\/fr\\\/produit\\\/vannes-manuelles\\\/ventouses\\\/ventouse-triple-action-2\\\/\"]}]},{\"@type\":\"ImageObject\",\"inLanguage\":\"fr-FR\",\"@id\":\"https:\\\/\\\/agpvalvulas.com\\\/fr\\\/produit\\\/vannes-manuelles\\\/ventouses\\\/ventouse-triple-action-2\\\/#primaryimage\",\"url\":\"https:\\\/\\\/agpvalvulas.com\\\/wp-content\\\/uploads\\\/2017\\\/01\\\/VENTOSA-TRIFUNCIONAL-2-024-124-224-324.jpg\",\"contentUrl\":\"https:\\\/\\\/agpvalvulas.com\\\/wp-content\\\/uploads\\\/2017\\\/01\\\/VENTOSA-TRIFUNCIONAL-2-024-124-224-324.jpg\",\"width\":600,\"height\":600},{\"@type\":\"BreadcrumbList\",\"@id\":\"https:\\\/\\\/agpvalvulas.com\\\/fr\\\/produit\\\/vannes-manuelles\\\/ventouses\\\/ventouse-triple-action-2\\\/#breadcrumb\",\"itemListElement\":[{\"@type\":\"ListItem\",\"position\":1,\"name\":\"Portada\",\"item\":\"https:\\\/\\\/agpvalvulas.com\\\/fr\\\/\"},{\"@type\":\"ListItem\",\"position\":2,\"name\":\"Produits\",\"item\":\"https:\\\/\\\/agpvalvulas.com\\\/fr\\\/produits\\\/\"},{\"@type\":\"ListItem\",\"position\":3,\"name\":\"Ventouse Triple action 2&Prime;\"}]},{\"@type\":\"WebSite\",\"@id\":\"https:\\\/\\\/agpvalvulas.com\\\/fr\\\/#website\",\"url\":\"https:\\\/\\\/agpvalvulas.com\\\/fr\\\/\",\"name\":\"AGP V\u00e1lvulas\",\"description\":\"AGP V\u00e1lvulas\",\"publisher\":{\"@id\":\"https:\\\/\\\/agpvalvulas.com\\\/fr\\\/#organization\"},\"potentialAction\":[{\"@type\":\"SearchAction\",\"target\":{\"@type\":\"EntryPoint\",\"urlTemplate\":\"https:\\\/\\\/agpvalvulas.com\\\/fr\\\/?s={search_term_string}\"},\"query-input\":{\"@type\":\"PropertyValueSpecification\",\"valueRequired\":true,\"valueName\":\"search_term_string\"}}],\"inLanguage\":\"fr-FR\"},{\"@type\":\"Organization\",\"@id\":\"https:\\\/\\\/agpvalvulas.com\\\/fr\\\/#organization\",\"name\":\"AGP V\u00e1lvulas\",\"url\":\"https:\\\/\\\/agpvalvulas.com\\\/fr\\\/\",\"logo\":{\"@type\":\"ImageObject\",\"inLanguage\":\"fr-FR\",\"@id\":\"https:\\\/\\\/agpvalvulas.com\\\/fr\\\/#\\\/schema\\\/logo\\\/image\\\/\",\"url\":\"https:\\\/\\\/agpvalvulas.com\\\/wp-content\\\/uploads\\\/2017\\\/01\\\/LOGOAGP-TIF.jpg\",\"contentUrl\":\"https:\\\/\\\/agpvalvulas.com\\\/wp-content\\\/uploads\\\/2017\\\/01\\\/LOGOAGP-TIF.jpg\",\"width\":345,\"height\":168,\"caption\":\"AGP V\u00e1lvulas\"},\"image\":{\"@id\":\"https:\\\/\\\/agpvalvulas.com\\\/fr\\\/#\\\/schema\\\/logo\\\/image\\\/\"}}]}<\/script>\n<!-- \/ Yoast SEO plugin. -->","yoast_head_json":{"title":"Ventouse Triple action 2\" - AGP V\u00e1lvulas","robots":{"index":"index","follow":"follow","max-snippet":"max-snippet:-1","max-image-preview":"max-image-preview:large","max-video-preview":"max-video-preview:-1"},"canonical":"https:\/\/agpvalvulas.com\/fr\/produit\/vannes-manuelles\/ventouses\/ventouse-triple-action-2\/","og_locale":"fr_FR","og_type":"article","og_title":"Ventouse Triple action 2\" - AGP V\u00e1lvulas","og_description":"Description Cette vanne \u00e0 \u00e9t\u00e9 conque pour une d\u00e9charge efficace de grands volumes d'air de petits r\u00e9seaux d'eau, conteneurs, et d'autres dispositifs o\u00f9 l'aire emprisonn\u00e9 peut nuire au fonctionnement du syst\u00e8me.   \u00c9vacuer rapidement l'aire durant le remplissage initial des syst\u00e8mes.  Introduire de l'air lorsque le tuyau s'\u00e9coule en maintenant la pression atmosph\u00e9rique a l'int\u00e9rieur empechant l'effondrement et les dommages de la cavitation.  Continuer \u00e0 \u00e8vacuer les poches d'air quand la conduite est sous pression.    T\u00e9l\u00e9charger PDF caract\u00e9ristiques et dimensions","og_url":"https:\/\/agpvalvulas.com\/fr\/produit\/vannes-manuelles\/ventouses\/ventouse-triple-action-2\/","og_site_name":"AGP V\u00e1lvulas","article_modified_time":"2017-01-26T16:11:55+00:00","og_image":[{"width":600,"height":600,"url":"https:\/\/agpvalvulas.com\/wp-content\/uploads\/2017\/01\/VENTOSA-TRIFUNCIONAL-2-024-124-224-324.jpg","type":"image\/jpeg"}],"twitter_card":"summary_large_image","schema":{"@context":"https:\/\/schema.org","@graph":[{"@type":"WebPage","@id":"https:\/\/agpvalvulas.com\/fr\/produit\/vannes-manuelles\/ventouses\/ventouse-triple-action-2\/","url":"https:\/\/agpvalvulas.com\/fr\/produit\/vannes-manuelles\/ventouses\/ventouse-triple-action-2\/","name":"Ventouse Triple action 2\" - AGP V\u00e1lvulas","isPartOf":{"@id":"https:\/\/agpvalvulas.com\/fr\/#website"},"primaryImageOfPage":{"@id":"https:\/\/agpvalvulas.com\/fr\/produit\/vannes-manuelles\/ventouses\/ventouse-triple-action-2\/#primaryimage"},"image":{"@id":"https:\/\/agpvalvulas.com\/fr\/produit\/vannes-manuelles\/ventouses\/ventouse-triple-action-2\/#primaryimage"},"thumbnailUrl":"https:\/\/agpvalvulas.com\/wp-content\/uploads\/2017\/01\/VENTOSA-TRIFUNCIONAL-2-024-124-224-324.jpg","datePublished":"2017-01-26T16:08:54+00:00","dateModified":"2017-01-26T16:11:55+00:00","breadcrumb":{"@id":"https:\/\/agpvalvulas.com\/fr\/produit\/vannes-manuelles\/ventouses\/ventouse-triple-action-2\/#breadcrumb"},"inLanguage":"fr-FR","potentialAction":[{"@type":"ReadAction","target":["https:\/\/agpvalvulas.com\/fr\/produit\/vannes-manuelles\/ventouses\/ventouse-triple-action-2\/"]}]},{"@type":"ImageObject","inLanguage":"fr-FR","@id":"https:\/\/agpvalvulas.com\/fr\/produit\/vannes-manuelles\/ventouses\/ventouse-triple-action-2\/#primaryimage","url":"https:\/\/agpvalvulas.com\/wp-content\/uploads\/2017\/01\/VENTOSA-TRIFUNCIONAL-2-024-124-224-324.jpg","contentUrl":"https:\/\/agpvalvulas.com\/wp-content\/uploads\/2017\/01\/VENTOSA-TRIFUNCIONAL-2-024-124-224-324.jpg","width":600,"height":600},{"@type":"BreadcrumbList","@id":"https:\/\/agpvalvulas.com\/fr\/produit\/vannes-manuelles\/ventouses\/ventouse-triple-action-2\/#breadcrumb","itemListElement":[{"@type":"ListItem","position":1,"name":"Portada","item":"https:\/\/agpvalvulas.com\/fr\/"},{"@type":"ListItem","position":2,"name":"Produits","item":"https:\/\/agpvalvulas.com\/fr\/produits\/"},{"@type":"ListItem","position":3,"name":"Ventouse Triple action 2&Prime;"}]},{"@type":"WebSite","@id":"https:\/\/agpvalvulas.com\/fr\/#website","url":"https:\/\/agpvalvulas.com\/fr\/","name":"AGP V\u00e1lvulas","description":"AGP V\u00e1lvulas","publisher":{"@id":"https:\/\/agpvalvulas.com\/fr\/#organization"},"potentialAction":[{"@type":"SearchAction","target":{"@type":"EntryPoint","urlTemplate":"https:\/\/agpvalvulas.com\/fr\/?s={search_term_string}"},"query-input":{"@type":"PropertyValueSpecification","valueRequired":true,"valueName":"search_term_string"}}],"inLanguage":"fr-FR"},{"@type":"Organization","@id":"https:\/\/agpvalvulas.com\/fr\/#organization","name":"AGP V\u00e1lvulas","url":"https:\/\/agpvalvulas.com\/fr\/","logo":{"@type":"ImageObject","inLanguage":"fr-FR","@id":"https:\/\/agpvalvulas.com\/fr\/#\/schema\/logo\/image\/","url":"https:\/\/agpvalvulas.com\/wp-content\/uploads\/2017\/01\/LOGOAGP-TIF.jpg","contentUrl":"https:\/\/agpvalvulas.com\/wp-content\/uploads\/2017\/01\/LOGOAGP-TIF.jpg","width":345,"height":168,"caption":"AGP V\u00e1lvulas"},"image":{"@id":"https:\/\/agpvalvulas.com\/fr\/#\/schema\/logo\/image\/"}}]}},"_links":{"self":[{"href":"https:\/\/agpvalvulas.com\/fr\/wp-json\/wp\/v2\/product\/7889","targetHints":{"allow":["GET"]}}],"collection":[{"href":"https:\/\/agpvalvulas.com\/fr\/wp-json\/wp\/v2\/product"}],"about":[{"href":"https:\/\/agpvalvulas.com\/fr\/wp-json\/wp\/v2\/types\/product"}],"replies":[{"embeddable":true,"href":"https:\/\/agpvalvulas.com\/fr\/wp-json\/wp\/v2\/comments?post=7889"}],"wp:featuredmedia":[{"embeddable":true,"href":"https:\/\/agpvalvulas.com\/fr\/wp-json\/wp\/v2\/media\/8080"}],"wp:attachment":[{"href":"https:\/\/agpvalvulas.com\/fr\/wp-json\/wp\/v2\/media?parent=7889"}],"wp:term":[{"taxonomy":"product_brand","embeddable":true,"href":"https:\/\/agpvalvulas.com\/fr\/wp-json\/wp\/v2\/product_brand?post=7889"},{"taxonomy":"product_cat","embeddable":true,"href":"https:\/\/agpvalvulas.com\/fr\/wp-json\/wp\/v2\/product_cat?post=7889"},{"taxonomy":"product_tag","embeddable":true,"href":"https:\/\/agpvalvulas.com\/fr\/wp-json\/wp\/v2\/product_tag?post=7889"}],"curies":[{"name":"wp","href":"https:\/\/api.w.org\/{rel}","templated":true}]}}