{"id":7926,"date":"2017-01-27T13:06:59","date_gmt":"2017-01-27T13:06:59","guid":{"rendered":"https:\/\/agpvalvulas.com\/fr\/produit\/accessoires\/pilotes-metalliques-copiar\/"},"modified":"2017-01-27T13:25:37","modified_gmt":"2017-01-27T13:25:37","slug":"raccords-vannes-hydrauliques","status":"publish","type":"product","link":"https:\/\/agpvalvulas.com\/fr\/produit\/accessoires\/raccords-hydrauliques\/raccords-vannes-hydrauliques\/","title":{"rendered":"Raccords vannes hydrauliques"},"content":{"rendered":"","protected":false},"excerpt":{"rendered":"<h4>Description<\/h4>\n<ul>\n<li>Coude filet\u00e9<\/li>\n<li>Raccord droit filet\u00e9<\/li>\n<li>T\u00e9 filet\u00e9 au centre<\/li>\n<li>T\u00e9 filet\u00e9 en bout<\/li>\n<li>Raccord en t\u00e9<\/li>\n<li>Coude<\/li>\n<li>Manchon droit<\/li>\n<\/ul>\n<h4>Accesoires<\/h4>\n<ul>\n<li>Mamelon<\/li>\n<li>Bouchon filet\u00e9<\/li>\n<li>Robinet 2 voies<\/li>\n<li>Filtre + coude<\/li>\n<li>T\u00e9 selecteur<\/li>\n<\/ul>\n<h4>Swivel connectors<\/h4>\n<ul>\n<li>T\u00e9 filet\u00e9 en bout<\/li>\n<li>T\u00e9 filet\u00e9 au centre<\/li>\n<li>Raccord droit<\/li>\n<li>Coude filet\u00e9<\/li>\n<\/ul>\n<h4><\/h4>\n<p><img decoding=\"async\" style=\"vertical-align: sub;\" src=\"https:\/\/agpvalvulas.com\/wp-content\/uploads\/2015\/06\/pdf.png\" alt=\"\" \/> <a href=\"https:\/\/agpvalvulas.com\/wp-content\/uploads\/2017\/01\/328-RACCORDS-HYDRAULIQUES.pdf\" target=\"_blank\">T\u00e9l\u00e9charger PDF caract\u00e9ristiques et dimensions<\/a><\/p>\n","protected":false},"featured_media":8040,"comment_status":"closed","ping_status":"closed","template":"","meta":[],"product_brand":[],"product_cat":[434,451],"product_tag":[],"class_list":{"0":"post-7926","1":"product","2":"type-product","3":"status-publish","4":"has-post-thumbnail","6":"product_cat-accessoires","7":"product_cat-raccords-hydrauliques","8":"description-off","10":"first","11":"outofstock","12":"shipping-taxable","13":"product-type-simple"},"yoast_head":"<!-- This site is optimized with the Yoast SEO plugin v25.5 - https:\/\/yoast.com\/wordpress\/plugins\/seo\/ -->\n<title>Raccords vannes hydrauliques - AGP V\u00e1lvulas<\/title>\n<meta name=\"robots\" content=\"index, follow, max-snippet:-1, max-image-preview:large, max-video-preview:-1\" \/>\n<link rel=\"canonical\" href=\"https:\/\/agpvalvulas.com\/fr\/produit\/accessoires\/raccords-vannes-hydrauliques\/\" \/>\n<meta property=\"og:locale\" content=\"fr_FR\" \/>\n<meta property=\"og:type\" content=\"article\" \/>\n<meta property=\"og:title\" content=\"Raccords vannes hydrauliques - AGP V\u00e1lvulas\" \/>\n<meta property=\"og:description\" content=\"Description   Coude filet\u00e9  Raccord droit filet\u00e9  T\u00e9 filet\u00e9 au centre  T\u00e9 filet\u00e9 en bout  Raccord en t\u00e9  Coude  Manchon droit  Accesoires   Mamelon  Bouchon filet\u00e9  Robinet 2 voies  Filtre + coude  T\u00e9 selecteur  Swivel connectors   T\u00e9 filet\u00e9 en bout  T\u00e9 filet\u00e9 au centre  Raccord droit  Coude filet\u00e9    T\u00e9l\u00e9charger PDF caract\u00e9ristiques et dimensions\" \/>\n<meta property=\"og:url\" content=\"https:\/\/agpvalvulas.com\/fr\/produit\/accessoires\/raccords-vannes-hydrauliques\/\" \/>\n<meta property=\"og:site_name\" content=\"AGP V\u00e1lvulas\" \/>\n<meta property=\"article:modified_time\" content=\"2017-01-27T13:25:37+00:00\" \/>\n<meta property=\"og:image\" content=\"https:\/\/agpvalvulas.com\/wp-content\/uploads\/2017\/01\/connector-16.jpg\" \/>\n\t<meta property=\"og:image:width\" content=\"674\" \/>\n\t<meta property=\"og:image:height\" content=\"674\" \/>\n\t<meta property=\"og:image:type\" content=\"image\/jpeg\" \/>\n<meta name=\"twitter:card\" content=\"summary_large_image\" \/>\n<script type=\"application\/ld+json\" class=\"yoast-schema-graph\">{\"@context\":\"https:\/\/schema.org\",\"@graph\":[{\"@type\":\"WebPage\",\"@id\":\"https:\/\/agpvalvulas.com\/fr\/produit\/accessoires\/raccords-vannes-hydrauliques\/\",\"url\":\"https:\/\/agpvalvulas.com\/fr\/produit\/accessoires\/raccords-vannes-hydrauliques\/\",\"name\":\"Raccords vannes hydrauliques - AGP V\u00e1lvulas\",\"isPartOf\":{\"@id\":\"https:\/\/agpvalvulas.com\/fr\/#website\"},\"primaryImageOfPage\":{\"@id\":\"https:\/\/agpvalvulas.com\/fr\/produit\/accessoires\/raccords-vannes-hydrauliques\/#primaryimage\"},\"image\":{\"@id\":\"https:\/\/agpvalvulas.com\/fr\/produit\/accessoires\/raccords-vannes-hydrauliques\/#primaryimage\"},\"thumbnailUrl\":\"https:\/\/agpvalvulas.com\/wp-content\/uploads\/2017\/01\/connector-16.jpg\",\"datePublished\":\"2017-01-27T13:06:59+00:00\",\"dateModified\":\"2017-01-27T13:25:37+00:00\",\"breadcrumb\":{\"@id\":\"https:\/\/agpvalvulas.com\/fr\/produit\/accessoires\/raccords-vannes-hydrauliques\/#breadcrumb\"},\"inLanguage\":\"fr-FR\",\"potentialAction\":[{\"@type\":\"ReadAction\",\"target\":[\"https:\/\/agpvalvulas.com\/fr\/produit\/accessoires\/raccords-vannes-hydrauliques\/\"]}]},{\"@type\":\"ImageObject\",\"inLanguage\":\"fr-FR\",\"@id\":\"https:\/\/agpvalvulas.com\/fr\/produit\/accessoires\/raccords-vannes-hydrauliques\/#primaryimage\",\"url\":\"https:\/\/agpvalvulas.com\/wp-content\/uploads\/2017\/01\/connector-16.jpg\",\"contentUrl\":\"https:\/\/agpvalvulas.com\/wp-content\/uploads\/2017\/01\/connector-16.jpg\",\"width\":674,\"height\":674},{\"@type\":\"BreadcrumbList\",\"@id\":\"https:\/\/agpvalvulas.com\/fr\/produit\/accessoires\/raccords-vannes-hydrauliques\/#breadcrumb\",\"itemListElement\":[{\"@type\":\"ListItem\",\"position\":1,\"name\":\"Portada\",\"item\":\"https:\/\/agpvalvulas.com\/fr\/\"},{\"@type\":\"ListItem\",\"position\":2,\"name\":\"Produits\",\"item\":\"https:\/\/agpvalvulas.com\/fr\/produits\/\"},{\"@type\":\"ListItem\",\"position\":3,\"name\":\"Raccords vannes hydrauliques\"}]},{\"@type\":\"WebSite\",\"@id\":\"https:\/\/agpvalvulas.com\/fr\/#website\",\"url\":\"https:\/\/agpvalvulas.com\/fr\/\",\"name\":\"AGP V\u00e1lvulas\",\"description\":\"AGP V\u00e1lvulas\",\"publisher\":{\"@id\":\"https:\/\/agpvalvulas.com\/fr\/#organization\"},\"potentialAction\":[{\"@type\":\"SearchAction\",\"target\":{\"@type\":\"EntryPoint\",\"urlTemplate\":\"https:\/\/agpvalvulas.com\/fr\/?s={search_term_string}\"},\"query-input\":{\"@type\":\"PropertyValueSpecification\",\"valueRequired\":true,\"valueName\":\"search_term_string\"}}],\"inLanguage\":\"fr-FR\"},{\"@type\":\"Organization\",\"@id\":\"https:\/\/agpvalvulas.com\/fr\/#organization\",\"name\":\"AGP V\u00e1lvulas\",\"url\":\"https:\/\/agpvalvulas.com\/fr\/\",\"logo\":{\"@type\":\"ImageObject\",\"inLanguage\":\"fr-FR\",\"@id\":\"https:\/\/agpvalvulas.com\/fr\/#\/schema\/logo\/image\/\",\"url\":\"https:\/\/agpvalvulas.com\/wp-content\/uploads\/2017\/01\/LOGOAGP-TIF.jpg\",\"contentUrl\":\"https:\/\/agpvalvulas.com\/wp-content\/uploads\/2017\/01\/LOGOAGP-TIF.jpg\",\"width\":345,\"height\":168,\"caption\":\"AGP V\u00e1lvulas\"},\"image\":{\"@id\":\"https:\/\/agpvalvulas.com\/fr\/#\/schema\/logo\/image\/\"}}]}<\/script>\n<!-- \/ Yoast SEO plugin. -->","yoast_head_json":{"title":"Raccords vannes hydrauliques - AGP V\u00e1lvulas","robots":{"index":"index","follow":"follow","max-snippet":"max-snippet:-1","max-image-preview":"max-image-preview:large","max-video-preview":"max-video-preview:-1"},"canonical":"https:\/\/agpvalvulas.com\/fr\/produit\/accessoires\/raccords-vannes-hydrauliques\/","og_locale":"fr_FR","og_type":"article","og_title":"Raccords vannes hydrauliques - AGP V\u00e1lvulas","og_description":"Description   Coude filet\u00e9  Raccord droit filet\u00e9  T\u00e9 filet\u00e9 au centre  T\u00e9 filet\u00e9 en bout  Raccord en t\u00e9  Coude  Manchon droit  Accesoires   Mamelon  Bouchon filet\u00e9  Robinet 2 voies  Filtre + coude  T\u00e9 selecteur  Swivel connectors   T\u00e9 filet\u00e9 en bout  T\u00e9 filet\u00e9 au centre  Raccord droit  Coude filet\u00e9    T\u00e9l\u00e9charger PDF caract\u00e9ristiques et dimensions","og_url":"https:\/\/agpvalvulas.com\/fr\/produit\/accessoires\/raccords-vannes-hydrauliques\/","og_site_name":"AGP V\u00e1lvulas","article_modified_time":"2017-01-27T13:25:37+00:00","og_image":[{"width":674,"height":674,"url":"https:\/\/agpvalvulas.com\/wp-content\/uploads\/2017\/01\/connector-16.jpg","type":"image\/jpeg"}],"twitter_card":"summary_large_image","schema":{"@context":"https:\/\/schema.org","@graph":[{"@type":"WebPage","@id":"https:\/\/agpvalvulas.com\/fr\/produit\/accessoires\/raccords-vannes-hydrauliques\/","url":"https:\/\/agpvalvulas.com\/fr\/produit\/accessoires\/raccords-vannes-hydrauliques\/","name":"Raccords vannes hydrauliques - AGP V\u00e1lvulas","isPartOf":{"@id":"https:\/\/agpvalvulas.com\/fr\/#website"},"primaryImageOfPage":{"@id":"https:\/\/agpvalvulas.com\/fr\/produit\/accessoires\/raccords-vannes-hydrauliques\/#primaryimage"},"image":{"@id":"https:\/\/agpvalvulas.com\/fr\/produit\/accessoires\/raccords-vannes-hydrauliques\/#primaryimage"},"thumbnailUrl":"https:\/\/agpvalvulas.com\/wp-content\/uploads\/2017\/01\/connector-16.jpg","datePublished":"2017-01-27T13:06:59+00:00","dateModified":"2017-01-27T13:25:37+00:00","breadcrumb":{"@id":"https:\/\/agpvalvulas.com\/fr\/produit\/accessoires\/raccords-vannes-hydrauliques\/#breadcrumb"},"inLanguage":"fr-FR","potentialAction":[{"@type":"ReadAction","target":["https:\/\/agpvalvulas.com\/fr\/produit\/accessoires\/raccords-vannes-hydrauliques\/"]}]},{"@type":"ImageObject","inLanguage":"fr-FR","@id":"https:\/\/agpvalvulas.com\/fr\/produit\/accessoires\/raccords-vannes-hydrauliques\/#primaryimage","url":"https:\/\/agpvalvulas.com\/wp-content\/uploads\/2017\/01\/connector-16.jpg","contentUrl":"https:\/\/agpvalvulas.com\/wp-content\/uploads\/2017\/01\/connector-16.jpg","width":674,"height":674},{"@type":"BreadcrumbList","@id":"https:\/\/agpvalvulas.com\/fr\/produit\/accessoires\/raccords-vannes-hydrauliques\/#breadcrumb","itemListElement":[{"@type":"ListItem","position":1,"name":"Portada","item":"https:\/\/agpvalvulas.com\/fr\/"},{"@type":"ListItem","position":2,"name":"Produits","item":"https:\/\/agpvalvulas.com\/fr\/produits\/"},{"@type":"ListItem","position":3,"name":"Raccords vannes hydrauliques"}]},{"@type":"WebSite","@id":"https:\/\/agpvalvulas.com\/fr\/#website","url":"https:\/\/agpvalvulas.com\/fr\/","name":"AGP V\u00e1lvulas","description":"AGP V\u00e1lvulas","publisher":{"@id":"https:\/\/agpvalvulas.com\/fr\/#organization"},"potentialAction":[{"@type":"SearchAction","target":{"@type":"EntryPoint","urlTemplate":"https:\/\/agpvalvulas.com\/fr\/?s={search_term_string}"},"query-input":{"@type":"PropertyValueSpecification","valueRequired":true,"valueName":"search_term_string"}}],"inLanguage":"fr-FR"},{"@type":"Organization","@id":"https:\/\/agpvalvulas.com\/fr\/#organization","name":"AGP V\u00e1lvulas","url":"https:\/\/agpvalvulas.com\/fr\/","logo":{"@type":"ImageObject","inLanguage":"fr-FR","@id":"https:\/\/agpvalvulas.com\/fr\/#\/schema\/logo\/image\/","url":"https:\/\/agpvalvulas.com\/wp-content\/uploads\/2017\/01\/LOGOAGP-TIF.jpg","contentUrl":"https:\/\/agpvalvulas.com\/wp-content\/uploads\/2017\/01\/LOGOAGP-TIF.jpg","width":345,"height":168,"caption":"AGP V\u00e1lvulas"},"image":{"@id":"https:\/\/agpvalvulas.com\/fr\/#\/schema\/logo\/image\/"}}]}},"_links":{"self":[{"href":"https:\/\/agpvalvulas.com\/fr\/wp-json\/wp\/v2\/product\/7926","targetHints":{"allow":["GET"]}}],"collection":[{"href":"https:\/\/agpvalvulas.com\/fr\/wp-json\/wp\/v2\/product"}],"about":[{"href":"https:\/\/agpvalvulas.com\/fr\/wp-json\/wp\/v2\/types\/product"}],"replies":[{"embeddable":true,"href":"https:\/\/agpvalvulas.com\/fr\/wp-json\/wp\/v2\/comments?post=7926"}],"wp:featuredmedia":[{"embeddable":true,"href":"https:\/\/agpvalvulas.com\/fr\/wp-json\/wp\/v2\/media\/8040"}],"wp:attachment":[{"href":"https:\/\/agpvalvulas.com\/fr\/wp-json\/wp\/v2\/media?parent=7926"}],"wp:term":[{"taxonomy":"product_brand","embeddable":true,"href":"https:\/\/agpvalvulas.com\/fr\/wp-json\/wp\/v2\/product_brand?post=7926"},{"taxonomy":"product_cat","embeddable":true,"href":"https:\/\/agpvalvulas.com\/fr\/wp-json\/wp\/v2\/product_cat?post=7926"},{"taxonomy":"product_tag","embeddable":true,"href":"https:\/\/agpvalvulas.com\/fr\/wp-json\/wp\/v2\/product_tag?post=7926"}],"curies":[{"name":"wp","href":"https:\/\/api.w.org\/{rel}","templated":true}]}}