{"id":7934,"date":"2017-01-30T10:32:28","date_gmt":"2017-01-30T10:32:28","guid":{"rendered":"https:\/\/agpvalvulas.com\/fr\/produit\/accessoires\/vannes-a-opercule-copiar\/"},"modified":"2017-01-30T10:42:49","modified_gmt":"2017-01-30T10:42:49","slug":"solenoide-md-24-vac","status":"publish","type":"product","link":"https:\/\/agpvalvulas.com\/fr\/produit\/accessoires\/solenoides-fr\/solenoide-md-24-vac\/","title":{"rendered":"Sol\u00e9no\u00efde MD 24 VAC"},"content":{"rendered":"","protected":false},"excerpt":{"rendered":"<h4>Description<\/h4>\n<ul>\n<li>Sol\u00e9no\u00efde 3 voies 24 VAC.<\/li>\n<li>Avec commande manuelle incorpor\u00e9e.<\/li>\n<li>Longue dur\u00e9e m\u00e9me dans des conditions extr\u00e9mes.<\/li>\n<\/ul>\n<p><img decoding=\"async\" style=\"vertical-align: sub;\" src=\"https:\/\/agpvalvulas.com\/wp-content\/uploads\/2015\/06\/pdf.png\" alt=\"\" \/> <a href=\"https:\/\/agpvalvulas.com\/wp-content\/uploads\/2017\/01\/330-SOLENOIDE-MD-24-VAC.pdf\" target=\"_blank\">T\u00e9l\u00e9charger PDF caract\u00e9ristiques et dimensions<\/a><\/p>\n","protected":false},"featured_media":8044,"comment_status":"closed","ping_status":"closed","template":"","meta":[],"product_brand":[],"product_cat":[434,442],"product_tag":[],"class_list":{"0":"post-7934","1":"product","2":"type-product","3":"status-publish","4":"has-post-thumbnail","6":"product_cat-accessoires","7":"product_cat-solenoides-fr","8":"description-off","10":"first","11":"outofstock","12":"shipping-taxable","13":"product-type-simple"},"yoast_head":"<!-- This site is optimized with the Yoast SEO plugin v25.5 - https:\/\/yoast.com\/wordpress\/plugins\/seo\/ -->\n<title>Sol\u00e9no\u00efde MD 24 VAC - AGP V\u00e1lvulas<\/title>\n<meta name=\"robots\" content=\"index, follow, max-snippet:-1, max-image-preview:large, max-video-preview:-1\" \/>\n<link rel=\"canonical\" href=\"https:\/\/agpvalvulas.com\/fr\/produit\/accessoires\/solenoide-md-24-vac\/\" \/>\n<meta property=\"og:locale\" content=\"fr_FR\" \/>\n<meta property=\"og:type\" content=\"article\" \/>\n<meta property=\"og:title\" content=\"Sol\u00e9no\u00efde MD 24 VAC - AGP V\u00e1lvulas\" \/>\n<meta property=\"og:description\" content=\"Description   Sol\u00e9no\u00efde 3 voies 24 VAC.  Avec commande manuelle incorpor\u00e9e.  Longue dur\u00e9e m\u00e9me dans des conditions extr\u00e9mes.   T\u00e9l\u00e9charger PDF caract\u00e9ristiques et dimensions\" \/>\n<meta property=\"og:url\" content=\"https:\/\/agpvalvulas.com\/fr\/produit\/accessoires\/solenoide-md-24-vac\/\" \/>\n<meta property=\"og:site_name\" content=\"AGP V\u00e1lvulas\" \/>\n<meta property=\"article:modified_time\" content=\"2017-01-30T10:42:49+00:00\" \/>\n<meta property=\"og:image\" content=\"https:\/\/agpvalvulas.com\/wp-content\/uploads\/2017\/01\/DOLENOIDE-MD-24-VAC-030-130-230-330.jpg\" \/>\n\t<meta property=\"og:image:width\" content=\"649\" \/>\n\t<meta property=\"og:image:height\" content=\"649\" \/>\n\t<meta property=\"og:image:type\" content=\"image\/jpeg\" \/>\n<meta name=\"twitter:card\" content=\"summary_large_image\" \/>\n<script type=\"application\/ld+json\" class=\"yoast-schema-graph\">{\"@context\":\"https:\/\/schema.org\",\"@graph\":[{\"@type\":\"WebPage\",\"@id\":\"https:\/\/agpvalvulas.com\/fr\/produit\/accessoires\/solenoide-md-24-vac\/\",\"url\":\"https:\/\/agpvalvulas.com\/fr\/produit\/accessoires\/solenoide-md-24-vac\/\",\"name\":\"Sol\u00e9no\u00efde MD 24 VAC - AGP V\u00e1lvulas\",\"isPartOf\":{\"@id\":\"https:\/\/agpvalvulas.com\/fr\/#website\"},\"primaryImageOfPage\":{\"@id\":\"https:\/\/agpvalvulas.com\/fr\/produit\/accessoires\/solenoide-md-24-vac\/#primaryimage\"},\"image\":{\"@id\":\"https:\/\/agpvalvulas.com\/fr\/produit\/accessoires\/solenoide-md-24-vac\/#primaryimage\"},\"thumbnailUrl\":\"https:\/\/agpvalvulas.com\/wp-content\/uploads\/2017\/01\/DOLENOIDE-MD-24-VAC-030-130-230-330.jpg\",\"datePublished\":\"2017-01-30T10:32:28+00:00\",\"dateModified\":\"2017-01-30T10:42:49+00:00\",\"breadcrumb\":{\"@id\":\"https:\/\/agpvalvulas.com\/fr\/produit\/accessoires\/solenoide-md-24-vac\/#breadcrumb\"},\"inLanguage\":\"fr-FR\",\"potentialAction\":[{\"@type\":\"ReadAction\",\"target\":[\"https:\/\/agpvalvulas.com\/fr\/produit\/accessoires\/solenoide-md-24-vac\/\"]}]},{\"@type\":\"ImageObject\",\"inLanguage\":\"fr-FR\",\"@id\":\"https:\/\/agpvalvulas.com\/fr\/produit\/accessoires\/solenoide-md-24-vac\/#primaryimage\",\"url\":\"https:\/\/agpvalvulas.com\/wp-content\/uploads\/2017\/01\/DOLENOIDE-MD-24-VAC-030-130-230-330.jpg\",\"contentUrl\":\"https:\/\/agpvalvulas.com\/wp-content\/uploads\/2017\/01\/DOLENOIDE-MD-24-VAC-030-130-230-330.jpg\",\"width\":649,\"height\":649},{\"@type\":\"BreadcrumbList\",\"@id\":\"https:\/\/agpvalvulas.com\/fr\/produit\/accessoires\/solenoide-md-24-vac\/#breadcrumb\",\"itemListElement\":[{\"@type\":\"ListItem\",\"position\":1,\"name\":\"Portada\",\"item\":\"https:\/\/agpvalvulas.com\/fr\/\"},{\"@type\":\"ListItem\",\"position\":2,\"name\":\"Produits\",\"item\":\"https:\/\/agpvalvulas.com\/fr\/produits\/\"},{\"@type\":\"ListItem\",\"position\":3,\"name\":\"Sol\u00e9no\u00efde MD 24 VAC\"}]},{\"@type\":\"WebSite\",\"@id\":\"https:\/\/agpvalvulas.com\/fr\/#website\",\"url\":\"https:\/\/agpvalvulas.com\/fr\/\",\"name\":\"AGP V\u00e1lvulas\",\"description\":\"AGP V\u00e1lvulas\",\"publisher\":{\"@id\":\"https:\/\/agpvalvulas.com\/fr\/#organization\"},\"potentialAction\":[{\"@type\":\"SearchAction\",\"target\":{\"@type\":\"EntryPoint\",\"urlTemplate\":\"https:\/\/agpvalvulas.com\/fr\/?s={search_term_string}\"},\"query-input\":{\"@type\":\"PropertyValueSpecification\",\"valueRequired\":true,\"valueName\":\"search_term_string\"}}],\"inLanguage\":\"fr-FR\"},{\"@type\":\"Organization\",\"@id\":\"https:\/\/agpvalvulas.com\/fr\/#organization\",\"name\":\"AGP V\u00e1lvulas\",\"url\":\"https:\/\/agpvalvulas.com\/fr\/\",\"logo\":{\"@type\":\"ImageObject\",\"inLanguage\":\"fr-FR\",\"@id\":\"https:\/\/agpvalvulas.com\/fr\/#\/schema\/logo\/image\/\",\"url\":\"https:\/\/agpvalvulas.com\/wp-content\/uploads\/2017\/01\/LOGOAGP-TIF.jpg\",\"contentUrl\":\"https:\/\/agpvalvulas.com\/wp-content\/uploads\/2017\/01\/LOGOAGP-TIF.jpg\",\"width\":345,\"height\":168,\"caption\":\"AGP V\u00e1lvulas\"},\"image\":{\"@id\":\"https:\/\/agpvalvulas.com\/fr\/#\/schema\/logo\/image\/\"}}]}<\/script>\n<!-- \/ Yoast SEO plugin. -->","yoast_head_json":{"title":"Sol\u00e9no\u00efde MD 24 VAC - AGP V\u00e1lvulas","robots":{"index":"index","follow":"follow","max-snippet":"max-snippet:-1","max-image-preview":"max-image-preview:large","max-video-preview":"max-video-preview:-1"},"canonical":"https:\/\/agpvalvulas.com\/fr\/produit\/accessoires\/solenoide-md-24-vac\/","og_locale":"fr_FR","og_type":"article","og_title":"Sol\u00e9no\u00efde MD 24 VAC - AGP V\u00e1lvulas","og_description":"Description   Sol\u00e9no\u00efde 3 voies 24 VAC.  Avec commande manuelle incorpor\u00e9e.  Longue dur\u00e9e m\u00e9me dans des conditions extr\u00e9mes.   T\u00e9l\u00e9charger PDF caract\u00e9ristiques et dimensions","og_url":"https:\/\/agpvalvulas.com\/fr\/produit\/accessoires\/solenoide-md-24-vac\/","og_site_name":"AGP V\u00e1lvulas","article_modified_time":"2017-01-30T10:42:49+00:00","og_image":[{"width":649,"height":649,"url":"https:\/\/agpvalvulas.com\/wp-content\/uploads\/2017\/01\/DOLENOIDE-MD-24-VAC-030-130-230-330.jpg","type":"image\/jpeg"}],"twitter_card":"summary_large_image","schema":{"@context":"https:\/\/schema.org","@graph":[{"@type":"WebPage","@id":"https:\/\/agpvalvulas.com\/fr\/produit\/accessoires\/solenoide-md-24-vac\/","url":"https:\/\/agpvalvulas.com\/fr\/produit\/accessoires\/solenoide-md-24-vac\/","name":"Sol\u00e9no\u00efde MD 24 VAC - AGP V\u00e1lvulas","isPartOf":{"@id":"https:\/\/agpvalvulas.com\/fr\/#website"},"primaryImageOfPage":{"@id":"https:\/\/agpvalvulas.com\/fr\/produit\/accessoires\/solenoide-md-24-vac\/#primaryimage"},"image":{"@id":"https:\/\/agpvalvulas.com\/fr\/produit\/accessoires\/solenoide-md-24-vac\/#primaryimage"},"thumbnailUrl":"https:\/\/agpvalvulas.com\/wp-content\/uploads\/2017\/01\/DOLENOIDE-MD-24-VAC-030-130-230-330.jpg","datePublished":"2017-01-30T10:32:28+00:00","dateModified":"2017-01-30T10:42:49+00:00","breadcrumb":{"@id":"https:\/\/agpvalvulas.com\/fr\/produit\/accessoires\/solenoide-md-24-vac\/#breadcrumb"},"inLanguage":"fr-FR","potentialAction":[{"@type":"ReadAction","target":["https:\/\/agpvalvulas.com\/fr\/produit\/accessoires\/solenoide-md-24-vac\/"]}]},{"@type":"ImageObject","inLanguage":"fr-FR","@id":"https:\/\/agpvalvulas.com\/fr\/produit\/accessoires\/solenoide-md-24-vac\/#primaryimage","url":"https:\/\/agpvalvulas.com\/wp-content\/uploads\/2017\/01\/DOLENOIDE-MD-24-VAC-030-130-230-330.jpg","contentUrl":"https:\/\/agpvalvulas.com\/wp-content\/uploads\/2017\/01\/DOLENOIDE-MD-24-VAC-030-130-230-330.jpg","width":649,"height":649},{"@type":"BreadcrumbList","@id":"https:\/\/agpvalvulas.com\/fr\/produit\/accessoires\/solenoide-md-24-vac\/#breadcrumb","itemListElement":[{"@type":"ListItem","position":1,"name":"Portada","item":"https:\/\/agpvalvulas.com\/fr\/"},{"@type":"ListItem","position":2,"name":"Produits","item":"https:\/\/agpvalvulas.com\/fr\/produits\/"},{"@type":"ListItem","position":3,"name":"Sol\u00e9no\u00efde MD 24 VAC"}]},{"@type":"WebSite","@id":"https:\/\/agpvalvulas.com\/fr\/#website","url":"https:\/\/agpvalvulas.com\/fr\/","name":"AGP V\u00e1lvulas","description":"AGP V\u00e1lvulas","publisher":{"@id":"https:\/\/agpvalvulas.com\/fr\/#organization"},"potentialAction":[{"@type":"SearchAction","target":{"@type":"EntryPoint","urlTemplate":"https:\/\/agpvalvulas.com\/fr\/?s={search_term_string}"},"query-input":{"@type":"PropertyValueSpecification","valueRequired":true,"valueName":"search_term_string"}}],"inLanguage":"fr-FR"},{"@type":"Organization","@id":"https:\/\/agpvalvulas.com\/fr\/#organization","name":"AGP V\u00e1lvulas","url":"https:\/\/agpvalvulas.com\/fr\/","logo":{"@type":"ImageObject","inLanguage":"fr-FR","@id":"https:\/\/agpvalvulas.com\/fr\/#\/schema\/logo\/image\/","url":"https:\/\/agpvalvulas.com\/wp-content\/uploads\/2017\/01\/LOGOAGP-TIF.jpg","contentUrl":"https:\/\/agpvalvulas.com\/wp-content\/uploads\/2017\/01\/LOGOAGP-TIF.jpg","width":345,"height":168,"caption":"AGP V\u00e1lvulas"},"image":{"@id":"https:\/\/agpvalvulas.com\/fr\/#\/schema\/logo\/image\/"}}]}},"_links":{"self":[{"href":"https:\/\/agpvalvulas.com\/fr\/wp-json\/wp\/v2\/product\/7934","targetHints":{"allow":["GET"]}}],"collection":[{"href":"https:\/\/agpvalvulas.com\/fr\/wp-json\/wp\/v2\/product"}],"about":[{"href":"https:\/\/agpvalvulas.com\/fr\/wp-json\/wp\/v2\/types\/product"}],"replies":[{"embeddable":true,"href":"https:\/\/agpvalvulas.com\/fr\/wp-json\/wp\/v2\/comments?post=7934"}],"wp:featuredmedia":[{"embeddable":true,"href":"https:\/\/agpvalvulas.com\/fr\/wp-json\/wp\/v2\/media\/8044"}],"wp:attachment":[{"href":"https:\/\/agpvalvulas.com\/fr\/wp-json\/wp\/v2\/media?parent=7934"}],"wp:term":[{"taxonomy":"product_brand","embeddable":true,"href":"https:\/\/agpvalvulas.com\/fr\/wp-json\/wp\/v2\/product_brand?post=7934"},{"taxonomy":"product_cat","embeddable":true,"href":"https:\/\/agpvalvulas.com\/fr\/wp-json\/wp\/v2\/product_cat?post=7934"},{"taxonomy":"product_tag","embeddable":true,"href":"https:\/\/agpvalvulas.com\/fr\/wp-json\/wp\/v2\/product_tag?post=7934"}],"curies":[{"name":"wp","href":"https:\/\/api.w.org\/{rel}","templated":true}]}}